{"id":1603,"date":"2024-04-07T07:42:37","date_gmt":"2024-04-07T07:42:37","guid":{"rendered":"https:\/\/nfc-readers.com\/?post_type=product&#038;p=1603"},"modified":"2024-10-16T02:49:08","modified_gmt":"2024-10-16T02:49:08","slug":"acr1581u-c1-15693-dualboost-iii-dual-interface-nfc-reader-writer","status":"publish","type":"product","link":"https:\/\/nfc-readers.com\/es\/ic-reader\/acr1581u-c1-15693-dualboost-iii-dual-interface-nfc-reader-writer\/","title":{"rendered":"ACR1581U-C1 15693 DualBoost III Lector y escritor NFC de interfaz dual"},"content":{"rendered":"<h1>ACR1581U-C1 15693 DualBoost III Lector y escritor NFC de interfaz dual<\/h1>\n<p>El ACR1581U DualBoost III es una encarnaci\u00f3n de versatilidad y seguridad avanzadas, que combina de manera eficiente tecnolog\u00edas de contacto y sin contacto bajo un mismo techo con un amplio soporte para varios formatos de tarjetas inteligentes. Ya sea que sus ambiciones sean la progresi\u00f3n tecnol\u00f3gica o una seguridad s\u00f3lida para las funciones de tarjetas inteligentes, el ACR1581U es un defensor inigualable de la confiabilidad en el \u00e1mbito de los lectores de tarjetas inteligentes.<\/p>\n<ul>\n<li>\n<h2>Interfaz USB 2.0 de velocidad completa<\/h2>\n<\/li>\n<li>\n<h2>Cumplimiento CCID<\/h2>\n<\/li>\n<li>\n<h2>Lector de tarjetas inteligentes sin contacto:<\/h2>\n<ul>\n<li>\n<h3>Velocidad de lectura\/escritura ISO 14443A\/B de hasta 848 kbps<\/h3>\n<\/li>\n<li>\n<h3>Frecuencia de reloj de hasta 13,56MHz<\/h3>\n<\/li>\n<li>\n<h3>Antena incorporada para acceso a etiquetas sin contacto, con distancia de lectura de tarjetas de hasta 70 mm (seg\u00fan el tipo de etiqueta)<\/h3>\n<\/li>\n<li>\n<h3>Admite tarjetas ISO 14443 tipo A y B, tarjetas ISO 15693<\/h3>\n<\/li>\n<li>\n<h3>Soporta MIFARE\u00ae, FeliCa, etiquetas NFC, SRI\/SRIX, CTS, Innovatron, Picopass, Topaz Card<\/h3>\n<\/li>\n<\/ul>\n<\/li>\n<li>\n<h2>Admite APDU extendida (m\u00e1x. 64 kbytes)<\/h2>\n<\/li>\n<li>\n<h2><strong>P\u00f3ngase en contacto con el lector de tarjetas inteligentes<\/strong><\/h2>\n<ul>\n<li>\n<h3>Admite velocidad ISO 7816 Clase A, B y C (5 V, 3 V y 1,8 V) de hasta 1250 kbps<\/h3>\n<\/li>\n<li>\n<h3>Soporta CAC (Tarjeta de acceso com\u00fan)<\/h3>\n<\/li>\n<li>\n<h3>Admite PIV (Tarjeta de verificaci\u00f3n de identidad personal)<\/h3>\n<\/li>\n<li>\n<h3>Soporta tarjetas de microprocesador con protocolo T=0 o T=1<\/h3>\n<\/li>\n<li>\n<h3>Soporta tarjetas de memoria<\/h3>\n<\/li>\n<li>\n<h3>Ranura SAM compatible con ISO 7816 (Clase A)<\/h3>\n<\/li>\n<\/ul>\n<\/li>\n<li>\n<h2>Interfaz de programaci\u00f3n de aplicaciones:<\/h2>\n<ul>\n<li>\n<h3>Soporta PC\/SC<\/h3>\n<\/li>\n<\/ul>\n<\/li>\n<li>\n<h2>Perif\u00e9ricos:<\/h2>\n<ul>\n<li>\n<h3>LED bicolor controlable por el usuario (azul y verde)<\/h3>\n<\/li>\n<li>\n<h3>Zumbador controlable por el usuario<\/h3>\n<\/li>\n<\/ul>\n<\/li>\n<li>\n<h2>Capacidad de actualizaci\u00f3n del firmware USB<\/h2>\n<\/li>\n<li>\n<div>\n<table width=\"483\">\n<tbody>\n<tr>\n<td colspan=\"2\" width=\"483\">Caracter\u00edsticas f\u00edsicas<\/td>\n<\/tr>\n<tr>\n<td width=\"188\">Dimensiones (mm)<\/td>\n<td width=\"295\">120,5 mm (largo) x 72,0 mm (ancho) x 20,4 mm (alto)<\/td>\n<\/tr>\n<tr>\n<td width=\"188\">Peso (gramos)<\/td>\n<td width=\"295\">143g<\/td>\n<\/tr>\n<tr>\n<td colspan=\"2\" width=\"483\">Interfaz USB<\/td>\n<\/tr>\n<tr>\n<td width=\"188\">Protocolo<\/td>\n<td width=\"295\">CCID USB<\/td>\n<\/tr>\n<tr>\n<td width=\"188\">tipo de conector<\/td>\n<td width=\"295\">USB tipo A (ACR1581U-C1), USB tipo C (ACR1581U-CF)<\/td>\n<\/tr>\n<tr>\n<td width=\"188\">Fuente de alimentaci\u00f3n<\/td>\n<td width=\"295\">Desde el puerto USB<\/td>\n<\/tr>\n<tr>\n<td width=\"188\">Velocidad<\/td>\n<td width=\"295\">USB de m\u00e1xima velocidad (12 Mbps)<\/td>\n<\/tr>\n<tr>\n<td width=\"188\">Longitud del cable<\/td>\n<td width=\"295\">2m, No desmontable<\/td>\n<\/tr>\n<tr>\n<td colspan=\"2\" width=\"483\">Interfaz de tarjeta inteligente de contacto<\/td>\n<\/tr>\n<tr>\n<td width=\"188\">N\u00famero de ranuras<\/td>\n<td width=\"295\">1 ranura para tarjetas de tama\u00f1o completo<\/td>\n<\/tr>\n<tr>\n<td width=\"188\">Est\u00e1ndar<\/td>\n<td width=\"295\">ISO 7816 Clase A, B, C (5 V, 3 V, 1,8 V)<\/td>\n<\/tr>\n<tr>\n<td width=\"188\">Protocolo<\/td>\n<td width=\"295\">T=0; T=1<\/td>\n<\/tr>\n<tr>\n<td colspan=\"2\" width=\"483\">Interfaz de tarjeta inteligente sin contacto<\/td>\n<\/tr>\n<tr>\n<td width=\"188\">Est\u00e1ndar<\/td>\n<td width=\"295\">ISO 14443 Tipo A y B, ISO 15693, MIFARE\u00ae, FeliCa<\/td>\n<\/tr>\n<tr>\n<td rowspan=\"4\" width=\"188\">Protocolo<\/td>\n<td width=\"295\">Tarjeta compatible con ISO 14443-4, T=CL<\/td>\n<\/tr>\n<tr>\n<td width=\"295\">ISO 15693<\/td>\n<\/tr>\n<tr>\n<td width=\"295\">Tarjeta MIFARE\u00ae Cl\u00e1sica, T=CL<\/td>\n<\/tr>\n<tr>\n<td width=\"295\">FeliCa<\/td>\n<\/tr>\n<tr>\n<td colspan=\"2\" width=\"483\">Interfaz de tarjeta SAM<\/td>\n<\/tr>\n<tr>\n<td width=\"188\">N\u00famero de ranuras<\/td>\n<td width=\"295\">1 ranura para tarjeta de tama\u00f1o SIM est\u00e1ndar<\/td>\n<\/tr>\n<tr>\n<td width=\"188\">Est\u00e1ndar<\/td>\n<td width=\"295\">ISO 7816 Clase A (5V)<\/td>\n<\/tr>\n<tr>\n<td width=\"188\">Protocolo<\/td>\n<td width=\"295\">T=0; T=1<\/td>\n<\/tr>\n<tr>\n<td colspan=\"2\" width=\"483\">Perif\u00e9ricos incorporados<\/td>\n<\/tr>\n<tr>\n<td width=\"188\">CONDUJO<\/td>\n<td width=\"295\">2 de un solo color: Azul y Verde<\/td>\n<\/tr>\n<tr>\n<td width=\"188\">Zumbador<\/td>\n<td width=\"295\">Mon\u00f3tono<\/td>\n<\/tr>\n<tr>\n<td colspan=\"2\" width=\"483\">Otras caracter\u00edsticas<\/td>\n<\/tr>\n<tr>\n<td rowspan=\"5\" width=\"188\">Otras caracter\u00edsticas<\/td>\n<td width=\"295\">Tipos de tarjetas admitidas:<\/td>\n<\/tr>\n<tr>\n<td width=\"295\">ISO 14443 Tipo A y B Partes 1-4,<\/td>\n<\/tr>\n<tr>\n<td width=\"295\">ISO 15693, MIFARE\u00ae, FeliCa, Etiquetas NFC, SRI\/SRIX, CTS, Innovatron, Picopass, Tarjeta Topaz<\/td>\n<\/tr>\n<tr>\n<td width=\"295\">Otras caracter\u00edsticas de NFC:<\/td>\n<\/tr>\n<tr>\n<td width=\"295\">Lector\/grabador de tarjetas inteligentes, emulaci\u00f3n de teclado, emulaci\u00f3n de tarjetas<\/td>\n<\/tr>\n<tr>\n<td width=\"188\">Actualizaci\u00f3n de firmware<\/td>\n<td width=\"295\">Soportado<\/td>\n<\/tr>\n<tr>\n<td colspan=\"2\" width=\"483\">Certificaciones\/Cumplimiento<\/td>\n<\/tr>\n<tr>\n<td rowspan=\"4\" width=\"188\">Certificaciones\/Cumplimiento<\/td>\n<td width=\"295\">Certificaciones:<\/td>\n<\/tr>\n<tr>\n<td width=\"295\">IEC\/EN 62368, CE, FCC, UKCA, VCCI, RoHS, REACH, WEEE<\/td>\n<\/tr>\n<tr>\n<td width=\"295\">Cumplimientos:<\/td>\n<\/tr>\n<tr>\n<td width=\"295\">USB CCID, PC\/SC<\/td>\n<\/tr>\n<tr>\n<td colspan=\"2\" width=\"483\">Soporte del sistema operativo del controlador del dispositivo<\/td>\n<\/tr>\n<tr>\n<td width=\"188\">Soporte del sistema operativo del controlador del dispositivo<\/td>\n<td width=\"295\">Windows\u00ae, Linux\u00ae, macOS, Android\u2122, iOS\/iPadOS (16 o superior)<\/td>\n<\/tr>\n<\/tbody>\n<\/table>\n<\/div>\n<\/li>\n<\/ul>","protected":false},"excerpt":{"rendered":"<p>El ACR1581U es un lector de tarjetas inteligentes NFC de alta velocidad, que ofrece soporte para NFC e ISO\/IEC 15693,14443.<\/p>","protected":false},"featured_media":1605,"template":"","meta":[],"product_brand":[],"product_cat":[45,40],"product_tag":[],"class_list":{"0":"post-1603","1":"product","2":"type-product","3":"status-publish","4":"has-post-thumbnail","6":"product_cat-contactless-nfc-reader","7":"product_cat-rfid-nfc-reader","9":"first","10":"instock","11":"shipping-taxable","12":"product-type-simple"},"_links":{"self":[{"href":"https:\/\/nfc-readers.com\/es\/wp-json\/wp\/v2\/product\/1603","targetHints":{"allow":["GET"]}}],"collection":[{"href":"https:\/\/nfc-readers.com\/es\/wp-json\/wp\/v2\/product"}],"about":[{"href":"https:\/\/nfc-readers.com\/es\/wp-json\/wp\/v2\/types\/product"}],"wp:featuredmedia":[{"embeddable":true,"href":"https:\/\/nfc-readers.com\/es\/wp-json\/wp\/v2\/media\/1605"}],"wp:attachment":[{"href":"https:\/\/nfc-readers.com\/es\/wp-json\/wp\/v2\/media?parent=1603"}],"wp:term":[{"taxonomy":"product_brand","embeddable":true,"href":"https:\/\/nfc-readers.com\/es\/wp-json\/wp\/v2\/product_brand?post=1603"},{"taxonomy":"product_cat","embeddable":true,"href":"https:\/\/nfc-readers.com\/es\/wp-json\/wp\/v2\/product_cat?post=1603"},{"taxonomy":"product_tag","embeddable":true,"href":"https:\/\/nfc-readers.com\/es\/wp-json\/wp\/v2\/product_tag?post=1603"}],"curies":[{"name":"wp","href":"https:\/\/api.w.org\/{rel}","templated":true}]}}