{"id":1615,"date":"2024-04-07T07:52:08","date_gmt":"2024-04-07T07:52:08","guid":{"rendered":"https:\/\/nfc-readers.com\/?post_type=product&#038;p=1615"},"modified":"2024-10-16T02:36:24","modified_gmt":"2024-10-16T02:36:24","slug":"acm1552u-z2-small-multi-iso-nfc-module-reader-writer","status":"publish","type":"product","link":"https:\/\/nfc-readers.com\/es\/ic-reader\/acm1552u-z2-small-multi-iso-nfc-module-reader-writer\/","title":{"rendered":"ACM1552U-Z2 \u2013 Lector\/escritor de m\u00f3dulo NFC multi-ISO peque\u00f1o"},"content":{"rendered":"<h1>ACM1552U-Z2 \u2013 Lector\/escritor de m\u00f3dulo NFC multi-ISO peque\u00f1o<\/h1>\n<p>El ACM1552U-Z2 se destaca como un m\u00f3dulo compacto y vers\u00e1til, que ofrece capacidades NFC de alta velocidad y compatibilidad con m\u00faltiples est\u00e1ndares. Con sus caracter\u00edsticas adicionales de seguridad y eficiencia energ\u00e9tica, junto con una interfaz f\u00e1cil de usar, representa una soluci\u00f3n sofisticada para la comunicaci\u00f3n sin contacto en dispositivos compactos.<\/p>\n<ul>\n<li>\n<h2>Interfaz USB 2.0 de velocidad completa<\/h2>\n<\/li>\n<li>\n<h2>Cumplimiento CCID<\/h2>\n<\/li>\n<li>\n<h2>Soporte para tarjetas inteligentes sin contacto:<\/h2>\n<ul>\n<li>\n<h3>Velocidad de lectura\/escritura de hasta 848 kbps<\/h3>\n<\/li>\n<li>\n<h3>Antena incorporada para acceso a etiquetas sin contacto, con distancia de lectura de tarjetas de hasta 70 mm (seg\u00fan el tipo de etiqueta)<\/h3>\n<\/li>\n<li>\n<h3>Admite tarjetas ISO 14443 tipo A y B, tarjetas ISO 15693 y NFC ISO18092<\/h3>\n<\/li>\n<li>\n<h3>Soporta MIFARE Classic\u00ae, MIFARE\u00ae, DESFire\u00ae, MIFARE Ultralight\u00ae, MIFARE Plus\u00ae, FeliCa y Topaz<\/h3>\n<\/li>\n<li>\n<h3>Funci\u00f3n anticolisi\u00f3n incorporada<\/h3>\n<\/li>\n<li>\n<h3>Admite APDU extendida (m\u00e1x. 64 kbytes)<\/h3>\n<\/li>\n<\/ul>\n<\/li>\n<li>\n<h2>Soporte NFC:<\/h2>\n<ul>\n<li>\n<h3>Modo lector\/escritor de tarjetas inteligentes<\/h3>\n<\/li>\n<li>\n<h3>Modo de emulaci\u00f3n de tarjeta<\/h3>\n<\/li>\n<li>\n<h3>Modo de emulaci\u00f3n de teclado<\/h3>\n<\/li>\n<\/ul>\n<\/li>\n<li>\n<h2>Interfaz de programaci\u00f3n de aplicaciones:<\/h2>\n<ul>\n<li>\n<h3>Soporta PC\/SC<\/h3>\n<\/li>\n<li>\n<h3>Soporta CT-API (a trav\u00e9s de contenedor en la parte superior de PC\/SC)<\/h3>\n<\/li>\n<\/ul>\n<\/li>\n<li>\n<h2>Perif\u00e9ricos:<\/h2>\n<ul>\n<li>\n<h3>LED bicolor controlable por el usuario (azul y verde)<\/h3>\n<\/li>\n<\/ul>\n<\/li>\n<li>\n<h2>Tama\u00f1o compacto<\/h2>\n<\/li>\n<li>\n<h2>Capacidad de actualizaci\u00f3n del firmware USB<\/h2>\n<\/li>\n<li>\n<div>\n<table width=\"545\">\n<tbody>\n<tr>\n<td colspan=\"2\" width=\"545\">Caracter\u00edsticas f\u00edsicas<\/td>\n<\/tr>\n<tr>\n<td width=\"228\">Dimensiones (mm)<\/td>\n<td width=\"317\">52,0 x 20,0 x 5,7<\/td>\n<\/tr>\n<tr>\n<td width=\"228\">Peso (gramos)<\/td>\n<td width=\"317\">3.4<\/td>\n<\/tr>\n<tr>\n<td colspan=\"2\" width=\"545\">Interfaz USB<\/td>\n<\/tr>\n<tr>\n<td width=\"228\">Protocolo<\/td>\n<td width=\"317\">CCID USB<\/td>\n<\/tr>\n<tr>\n<td width=\"228\">tipo de conector<\/td>\n<td width=\"317\">5 pines, paso de 1 mm, compatible con la serie JST SH<\/td>\n<\/tr>\n<tr>\n<td width=\"228\">Fuente de alimentaci\u00f3n<\/td>\n<td width=\"317\">Desde el puerto USB<\/td>\n<\/tr>\n<tr>\n<td width=\"228\">Velocidad<\/td>\n<td width=\"317\">USB 2.0 de m\u00e1xima velocidad (12 Mbps) compatible con USB 3.0<\/td>\n<\/tr>\n<tr>\n<td width=\"228\">Longitud del cable<\/td>\n<td width=\"317\">1m, Desmontable (Bajo Pedido)<\/td>\n<\/tr>\n<tr>\n<td colspan=\"2\" width=\"545\">Interfaz de tarjeta inteligente sin contacto<\/td>\n<\/tr>\n<tr>\n<td width=\"228\">Est\u00e1ndar<\/td>\n<td width=\"317\">ISO 18092 NFC, ISO 14443 Tipo A y B, ISO 15693, MIFARE\u00ae, FeliCa<\/td>\n<\/tr>\n<tr>\n<td rowspan=\"5\" width=\"228\">Protocolo<\/td>\n<td width=\"317\">Tarjeta compatible con ISO 14443-4, T=CL<\/td>\n<\/tr>\n<tr>\n<td width=\"317\">Tarjeta MIFARE\u00ae Cl\u00e1sica, T=CL<\/td>\n<\/tr>\n<tr>\n<td width=\"317\">ISO 15693<\/td>\n<\/tr>\n<tr>\n<td width=\"317\">Etiquetas NFC ISO 18092<\/td>\n<\/tr>\n<tr>\n<td width=\"317\">FeliCa<\/td>\n<\/tr>\n<tr>\n<td colspan=\"2\" width=\"545\">Perif\u00e9ricos incorporados<\/td>\n<\/tr>\n<tr>\n<td width=\"228\">CONDUJO<\/td>\n<td width=\"317\">1 bicolor: Azul y Verde<\/td>\n<\/tr>\n<tr>\n<td colspan=\"2\" width=\"545\">Otras caracter\u00edsticas<\/td>\n<\/tr>\n<tr>\n<td rowspan=\"6\" width=\"228\">Otras caracter\u00edsticas<\/td>\n<td width=\"317\">Tipos de tarjetas admitidas:<\/td>\n<\/tr>\n<tr>\n<td width=\"317\">ISO 14443 Tipo A y B Partes 1-4,<\/td>\n<\/tr>\n<tr>\n<td width=\"317\">ISO 15693, ISO 18092 NFC,<\/td>\n<\/tr>\n<tr>\n<td width=\"317\">MIFARE Classic\u00ae, MIFARE DESFire\u00ae, MIFARE Ultralight\u00ae, MIFARE Plus\u00ae, FeliCa y Topacio<\/td>\n<\/tr>\n<tr>\n<td width=\"317\">Otras caracter\u00edsticas de NFC:<\/td>\n<\/tr>\n<tr>\n<td width=\"317\">Lector\/grabador de tarjetas inteligentes, emulaci\u00f3n de teclado, emulaci\u00f3n de tarjetas<\/td>\n<\/tr>\n<tr>\n<td width=\"228\">Actualizaci\u00f3n de firmware<\/td>\n<td width=\"317\">Soportado<\/td>\n<\/tr>\n<tr>\n<td colspan=\"2\" width=\"545\">Certificaciones\/Cumplimiento<\/td>\n<\/tr>\n<tr>\n<td rowspan=\"4\" width=\"228\">Certificaciones\/Cumplimiento<\/td>\n<td width=\"317\">Certificaciones:<\/td>\n<\/tr>\n<tr>\n<td width=\"317\">IEC\/EN 62368, CE, UKCA, FCC, VCCI, RoHS, REACH, WEEE, Microsoft\u00ae WHQL<\/td>\n<\/tr>\n<tr>\n<td width=\"317\">\u00a0 Cumplimiento:<\/td>\n<\/tr>\n<tr>\n<td width=\"317\">USB CCID, PC\/SC<\/td>\n<\/tr>\n<tr>\n<td colspan=\"2\" width=\"545\">Soporte del sistema operativo del controlador del dispositivo<\/td>\n<\/tr>\n<tr>\n<td width=\"228\">Soporte del sistema operativo del controlador del dispositivo<\/td>\n<td width=\"317\">Windows\u00ae, Linux\u00ae, macOS, Android\u2122<\/td>\n<\/tr>\n<\/tbody>\n<\/table>\n<\/div>\n<\/li>\n<\/ul>","protected":false},"excerpt":{"rendered":"<p>El ACM1552U-Z2 es un m\u00f3dulo NFC USB de alta velocidad compatible con lector\/escritor de tarjetas inteligentes y emulaci\u00f3n de tarjetas, dise\u00f1ado para operaciones sin contacto eficientes y seguras.<\/p>","protected":false},"featured_media":1616,"template":"","meta":[],"product_brand":[],"product_cat":[41,40],"product_tag":[],"class_list":{"0":"post-1615","1":"product","2":"type-product","3":"status-publish","4":"has-post-thumbnail","6":"product_cat-module-ic-reader","7":"product_cat-rfid-nfc-reader","9":"first","10":"instock","11":"shipping-taxable","12":"product-type-simple"},"_links":{"self":[{"href":"https:\/\/nfc-readers.com\/es\/wp-json\/wp\/v2\/product\/1615","targetHints":{"allow":["GET"]}}],"collection":[{"href":"https:\/\/nfc-readers.com\/es\/wp-json\/wp\/v2\/product"}],"about":[{"href":"https:\/\/nfc-readers.com\/es\/wp-json\/wp\/v2\/types\/product"}],"wp:featuredmedia":[{"embeddable":true,"href":"https:\/\/nfc-readers.com\/es\/wp-json\/wp\/v2\/media\/1616"}],"wp:attachment":[{"href":"https:\/\/nfc-readers.com\/es\/wp-json\/wp\/v2\/media?parent=1615"}],"wp:term":[{"taxonomy":"product_brand","embeddable":true,"href":"https:\/\/nfc-readers.com\/es\/wp-json\/wp\/v2\/product_brand?post=1615"},{"taxonomy":"product_cat","embeddable":true,"href":"https:\/\/nfc-readers.com\/es\/wp-json\/wp\/v2\/product_cat?post=1615"},{"taxonomy":"product_tag","embeddable":true,"href":"https:\/\/nfc-readers.com\/es\/wp-json\/wp\/v2\/product_tag?post=1615"}],"curies":[{"name":"wp","href":"https:\/\/api.w.org\/{rel}","templated":true}]}}