{"id":1619,"date":"2024-04-07T07:56:40","date_gmt":"2024-04-07T07:56:40","guid":{"rendered":"https:\/\/nfc-readers.com\/?post_type=product&#038;p=1619"},"modified":"2024-10-16T02:33:14","modified_gmt":"2024-10-16T02:33:14","slug":"acm39u-y3-smart-card-reader-module","status":"publish","type":"product","link":"https:\/\/nfc-readers.com\/es\/ic-reader\/acm39u-y3-smart-card-reader-module\/","title":{"rendered":"M\u00f3dulo lector de tarjetas inteligentes ACM39U-Y3"},"content":{"rendered":"<h1>M\u00f3dulo lector de tarjetas inteligentes ACM39U-Y3<\/h1>\n<p>El ACM39U-Y3 es un m\u00f3dulo flexible y f\u00e1cil de instalar que admite una amplia gama de plataformas e interfaces, lo que lo hace ideal para soluciones de tarjetas inteligentes integradas. Tambi\u00e9n ofrece la opci\u00f3n de integrar un M\u00f3dulo de acceso seguro (SAM) para mayor seguridad.<\/p>\n<ul>\n<li>\n<h2>Interfaz USB 2.0 de velocidad completa<\/h2>\n<\/li>\n<li>\n<h2>Plug and Play: la compatibilidad con CCID aporta la m\u00e1xima movilidad<\/h2>\n<\/li>\n<li>\n<h2>Lector de tarjetas inteligentes:<\/h2>\n<ul>\n<li>\n<h3>Admite tarjetas ISO 7816 Clase A, B y C (5 V, 3 V, 1,8 V)<\/h3>\n<\/li>\n<li>\n<h3>Soporta CAC (Tarjeta de acceso com\u00fan)<\/h3>\n<\/li>\n<li>\n<h3>Soporta tarjeta SIPRNET<\/h3>\n<\/li>\n<li>\n<h3>Admite tarjeta J-LIS<\/h3>\n<\/li>\n<li>\n<h3>Soporta tarjetas de microprocesador con protocolo T=0 o T=1<\/h3>\n<\/li>\n<li>\n<h3>Soporta tarjetas de memoria<\/h3>\n<\/li>\n<li>\n<h3>Admite PPS (selecci\u00f3n de protocolos y par\u00e1metros)<\/h3>\n<\/li>\n<li>\n<h3>Caracter\u00edsticas Protecci\u00f3n contra cortocircuitos<\/h3>\n<\/li>\n<\/ul>\n<\/li>\n<li>\n<h2>Interfaz de programaci\u00f3n de aplicaciones:<\/h2>\n<ul>\n<li>\n<h3>Soporta PC\/SC<\/h3>\n<\/li>\n<li>\n<h3>Soporta CT-API (a trav\u00e9s de contenedor en la parte superior de PC\/SC)<\/h3>\n<\/li>\n<\/ul>\n<\/li>\n<li>\n<h2>Compatible con Android\u2122 3.1 y posteriores<\/h2>\n<\/li>\n<li>\n<div>\n<table width=\"491\">\n<tbody>\n<tr>\n<td colspan=\"2\" width=\"491\">Caracter\u00edsticas f\u00edsicas<\/td>\n<\/tr>\n<tr>\n<td width=\"172\">Dimensiones (mm)<\/td>\n<td width=\"319\">70,0 mm (largo) \u00d7 82,0 mm (ancho) \u00d7 10,0 mm (alto)<\/td>\n<\/tr>\n<tr>\n<td width=\"172\">Peso (gramos)<\/td>\n<td width=\"319\">32 gramos<\/td>\n<\/tr>\n<tr>\n<td colspan=\"2\" width=\"491\">Interfaz USB<\/td>\n<\/tr>\n<tr>\n<td width=\"172\">Protocolo<\/td>\n<td width=\"319\">CCID USB<\/td>\n<\/tr>\n<tr>\n<td rowspan=\"2\" width=\"172\">tipo de conector<\/td>\n<td width=\"319\">1 conector de cabecera de 5 pines;<\/td>\n<\/tr>\n<tr>\n<td width=\"319\">Conector de cabecera de 2 x 3 pines<\/td>\n<\/tr>\n<tr>\n<td width=\"172\">Fuente de alimentaci\u00f3n<\/td>\n<td width=\"319\">Desde el puerto USB<\/td>\n<\/tr>\n<tr>\n<td width=\"172\">Velocidad<\/td>\n<td width=\"319\">USB de m\u00e1xima velocidad (12 Mbps)<\/td>\n<\/tr>\n<tr>\n<td colspan=\"2\" width=\"491\">Interfaz de tarjeta inteligente de contacto<\/td>\n<\/tr>\n<tr>\n<td width=\"172\">N\u00famero de ranuras<\/td>\n<td width=\"319\">1 ranura para tarjetas de tama\u00f1o completo<\/td>\n<\/tr>\n<tr>\n<td width=\"172\">Est\u00e1ndar<\/td>\n<td width=\"319\">ISO 7816 Partes 1-4, Clase A, B, C (5 V, 3 V, 1,8 V)<\/td>\n<\/tr>\n<tr>\n<td width=\"172\">Protocolo<\/td>\n<td width=\"319\">T=0; T=1; Soporte de tarjeta de memoria<\/td>\n<\/tr>\n<tr>\n<td width=\"172\">Otros<\/td>\n<td width=\"319\">Tarjetas inteligentes CAC, PIV, SIPRNET, J-LIS<\/td>\n<\/tr>\n<tr>\n<td colspan=\"2\" width=\"491\">Certificaciones\/Cumplimiento<\/td>\n<\/tr>\n<tr>\n<td rowspan=\"12\" width=\"172\">Certificaciones\/Cumplimiento<\/td>\n<td width=\"319\">EN60950\/CEI 60950<\/td>\n<\/tr>\n<tr>\n<td width=\"319\">ISO 7816<\/td>\n<\/tr>\n<tr>\n<td width=\"319\">USB de m\u00e1xima velocidad<\/td>\n<\/tr>\n<tr>\n<td width=\"319\">EMV\u2122 Nivel 1 (Contacto)<\/td>\n<\/tr>\n<tr>\n<td width=\"319\">PC\/SC<\/td>\n<\/tr>\n<tr>\n<td width=\"319\">CCID<\/td>\n<\/tr>\n<tr>\n<td width=\"319\">CE<\/td>\n<\/tr>\n<tr>\n<td width=\"319\">FCC<\/td>\n<\/tr>\n<tr>\n<td width=\"319\">RAEE<\/td>\n<\/tr>\n<tr>\n<td width=\"319\">RoHS<\/td>\n<\/tr>\n<tr>\n<td width=\"319\">ALCANZAR<\/td>\n<\/tr>\n<tr>\n<td width=\"319\">Microsoft\u00aeWHQL<\/td>\n<\/tr>\n<tr>\n<td colspan=\"2\" width=\"491\">Soporte del sistema operativo del controlador del dispositivo<\/td>\n<\/tr>\n<tr>\n<td rowspan=\"5\" width=\"172\">Soporte del sistema operativo del controlador del dispositivo<\/td>\n<td width=\"319\">Windows\u00ae<\/td>\n<\/tr>\n<tr>\n<td width=\"319\">Linux\u00ae<\/td>\n<\/tr>\n<tr>\n<td width=\"319\">MACOS\u00ae<\/td>\n<\/tr>\n<tr>\n<td width=\"319\">Android\u2122<\/td>\n<\/tr>\n<tr>\n<td width=\"319\">Solaris<\/td>\n<\/tr>\n<\/tbody>\n<\/table>\n<\/div>\n<\/li>\n<\/ul>","protected":false},"excerpt":{"rendered":"<p>ACM39U-Y3 es un m\u00f3dulo lector de contacto USB de alta velocidad para aplicaciones de tarjetas inteligentes, compatible con varios sistemas operativos y lector de tarjetas SAM opcional.<\/p>","protected":false},"featured_media":1620,"template":"","meta":[],"product_brand":[],"product_cat":[41],"product_tag":[],"class_list":{"0":"post-1619","1":"product","2":"type-product","3":"status-publish","4":"has-post-thumbnail","6":"product_cat-module-ic-reader","8":"first","9":"instock","10":"shipping-taxable","11":"product-type-simple"},"_links":{"self":[{"href":"https:\/\/nfc-readers.com\/es\/wp-json\/wp\/v2\/product\/1619","targetHints":{"allow":["GET"]}}],"collection":[{"href":"https:\/\/nfc-readers.com\/es\/wp-json\/wp\/v2\/product"}],"about":[{"href":"https:\/\/nfc-readers.com\/es\/wp-json\/wp\/v2\/types\/product"}],"wp:featuredmedia":[{"embeddable":true,"href":"https:\/\/nfc-readers.com\/es\/wp-json\/wp\/v2\/media\/1620"}],"wp:attachment":[{"href":"https:\/\/nfc-readers.com\/es\/wp-json\/wp\/v2\/media?parent=1619"}],"wp:term":[{"taxonomy":"product_brand","embeddable":true,"href":"https:\/\/nfc-readers.com\/es\/wp-json\/wp\/v2\/product_brand?post=1619"},{"taxonomy":"product_cat","embeddable":true,"href":"https:\/\/nfc-readers.com\/es\/wp-json\/wp\/v2\/product_cat?post=1619"},{"taxonomy":"product_tag","embeddable":true,"href":"https:\/\/nfc-readers.com\/es\/wp-json\/wp\/v2\/product_tag?post=1619"}],"curies":[{"name":"wp","href":"https:\/\/api.w.org\/{rel}","templated":true}]}}