{"id":1623,"date":"2024-04-07T07:59:43","date_gmt":"2024-04-07T07:59:43","guid":{"rendered":"https:\/\/nfc-readers.com\/?post_type=product&#038;p=1623"},"modified":"2024-09-29T07:34:42","modified_gmt":"2024-09-29T07:34:42","slug":"acr40t-type-a-usb-sim-sized-smart-card-reader","status":"publish","type":"product","link":"https:\/\/nfc-readers.com\/es\/ic-reader\/acr40t-type-a-usb-sim-sized-smart-card-reader\/","title":{"rendered":"Lector de tarjetas inteligentes USB tipo A ACR40T de tama\u00f1o SIM (bot\u00f3n incorporado y cadena de bucle incluidos)"},"content":{"rendered":"<h1>Lector de tarjetas inteligentes USB tipo A ACR40T de tama\u00f1o SIM (bot\u00f3n incorporado y cadena de bucle incluidos)<\/h1>\n<p>El ACR40T es un lector de tarjetas inteligentes altamente eficiente y actualizable que ofrece amplia compatibilidad con tarjetas inteligentes ISO 7816 y varias tarjetas de memoria, y presenta una ranura para tarjetas inteligentes f\u00e1cil de usar en un dise\u00f1o notablemente peque\u00f1o.<\/p>\n<ul>\n<li>\n<h2><strong>Admite varios tipos de tarjetas de contacto<\/strong><\/h2>\n<ul>\n<li>\n<h3>ISO 7816 Clase A, B y C (5 V, 3 V y 1,8 V)<\/h3>\n<\/li>\n<li>\n<h3>Tarjeta de microprocesador (T=0, T=1)<\/h3>\n<\/li>\n<li>\n<h3>Tarjeta de memoria<\/h3>\n<\/li>\n<li>\n<h3>Caracter\u00edsticas Protecci\u00f3n contra cortocircuitos<\/h3>\n<\/li>\n<\/ul>\n<\/li>\n<li>\n<h2><strong>Interfaz de programaci\u00f3n de aplicaciones:<\/strong><\/h2>\n<ul>\n<li>\n<h3>Soporta PC\/SC<\/h3>\n<\/li>\n<\/ul>\n<\/li>\n<li>\n<h2><strong>Perif\u00e9ricos incorporados<\/strong><\/h2>\n<ul>\n<li>\n<h3>1 LED programable (verde)<\/h3>\n<\/li>\n<li>\n<table width=\"591\">\n<tbody>\n<tr>\n<td colspan=\"2\" width=\"591\">Caracter\u00edsticas f\u00edsicas<\/td>\n<\/tr>\n<tr>\n<td rowspan=\"2\" width=\"266\">Dimensiones (mm)<\/td>\n<td width=\"325\">ACR40T-A1: 48,9 mm (largo) \u00d7 17,7 mm (ancho) \u00d7 8,0 mm (alto)<\/td>\n<\/tr>\n<tr>\n<td width=\"325\">ACR40T-A5: 44,7 mm (largo) \u00d7 17,7 mm (ancho) \u00d7 8,0 mm (alto)<\/td>\n<\/tr>\n<tr>\n<td rowspan=\"2\" width=\"266\">Peso (gramos)<\/td>\n<td width=\"325\">ACR40T-A1: 6,8 g \u00b1 1,0 g<\/td>\n<\/tr>\n<tr>\n<td width=\"325\">ACR40T-A5: 5,3 g \u00b1 1,0 g<\/td>\n<\/tr>\n<tr>\n<td colspan=\"2\" width=\"591\">Interfaz USB<\/td>\n<\/tr>\n<tr>\n<td width=\"266\">Protocolo<\/td>\n<td width=\"325\">CCID USB<\/td>\n<\/tr>\n<tr>\n<td rowspan=\"2\" width=\"266\">tipo de conector<\/td>\n<td width=\"325\">USB tipo A<\/td>\n<\/tr>\n<tr>\n<td width=\"325\">USB tipo C<\/td>\n<\/tr>\n<tr>\n<td width=\"266\">Fuente de alimentaci\u00f3n<\/td>\n<td width=\"325\">Desde el puerto USB<\/td>\n<\/tr>\n<tr>\n<td width=\"266\">Velocidad<\/td>\n<td width=\"325\">Velocidad m\u00e1xima USB (12 Mbps)<\/td>\n<\/tr>\n<tr>\n<td colspan=\"2\" width=\"591\">Interfaz de tarjeta inteligente de contacto<\/td>\n<\/tr>\n<tr>\n<td width=\"266\">N\u00famero de ranuras<\/td>\n<td width=\"325\">1 ranura para tarjeta del tama\u00f1o de SIM (2FF)<\/td>\n<\/tr>\n<tr>\n<td width=\"266\">Protocolo<\/td>\n<td width=\"325\">T=0; T=1<\/td>\n<\/tr>\n<tr>\n<td colspan=\"2\" width=\"591\">Perif\u00e9ricos incorporados<\/td>\n<\/tr>\n<tr>\n<td width=\"266\">CONDUJO<\/td>\n<td width=\"325\">Verde<\/td>\n<\/tr>\n<tr>\n<td colspan=\"2\" width=\"591\">Otras caracter\u00edsticas<\/td>\n<\/tr>\n<tr>\n<td width=\"266\">Otras caracter\u00edsticas<\/td>\n<td width=\"325\">Admite actualizaci\u00f3n de firmware<\/td>\n<\/tr>\n<tr>\n<td colspan=\"2\" width=\"591\">Certificaciones\/Cumplimiento<\/td>\n<\/tr>\n<tr>\n<td rowspan=\"12\" width=\"266\">Certificaciones\/Cumplimiento<\/td>\n<td width=\"325\">Certificaciones:<\/td>\n<\/tr>\n<tr>\n<td width=\"325\">UL 62368<\/td>\n<\/tr>\n<tr>\n<td width=\"325\">CE<\/td>\n<\/tr>\n<tr>\n<td width=\"325\">Reino Unido<\/td>\n<\/tr>\n<tr>\n<td width=\"325\">FCC<\/td>\n<\/tr>\n<tr>\n<td width=\"325\">RoHS<\/td>\n<\/tr>\n<tr>\n<td width=\"325\">ALCANZAR<\/td>\n<\/tr>\n<tr>\n<td width=\"325\">VCCI<\/td>\n<\/tr>\n<tr>\n<td width=\"325\">Microsoft\u00aeWHQL<\/td>\n<\/tr>\n<tr>\n<td width=\"325\">Cumplimientos:<\/td>\n<\/tr>\n<tr>\n<td width=\"325\">CCID USB<\/td>\n<\/tr>\n<tr>\n<td width=\"325\">PC\/SC<\/td>\n<\/tr>\n<tr>\n<td colspan=\"2\" width=\"591\">Soporte del sistema operativo del controlador del dispositivo<\/td>\n<\/tr>\n<tr>\n<td rowspan=\"4\" width=\"266\">Soporte del sistema operativo del controlador del dispositivo<\/td>\n<td width=\"325\">Windows\u00ae<\/td>\n<\/tr>\n<tr>\n<td width=\"325\">Linux\u00ae<\/td>\n<\/tr>\n<tr>\n<td width=\"325\">Mac OS<\/td>\n<\/tr>\n<tr>\n<td width=\"325\">Android\u2122<\/td>\n<\/tr>\n<\/tbody>\n<\/table>\n<\/li>\n<\/ul>\n<\/li>\n<\/ul>","protected":false},"excerpt":{"rendered":"<p>El ACR40T es un lector de contactos USB de alta velocidad dise\u00f1ado espec\u00edficamente para tarjetas de tama\u00f1o SIM, que ofrece actualizaciones de firmware y compatibilidad con varias tarjetas inteligentes y de memoria.<\/p>","protected":false},"featured_media":1624,"template":"","meta":[],"product_brand":[],"product_cat":[39],"product_tag":[],"class_list":{"0":"post-1623","1":"product","2":"type-product","3":"status-publish","4":"has-post-thumbnail","6":"product_cat-usb-ic-smartcard-reader","8":"first","9":"instock","10":"shipping-taxable","11":"product-type-simple"},"_links":{"self":[{"href":"https:\/\/nfc-readers.com\/es\/wp-json\/wp\/v2\/product\/1623","targetHints":{"allow":["GET"]}}],"collection":[{"href":"https:\/\/nfc-readers.com\/es\/wp-json\/wp\/v2\/product"}],"about":[{"href":"https:\/\/nfc-readers.com\/es\/wp-json\/wp\/v2\/types\/product"}],"wp:featuredmedia":[{"embeddable":true,"href":"https:\/\/nfc-readers.com\/es\/wp-json\/wp\/v2\/media\/1624"}],"wp:attachment":[{"href":"https:\/\/nfc-readers.com\/es\/wp-json\/wp\/v2\/media?parent=1623"}],"wp:term":[{"taxonomy":"product_brand","embeddable":true,"href":"https:\/\/nfc-readers.com\/es\/wp-json\/wp\/v2\/product_brand?post=1623"},{"taxonomy":"product_cat","embeddable":true,"href":"https:\/\/nfc-readers.com\/es\/wp-json\/wp\/v2\/product_cat?post=1623"},{"taxonomy":"product_tag","embeddable":true,"href":"https:\/\/nfc-readers.com\/es\/wp-json\/wp\/v2\/product_tag?post=1623"}],"curies":[{"name":"wp","href":"https:\/\/api.w.org\/{rel}","templated":true}]}}