{"id":1909,"date":"2024-10-15T13:42:27","date_gmt":"2024-10-15T13:42:27","guid":{"rendered":"https:\/\/nfc-readers.com\/?post_type=product&#038;p=1909"},"modified":"2024-10-28T15:36:29","modified_gmt":"2024-10-28T15:36:29","slug":"acr1222l-contactless-rfid-nfc-reader-writer","status":"publish","type":"product","link":"https:\/\/nfc-readers.com\/es\/ic-reader\/acr1222l-contactless-rfid-nfc-reader-writer\/","title":{"rendered":"Lector y grabador RFID NFC sin contacto ACR1222L"},"content":{"rendered":"<p><iframe loading=\"lazy\" title=\"Lector NFC ACR1222L\" width=\"1020\" height=\"765\" src=\"https:\/\/www.youtube.com\/embed\/i-7zrKP8WJo?feature=oembed\" frameborder=\"0\" allow=\"accelerometer; autoplay; clipboard-write; encrypted-media; gyroscope; picture-in-picture; web-share\" referrerpolicy=\"strict-origin-when-cross-origin\" allowfullscreen><\/iframe><\/p>\n<div>\n<h1><strong>Lector y grabador RFID NFC sin contacto ACR1222L<\/strong><\/h1>\n<p>El\u00a0<strong>Lector y grabador RFID NFC sin contacto ACR1222L<\/strong>\u00a0es un dispositivo premium dise\u00f1ado para facilitar la interacci\u00f3n sin inconvenientes con una amplia gama de tarjetas inteligentes sin contacto y etiquetas NFC. Con una integraci\u00f3n de tecnolog\u00eda avanzada y funciones f\u00e1ciles de usar, este\u00a0<strong>Lector NFC<\/strong>\u00a0es ideal para diversas aplicaciones, incluido el control de acceso seguro, los pagos sin contacto y la recopilaci\u00f3n de datos. Si busca mejorar sus operaciones con un sistema confiable y eficiente\u00a0<strong>lector de tarjetas<\/strong>Vale la pena considerar el ACR1222L.<\/p>\n<p>Este dispositivo ofrece una compatibilidad excepcional con m\u00faltiples etiquetas NFC y tarjetas inteligentes, lo que ayuda a las empresas a lograr transacciones optimizadas y una mejor interacci\u00f3n con el usuario. Los beneficios de invertir en el ACR1222L incluyen sus funciones de seguridad avanzadas, interfaz interactiva con una pantalla LCD incorporada y amplia compatibilidad con varios tipos de tarjetas. Obtenga m\u00e1s informaci\u00f3n sobre por qu\u00e9 este dispositivo es imprescindible para las empresas que buscan aprovechar el poder de la tecnolog\u00eda NFC.\u00a0<strong>RFID<\/strong>\u00a0tecnolog\u00eda.<\/p>\n<h3>1. Compatibilidad completa con m\u00faltiples tecnolog\u00edas NFC<\/h3>\n<p>El ACR1222L est\u00e1 construido sobre la tecnolog\u00eda avanzada\u00a0<strong>Tecnolog\u00eda RFID de 13,56 MHz<\/strong>, garantizando la compatibilidad con un amplio espectro de tarjetas sin contacto y\u00a0<strong>NFC<\/strong>\u00a0etiquetas. Esto incluye\u00a0<strong>Tarjetas ISO 14443 Tipo A y B, MIFARE<\/strong>, FeliCa y los cuatro tipos de etiquetas NFC. Esta versatilidad convierte al ACR1222L en una herramienta esencial para las empresas que buscan integrar la tecnolog\u00eda sin contacto en sus operaciones.<\/p>\n<p>Adem\u00e1s, la\u00a0<strong>ACR1222L<\/strong>\u00a0apoya\u00a0<strong>Funcionalidades NFC<\/strong>\u00a0que le permiten leer y escribir etiquetas NFC de manera eficiente. Esta capacidad puede ser especialmente beneficiosa para las empresas que utilizan\u00a0<strong>tel\u00e9fono inteligente<\/strong>\u00a0transacciones, tales como\u00a0<strong>Pago de Google<\/strong>, lo que permite un procesamiento de pagos sin problemas a trav\u00e9s de dispositivos habilitados con NFC. Ya sea que trabaje con tarjetas RFID tradicionales o con las \u00faltimas\u00a0<strong>Chips NFC<\/strong>, este dispositivo se destaca como una de las mejores opciones en el mercado.<\/p>\n<h3>2. Funciones de seguridad mejoradas para transacciones seguras<\/h3>\n<p>La seguridad es una preocupaci\u00f3n primordial para cualquier organizaci\u00f3n que trabaje con datos confidenciales. El ACR1222L cuenta con\u00a0<strong>tres m\u00f3dulos de acceso seguro (SAM) compatibles con ISO 7816<\/strong>\u00a0Ranuras SAM que brindan mayor seguridad para las operaciones sin contacto. Estas ranuras SAM permiten la gesti\u00f3n segura de claves criptogr\u00e1ficas y garantizan que solo se procesen las transacciones autorizadas.<\/p>\n<p>Con tecnolog\u00eda anticolisi\u00f3n incorporada, el ACR1222L puede manejar m\u00faltiples tarjetas NFC simult\u00e1neamente, lo que garantiza que solo se acceda a una etiqueta a la vez. Esta caracter\u00edstica mejora la integridad de los datos y reduce el riesgo de acceso no autorizado, una consideraci\u00f3n cr\u00edtica para los sistemas de control de acceso y las transacciones financieras. Como resultado, este\u00a0<strong>Lector NFC<\/strong>\u00a0No s\u00f3lo cumple sino que supera los est\u00e1ndares de la industria en materia de seguridad.<\/p>\n<h3>3. Interfaz de usuario intuitiva para una interacci\u00f3n fluida<\/h3>\n<p>El ACR1222L est\u00e1 equipado con un\u00a0<strong>LCD gr\u00e1fico de dos l\u00edneas<\/strong>\u00a0que admite varios idiomas, incluidos chino, ingl\u00e9s, japon\u00e9s y varios idiomas europeos. Esta compatibilidad con varios idiomas facilita la interacci\u00f3n con una base de usuarios diversa, lo que garantiza que todos los usuarios puedan comprender el dispositivo y sus funcionalidades.<\/p>\n<p>Adem\u00e1s, la pantalla LCD interactiva permite a los usuarios desplazarse por las opciones y acceder a varias configuraciones f\u00e1cilmente.\u00a0<strong>cuatro LED controlables por el usuario<\/strong>\u00a0Adem\u00e1s de un timbre audible para notificaciones de estado, el ACR1222L garantiza una experiencia de usuario clara y atractiva. Esta interfaz intuitiva est\u00e1 dise\u00f1ada para mejorar la comprensi\u00f3n del usuario y agilizar los flujos de trabajo operativos, lo que la convierte en una excelente incorporaci\u00f3n a cualquier conjunto de tecnolog\u00edas.<\/p>\n<h3>4. Aplicaciones vers\u00e1tiles en diferentes industrias<\/h3>\n<p>El lector y escritor de etiquetas NFC sin contacto ACR1222L se puede utilizar en diversas industrias, como el comercio minorista, la atenci\u00f3n m\u00e9dica y el transporte. En el comercio minorista, la capacidad de leer y escribir etiquetas NFC permite a las empresas agilizar las transacciones y mejorar la interacci\u00f3n con los clientes.\u00a0<strong>Herramientas NFC<\/strong>\u00a0Se puede integrar para gestionar programas de fidelizaci\u00f3n o facilitar pagos sin contacto, mejorando la satisfacci\u00f3n general del cliente.<\/p>\n<p>En el \u00e1mbito sanitario, el ACR1222L puede ayudar a agilizar el registro de pacientes, mantener un acceso seguro a informaci\u00f3n confidencial y garantizar que el personal m\u00e9dico tenga acceso r\u00e1pido a los datos. Adem\u00e1s, su compatibilidad con tarjetas RFID lo hace ideal para controlar el acceso a \u00e1reas restringidas, mejorando la seguridad en los centros de transporte.<\/p>\n<h3>5. Especificaciones t\u00e9cnicas y m\u00e9tricas de rendimiento<\/h3>\n<p>La destreza t\u00e9cnica del ACR1222L se evidencia a trav\u00e9s de sus impresionantes especificaciones:<\/p>\n<\/div>\n<div>\n<table width=\"702\">\n<tbody>\n<tr>\n<td colspan=\"2\" width=\"702\">Caracter\u00edsticas f\u00edsicas<\/td>\n<\/tr>\n<tr>\n<td rowspan=\"2\" width=\"250\">Dimensiones (mm)<\/td>\n<td width=\"452\">Cuerpo principal: 133,5 mm (largo) x 88,5 mm (ancho) x 21,0 mm (alto)<\/td>\n<\/tr>\n<tr>\n<td width=\"452\">Con soporte: 158,0 mm (largo) x 95,0 mm (ancho) x 95,0 mm (alto)<\/td>\n<\/tr>\n<tr>\n<td rowspan=\"2\" width=\"250\">Peso (gramos)<\/td>\n<td width=\"452\">Cuerpo principal: 173 g<\/td>\n<\/tr>\n<tr>\n<td width=\"452\">Con soporte: 415 g<\/td>\n<\/tr>\n<tr>\n<td colspan=\"2\" width=\"702\">Interfaz USB<\/td>\n<\/tr>\n<tr>\n<td width=\"250\">Protocolo<\/td>\n<td width=\"452\">CCID USB<\/td>\n<\/tr>\n<tr>\n<td width=\"250\">tipo de conector<\/td>\n<td width=\"452\">Est\u00e1ndar tipo A<\/td>\n<\/tr>\n<tr>\n<td width=\"250\">Fuente de alimentaci\u00f3n<\/td>\n<td width=\"452\">Desde el puerto USB<\/td>\n<\/tr>\n<tr>\n<td width=\"250\">Velocidad<\/td>\n<td width=\"452\">USB de m\u00e1xima velocidad (12 Mbps)<\/td>\n<\/tr>\n<tr>\n<td width=\"250\">Longitud del cable<\/td>\n<td width=\"452\">1,5 m, fijo<\/td>\n<\/tr>\n<tr>\n<td colspan=\"2\" width=\"702\">Interfaz de tarjeta inteligente sin contacto<\/td>\n<\/tr>\n<tr>\n<td width=\"250\">Est\u00e1ndar<\/td>\n<td width=\"452\">ISO\/IEC 18092 NFC, ISO 14443 Tipo A y B, MIFARE\u00ae, FeliCa<\/td>\n<\/tr>\n<tr>\n<td rowspan=\"4\" width=\"250\">Protocolo<\/td>\n<td width=\"452\">Tarjeta compatible con ISO 14443-4, T=CL<\/td>\n<\/tr>\n<tr>\n<td width=\"452\">Tarjeta MIFARE\u00ae Cl\u00e1sica, T=CL<\/td>\n<\/tr>\n<tr>\n<td width=\"452\">ISO18092, etiquetas NFC<\/td>\n<\/tr>\n<tr>\n<td width=\"452\">FeliCa<\/td>\n<\/tr>\n<tr>\n<td colspan=\"2\" width=\"702\">Interfaz de tarjeta SAM<\/td>\n<\/tr>\n<tr>\n<td width=\"250\">N\u00famero de ranuras<\/td>\n<td width=\"452\">3 ranuras para tarjetas de tama\u00f1o SIM est\u00e1ndar<\/td>\n<\/tr>\n<tr>\n<td width=\"250\">Est\u00e1ndar<\/td>\n<td width=\"452\">ISO 7816 Clase A (5V)<\/td>\n<\/tr>\n<tr>\n<td width=\"250\">Protocolo<\/td>\n<td width=\"452\">T=0; T=1<\/td>\n<\/tr>\n<tr>\n<td colspan=\"2\" width=\"702\">Perif\u00e9ricos incorporados<\/td>\n<\/tr>\n<tr>\n<td rowspan=\"3\" width=\"250\">LCD<\/td>\n<td width=\"452\">LCD gr\u00e1fica con retroiluminaci\u00f3n amarillo-verde<\/td>\n<\/tr>\n<tr>\n<td width=\"452\">Resoluci\u00f3n : 128 x 32 p\u00edxeles<\/td>\n<\/tr>\n<tr>\n<td width=\"452\">N\u00famero de caracteres: 16 caracteres x 2 l\u00edneas<\/td>\n<\/tr>\n<tr>\n<td width=\"250\">CONDUJO<\/td>\n<td width=\"452\">4 monocolor: Verde, Azul, Naranja y Rojo<\/td>\n<\/tr>\n<tr>\n<td width=\"250\">Zumbador<\/td>\n<td width=\"452\">Mon\u00f3tono<\/td>\n<\/tr>\n<tr>\n<td colspan=\"2\" width=\"702\">Otras caracter\u00edsticas<\/td>\n<\/tr>\n<tr>\n<td width=\"250\">Actualizaci\u00f3n de firmware<\/td>\n<td width=\"452\">Soportado<\/td>\n<\/tr>\n<tr>\n<td colspan=\"2\" width=\"702\">Certificaciones\/Cumplimiento<\/td>\n<\/tr>\n<tr>\n<td rowspan=\"13\" width=\"250\">Certificaciones\/Cumplimiento<\/td>\n<td width=\"452\">ISO 18092<\/td>\n<\/tr>\n<tr>\n<td width=\"452\">ISO 14443<\/td>\n<\/tr>\n<tr>\n<td width=\"452\">ISO 7816 (ranura SAM)<\/td>\n<\/tr>\n<tr>\n<td width=\"452\">USB de m\u00e1xima velocidad<\/td>\n<\/tr>\n<tr>\n<td width=\"452\">PC\/SC<\/td>\n<\/tr>\n<tr>\n<td width=\"452\">CCID<\/td>\n<\/tr>\n<tr>\n<td width=\"452\">VCCI (Jap\u00f3n)<\/td>\n<\/tr>\n<tr>\n<td width=\"452\">KC (Corea)<\/td>\n<\/tr>\n<tr>\n<td width=\"452\">Microsoft\u00aeWHQL<\/td>\n<\/tr>\n<tr>\n<td width=\"452\">CE<\/td>\n<\/tr>\n<tr>\n<td width=\"452\">FCC<\/td>\n<\/tr>\n<tr>\n<td width=\"452\">RoHS<\/td>\n<\/tr>\n<tr>\n<td width=\"452\">ALCANZAR<\/td>\n<\/tr>\n<tr>\n<td colspan=\"2\" width=\"702\">Soporte del sistema operativo del controlador del dispositivo<\/td>\n<\/tr>\n<tr>\n<td rowspan=\"5\" width=\"250\">Soporte del sistema operativo del controlador del dispositivo<\/td>\n<td width=\"452\">Windows\u00ae<\/td>\n<\/tr>\n<tr>\n<td width=\"452\">Linux\u00ae<\/td>\n<\/tr>\n<tr>\n<td width=\"452\">MACOS\u00ae<\/td>\n<\/tr>\n<tr>\n<td width=\"452\">Solaris<\/td>\n<\/tr>\n<tr>\n<td width=\"452\">Android\u2122<\/td>\n<\/tr>\n<\/tbody>\n<\/table>\n<\/div>\n<div><\/div>\n<div>\n<p>Con sus capacidades de lectura de alta velocidad y flexibilidad en la gesti\u00f3n de varias tarjetas, el ACR1222L se destaca como un potente\u00a0<strong>lector de tarjetas inteligentes<\/strong>.<\/p>\n<h3>6. Configuraci\u00f3n e integraci\u00f3n f\u00e1ciles de usar<\/h3>\n<p>La configuraci\u00f3n del ACR1222L es sencilla, por lo que es accesible tanto para usuarios t\u00e9cnicos como no t\u00e9cnicos. El dispositivo se puede integrar f\u00e1cilmente en sistemas existentes a trav\u00e9s de\u00a0<strong>USB<\/strong>, lo que garantiza la compatibilidad con los sistemas operativos m\u00e1s populares, incluidos Windows, Linux y macOS. Adem\u00e1s,\u00a0<strong>Capacidad de actualizaci\u00f3n del firmware por USB<\/strong>\u00a0Esta funci\u00f3n permite a los usuarios mantener sus dispositivos actualizados con las \u00faltimas mejoras y funciones de seguridad.<\/p>\n<p>Esta facilidad de configuraci\u00f3n es particularmente beneficiosa para las empresas que buscan implementar r\u00e1pidamente\u00a0<strong>Soluciones sin contacto<\/strong>\u00a0Sin largos tiempos de inactividad ni instalaciones complicadas.<\/p>\n<h3>7. Impacto ambiental y uso sostenible<\/h3>\n<p>A medida que las empresas se vuelven cada vez m\u00e1s conscientes de su impacto ambiental, el ACR1222L se adhiere a los principios de uso sostenible. Con un bajo consumo de energ\u00eda, el dispositivo no solo reduce los costos de energ\u00eda, sino que tambi\u00e9n contribuye a una menor huella de carbono.<\/p>\n<p>Adem\u00e1s, el dispositivo est\u00e1 dise\u00f1ado para ofrecer un rendimiento duradero, lo que minimiza la necesidad de reemplazos frecuentes y reduce los desechos electr\u00f3nicos con el tiempo. Este atractivo de sostenibilidad es un factor esencial para las organizaciones que buscan promover iniciativas ecol\u00f3gicas dentro de sus operaciones.<\/p>\n<h3>8. Comentarios y opiniones de clientes<\/h3>\n<p>Los comentarios de los clientes sobre el ACR1222L destacan su fiabilidad, facilidad de uso y funcionalidades completas. Los usuarios aprecian el rendimiento impecable al leer y escribir etiquetas NFC, junto con sus s\u00f3lidas funciones de seguridad.<\/p>\n<p>Un usuario afirm\u00f3: \u201cEl ACR1222L ha transformado nuestros procesos de transacci\u00f3n. Es r\u00e1pido, seguro y la pantalla incorporada es incre\u00edblemente \u00fatil para mantener informados a nuestros clientes\u201d.<\/p>\n<\/div>\n<div><\/div>\n<div><\/div>","protected":false},"excerpt":{"rendered":"<p>El lector y escritor de etiquetas NFC sin contacto ACR1222L se puede utilizar en diversas industrias, como el comercio minorista, la atenci\u00f3n m\u00e9dica y el transporte. En el comercio minorista, la capacidad de leer y escribir etiquetas NFC permite a las empresas agilizar las transacciones y mejorar la interacci\u00f3n con los clientes. <strong>Herramientas NFC<\/strong>\u00a0Se puede integrar para gestionar programas de fidelizaci\u00f3n o facilitar pagos sin contacto, mejorando la satisfacci\u00f3n general del cliente.<\/p>","protected":false},"featured_media":1563,"template":"","meta":[],"product_brand":[],"product_cat":[45,40],"product_tag":[],"class_list":{"0":"post-1909","1":"product","2":"type-product","3":"status-publish","4":"has-post-thumbnail","6":"product_cat-contactless-nfc-reader","7":"product_cat-rfid-nfc-reader","9":"first","10":"instock","11":"shipping-taxable","12":"product-type-simple"},"_links":{"self":[{"href":"https:\/\/nfc-readers.com\/es\/wp-json\/wp\/v2\/product\/1909","targetHints":{"allow":["GET"]}}],"collection":[{"href":"https:\/\/nfc-readers.com\/es\/wp-json\/wp\/v2\/product"}],"about":[{"href":"https:\/\/nfc-readers.com\/es\/wp-json\/wp\/v2\/types\/product"}],"wp:featuredmedia":[{"embeddable":true,"href":"https:\/\/nfc-readers.com\/es\/wp-json\/wp\/v2\/media\/1563"}],"wp:attachment":[{"href":"https:\/\/nfc-readers.com\/es\/wp-json\/wp\/v2\/media?parent=1909"}],"wp:term":[{"taxonomy":"product_brand","embeddable":true,"href":"https:\/\/nfc-readers.com\/es\/wp-json\/wp\/v2\/product_brand?post=1909"},{"taxonomy":"product_cat","embeddable":true,"href":"https:\/\/nfc-readers.com\/es\/wp-json\/wp\/v2\/product_cat?post=1909"},{"taxonomy":"product_tag","embeddable":true,"href":"https:\/\/nfc-readers.com\/es\/wp-json\/wp\/v2\/product_tag?post=1909"}],"curies":[{"name":"wp","href":"https:\/\/api.w.org\/{rel}","templated":true}]}}