{"id":2027,"date":"2024-04-19T13:31:13","date_gmt":"2024-04-19T13:31:13","guid":{"rendered":"https:\/\/nfc-readers.com\/?post_type=product&#038;p=2027"},"modified":"2024-09-29T07:26:17","modified_gmt":"2024-09-29T07:26:17","slug":"d60-smart-pos","status":"publish","type":"product","link":"https:\/\/nfc-readers.com\/es\/ic-reader\/d60-smart-pos\/","title":{"rendered":"POS inteligente D60"},"content":{"rendered":"<h1>POS inteligente D60<\/h1>\n<p>Presentamos el Smart POS D60, nuestro \u00faltimo modelo de terminal POS Android. Con una amplia pantalla t\u00e1ctil de 6,5 pulgadas y una velocidad de impresi\u00f3n ultrarr\u00e1pida, ofrece una experiencia de usuario inmersiva y un procesamiento de transacciones eficiente. Su dise\u00f1o ergon\u00f3mico garantiza un agarre c\u00f3modo, mientras que la c\u00e1mara integrada permite escanear r\u00e1pidamente c\u00f3digos QR para realizar pagos sin inconvenientes. El D60 es un dispositivo duradero y de bolsillo que es su compa\u00f1ero de confianza durante todo el d\u00eda. Experimente un nuevo nivel de comodidad e innovaci\u00f3n con el Smart POS D60.<\/p>\n<table width=\"589\">\n<tbody>\n<tr>\n<td width=\"177\">SO<\/td>\n<td width=\"412\">androide 11<\/td>\n<\/tr>\n<tr>\n<td width=\"177\"><\/td>\n<td width=\"412\">CPU de aplicaci\u00f3n: 4*A53@ 2,0 GHz<\/td>\n<\/tr>\n<tr>\n<td width=\"177\">Procesador<\/td>\n<td width=\"412\">CPU de seguridad: ARM de 32 bits a 192 MHz<\/td>\n<\/tr>\n<tr>\n<td width=\"177\">Memoria<\/td>\n<td width=\"412\">1 GB LPDDR3, 16 GB eMMC<\/td>\n<\/tr>\n<tr>\n<td width=\"177\"><\/td>\n<td width=\"412\">Pantalla IPS TFT de 6,5\u201d 1600*720<\/td>\n<\/tr>\n<tr>\n<td width=\"177\">Mostrar<\/td>\n<td width=\"412\">Pantalla t\u00e1ctil<\/td>\n<\/tr>\n<tr>\n<td width=\"177\"><\/td>\n<td width=\"412\">LTE I WCDMA I GSM<\/td>\n<\/tr>\n<tr>\n<td width=\"177\">Comunicaciones<\/td>\n<td width=\"412\">Bluetooth 5.0 I WiFi: 802.11 a\/b\/g\/n\/ac, 2,4 GHz y 5G, compatible con AP<\/td>\n<\/tr>\n<tr>\n<td width=\"177\">Posicionamiento satelital<\/td>\n<td width=\"412\">GPS | A-GPS | GLONASS | BEIDOU<\/td>\n<\/tr>\n<tr>\n<td width=\"177\">C\u00e1mara<\/td>\n<td width=\"412\">2 millones de p\u00edxeles FF<\/td>\n<\/tr>\n<tr>\n<td width=\"177\">Impresora<\/td>\n<td width=\"412\">Impresora t\u00e9rmica de alta velocidad I Rollo de papel, Ancho: 58 mm I Di\u00e1metro del rollo de papel: 40 mm<\/td>\n<\/tr>\n<tr>\n<td width=\"177\">Lector de tarjetas EMV<\/td>\n<td width=\"412\">Lector de tarjetas con chip EMV\/PBOC, compatible con ISO 7816 Clase A, B, C<\/td>\n<\/tr>\n<tr>\n<td width=\"177\">Lector NFC<\/td>\n<td width=\"412\">EMV sin contacto, ISO 14443A\/B, Mifare<\/td>\n<\/tr>\n<tr>\n<td width=\"177\">Lector de tarjetas de banda magn\u00e9tica<\/td>\n<td width=\"412\">ISO-7811\/7813\/7810<\/td>\n<\/tr>\n<tr>\n<td width=\"177\">Gesti\u00f3n de claves<\/td>\n<td width=\"412\">DUKPT, MK\/SK<\/td>\n<\/tr>\n<tr>\n<td width=\"177\">Algoritmo de cifrado<\/td>\n<td width=\"412\">DES, 3DES, RSA, AES, SHA-256<\/td>\n<\/tr>\n<tr>\n<td width=\"177\"><\/td>\n<td width=\"412\">PCI PTS 6.x SRED<\/td>\n<\/tr>\n<tr>\n<td width=\"177\">Certificaciones<\/td>\n<td width=\"412\">EMV L1 y L2, L1 sin contacto<\/td>\n<\/tr>\n<tr>\n<td width=\"177\"><\/td>\n<td width=\"412\">Visa Paywave, MasterCard Paypass, Amex Expresspay, MasterCard TQM CE, FCC, RoHS<\/td>\n<\/tr>\n<tr>\n<td width=\"177\">Adaptador<\/td>\n<td width=\"412\">CC 5 V 2 A.<\/td>\n<\/tr>\n<tr>\n<td width=\"177\">Bater\u00eda<\/td>\n<td width=\"412\">2500 mAh, 7,2 V<\/td>\n<\/tr>\n<tr>\n<td width=\"177\"><\/td>\n<td width=\"412\">1 tipo C (OTG)<\/td>\n<\/tr>\n<tr>\n<td width=\"177\">Puertos perif\u00e9ricos<\/td>\n<td width=\"412\">1 Nano SIM + 1 Mini SIM + 1 Mini SAM<\/td>\n<\/tr>\n<tr>\n<td width=\"177\"><\/td>\n<td width=\"412\">1 ranura para tarjeta Micro SD, admite hasta 128 GB<\/td>\n<\/tr>\n<tr>\n<td width=\"177\"><\/td>\n<td width=\"412\">Temperatura de funcionamiento (0 \u2103 a + 50 \u2103)<\/td>\n<\/tr>\n<tr>\n<td width=\"177\">Condiciones ambientales<\/td>\n<td width=\"412\">Humedad de funcionamiento (5% a 95% sin condensaci\u00f3n)<\/td>\n<\/tr>\n<tr>\n<td width=\"177\">Dimensiones<\/td>\n<td width=\"412\">186,4 mm x 79 mm x 54,6~25,85 mm, 384 g (bater\u00eda incluida)<\/td>\n<\/tr>\n<tr>\n<td width=\"177\">accesorios estandar<\/td>\n<td width=\"412\">1 adaptador de corriente, 1 cable tipo C<\/td>\n<\/tr>\n<\/tbody>\n<\/table>","protected":false},"excerpt":{"rendered":"<p>Conozca el Smart POS D60, un mPOS Android compacto con una pantalla t\u00e1ctil de 6,5\u2033, escaneo r\u00e1pido de c\u00f3digos QR y un lector RFID para realizar transacciones eficientes durante todo el d\u00eda.<\/p>","protected":false},"featured_media":2028,"template":"","meta":[],"product_brand":[],"product_cat":[15,45],"product_tag":[],"class_list":{"0":"post-2027","1":"product","2":"type-product","3":"status-publish","4":"has-post-thumbnail","6":"product_cat-pos-machine","7":"product_cat-contactless-nfc-reader","9":"first","10":"instock","11":"shipping-taxable","12":"product-type-simple"},"_links":{"self":[{"href":"https:\/\/nfc-readers.com\/es\/wp-json\/wp\/v2\/product\/2027","targetHints":{"allow":["GET"]}}],"collection":[{"href":"https:\/\/nfc-readers.com\/es\/wp-json\/wp\/v2\/product"}],"about":[{"href":"https:\/\/nfc-readers.com\/es\/wp-json\/wp\/v2\/types\/product"}],"wp:featuredmedia":[{"embeddable":true,"href":"https:\/\/nfc-readers.com\/es\/wp-json\/wp\/v2\/media\/2028"}],"wp:attachment":[{"href":"https:\/\/nfc-readers.com\/es\/wp-json\/wp\/v2\/media?parent=2027"}],"wp:term":[{"taxonomy":"product_brand","embeddable":true,"href":"https:\/\/nfc-readers.com\/es\/wp-json\/wp\/v2\/product_brand?post=2027"},{"taxonomy":"product_cat","embeddable":true,"href":"https:\/\/nfc-readers.com\/es\/wp-json\/wp\/v2\/product_cat?post=2027"},{"taxonomy":"product_tag","embeddable":true,"href":"https:\/\/nfc-readers.com\/es\/wp-json\/wp\/v2\/product_tag?post=2027"}],"curies":[{"name":"wp","href":"https:\/\/api.w.org\/{rel}","templated":true}]}}