{"id":2109,"date":"2024-04-22T02:26:55","date_gmt":"2024-04-22T02:26:55","guid":{"rendered":"https:\/\/nfc-readers.com\/?post_type=product&#038;p=2109"},"modified":"2024-09-29T01:56:55","modified_gmt":"2024-09-29T01:56:55","slug":"nfc-stickers-ntag213216","status":"publish","type":"product","link":"https:\/\/nfc-readers.com\/es\/ic-reader\/nfc-stickers-ntag213216\/","title":{"rendered":"Pegatinas NFC NTAG213 215 216"},"content":{"rendered":"<h1>Pegatinas NFC NTAG213 215 216<\/h1>\n<table width=\"534\">\n<tbody>\n<tr style=\"font-style: inherit; font-weight: inherit;\">\n<td style=\"font-style: inherit;\" width=\"215\">\n<p data-spm-anchor-id=\"a2700.pc-decorate.0.i49.7c5c3333IeSDv6\">art\u00edculo<\/p>\n<\/td>\n<td width=\"319\">Especificaciones<\/td>\n<\/tr>\n<tr style=\"font-style: inherit; font-weight: inherit;\">\n<td style=\"font-style: inherit;\" width=\"215\">\n<p data-spm-anchor-id=\"a2700.pc-decorate.0.i22.bd1b3333wXnVY0\">Lugar de origen<\/p>\n<\/td>\n<td width=\"319\">Porcelana<\/td>\n<\/tr>\n<tr style=\"font-style: inherit; font-weight: inherit;\">\n<td style=\"font-style: inherit;\" width=\"215\">\n<p data-spm-anchor-id=\"0.0.0.i10.277b4f05XiiaMd\">Certificaci\u00f3n<\/p>\n<\/td>\n<td width=\"319\">\n<p data-spm-anchor-id=\"a2700.pc-decorate.0.i10.bd1b3333wXnVY0\">CE\/ROHS<\/p>\n<\/td>\n<\/tr>\n<tr style=\"font-style: inherit; font-weight: inherit;\">\n<td style=\"font-style: inherit;\" width=\"215\">Material<\/td>\n<td width=\"319\">\n<p data-spm-anchor-id=\"a2700.pc-decorate.0.i50.7c5c3333IeSDv6\">PET, papel estucado, epoxi, papel t\u00e9rmico, etc.<\/p>\n<\/td>\n<\/tr>\n<tr style=\"font-style: inherit; font-weight: inherit;\">\n<td style=\"font-style: inherit;\" width=\"215\">Chip<\/td>\n<td width=\"319\">\n<p data-spm-anchor-id=\"a2700.pc-decorate.0.i50.bd1b3333wXnVY0\">NTAG 213\/ NTAG 215\/Ntag 216\/Fudan F08 o personalizar<\/p>\n<\/td>\n<\/tr>\n<tr style=\"font-style: inherit; font-weight: inherit;\">\n<td style=\"font-style: inherit;\" width=\"215\">Frecuencia<\/td>\n<td width=\"319\">\n<p data-spm-anchor-id=\"0.0.0.i5.277b4f05QIK8KU\">13,56 Mhz<\/p>\n<\/td>\n<\/tr>\n<tr style=\"font-style: inherit; font-weight: inherit;\">\n<td style=\"font-style: inherit;\" width=\"215\">\n<p data-spm-anchor-id=\"a2700.pc-decorate.0.i90.6e273333nK6FqH\">Protocolo<\/p>\n<\/td>\n<td width=\"319\">\n<p data-spm-anchor-id=\"a2700.pc-decorate.0.i51.bd1b3333wXnVY0\">ISO 14443A<\/p>\n<\/td>\n<\/tr>\n<tr style=\"font-style: inherit; font-weight: inherit;\">\n<td style=\"font-style: inherit;\" rowspan=\"3\" width=\"215\">Tama\u00f1o<\/td>\n<td width=\"319\">\n<p data-spm-anchor-id=\"a2700.pc-decorate.0.i53.bd1b3333wXnVY0\">Redondo 18,25, 30, 35,40mm<\/p>\n<\/td>\n<\/tr>\n<tr>\n<td width=\"319\">\n<p data-spm-anchor-id=\"a2700.pc-decorate.0.i53.bd1b3333wXnVY0\">Cuadrado 86*54,40*25,55*18,10*20,18*18,30*15<\/p>\n<\/td>\n<\/tr>\n<tr>\n<td width=\"319\">\n<p data-spm-anchor-id=\"a2700.pc-decorate.0.i53.bd1b3333wXnVY0\">o tama\u00f1o personalizado<\/p>\n<\/td>\n<\/tr>\n<tr style=\"font-style: inherit; font-weight: inherit;\">\n<td style=\"font-style: inherit;\" width=\"215\">\n<p data-spm-anchor-id=\"0.0.0.i1.277b4f05XiiaMd\">Caracter\u00edstica<\/p>\n<\/td>\n<td width=\"319\">\n<p data-spm-anchor-id=\"a2700.pc-decorate.0.i47.bd1b3333wXnVY0\">Est\u00e1 bien compartir datos mediante un tel\u00e9fono habilitado para NFC, m\u00e1s r\u00e1pido y conveniente que las etiquetas normales.<\/p>\n<\/td>\n<\/tr>\n<tr style=\"font-style: inherit; font-weight: inherit;\">\n<td style=\"font-style: inherit;\" width=\"215\">\n<p data-spm-anchor-id=\"0.0.0.i8.277b4f05XiiaMd\">Muestra<\/p>\n<\/td>\n<td width=\"319\">\n<p data-spm-anchor-id=\"a2700.pc-decorate.0.i39.6e273333nK6FqH\">disponible gratis<\/p>\n<\/td>\n<\/tr>\n<tr style=\"font-style: inherit; font-weight: inherit;\">\n<td style=\"font-style: inherit;\" width=\"215\">\n<p data-spm-anchor-id=\"a2700.pc-decorate.0.i95.6e273333nK6FqH\">Leer distancia<\/p>\n<\/td>\n<td width=\"319\">\n<p data-spm-anchor-id=\"a2700.pc-decorate.0.i89.6e273333nK6FqH\">0-10cm<\/p>\n<\/td>\n<\/tr>\n<tr style=\"font-style: inherit; font-weight: inherit;\">\n<td style=\"font-style: inherit;\" width=\"215\">\n<p data-spm-anchor-id=\"a2700.pc-decorate.0.i35.6e273333nK6FqH\">Nombre del producto<\/p>\n<\/td>\n<td width=\"319\">\n<p data-spm-anchor-id=\"a2700.pc-decorate.0.i12.bd1b3333wXnVY0\">Pegatinas NTAG 213 NFC personalizadas, etiqueta blanca redonda de 18mm en blanco, las etiquetas NTAG 213 funcionan perfectamente con tel\u00e9fonos m\u00f3viles habilitados para NFC<\/p>\n<\/td>\n<\/tr>\n<tr style=\"font-style: inherit; font-weight: inherit;\">\n<td style=\"font-style: inherit;\" rowspan=\"3\" width=\"215\">Personalizaci\u00f3n<\/td>\n<td style=\"font-style: inherit;\" width=\"319\">-logotipo personalizado, color impreso para papel de superficie<\/td>\n<\/tr>\n<tr>\n<td width=\"319\">-material de superficie personalizado<\/td>\n<\/tr>\n<tr>\n<td width=\"319\">-Informaci\u00f3n de datos personalizada que se puede escribir en el chip, como URL (sitio web), n\u00fameros de serie, etc.<\/td>\n<\/tr>\n<tr style=\"font-style: inherit; font-weight: inherit;\">\n<td style=\"font-style: inherit;\" rowspan=\"3\" width=\"215\">Solicitud<\/td>\n<td style=\"font-style: inherit;\" width=\"319\">Redes sociales NFC, Log\u00edstica, gesti\u00f3n, gesti\u00f3n de activos, gesti\u00f3n de la cadena de suministro, gesti\u00f3n de veh\u00edculos, control de producci\u00f3n,<\/td>\n<\/tr>\n<tr>\n<td width=\"319\">gesti\u00f3n de almacenes, gesti\u00f3n de productos, verificaci\u00f3n de productos, seguimiento de activos, seguimiento de manipulaci\u00f3n de equipaje, gesti\u00f3n de inventarios,<\/td>\n<\/tr>\n<tr>\n<td width=\"319\">etc.<\/td>\n<\/tr>\n<\/tbody>\n<\/table>\n<p>&nbsp;<\/p>\n<p><img loading=\"lazy\" decoding=\"async\" class=\"alignnone wp-image-2110\" src=\"https:\/\/nfc-readers.com\/wp-content\/uploads\/2024\/04\/H13e28f218c5e4df380794f87c5769ff4e-300x252.jpg\" alt=\"\" width=\"573\" height=\"481\" srcset=\"https:\/\/nfc-readers.com\/wp-content\/uploads\/2024\/04\/H13e28f218c5e4df380794f87c5769ff4e-300x252.jpg 300w, https:\/\/nfc-readers.com\/wp-content\/uploads\/2024\/04\/H13e28f218c5e4df380794f87c5769ff4e-600x503.jpg 600w, https:\/\/nfc-readers.com\/wp-content\/uploads\/2024\/04\/H13e28f218c5e4df380794f87c5769ff4e.jpg 750w\" sizes=\"auto, (max-width: 573px) 100vw, 573px\" \/><\/p>\n<div class=\"J_module\">\n<div class=\"detail-decorate-json-renderer-container\">\n<div class=\"magic-1\">\n<div class=\"magic-2\">\n<div class=\"magic-3\">\n<div class=\"magic-4\">\n<div class=\"magic-5\" data-spm-anchor-id=\"a2700.details.0.i69.2c8dabc3vwGabt\"><b class=\"magic-6\"><span class=\"magic-7\">Pegatinas NTAG 213 NFC personalizadas, etiqueta blanca redonda de 18mm en blanco, las etiquetas NTAG 213 funcionan perfectamente con tel\u00e9fonos m\u00f3viles habilitados para NFC<\/span><\/b><\/div>\n<div>\n<div><\/div>\n<\/div>\n<\/div>\n<\/div>\n<\/div>\n<\/div>\n<\/div>\n<\/div>\n<div class=\"J_module\">\n<div class=\"detail-decorate-json-renderer-container\">\n<div class=\"magic-1\">\n<div class=\"magic-2\">\n<div class=\"magic-3\">\n<div class=\"magic-4\"><b><span class=\"magic-8\">\u00bfQu\u00e9 es una etiqueta NFC y c\u00f3mo funciona? <\/span><\/b><br \/>\nLas etiquetas NFC (Near Field Communication) son peque\u00f1os circuitos integrados dise\u00f1ados para almacenar informaci\u00f3n que puede recuperarse mediante<br \/>\nDispositivos habilitados para NFC como tel\u00e9fonos inteligentes y tabletas. Son peque\u00f1as pegatinas, de forma redonda o cuadrada y tienen aproximadamente el tama\u00f1o de una moneda grande. Estas peque\u00f1as pegatinas de tecnolog\u00eda inal\u00e1mbrica tambi\u00e9n permiten la transferencia de datos entre dos dispositivos habilitados para NFC.<\/p>\n<div>\n<div>Las etiquetas NFC pueden tener diferentes capacidades de memoria; puede almacenar un n\u00famero de tel\u00e9fono o una URL (direcci\u00f3n web) y, para agregar protecci\u00f3n, las etiquetas NFC se pueden bloquear para que una vez que se hayan escrito los datos, no se puedan modificar. Sin embargo, se pueden volver a codificar varias veces hasta que se bloqueen y, una vez bloqueadas, las etiquetas NFC no se pueden desbloquear.<\/div>\n<div><\/div>\n<div>Para usar etiquetas NFC, debe tocar la etiqueta con su dispositivo habilitado para NFC o debe acercar su dispositivo lo suficiente (tal vez a una pulgada de distancia) para que el dispositivo cumpla sus \u00f3rdenes programadas.<\/div>\n<\/div>\n<\/div>\n<\/div>\n<\/div>\n<\/div>\n<\/div>\n<\/div>\n<div class=\"J_module\">\n<div class=\"detail-decorate-json-renderer-container\">\n<div class=\"magic-1\">\n<div class=\"magic-2\">\n<div class=\"magic-3\">\n<div class=\"magic-4\"><span class=\"magic-9\"><span class=\"magic-10\"><b>Etiqueta rfid de 13,56 mhz, la etiqueta nfc es f\u00e1cil de programar, como URL codificada, para que pueda funcionar con tel\u00e9fonos inteligentes Andriod\/IOS con NFC.<br \/>\nCuando la etiqueta NFC se acerca a la posici\u00f3n NFC del tel\u00e9fono inteligente, el enlace al sitio web programado aparece inmediatamente. Se utiliza principalmente para muchas aplicaciones como tarjetas de presentaci\u00f3n, promoci\u00f3n de empresas, carteles inteligentes, venta de entradas para eventos, uso industrial, etc.<\/b><\/span><\/span><\/p>\n<div><b><span class=\"magic-9\">\u00a0<\/span><\/b><\/div>\n<div><span class=\"magic-10\"><b class=\"magic-9\">Nuestras caracter\u00edsticas:<br \/>\n<\/b><span class=\"magic-11\" style=\"font-family: Arial;\">1.Personalizado<br \/>\n2. R\u00e1pida velocidad de entrega<br \/>\n3.Estructura de la etiqueta RFID: Chip RFID+Antena RFID+Materiales de superficie<br \/>\n4.Proveedor profesional de productos RFID<\/span><\/span><\/div>\n<\/div>\n<\/div>\n<\/div>\n<\/div>\n<\/div>\n<\/div>\n<p>&nbsp;<\/p>\n<p>&nbsp;<\/p>","protected":false},"excerpt":{"rendered":"<p>Las etiquetas NFC compactas con chips NTAG213 215 216 permiten publicidad inteligente, autenticaci\u00f3n de productos y emparejamiento r\u00e1pido, haciendo que las soluciones RFID sean accesibles y efectivas.<\/p>","protected":false},"featured_media":2111,"template":"","meta":[],"product_brand":[],"product_cat":[48],"product_tag":[],"class_list":{"0":"post-2109","1":"product","2":"type-product","3":"status-publish","4":"has-post-thumbnail","6":"product_cat-nfc-stickers","8":"first","9":"instock","10":"shipping-taxable","11":"product-type-simple"},"_links":{"self":[{"href":"https:\/\/nfc-readers.com\/es\/wp-json\/wp\/v2\/product\/2109","targetHints":{"allow":["GET"]}}],"collection":[{"href":"https:\/\/nfc-readers.com\/es\/wp-json\/wp\/v2\/product"}],"about":[{"href":"https:\/\/nfc-readers.com\/es\/wp-json\/wp\/v2\/types\/product"}],"wp:featuredmedia":[{"embeddable":true,"href":"https:\/\/nfc-readers.com\/es\/wp-json\/wp\/v2\/media\/2111"}],"wp:attachment":[{"href":"https:\/\/nfc-readers.com\/es\/wp-json\/wp\/v2\/media?parent=2109"}],"wp:term":[{"taxonomy":"product_brand","embeddable":true,"href":"https:\/\/nfc-readers.com\/es\/wp-json\/wp\/v2\/product_brand?post=2109"},{"taxonomy":"product_cat","embeddable":true,"href":"https:\/\/nfc-readers.com\/es\/wp-json\/wp\/v2\/product_cat?post=2109"},{"taxonomy":"product_tag","embeddable":true,"href":"https:\/\/nfc-readers.com\/es\/wp-json\/wp\/v2\/product_tag?post=2109"}],"curies":[{"name":"wp","href":"https:\/\/api.w.org\/{rel}","templated":true}]}}