{"id":2117,"date":"2024-04-22T02:40:43","date_gmt":"2024-04-22T02:40:43","guid":{"rendered":"https:\/\/nfc-readers.com\/?post_type=product&#038;p=2117"},"modified":"2024-09-24T06:42:23","modified_gmt":"2024-09-24T06:42:23","slug":"nfc-wet-inlay-ntag213216","status":"publish","type":"product","link":"https:\/\/nfc-readers.com\/es\/ic-reader\/nfc-wet-inlay-ntag213216\/","title":{"rendered":"Incrustaci\u00f3n NFC seca\/h\u00fameda NTAG213 215 216"},"content":{"rendered":"<h1>Incrustaci\u00f3n NFC seca\/h\u00fameda NTAG213 215 216<\/h1>\n<table width=\"504\">\n<tbody>\n<tr style=\"font-style: inherit; font-weight: inherit;\">\n<td style=\"font-style: inherit;\" width=\"149\">\n<p data-spm-anchor-id=\"a2700.details.0.i60.4f6d26e9ifeROs\">Producto<\/p>\n<\/td>\n<td style=\"font-style: inherit;\" width=\"355\">Suministro de f\u00e1brica, etiquetas adhesivas rfid de 13,56 mhz, incrustaci\u00f3n seca\/h\u00fameda NFC NTAG213 215 216<\/td>\n<\/tr>\n<tr style=\"font-style: inherit; font-weight: inherit;\">\n<td style=\"font-style: inherit;\" width=\"149\">Material de la antena<\/td>\n<td style=\"font-style: inherit;\" width=\"355\">Aluminio Al (30\u03bcm) + PET (38\u03bcm) + Puente de Al (10\u03bcm)<\/td>\n<\/tr>\n<tr style=\"font-style: inherit; font-weight: inherit;\">\n<td style=\"font-style: inherit;\" width=\"149\">\n<p data-spm-anchor-id=\"a2700.details.0.i59.4f6d26e9ifeROs\">Forma de antena<\/p>\n<\/td>\n<td style=\"font-style: inherit;\" width=\"355\">Redondo o cuadrado<\/td>\n<\/tr>\n<tr style=\"font-style: inherit; font-weight: inherit;\">\n<td style=\"font-style: inherit;\" width=\"149\">Espesor<\/td>\n<td style=\"font-style: inherit;\" width=\"355\">0,07 mm (ubicaci\u00f3n del chip: 0,23 mm)<\/td>\n<\/tr>\n<tr style=\"font-style: inherit; font-weight: inherit;\">\n<td style=\"font-style: inherit;\" width=\"149\">Frecuencia<\/td>\n<td style=\"font-style: inherit;\" width=\"355\">13,56MHz<\/td>\n<\/tr>\n<tr style=\"font-style: inherit; font-weight: inherit;\">\n<td style=\"font-style: inherit;\" width=\"149\">Incrustaci\u00f3n seca<\/td>\n<td style=\"font-style: inherit;\" width=\"355\">12*18 mm, 14,5*14,5 mm, 76*45 mm, di\u00e1metro 20 mm, 40 mm, etc.<\/td>\n<\/tr>\n<tr style=\"font-style: inherit; font-weight: inherit;\">\n<td style=\"font-style: inherit;\" width=\"149\">Temperatura de trabajo<\/td>\n<td style=\"font-style: inherit;\" width=\"355\">-20 \u2103 a +60 \u2103<\/td>\n<\/tr>\n<tr style=\"font-style: inherit; font-weight: inherit;\">\n<td style=\"font-style: inherit;\" width=\"149\">Temperatura de almacenamiento<\/td>\n<td style=\"font-style: inherit;\" width=\"355\">-25 \u2103 a +65 \u2103<\/td>\n<\/tr>\n<tr style=\"font-style: inherit; font-weight: inherit;\">\n<td style=\"font-style: inherit;\" width=\"149\">La vida laboral<\/td>\n<td style=\"font-style: inherit;\" width=\"355\">100000 veces \/ 10 a\u00f1os<\/td>\n<\/tr>\n<tr style=\"font-style: inherit; font-weight: inherit;\">\n<td style=\"font-style: inherit;\" width=\"149\">Rango de lectura nominal<\/td>\n<td style=\"font-style: inherit;\" width=\"355\">2~6 cm dependiendo de la geometr\u00eda de la antena y la configuraci\u00f3n del lector<\/td>\n<\/tr>\n<tr style=\"font-style: inherit; font-weight: inherit;\">\n<td style=\"font-style: inherit;\" width=\"149\">Solicitud<\/td>\n<td width=\"355\">Identificaci\u00f3n, Tarjeta, Log\u00edstica, Biblioteca, Gesti\u00f3n de activos, Pago, Acceso<\/td>\n<\/tr>\n<\/tbody>\n<\/table>\n<p>&nbsp;<\/p>\n<p><span style=\"font-size: medium;\"><b>\u00bfPara qu\u00e9 dosis se utiliza la incrustaci\u00f3n RFID?<\/b><\/span><\/p>\n<p><span style=\"color: #0000ff;\">\u2606<\/span>\u00a0 Primero debemos descubrir qu\u00e9 es la incrustaci\u00f3n seca RFID. Inlay seco RFID compuesto por 3 partes: Aluminio, chipset y PET. La incrustaci\u00f3n seca RFID es una RFID semiacabada, puede ser HF o UHF y puede ser le\u00edda por el lector. Cada incrustaci\u00f3n seca RFID tiene su propio n\u00famero de identificaci\u00f3n \u00fanico.<\/p>\n<p><span style=\"color: #0000ff;\">\u2606<\/span>\u00a0 La incrustaci\u00f3n seca RFID se puede utilizar en tarjetas, pegatinas, alojamiento inteligente en el hogar, etc.<br \/>\n<span style=\"color: #0000ff;\">\u2606\u00a0<\/span>\u00a0Aplicaciones reales como control de acceso, gesti\u00f3n de activos, gesti\u00f3n de asistencia, sistema de identificaci\u00f3n de animales, sistema de estacionamiento, gesti\u00f3n de log\u00edstica, automatizaci\u00f3n industrial, supermercados, gesti\u00f3n de tiendas, sistema de seguridad, gesti\u00f3n de instituciones m\u00e9dicas, etc.<\/p>\n<p><img loading=\"lazy\" decoding=\"async\" class=\"alignnone wp-image-2119\" src=\"https:\/\/nfc-readers.com\/wp-content\/uploads\/2024\/04\/HTB1wkZ8X6DuK1Rjy1zjq6zraFXae-300x164.jpg\" alt=\"\" width=\"561\" height=\"307\" srcset=\"https:\/\/nfc-readers.com\/wp-content\/uploads\/2024\/04\/HTB1wkZ8X6DuK1Rjy1zjq6zraFXae-300x164.jpg 300w, https:\/\/nfc-readers.com\/wp-content\/uploads\/2024\/04\/HTB1wkZ8X6DuK1Rjy1zjq6zraFXae-600x329.jpg 600w, https:\/\/nfc-readers.com\/wp-content\/uploads\/2024\/04\/HTB1wkZ8X6DuK1Rjy1zjq6zraFXae.jpg 730w\" sizes=\"auto, (max-width: 561px) 100vw, 561px\" \/><\/p>\n<p><img loading=\"lazy\" decoding=\"async\" class=\"alignnone wp-image-2120\" src=\"https:\/\/nfc-readers.com\/wp-content\/uploads\/2024\/04\/HTB1IBVIDTtYBeNjy1Xdq6xXyVXaq-300x300.jpg\" alt=\"\" width=\"561\" height=\"561\" srcset=\"https:\/\/nfc-readers.com\/wp-content\/uploads\/2024\/04\/HTB1IBVIDTtYBeNjy1Xdq6xXyVXaq-300x300.jpg 300w, https:\/\/nfc-readers.com\/wp-content\/uploads\/2024\/04\/HTB1IBVIDTtYBeNjy1Xdq6xXyVXaq-150x150.jpg 150w, https:\/\/nfc-readers.com\/wp-content\/uploads\/2024\/04\/HTB1IBVIDTtYBeNjy1Xdq6xXyVXaq-600x600.jpg 600w, https:\/\/nfc-readers.com\/wp-content\/uploads\/2024\/04\/HTB1IBVIDTtYBeNjy1Xdq6xXyVXaq-100x100.jpg 100w, https:\/\/nfc-readers.com\/wp-content\/uploads\/2024\/04\/HTB1IBVIDTtYBeNjy1Xdq6xXyVXaq.jpg 750w\" sizes=\"auto, (max-width: 561px) 100vw, 561px\" \/><\/p>","protected":false},"excerpt":{"rendered":"<p>Las incrustaciones secas\/h\u00famedas NFC NTAG213 cuentan con un chip NFC para aplicaciones vers\u00e1tiles, con incrustaciones secas que tienen estructuras solo adhesivas e incrustaciones h\u00famedas que ofrecen protecci\u00f3n adicional.<\/p>","protected":false},"featured_media":2122,"template":"","meta":[],"product_brand":[],"product_cat":[48],"product_tag":[],"class_list":{"0":"post-2117","1":"product","2":"type-product","3":"status-publish","4":"has-post-thumbnail","6":"product_cat-nfc-stickers","8":"first","9":"instock","10":"shipping-taxable","11":"product-type-simple"},"_links":{"self":[{"href":"https:\/\/nfc-readers.com\/es\/wp-json\/wp\/v2\/product\/2117","targetHints":{"allow":["GET"]}}],"collection":[{"href":"https:\/\/nfc-readers.com\/es\/wp-json\/wp\/v2\/product"}],"about":[{"href":"https:\/\/nfc-readers.com\/es\/wp-json\/wp\/v2\/types\/product"}],"wp:featuredmedia":[{"embeddable":true,"href":"https:\/\/nfc-readers.com\/es\/wp-json\/wp\/v2\/media\/2122"}],"wp:attachment":[{"href":"https:\/\/nfc-readers.com\/es\/wp-json\/wp\/v2\/media?parent=2117"}],"wp:term":[{"taxonomy":"product_brand","embeddable":true,"href":"https:\/\/nfc-readers.com\/es\/wp-json\/wp\/v2\/product_brand?post=2117"},{"taxonomy":"product_cat","embeddable":true,"href":"https:\/\/nfc-readers.com\/es\/wp-json\/wp\/v2\/product_cat?post=2117"},{"taxonomy":"product_tag","embeddable":true,"href":"https:\/\/nfc-readers.com\/es\/wp-json\/wp\/v2\/product_tag?post=2117"}],"curies":[{"name":"wp","href":"https:\/\/api.w.org\/{rel}","templated":true}]}}