{"id":2133,"date":"2024-04-22T03:16:50","date_gmt":"2024-04-22T03:16:50","guid":{"rendered":"https:\/\/nfc-readers.com\/?post_type=product&#038;p=2133"},"modified":"2024-09-24T06:04:13","modified_gmt":"2024-09-24T06:04:13","slug":"silicone-rfid-nfc-wristbands","status":"publish","type":"product","link":"https:\/\/nfc-readers.com\/es\/ic-reader\/silicone-rfid-nfc-wristbands\/","title":{"rendered":"Pulseras RFID NFC de silicona"},"content":{"rendered":"<table width=\"476\">\n<tbody>\n<tr style=\"font-style: inherit; font-weight: inherit;\">\n<td style=\"font-style: inherit;\" width=\"187\"><span style=\"font-style: inherit; font-weight: inherit;\" data-spm-anchor-id=\"a2700.details.0.i62.23d334f5zYksZe\">Producto<\/span><\/td>\n<td style=\"font-style: inherit;\" width=\"289\"><span style=\"font-style: inherit; font-weight: inherit;\">\u00a0pulsera de silicona rfid\u00a0<\/span><\/td>\n<\/tr>\n<tr style=\"font-style: inherit; font-weight: inherit;\">\n<td style=\"font-style: inherit;\" width=\"187\"><span style=\"font-style: inherit; font-weight: inherit;\">\u00a0Material\u00a0<\/span><\/td>\n<td style=\"font-style: inherit;\" width=\"289\"><span style=\"font-style: inherit; font-weight: inherit;\">\u00a0Silicona<\/span><\/td>\n<\/tr>\n<tr style=\"font-style: inherit; font-weight: inherit;\">\n<td style=\"font-style: inherit;\" width=\"187\"><span style=\"font-style: inherit; font-weight: inherit;\">\u00a0Tama\u00f1o<\/span><\/td>\n<td style=\"font-style: inherit;\" width=\"289\"><span style=\"font-style: inherit; font-weight: inherit;\">\u00a0Personalizado<\/span><\/td>\n<\/tr>\n<tr style=\"font-style: inherit; font-weight: inherit;\">\n<td style=\"font-style: inherit;\" width=\"187\"><span style=\"font-style: inherit; font-weight: inherit;\">\u00a0Color<\/span><\/td>\n<td style=\"font-style: inherit;\" width=\"289\"><span style=\"font-style: inherit; font-weight: inherit;\">\u00a0Azul\/rojo\/negro\/blanco\/amarillo\/gris\/verde\/rosa, etc., o personalizado<\/span><\/td>\n<\/tr>\n<tr style=\"font-style: inherit; font-weight: inherit;\">\n<td style=\"font-style: inherit;\" width=\"187\"><span style=\"font-style: inherit; font-weight: inherit;\">\u00a0Protocolo<\/span><\/td>\n<td width=\"289\"><span style=\"font-style: inherit; font-weight: inherit;\">\u00a0ISO14443A,ISO15693<\/span><\/td>\n<\/tr>\n<tr style=\"font-style: inherit; font-weight: inherit;\">\n<td style=\"font-style: inherit;\" width=\"187\"><span style=\"font-style: inherit; font-weight: inherit;\">\u00a0Chip HF (13,56 MHz)\u00a0<\/span><\/td>\n<td style=\"font-style: inherit;\" width=\"289\"><span style=\"font-style: inherit; font-weight: inherit;\">\u00a0FM11RF08, S50, S70, M1K, etiqueta nfc213\/216, etc.<\/span><\/td>\n<\/tr>\n<tr style=\"font-style: inherit; font-weight: inherit;\">\n<td style=\"font-style: inherit;\" rowspan=\"4\" width=\"187\"><span style=\"font-style: inherit; font-weight: inherit;\">\u00a0Artesan\u00eda<\/span><\/td>\n<td style=\"font-style: inherit;\" width=\"289\"><span style=\"font-style: inherit; font-weight: inherit;\">\u00a0Personalizar la impresi\u00f3n<\/span><\/td>\n<\/tr>\n<tr>\n<td width=\"289\"><span style=\"font-style: inherit; font-weight: inherit;\">\u00a0Servicio de codificaci\u00f3n disponible<\/span><\/td>\n<\/tr>\n<tr>\n<td width=\"289\">\u00a0L\u00e1ser\/impresi\u00f3n UID o n\u00famero de serie en la tarjeta<\/td>\n<\/tr>\n<tr>\n<td width=\"289\">\u00a0El UID y el n\u00famero de serie se pueden proporcionar en formato Excel.<\/td>\n<\/tr>\n<tr style=\"font-style: inherit; font-weight: inherit;\">\n<td style=\"font-style: inherit;\" width=\"187\"><span style=\"font-style: inherit; font-weight: inherit;\">\u00a0Caracter\u00edsticas<\/span><\/td>\n<td style=\"font-style: inherit;\" width=\"289\"><span style=\"font-style: inherit; font-weight: inherit;\">\u00a0F\u00e1cil de llevar y usar, alto rendimiento, bajo costo, ecol\u00f3gico, no t\u00f3xico<\/span><\/td>\n<\/tr>\n<tr style=\"font-style: inherit; font-weight: inherit;\">\n<td style=\"font-style: inherit;\" width=\"187\"><span style=\"font-style: inherit; font-weight: inherit;\">\u00a0Solicitud\u00a0<\/span><\/td>\n<td style=\"font-style: inherit;\" width=\"289\"><span style=\"font-style: inherit; font-weight: inherit;\">\u00a0Ampliamente aplicado en fiestas, eventos deportivos, gimnasios, restaurantes, maratones, etc., como control de acceso y pago.<\/span><\/td>\n<\/tr>\n<\/tbody>\n<\/table>\n<div>Pulseras RFID de silicona<\/div>\n<div><\/div>\n<div>PULSERAS RFID PARA PARQUES DE RV Y CAMPING Comodidad segura. Utilice pulseras RFID en su parque de casas rodantes o campamentos para permitir un control de acceso seguro a diferentes \u00e1reas de su sitio y crear una propiedad sin efectivo donde todo se maneja con un toque. Compras sin efectivo.<\/div>\n<div><\/div>\n<div>Pulseras RFID para Centros de Entretenimiento Familiar. Utilice nuestras pulseras RFID para transacciones seguras de d\u00e9bito, NFC y POS en centros de entretenimiento familiar, salas recreativas, casinos y centros de juego.<\/div>\n<div><\/div>\n<div>Para cualquier aplicaci\u00f3n. Implemente nuestras pulseras RFID de silicona impermeables en cualquier lugar: el gimnasio, la piscina, el spa, el parque acu\u00e1tico o el hotel. Paga alimentos, servicios y amenidades con un toque en nuestro sistema o en tu terminal POS. Las pulseras RFID de silicona tambi\u00e9n son adecuadas para aplicaciones de control de acceso RFID, bloqueo y monitoreo de personal en su edificio, oficina, laboratorio o almac\u00e9n.<\/div>\n<div><\/div>\n<div><img loading=\"lazy\" decoding=\"async\" class=\"alignnone wp-image-2134\" src=\"https:\/\/nfc-readers.com\/wp-content\/uploads\/2024\/04\/H41cec2b20d6746e4bf71ea249b81ff01N-300x246.jpg\" alt=\"\" width=\"525\" height=\"431\" srcset=\"https:\/\/nfc-readers.com\/wp-content\/uploads\/2024\/04\/H41cec2b20d6746e4bf71ea249b81ff01N-300x246.jpg 300w, https:\/\/nfc-readers.com\/wp-content\/uploads\/2024\/04\/H41cec2b20d6746e4bf71ea249b81ff01N-1024x839.jpg 1024w, https:\/\/nfc-readers.com\/wp-content\/uploads\/2024\/04\/H41cec2b20d6746e4bf71ea249b81ff01N-768x629.jpg 768w, https:\/\/nfc-readers.com\/wp-content\/uploads\/2024\/04\/H41cec2b20d6746e4bf71ea249b81ff01N-1536x1258.jpg 1536w, https:\/\/nfc-readers.com\/wp-content\/uploads\/2024\/04\/H41cec2b20d6746e4bf71ea249b81ff01N-2048x1678.jpg 2048w, https:\/\/nfc-readers.com\/wp-content\/uploads\/2024\/04\/H41cec2b20d6746e4bf71ea249b81ff01N-600x491.jpg 600w\" sizes=\"auto, (max-width: 525px) 100vw, 525px\" \/><\/div>\n<div><img loading=\"lazy\" decoding=\"async\" class=\"alignnone wp-image-2135\" src=\"https:\/\/nfc-readers.com\/wp-content\/uploads\/2024\/04\/HTB1OdAhDr9YBuNjy0Fgq6AxcXXaH-300x300.jpg\" alt=\"\" width=\"527\" height=\"527\" srcset=\"https:\/\/nfc-readers.com\/wp-content\/uploads\/2024\/04\/HTB1OdAhDr9YBuNjy0Fgq6AxcXXaH-300x300.jpg 300w, https:\/\/nfc-readers.com\/wp-content\/uploads\/2024\/04\/HTB1OdAhDr9YBuNjy0Fgq6AxcXXaH-150x150.jpg 150w, https:\/\/nfc-readers.com\/wp-content\/uploads\/2024\/04\/HTB1OdAhDr9YBuNjy0Fgq6AxcXXaH-600x600.jpg 600w, https:\/\/nfc-readers.com\/wp-content\/uploads\/2024\/04\/HTB1OdAhDr9YBuNjy0Fgq6AxcXXaH-100x100.jpg 100w, https:\/\/nfc-readers.com\/wp-content\/uploads\/2024\/04\/HTB1OdAhDr9YBuNjy0Fgq6AxcXXaH.jpg 750w\" sizes=\"auto, (max-width: 527px) 100vw, 527px\" \/><\/div>\n<div><\/div>\n<div>\n<p>PREGUNTAS M\u00c1S FRECUENTES:<\/p>\n<p><strong>1. \u00bfPUEDE OFRECERNOS ALGUNAS MUESTRAS?<\/strong><\/p>\n<p>Una vez que sepamos claramente qu\u00e9 productos necesita, podremos ofrecerle una muestra similar existente para su referencia.<\/p>\n<p>Muestra gratis con el costo de env\u00edo que usted pag\u00f3.<\/p>\n<p>Si necesita una muestra de etiqueta personalizada seg\u00fan su dise\u00f1o y requisitos, se cobrar\u00e1 un costo de muestra razonable en consecuencia.<\/p>\n<p>&nbsp;<\/p>\n<p><strong>2. NO SOMOS COMPRADORES EXPERTOS EN SU TECNOLOG\u00cdA, \u00bfQU\u00c9 INFORMACI\u00d3N NECESITA DE NOSOTROS PARA COTIZAR?<\/strong><\/p>\n<p>Estimado amigo, inf\u00f3rmenos claramente la aplicaci\u00f3n de la etiqueta, qu\u00e9 objetivo desea lograr.<\/p>\n<p>Le propondremos el producto adecuado a buen precio.<\/p>\n<p>&nbsp;<\/p>\n<p><strong>3. \u00bfPODEMOS VISITAR SU F\u00c1BRICA?<\/strong><\/p>\n<p>S\u00ed, le damos una calurosa bienvenida a su visita a la f\u00e1brica. Y es un honor ser su gu\u00eda en su viaje a China.<\/p>\n<p>&nbsp;<\/p>\n<\/div>\n<p>&nbsp;<\/p>","protected":false},"excerpt":{"rendered":"<p>Las pulseras RFID de silicona con tecnolog\u00eda de chip NFC permiten una identificaci\u00f3n sin contacto para la emisi\u00f3n de entradas, el control de acceso y la gesti\u00f3n de eventos de manera eficiente.<\/p>","protected":false},"featured_media":2136,"template":"","meta":[],"product_brand":[],"product_cat":[50],"product_tag":[],"class_list":{"0":"post-2133","1":"product","2":"type-product","3":"status-publish","4":"has-post-thumbnail","6":"product_cat-silicone-rfid-nfc-wristbands","8":"first","9":"instock","10":"shipping-taxable","11":"product-type-simple"},"_links":{"self":[{"href":"https:\/\/nfc-readers.com\/es\/wp-json\/wp\/v2\/product\/2133","targetHints":{"allow":["GET"]}}],"collection":[{"href":"https:\/\/nfc-readers.com\/es\/wp-json\/wp\/v2\/product"}],"about":[{"href":"https:\/\/nfc-readers.com\/es\/wp-json\/wp\/v2\/types\/product"}],"wp:featuredmedia":[{"embeddable":true,"href":"https:\/\/nfc-readers.com\/es\/wp-json\/wp\/v2\/media\/2136"}],"wp:attachment":[{"href":"https:\/\/nfc-readers.com\/es\/wp-json\/wp\/v2\/media?parent=2133"}],"wp:term":[{"taxonomy":"product_brand","embeddable":true,"href":"https:\/\/nfc-readers.com\/es\/wp-json\/wp\/v2\/product_brand?post=2133"},{"taxonomy":"product_cat","embeddable":true,"href":"https:\/\/nfc-readers.com\/es\/wp-json\/wp\/v2\/product_cat?post=2133"},{"taxonomy":"product_tag","embeddable":true,"href":"https:\/\/nfc-readers.com\/es\/wp-json\/wp\/v2\/product_tag?post=2133"}],"curies":[{"name":"wp","href":"https:\/\/api.w.org\/{rel}","templated":true}]}}