{"id":2144,"date":"2024-04-22T03:53:51","date_gmt":"2024-04-22T03:53:51","guid":{"rendered":"https:\/\/nfc-readers.com\/?post_type=product&#038;p=2144"},"modified":"2024-09-24T06:02:28","modified_gmt":"2024-09-24T06:02:28","slug":"nfc-smart-ring","status":"publish","type":"product","link":"https:\/\/nfc-readers.com\/es\/ic-reader\/nfc-smart-ring\/","title":{"rendered":"Anillo inteligente NFC"},"content":{"rendered":"<table width=\"443\">\n<tbody>\n<tr style=\"font-style: inherit; font-weight: inherit;\">\n<td style=\"font-style: inherit;\" width=\"152\">nombre del producto<\/td>\n<td style=\"font-style: inherit;\" width=\"291\">Anillo NFC<\/td>\n<\/tr>\n<tr style=\"font-style: inherit; font-weight: inherit;\">\n<td style=\"font-style: inherit;\" width=\"152\">Material<\/td>\n<td style=\"font-style: inherit;\" width=\"291\">Cer\u00e1mica de circonio del cuerpo principal, resina epoxi de superficie.<\/td>\n<\/tr>\n<tr style=\"font-style: inherit; font-weight: inherit;\">\n<td style=\"font-style: inherit;\" width=\"152\">Di\u00e1metro interior del anillo<\/td>\n<td style=\"font-style: inherit;\" width=\"291\">16 mm, 17 mm, 18 mm, 19 mm, 20 mm, 21 mm, 22 mm, 23 mm<\/td>\n<\/tr>\n<tr style=\"font-style: inherit; font-weight: inherit;\">\n<td style=\"font-style: inherit;\" width=\"152\">Chip<\/td>\n<td style=\"font-style: inherit;\" width=\"291\">NFC 215 213 216, IC (UID), identificaci\u00f3n (EM4305)<\/td>\n<\/tr>\n<tr style=\"font-style: inherit; font-weight: inherit;\">\n<td style=\"font-style: inherit;\" width=\"152\">Protocolo<\/td>\n<td style=\"font-style: inherit;\" width=\"291\">Foro NFC tipo 2 ISO14443A<\/td>\n<\/tr>\n<tr style=\"font-style: inherit; font-weight: inherit;\">\n<td style=\"font-style: inherit;\" width=\"152\">Frecuencia<\/td>\n<td style=\"font-style: inherit;\" width=\"291\">13,56MHz<\/td>\n<\/tr>\n<tr style=\"font-style: inherit; font-weight: inherit;\">\n<td style=\"font-style: inherit;\" width=\"152\">Direcci\u00f3n de detecci\u00f3n<\/td>\n<td style=\"font-style: inherit;\" width=\"291\">Detecci\u00f3n omnidireccional<\/td>\n<\/tr>\n<tr style=\"font-style: inherit; font-weight: inherit;\">\n<td style=\"font-style: inherit;\" width=\"152\">Distancia de detecci\u00f3n<\/td>\n<td style=\"font-style: inherit;\" width=\"291\">0-10 cm (Depende del lector)<\/td>\n<\/tr>\n<tr style=\"font-style: inherit; font-weight: inherit;\">\n<td style=\"font-style: inherit;\" width=\"152\">Paquete<\/td>\n<td style=\"font-style: inherit;\" width=\"291\">Anillo NFC + manual<\/td>\n<\/tr>\n<\/tbody>\n<\/table>\n<p>&nbsp;<\/p>\n<p>Caracter\u00edstica:<br \/>\nEl anillo inteligente es un componente de dispositivo port\u00e1til, ejecuta funciones m\u00e1gicas en el tel\u00e9fono m\u00f3vil, opera la funci\u00f3n m\u00f3vil y comparte los datos mediante la tecnolog\u00eda de comunicaci\u00f3n de frecuencia inal\u00e1mbrica NFC, las funciones del dise\u00f1o avanzado son las siguientes: bloqueo de aplicaciones, ejecuci\u00f3n autom\u00e1tica, ocultaci\u00f3n de aplicaciones, Compartir tarjeta de presentaci\u00f3n, Compartir enlace de Internet, Compartir el texto y Compartir archivo en l\u00ednea. La forma del producto est\u00e1 dise\u00f1ada de acuerdo con los elementos populares internacionales, creados con titanio m\u00e9dico puro, sin necesidad de carga, alta impermeabilidad y adecuado para cualquier persona en cualquier momento.<\/p>\n<p>&nbsp;<\/p>\n<p><iframe loading=\"lazy\" title=\"Anillo NFC\" width=\"1020\" height=\"574\" src=\"https:\/\/www.youtube.com\/embed\/rflL5fkvj6c?feature=oembed\" frameborder=\"0\" allow=\"accelerometer; autoplay; clipboard-write; encrypted-media; gyroscope; picture-in-picture; web-share\" referrerpolicy=\"strict-origin-when-cross-origin\" allowfullscreen><\/iframe><\/p>\n<p>&nbsp;<\/p>\n<p><span class=\"magic-26\"><b data-spm-anchor-id=\"a2700.details.0.i59.2acc580aDAbgjP\">A) \u00bfC\u00f3mo puedo obtener una muestra? <\/b><\/span><\/p>\n<div><span class=\"magic-26\">Antes de recibir el primer pedido, pague el costo de la muestra y la tarifa expr\u00e9s. devolveremos el<br \/>\nLe devolveremos el costo de la muestra dentro de su primer pedido. <\/span><\/div>\n<div><\/div>\n<div><\/div>\n<div><\/div>\n<div><span class=\"magic-26\"><b>B) \u00bfPodr\u00eda incluir nuestra marca en sus productos?<\/b><\/span><\/div>\n<div><span class=\"magic-26\">S\u00ed. Podemos imprimir su logotipo tanto en los productos como en los paquetes si puede cumplir con nuestro MOQ. <\/span><\/div>\n<div><span class=\"magic-26\">\u00a0<\/span><\/div>\n<div><span class=\"magic-26\"><b>C) \u00bfPodr\u00eda fabricar sus productos con nuestro color? <\/b><\/span><\/div>\n<div><span class=\"magic-26\">S\u00ed, el color de los productos se puede personalizar si cumple con nuestro MOQ. <\/span><\/div>\n<div><span class=\"magic-26\">\u00a0<\/span><\/div>\n<div><span class=\"magic-26\"><b>D) \u00bfC\u00f3mo garantizar la calidad de sus productos? <\/b><\/span><\/div>\n<div><span class=\"magic-26\" data-spm-anchor-id=\"a2700.details.0.i60.2acc580aDAbgjP\">1) Detecci\u00f3n estricta durante la producci\u00f3n. <\/span><\/div>\n<div><span class=\"magic-26\">2) La estricta inspecci\u00f3n por muestreo de los productos antes del env\u00edo y el embalaje intacto del producto garantizan<\/span><\/div>","protected":false},"excerpt":{"rendered":"<p>El anillo inteligente NFC, con un chip NFC y tecnolog\u00eda RFID de 13,56 M, ofrece una forma elegante de interactuar de forma inal\u00e1mbrica con tel\u00e9fonos inteligentes y sistemas de acceso.<\/p>","protected":false},"featured_media":2145,"template":"","meta":[],"product_brand":[],"product_cat":[52],"product_tag":[],"class_list":{"0":"post-2144","1":"product","2":"type-product","3":"status-publish","4":"has-post-thumbnail","6":"product_cat-nfc-smart-ring","8":"first","9":"instock","10":"shipping-taxable","11":"product-type-simple"},"_links":{"self":[{"href":"https:\/\/nfc-readers.com\/es\/wp-json\/wp\/v2\/product\/2144","targetHints":{"allow":["GET"]}}],"collection":[{"href":"https:\/\/nfc-readers.com\/es\/wp-json\/wp\/v2\/product"}],"about":[{"href":"https:\/\/nfc-readers.com\/es\/wp-json\/wp\/v2\/types\/product"}],"wp:featuredmedia":[{"embeddable":true,"href":"https:\/\/nfc-readers.com\/es\/wp-json\/wp\/v2\/media\/2145"}],"wp:attachment":[{"href":"https:\/\/nfc-readers.com\/es\/wp-json\/wp\/v2\/media?parent=2144"}],"wp:term":[{"taxonomy":"product_brand","embeddable":true,"href":"https:\/\/nfc-readers.com\/es\/wp-json\/wp\/v2\/product_brand?post=2144"},{"taxonomy":"product_cat","embeddable":true,"href":"https:\/\/nfc-readers.com\/es\/wp-json\/wp\/v2\/product_cat?post=2144"},{"taxonomy":"product_tag","embeddable":true,"href":"https:\/\/nfc-readers.com\/es\/wp-json\/wp\/v2\/product_tag?post=2144"}],"curies":[{"name":"wp","href":"https:\/\/api.w.org\/{rel}","templated":true}]}}