{"id":2249,"date":"2024-04-26T07:56:44","date_gmt":"2024-04-26T07:56:44","guid":{"rendered":"https:\/\/nfc-readers.com\/?post_type=product&#038;p=2249"},"modified":"2024-09-24T06:00:37","modified_gmt":"2024-09-24T06:00:37","slug":"contactless-acr1281u-c2-uid-card-reader","status":"publish","type":"product","link":"https:\/\/nfc-readers.com\/es\/ic-reader\/contactless-acr1281u-c2-uid-card-reader\/","title":{"rendered":"Lector de tarjetas UID ACR1281U-C2"},"content":{"rendered":"<h1>Lector de tarjetas UID ACR1281U-C2<\/h1>\n<p>El lector UID de tarjetas ACR1281U-C2 es una soluci\u00f3n ideal para una integraci\u00f3n sencilla en entornos de PC, sin las molestias de la instalaci\u00f3n de controladores (Pos. No se requiere unidad) y est\u00e1 dise\u00f1ado para funcionar de manera eficiente en m\u00faltiples sistemas. Junto con su capacidad para leer la tarjeta de lejos, su dise\u00f1o centrado en el usuario y su construcci\u00f3n duradera, ofrece una operaci\u00f3n confiable, r\u00e1pida y f\u00e1cil de usar, muy adecuada para diversas aplicaciones donde la identificaci\u00f3n r\u00e1pida y segura es primordial.<\/p>\n<ul>\n<li>\n<h2>Interfaz USB 2.0 de velocidad completa<\/h2>\n<\/li>\n<li>\n<h2>Clase de teclado USB HID<\/h2>\n<\/li>\n<li>\n<h2>Soporte para tarjetas sin contacto:<\/h2>\n<ul>\n<li>\n<h3>Velocidad de lectura\/escritura de hasta 848 kbps<\/h3>\n<\/li>\n<li>\n<h3>Antena incorporada para acceso a etiquetas sin contacto, con distancia de lectura de tarjetas de hasta 50 mm (seg\u00fan el tipo de etiqueta)<\/h3>\n<\/li>\n<li>\n<h3>Admite tarjetas ISO 14443 Parte 4 Tipo A y B y series MIFARE\u00ae<\/h3>\n<\/li>\n<li>\n<h3>Funci\u00f3n anticolisi\u00f3n incorporada (solo se accede a una etiqueta en cualquier momento)<\/h3>\n<\/li>\n<\/ul>\n<\/li>\n<li>\n<h2>Capacidad de actualizaci\u00f3n del firmware USB<\/h2>\n<\/li>\n<li>\n<table width=\"498\">\n<tbody>\n<tr>\n<td colspan=\"2\" width=\"498\">Caracter\u00edsticas f\u00edsicas<\/td>\n<\/tr>\n<tr>\n<td width=\"209\">Dimensiones (mm)<\/td>\n<td width=\"289\">120,5 mm (largo) x 72,0 mm (ancho) x 20,4 mm (alto)<\/td>\n<\/tr>\n<tr>\n<td width=\"209\">Peso (gramos)<\/td>\n<td width=\"289\">140 gramos<\/td>\n<\/tr>\n<tr>\n<td colspan=\"2\" width=\"498\">Interfaz USB<\/td>\n<\/tr>\n<tr>\n<td width=\"209\">Protocolo<\/td>\n<td width=\"289\">Clase de teclado USB HID<\/td>\n<\/tr>\n<tr>\n<td width=\"209\">tipo de conector<\/td>\n<td width=\"289\">Est\u00e1ndar tipo A<\/td>\n<\/tr>\n<tr>\n<td width=\"209\">Fuente de alimentaci\u00f3n<\/td>\n<td width=\"289\">Desde el puerto USB<\/td>\n<\/tr>\n<tr>\n<td width=\"209\">Velocidad<\/td>\n<td width=\"289\">USB de m\u00e1xima velocidad (12 Mbps)<\/td>\n<\/tr>\n<tr>\n<td width=\"209\">Longitud del cable<\/td>\n<td width=\"289\">2,0 m, fijo<\/td>\n<\/tr>\n<tr>\n<td colspan=\"2\" width=\"498\">Interfaz de tarjeta inteligente sin contacto<\/td>\n<\/tr>\n<tr>\n<td width=\"209\">Est\u00e1ndar<\/td>\n<td width=\"289\">ISO 14443 A y B Partes 1-4, MIFARE\u00ae<\/td>\n<\/tr>\n<tr>\n<td rowspan=\"2\" width=\"209\">Protocolo<\/td>\n<td width=\"289\">Tarjeta compatible con ISO 14443-4, T=CL<\/td>\n<\/tr>\n<tr>\n<td width=\"289\">Tarjeta MIFARE\u00ae Cl\u00e1sica, T=CL<\/td>\n<\/tr>\n<tr>\n<td colspan=\"2\" width=\"498\">Perif\u00e9ricos incorporados<\/td>\n<\/tr>\n<tr>\n<td width=\"209\">CONDUJO<\/td>\n<td width=\"289\">2 monocolor: Rojo y Verde<\/td>\n<\/tr>\n<tr>\n<td width=\"209\">Zumbador<\/td>\n<td width=\"289\">Mon\u00f3tono<\/td>\n<\/tr>\n<tr>\n<td colspan=\"2\" width=\"498\">Otras caracter\u00edsticas<\/td>\n<\/tr>\n<tr>\n<td width=\"209\">Actualizaci\u00f3n de firmware<\/td>\n<td width=\"289\">Soportado<\/td>\n<\/tr>\n<tr>\n<td colspan=\"2\" width=\"498\">Certificaciones\/Cumplimiento<\/td>\n<\/tr>\n<tr>\n<td rowspan=\"6\" width=\"209\">Certificaciones\/Cumplimiento<\/td>\n<td width=\"289\">ISO 14443<\/td>\n<\/tr>\n<tr>\n<td width=\"289\">USB de m\u00e1xima velocidad<\/td>\n<\/tr>\n<tr>\n<td width=\"289\">USB HID<\/td>\n<\/tr>\n<tr>\n<td width=\"289\">CE<\/td>\n<\/tr>\n<tr>\n<td width=\"289\">FCC<\/td>\n<\/tr>\n<tr>\n<td width=\"289\">RoHS<\/td>\n<\/tr>\n<tr>\n<td colspan=\"2\" width=\"498\">Soporte del sistema operativo del controlador del dispositivo<\/td>\n<\/tr>\n<tr>\n<td rowspan=\"4\" width=\"209\">Soporte del sistema operativo del controlador del dispositivo<\/td>\n<td width=\"289\">Windows\u00ae<\/td>\n<\/tr>\n<tr>\n<td width=\"289\">Linux\u00ae<\/td>\n<\/tr>\n<tr>\n<td width=\"289\">MACOS\u00ae<\/td>\n<\/tr>\n<tr>\n<td width=\"289\">Android\u2122<\/td>\n<\/tr>\n<\/tbody>\n<\/table>\n<\/li>\n<li><iframe loading=\"lazy\" title=\"Lector UID de tarjetas ACR1281U-C2 - Demostraci\u00f3n (con herramienta de configuraci\u00f3n)\" width=\"1020\" height=\"574\" src=\"https:\/\/www.youtube.com\/embed\/1UjSlask-OY?feature=oembed\" frameborder=\"0\" allow=\"accelerometer; autoplay; clipboard-write; encrypted-media; gyroscope; picture-in-picture; web-share\" referrerpolicy=\"strict-origin-when-cross-origin\" allowfullscreen><\/iframe><\/li>\n<\/ul>","protected":false},"excerpt":{"rendered":"<p>El lector de tarjetas UID ACR1281U-C2 simplifica la configuraci\u00f3n, capturando UID de tarjetas RFID a 13,56 M sin controladores, ideal para verificaci\u00f3n de identidad y control de acceso.<\/p>","protected":false},"featured_media":2250,"template":"","meta":[],"product_brand":[],"product_cat":[45,40],"product_tag":[],"class_list":{"0":"post-2249","1":"product","2":"type-product","3":"status-publish","4":"has-post-thumbnail","6":"product_cat-contactless-nfc-reader","7":"product_cat-rfid-nfc-reader","9":"first","10":"instock","11":"shipping-taxable","12":"product-type-simple"},"_links":{"self":[{"href":"https:\/\/nfc-readers.com\/es\/wp-json\/wp\/v2\/product\/2249","targetHints":{"allow":["GET"]}}],"collection":[{"href":"https:\/\/nfc-readers.com\/es\/wp-json\/wp\/v2\/product"}],"about":[{"href":"https:\/\/nfc-readers.com\/es\/wp-json\/wp\/v2\/types\/product"}],"wp:featuredmedia":[{"embeddable":true,"href":"https:\/\/nfc-readers.com\/es\/wp-json\/wp\/v2\/media\/2250"}],"wp:attachment":[{"href":"https:\/\/nfc-readers.com\/es\/wp-json\/wp\/v2\/media?parent=2249"}],"wp:term":[{"taxonomy":"product_brand","embeddable":true,"href":"https:\/\/nfc-readers.com\/es\/wp-json\/wp\/v2\/product_brand?post=2249"},{"taxonomy":"product_cat","embeddable":true,"href":"https:\/\/nfc-readers.com\/es\/wp-json\/wp\/v2\/product_cat?post=2249"},{"taxonomy":"product_tag","embeddable":true,"href":"https:\/\/nfc-readers.com\/es\/wp-json\/wp\/v2\/product_tag?post=2249"}],"curies":[{"name":"wp","href":"https:\/\/api.w.org\/{rel}","templated":true}]}}