{"id":2262,"date":"2024-04-26T08:49:56","date_gmt":"2024-04-26T08:49:56","guid":{"rendered":"https:\/\/nfc-readers.com\/?post_type=product&#038;p=2262"},"modified":"2024-09-24T03:06:20","modified_gmt":"2024-09-24T03:06:20","slug":"pocketkey-fido-certified-usb-security-key","status":"publish","type":"product","link":"https:\/\/nfc-readers.com\/es\/ic-reader\/pocketkey-fido-certified-usb-security-key\/","title":{"rendered":"Llave de seguridad USB certificada PocketKey FIDO\u00ae"},"content":{"rendered":"<h1>Llave de seguridad USB certificada PocketKey FIDO\u00ae<\/h1>\n<p>PocketKey se afirma como una herramienta convincente en el sector de la seguridad digital, promoviendo un m\u00e9todo de inicio de sesi\u00f3n seguro y sin contrase\u00f1a que es f\u00e1cil de transportar y usar en diferentes plataformas. Su s\u00f3lida autenticaci\u00f3n multifactor, soporte multiplataforma y f\u00e1cil implementaci\u00f3n hacen de PocketKey una opci\u00f3n de primer nivel para usuarios y administraciones que buscan una experiencia de autenticaci\u00f3n fortalecida y eficiente.<\/p>\n<ul>\n<li>\n<h2>\u00a0Certificaciones\/Cumplimientos<\/h2>\n<ul>\n<li>\n<h3>Sistemas\/Est\u00e1ndares:<\/h3>\n<ul>\n<li>\n<h3>FIDO U2F<\/h3>\n<\/li>\n<li>\n<h3>FIDO2 L1<\/h3>\n<\/li>\n<\/ul>\n<\/li>\n<li>\n<h2>Regulatorio\/Ambiental:<\/h2>\n<ul>\n<li>\n<h3>CE<\/h3>\n<\/li>\n<li>\n<h3>Reino Unido<\/h3>\n<\/li>\n<li>\n<h3>FCC<\/h3>\n<\/li>\n<li>\n<h3>RoHS<\/h3>\n<\/li>\n<li>\n<h3>ALCANZAR<\/h3>\n<\/li>\n<\/ul>\n<\/li>\n<\/ul>\n<\/li>\n<li>\n<h2>Soporta los principales navegadores web<\/h2>\n<ul>\n<li>\n<h3>ChromeTM, Safari\u00ae, Microsoft Edge\u00ae y Firefox\u00ae<\/h3>\n<\/li>\n<\/ul>\n<\/li>\n<li>\n<h2>Admite administrador de claves<\/h2>\n<\/li>\n<li>\n<h2>Especificaci\u00f3n criptogr\u00e1fica<\/h2>\n<ul>\n<li>\n<h3>CEC p256<\/h3>\n<\/li>\n<\/ul>\n<\/li>\n<li>\u00a0Perif\u00e9ricos\n<ul>\n<li>Interruptor mec\u00e1nico para validaci\u00f3n de presencia<\/li>\n<li>\n<table width=\"470\">\n<tbody>\n<tr>\n<td colspan=\"2\" width=\"470\">Caracter\u00edsticas f\u00edsicas<\/td>\n<\/tr>\n<tr>\n<td width=\"191\">Dimensiones (mm)<\/td>\n<td width=\"279\">29,0 mm (largo) \u00d7 14,5 mm (ancho) \u00d7 10,5 mm (alto)<\/td>\n<\/tr>\n<tr>\n<td width=\"191\">Peso (gramos)<\/td>\n<td width=\"279\">4,48 gramos \u00b1 0,44 gramos<\/td>\n<\/tr>\n<tr>\n<td colspan=\"2\" width=\"470\">Interfaz USB<\/td>\n<\/tr>\n<tr>\n<td width=\"191\">Protocolo<\/td>\n<td width=\"279\">USB oculto<\/td>\n<\/tr>\n<tr>\n<td width=\"191\">tipo de conector<\/td>\n<td width=\"279\">USB est\u00e1ndar tipo A<\/td>\n<\/tr>\n<tr>\n<td width=\"191\">Fuente de alimentaci\u00f3n<\/td>\n<td width=\"279\">Desde el puerto USB<\/td>\n<\/tr>\n<tr>\n<td width=\"191\">Velocidad<\/td>\n<td width=\"279\">USB 2.0 de m\u00e1xima velocidad (12 Mbps)<\/td>\n<\/tr>\n<tr>\n<td colspan=\"2\" width=\"470\">Interfaz de tarjeta inteligente de contacto<\/td>\n<\/tr>\n<tr>\n<td rowspan=\"6\" width=\"191\">Otros<\/td>\n<td width=\"279\">Corriente de suministro<\/td>\n<\/tr>\n<tr>\n<td width=\"279\">M\u00e1x. 100mA<\/td>\n<\/tr>\n<tr>\n<td width=\"279\">Especificaci\u00f3n criptogr\u00e1fica<\/td>\n<\/tr>\n<tr>\n<td width=\"279\">CEC p256<\/td>\n<\/tr>\n<tr>\n<td width=\"279\">Gestor de claves<\/td>\n<\/tr>\n<tr>\n<td width=\"279\">Apoyo<\/td>\n<\/tr>\n<tr>\n<td colspan=\"2\" width=\"470\">Otras caracter\u00edsticas<\/td>\n<\/tr>\n<tr>\n<td rowspan=\"4\" width=\"191\">Seguridad<\/td>\n<td width=\"279\">Autenticadores:<\/td>\n<\/tr>\n<tr>\n<td width=\"279\">FIDO U2F<\/td>\n<\/tr>\n<tr>\n<td width=\"279\">FIDO2<\/td>\n<\/tr>\n<tr>\n<td width=\"279\">FIDO2 CTAP2.1<\/td>\n<\/tr>\n<tr>\n<td colspan=\"2\" width=\"470\">Certificaciones\/Cumplimiento<\/td>\n<\/tr>\n<tr>\n<td rowspan=\"9\" width=\"191\">Certificaciones\/Cumplimiento<\/td>\n<td width=\"279\">Sistemas\/Est\u00e1ndares:<\/td>\n<\/tr>\n<tr>\n<td width=\"279\">FIDO U2F<\/td>\n<\/tr>\n<tr>\n<td width=\"279\">FIDO2 L1<\/td>\n<\/tr>\n<tr>\n<td width=\"279\">Regulatorio\/Ambiental:<\/td>\n<\/tr>\n<tr>\n<td width=\"279\">CE<\/td>\n<\/tr>\n<tr>\n<td width=\"279\">Reino Unido<\/td>\n<\/tr>\n<tr>\n<td width=\"279\">FCC<\/td>\n<\/tr>\n<tr>\n<td width=\"279\">RoHS<\/td>\n<\/tr>\n<tr>\n<td width=\"279\">ALCANZAR<\/td>\n<\/tr>\n<tr>\n<td colspan=\"2\" width=\"470\">Soporte del sistema operativo del controlador del dispositivo<\/td>\n<\/tr>\n<tr>\n<td rowspan=\"9\" width=\"191\">Soporte del sistema operativo del controlador del dispositivo<\/td>\n<td width=\"279\">Windows\u00ae<\/td>\n<\/tr>\n<tr>\n<td width=\"279\">Linux\u00ae<\/td>\n<\/tr>\n<tr>\n<td width=\"279\">Mac OS<\/td>\n<\/tr>\n<tr>\n<td width=\"279\">Android\u2122<\/td>\n<\/tr>\n<tr>\n<td width=\"279\">Navegadores:<\/td>\n<\/tr>\n<tr>\n<td width=\"279\">Cromo\u2122<\/td>\n<\/tr>\n<tr>\n<td width=\"279\">Safari\u00ae<\/td>\n<\/tr>\n<tr>\n<td width=\"279\">Firefox\u00ae<\/td>\n<\/tr>\n<tr>\n<td width=\"279\">Microsoft Edge\u00ae<\/td>\n<\/tr>\n<\/tbody>\n<\/table>\n<\/li>\n<li>1.\u00a0<a href=\"https:\/\/youtu.be\/fbDyXZaPvQM\" target=\"_blank\" rel=\"noopener\">microsoft<sup>\u00ae<\/sup>\u00a0panorama<sup>MT<\/sup>\u00a0Iniciar sesi\u00f3n Demostraci\u00f3n<\/a><\/li>\n<li><iframe loading=\"lazy\" title=\"PocketKey: Demostraci\u00f3n de inicio de sesi\u00f3n en Microsoft\u00ae OutlookTM con autenticaci\u00f3n sin contrase\u00f1a\" width=\"1020\" height=\"574\" src=\"https:\/\/www.youtube.com\/embed\/fbDyXZaPvQM?feature=oembed\" frameborder=\"0\" allow=\"accelerometer; autoplay; clipboard-write; encrypted-media; gyroscope; picture-in-picture; web-share\" referrerpolicy=\"strict-origin-when-cross-origin\" allowfullscreen><\/iframe><\/li>\n<li>2.\u00a0<a href=\"https:\/\/www.youtube.com\/watch?v=1MTW9mSfv8A\" target=\"_blank\" rel=\"noopener\">\u00a0Google<sup>\u00ae<\/sup>\u00a0Demostraci\u00f3n de inicio de sesi\u00f3n de cuenta<\/a><\/li>\n<li><iframe loading=\"lazy\" title=\"PocketKey: demostraci\u00f3n de inicio de sesi\u00f3n de cuenta de Google\u00ae\" width=\"1020\" height=\"574\" src=\"https:\/\/www.youtube.com\/embed\/1MTW9mSfv8A?feature=oembed\" frameborder=\"0\" allow=\"accelerometer; autoplay; clipboard-write; encrypted-media; gyroscope; picture-in-picture; web-share\" referrerpolicy=\"strict-origin-when-cross-origin\" allowfullscreen><\/iframe><\/li>\n<li>3. \u00a0<a href=\"https:\/\/youtu.be\/Pjeif9S-PMQ\" target=\"_blank\" rel=\"noopener\">ID de apple<sup>\u00ae<\/sup>\u00a0y iCloud<sup>\u00ae<\/sup>\u00a0Demostraci\u00f3n de inicio de sesi\u00f3n<\/a><\/li>\n<li><iframe loading=\"lazy\" title=\"PocketKey: demostraci\u00f3n de inicio de sesi\u00f3n con Apple ID\u00ae y iCloud\u00ae\" width=\"1020\" height=\"574\" src=\"https:\/\/www.youtube.com\/embed\/Pjeif9S-PMQ?feature=oembed\" frameborder=\"0\" allow=\"accelerometer; autoplay; clipboard-write; encrypted-media; gyroscope; picture-in-picture; web-share\" referrerpolicy=\"strict-origin-when-cross-origin\" allowfullscreen><\/iframe><\/li>\n<\/ul>\n<\/li>\n<\/ul>","protected":false},"excerpt":{"rendered":"<p>PocketKey mejora la seguridad digital con autenticaci\u00f3n multifactor, reemplazando los sistemas de contrase\u00f1as obsoletos y admitiendo los protocolos FIDO U2F para un acceso seguro.<\/p>","protected":false},"featured_media":2263,"template":"","meta":[],"product_brand":[],"product_cat":[39,46],"product_tag":[],"class_list":{"0":"post-2262","1":"product","2":"type-product","3":"status-publish","4":"has-post-thumbnail","6":"product_cat-usb-ic-smartcard-reader","7":"product_cat-nfc-cards","9":"first","10":"instock","11":"shipping-taxable","12":"product-type-simple"},"_links":{"self":[{"href":"https:\/\/nfc-readers.com\/es\/wp-json\/wp\/v2\/product\/2262","targetHints":{"allow":["GET"]}}],"collection":[{"href":"https:\/\/nfc-readers.com\/es\/wp-json\/wp\/v2\/product"}],"about":[{"href":"https:\/\/nfc-readers.com\/es\/wp-json\/wp\/v2\/types\/product"}],"wp:featuredmedia":[{"embeddable":true,"href":"https:\/\/nfc-readers.com\/es\/wp-json\/wp\/v2\/media\/2263"}],"wp:attachment":[{"href":"https:\/\/nfc-readers.com\/es\/wp-json\/wp\/v2\/media?parent=2262"}],"wp:term":[{"taxonomy":"product_brand","embeddable":true,"href":"https:\/\/nfc-readers.com\/es\/wp-json\/wp\/v2\/product_brand?post=2262"},{"taxonomy":"product_cat","embeddable":true,"href":"https:\/\/nfc-readers.com\/es\/wp-json\/wp\/v2\/product_cat?post=2262"},{"taxonomy":"product_tag","embeddable":true,"href":"https:\/\/nfc-readers.com\/es\/wp-json\/wp\/v2\/product_tag?post=2262"}],"curies":[{"name":"wp","href":"https:\/\/api.w.org\/{rel}","templated":true}]}}