{"id":2730,"date":"2024-06-07T08:01:07","date_gmt":"2024-06-07T08:01:07","guid":{"rendered":"https:\/\/nfc-readers.com\/?post_type=product&#038;p=2730"},"modified":"2024-09-24T02:54:03","modified_gmt":"2024-09-24T02:54:03","slug":"wallet-mate-nfc-reader-writer-support-apple-pay-and-google-vas","status":"publish","type":"product","link":"https:\/\/nfc-readers.com\/es\/ic-reader\/wallet-mate-nfc-reader-writer-support-apple-pay-and-google-vas\/","title":{"rendered":"Lector y escritor Wallet Mate NFC: compatible con Apple Pay y Google VAS"},"content":{"rendered":"<h1>Lector y escritor Wallet Mate NFC: compatible con Apple Pay y Google VAS<\/h1>\n<div><\/div>\n<div class=\"auto-hide-last-sibling-br paragraph_1252f paragraph-element\"><strong>Lector y escritor de NFC de Wallet Mate<\/strong> Surge como un dispositivo de \u00faltima generaci\u00f3n que integra protocolos VAS y funciones de lector de control de acceso NFC para una interacci\u00f3n mejorada sin tarjetas. Acompa\u00f1ado de un terminal POS con lector NFC, s\u00f3lidas medidas de seguridad y una amplia compatibilidad de aplicaciones, es pionero en un nuevo est\u00e1ndar de comodidad y eficiencia. Su dise\u00f1o y funcionalidad lo convierten en un equipo indispensable para quienes desean aprovechar las ventajas de la tecnolog\u00eda NFC para realizar transacciones seguras, fluidas y r\u00e1pidas.<\/div>\n<div><\/div>\n<h2 class=\"auto-hide-last-sibling-br paragraph_1252f paragraph-element\">Interfaz USB 2.0 de alta velocidad<\/h2>\n<h3 class=\"auto-hide-last-sibling-br paragraph_1252f paragraph-element\"><br class=\"container_e695a wrapper_ad07b undefined\" \/>Cumplimiento de los est\u00e1ndares CCID<br class=\"container_e695a wrapper_ad07b undefined\" \/>Monedero m\u00f3vil y lector de tarjetas inteligentes sin contacto:<br class=\"container_e695a wrapper_ad07b undefined\" \/>Certificado por Apple VAS y Google Smart Tap (Nota: WalletMate solo est\u00e1 certificado para VAS, no para terminales de pago) Velocidades de transferencia de datos que alcanzan los 424 kbps<br class=\"container_e695a wrapper_ad07b undefined\" \/>Antena incorporada para accesibilidad de etiquetas sin contacto, que ofrece una distancia de lectura de tarjeta de hasta 50 mm (seg\u00fan el tipo de etiqueta)<br class=\"container_e695a wrapper_ad07b undefined\" \/>Compatibilidad con tarjetas ISO 14443 Tipo A y B, MIFARE\u00ae, FeliCa y los cuatro tipos de etiquetas NFC (ISO\/IEC 18092)<br class=\"container_e695a wrapper_ad07b undefined\" \/>Compatibilidad con MIFARE\u00ae UID de 7 bytes, MIFARE\u00ae Plus y MIFARE\u00ae DESfire<br class=\"container_e695a wrapper_ad07b undefined\" \/>Funci\u00f3n anticolisi\u00f3n integrada (solo se puede acceder a una \u00fanica etiqueta en un momento dado)<\/h3>\n<h2 class=\"auto-hide-last-sibling-br paragraph_1252f paragraph-element\"><br class=\"container_e695a wrapper_ad07b undefined\" \/>Soporte NFC:<\/h2>\n<h3 class=\"auto-hide-last-sibling-br paragraph_1252f paragraph-element\"><br class=\"container_e695a wrapper_ad07b undefined\" \/>Funcionalidad en modo lector\/escritor<br class=\"container_e695a wrapper_ad07b undefined\" \/>Modo punto a punto<br class=\"container_e695a wrapper_ad07b undefined\" \/>Modo de emulaci\u00f3n de tarjeta<\/h3>\n<h2 class=\"auto-hide-last-sibling-br paragraph_1252f paragraph-element\"><br class=\"container_e695a wrapper_ad07b undefined\" \/>Interfaz de programaci\u00f3n de aplicaciones:<\/h2>\n<h3 class=\"auto-hide-last-sibling-br paragraph_1252f paragraph-element\"><br class=\"container_e695a wrapper_ad07b undefined\" \/>Compatibilidad de Apple VAS y Google Smart Tap API con plataformas Windows y Linux<br class=\"container_e695a wrapper_ad07b undefined\" \/>Soporte para PC\/SC<br class=\"container_e695a wrapper_ad07b undefined\" \/>Soporte para CT-API (facilitado por un contenedor basado en PC\/SC)<\/h3>\n<h2 class=\"auto-hide-last-sibling-br paragraph_1252f paragraph-element\">Caracter\u00edsticas adicionales:<\/h2>\n<h3 class=\"auto-hide-last-sibling-br paragraph_1252f paragraph-element\"><br class=\"container_e695a wrapper_ad07b undefined\" \/>LED de dos colores controlable por el usuario<br class=\"container_e695a wrapper_ad07b undefined\" \/>Sistema de alerta audible controlable por el usuario<br class=\"container_e695a wrapper_ad07b undefined\" \/>Capacidad para actualizaciones de firmware USB<\/h3>\n<p>&nbsp;<\/p>\n<ul>\n<li>\n<table width=\"559\">\n<tbody>\n<tr>\n<td colspan=\"2\" width=\"559\">Caracter\u00edsticas f\u00edsicas<\/td>\n<\/tr>\n<tr>\n<td width=\"214\">Dimensiones (mm)<\/td>\n<td width=\"345\">98,0 mm (largo) x 65,0 mm (ancho) x 12,8 mm (alto)<\/td>\n<\/tr>\n<tr>\n<td width=\"214\">Peso (gramos)<\/td>\n<td width=\"345\">81g<\/td>\n<\/tr>\n<tr>\n<td colspan=\"2\" width=\"559\">Interfaz USB<\/td>\n<\/tr>\n<tr>\n<td width=\"214\">Protocolo<\/td>\n<td width=\"345\">CCID USB<\/td>\n<\/tr>\n<tr>\n<td width=\"214\">tipo de conector<\/td>\n<td width=\"345\">USB tipo A (ACR1252U-MW)<\/td>\n<\/tr>\n<tr>\n<td width=\"214\">Fuente de alimentaci\u00f3n<\/td>\n<td width=\"345\">Desde el puerto USB<\/td>\n<\/tr>\n<tr>\n<td width=\"214\">Velocidad<\/td>\n<td width=\"345\">USB de m\u00e1xima velocidad (12 Mbps)<\/td>\n<\/tr>\n<tr>\n<td width=\"214\">Longitud del cable<\/td>\n<td width=\"345\">1,0 m, no desmontable<\/td>\n<\/tr>\n<tr>\n<td colspan=\"2\" width=\"559\">Interfaz de tarjeta inteligente sin contacto<\/td>\n<\/tr>\n<tr>\n<td width=\"214\">Est\u00e1ndar<\/td>\n<td width=\"345\">ISO\/IEC 18092 NFC, ISO 14443 Tipo A y B, MIFARE\u00ae, FeliCa<\/td>\n<\/tr>\n<tr>\n<td rowspan=\"4\" width=\"214\">Protocolo<\/td>\n<td width=\"345\">Tarjeta compatible con ISO 14443-4, T=CL<\/td>\n<\/tr>\n<tr>\n<td width=\"345\">Tarjeta MIFARE\u00ae Cl\u00e1sica, T=CL<\/td>\n<\/tr>\n<tr>\n<td width=\"345\">ISO18092, etiquetas NFC<\/td>\n<\/tr>\n<tr>\n<td width=\"345\">FeliCa<\/td>\n<\/tr>\n<tr>\n<td colspan=\"2\" width=\"559\">Perif\u00e9ricos incorporados<\/td>\n<\/tr>\n<tr>\n<td width=\"214\">CONDUJO<\/td>\n<td width=\"345\">1 bicolor: Rojo y Verde<\/td>\n<\/tr>\n<tr>\n<td width=\"214\">Zumbador<\/td>\n<td width=\"345\">Mon\u00f3tono<\/td>\n<\/tr>\n<tr>\n<td colspan=\"2\" width=\"559\">Otras caracter\u00edsticas<\/td>\n<\/tr>\n<tr>\n<td width=\"214\">Actualizaci\u00f3n de firmware<\/td>\n<td width=\"345\">Soportado<\/td>\n<\/tr>\n<tr>\n<td colspan=\"2\" width=\"559\">Certificaciones\/Cumplimiento<\/td>\n<\/tr>\n<tr>\n<td rowspan=\"4\" width=\"214\">Certificaciones\/Cumplimiento<\/td>\n<td width=\"345\">Certificaciones:<\/td>\n<\/tr>\n<tr>\n<td width=\"345\">Apple VAS, Google Smart Tap, marca de certificaci\u00f3n del foro NFC, IEC\/EN 62368, CE, FCC, UKCA, J-LIS, VCCI, TELEC, KC, BIS, RoHS, REACH, WEEE<\/td>\n<\/tr>\n<tr>\n<td width=\"345\">Cumplimientos:<\/td>\n<\/tr>\n<tr>\n<td width=\"345\">USB CCID, PC\/SC<\/td>\n<\/tr>\n<tr>\n<td colspan=\"2\" width=\"559\">Soporte del sistema operativo del controlador del dispositivo<\/td>\n<\/tr>\n<tr>\n<td width=\"214\">Soporte del sistema operativo del controlador del dispositivo<\/td>\n<td width=\"345\">Windows\u00ae, Linux\u00ae, macOS (en desarrollo), Android\u2122 (en desarrollo)<\/td>\n<\/tr>\n<\/tbody>\n<\/table>\n<\/li>\n<\/ul>","protected":false},"excerpt":{"rendered":"<div>La billetera m\u00f3vil, el innovador lector NFC, admite la interacci\u00f3n sin tarjeta con pases digitales, respaldados por VAS Apple y Google VAS para dispositivos iOS y Android.<\/div>\n<div><\/div>","protected":false},"featured_media":2731,"template":"","meta":[],"product_brand":[],"product_cat":[45,40],"product_tag":[],"class_list":{"0":"post-2730","1":"product","2":"type-product","3":"status-publish","4":"has-post-thumbnail","6":"product_cat-contactless-nfc-reader","7":"product_cat-rfid-nfc-reader","9":"first","10":"instock","11":"shipping-taxable","12":"product-type-simple"},"_links":{"self":[{"href":"https:\/\/nfc-readers.com\/es\/wp-json\/wp\/v2\/product\/2730","targetHints":{"allow":["GET"]}}],"collection":[{"href":"https:\/\/nfc-readers.com\/es\/wp-json\/wp\/v2\/product"}],"about":[{"href":"https:\/\/nfc-readers.com\/es\/wp-json\/wp\/v2\/types\/product"}],"wp:featuredmedia":[{"embeddable":true,"href":"https:\/\/nfc-readers.com\/es\/wp-json\/wp\/v2\/media\/2731"}],"wp:attachment":[{"href":"https:\/\/nfc-readers.com\/es\/wp-json\/wp\/v2\/media?parent=2730"}],"wp:term":[{"taxonomy":"product_brand","embeddable":true,"href":"https:\/\/nfc-readers.com\/es\/wp-json\/wp\/v2\/product_brand?post=2730"},{"taxonomy":"product_cat","embeddable":true,"href":"https:\/\/nfc-readers.com\/es\/wp-json\/wp\/v2\/product_cat?post=2730"},{"taxonomy":"product_tag","embeddable":true,"href":"https:\/\/nfc-readers.com\/es\/wp-json\/wp\/v2\/product_tag?post=2730"}],"curies":[{"name":"wp","href":"https:\/\/api.w.org\/{rel}","templated":true}]}}