{"id":2732,"date":"2024-10-07T08:34:31","date_gmt":"2024-10-07T08:34:31","guid":{"rendered":"https:\/\/nfc-readers.com\/?post_type=product&#038;p=2732"},"modified":"2024-10-28T14:32:27","modified_gmt":"2024-10-28T14:32:27","slug":"nfc-reader-writer-support-apple-pay-and-google-vas","status":"publish","type":"product","link":"https:\/\/nfc-readers.com\/es\/ic-reader\/nfc-reader-writer-support-apple-pay-and-google-vas\/","title":{"rendered":"Lector y escritor NFC compatible con Apple Pay y Google VAS"},"content":{"rendered":"<div class=\"auto-hide-last-sibling-br paragraph_1252f paragraph-element\">\n<h1>Lector y escritor NFC compatible con Apple Pay y Google VAS<\/h1>\n<p>Entrar en el\u00a0<strong>Lector NFC<\/strong>, una sofisticada pieza de tecnolog\u00eda dise\u00f1ada para mejorar las transacciones sin contacto y optimizar el control de acceso con una eficiencia incomparable. Ya sea que est\u00e9 buscando agilizar sus transacciones, aumentar la seguridad o simplemente actualizar su tecnolog\u00eda, un lector NFC es una herramienta esencial en su arsenal. Con la capacidad de leer y escribir\u00a0<strong>Etiquetas NFC<\/strong>\u00a0y tarjetas, incluidos formatos populares como\u00a0<strong>MIFARE<\/strong>Este dispositivo est\u00e1 a la vanguardia de las soluciones de pago innovadoras.<\/p>\n<h2>Beneficios de elegir el lector NFC<\/h2>\n<p>Invertir en un lector NFC no es solo una compra, es una mejora de sus capacidades de pago que ofrece numerosas ventajas. En primer lugar, mejora la seguridad al permitir\u00a0<strong>Sin contacto<\/strong>\u00a0pagos, lo que reduce el riesgo asociado con las transacciones en efectivo. Tambi\u00e9n est\u00e1 dise\u00f1ado para ser f\u00e1cil de usar, con un proceso de configuraci\u00f3n simple que puede conectarse a trav\u00e9s de USB a una amplia gama de dispositivos, lo que permite la integraci\u00f3n con sus sistemas existentes. El dise\u00f1o compacto y port\u00e1til garantiza que pueda llevar su capacidad NFC a donde quiera que vaya, lo que lo hace ideal tanto para comerciantes como para particulares.<\/p>\n<h3>1.\u00a0<strong>Soporte NFC completo<\/strong><\/h3>\n<p>El\u00a0<strong>Lector NFC<\/strong>\u00a0Admite m\u00faltiples funcionalidades NFC, incluido el modo de lectura\/escritura, el modo punto a punto y el modo de emulaci\u00f3n de tarjeta. Esta versatilidad garantiza la compatibilidad con diversas transacciones, desde la lectura\u00a0<strong>Tarjetas NFC<\/strong>\u00a0para facilitar los pagos m\u00f3viles a trav\u00e9s de\u00a0<strong>Pago de Google<\/strong>\u00a0y\u00a0<strong>Pago de Apple<\/strong>.<\/p>\n<h4>Modo de lectura\/escritura<\/h4>\n<p>Con el modo de lectura\/escritura, los usuarios pueden hacerlo sin esfuerzo\u00a0<strong>leer y escribir<\/strong>\u00a0datos a etiquetas NFC, lo que hace que el dispositivo sea perfecto para aplicaciones en gesti\u00f3n de inventario y campa\u00f1as de marketing.<\/p>\n<h4>Modo punto a punto<\/h4>\n<p>El modo Peer-to-Peer facilita el intercambio de datos entre dos dispositivos habilitados para NFC, lo que permite transacciones o transferencias de informaci\u00f3n sin inconvenientes y mejora la comodidad para los usuarios.<\/p>\n<h3>2.\u00a0<strong>Altos est\u00e1ndares de compatibilidad<\/strong><\/h3>\n<p>Este lector NFC es compatible con una amplia gama de tarjetas inteligentes, incluidas las tarjetas ISO 14443 Tipo A y B, lo que lo convierte en una soluci\u00f3n universal para empresas que requieren una\u00a0<strong>lector de tarjetas<\/strong>\u00a0Para m\u00faltiples tipos de tarjetas.<\/p>\n<h4>Admite varias etiquetas NFC<\/h4>\n<p>Adem\u00e1s de los est\u00e1ndares ISO, el dispositivo tambi\u00e9n admite formatos como MIFARE\u00ae y FeliCa, lo que garantiza un soporte integral para pr\u00e1cticamente todos los usuarios.<\/p>\n<h4>Conectividad USB<\/h4>\n<p>Con una interfaz USB 2.0 de alta velocidad, puede conectar f\u00e1cilmente el lector NFC a tel\u00e9fonos inteligentes o tabletas para transferencias de datos r\u00e1pidas: todo est\u00e1 listo para usar.\u00a0<strong>a trav\u00e9s de USB<\/strong>.<\/p>\n<h3>3.\u00a0<strong>Funciones de seguridad robustas<\/strong><\/h3>\n<p>La seguridad es primordial para cualquier dispositivo de transacci\u00f3n, y el lector NFC se destaca por su funci\u00f3n anticolisi\u00f3n integrada, que garantiza que solo se lea una etiqueta a la vez, lo que reduce significativamente las posibilidades de corrupci\u00f3n de datos o fraude.<\/p>\n<h4>Cifrado avanzado<\/h4>\n<p>El lector NFC admite varias t\u00e9cnicas de cifrado para la transferencia segura de datos, lo que garantiza que la informaci\u00f3n confidencial permanezca protegida durante todo el proceso de transacci\u00f3n.<\/p>\n<h4>Alertas de usuario<\/h4>\n<p>Equipado con un sistema de alerta audible controlable por el usuario, los usuarios pueden recibir comentarios inmediatos durante las operaciones, lo que mejora la usabilidad y garantiza que los usuarios est\u00e9n al tanto de las lecturas exitosas.<\/p>\n<h3>4.\u00a0<strong>Impacto ambiental<\/strong><\/h3>\n<p>A medida que las empresas se vuelven cada vez m\u00e1s conscientes de su impacto ambiental, el lector NFC est\u00e1 dise\u00f1ado teniendo en cuenta la sostenibilidad. El dispositivo utiliza una energ\u00eda m\u00ednima y se puede conectar a sistemas existentes sin grandes actualizaciones de hardware, lo que reduce los desechos.<\/p>\n<h4>Uso eficiente de la energ\u00eda<\/h4>\n<p>El lector NFC funciona a 13,56 MHz y es energ\u00e9ticamente eficiente, lo que permite un uso intensivo sin altos costos de electricidad. Las empresas pueden utilizar esta tecnolog\u00eda sin temor a un aumento en la demanda de energ\u00eda.<\/p>\n<h3>5.\u00a0<strong>Dise\u00f1o f\u00e1cil de usar<\/strong><\/h3>\n<p>El lector NFC presenta un dise\u00f1o compacto y elegante que se integra perfectamente en su flujo de trabajo. El LED de dos colores controlable por el usuario proporciona informaci\u00f3n visual inmediata durante el funcionamiento, notificando a los usuarios sobre el estado de las transacciones de manera eficaz.<\/p>\n<h4>Portabilidad<\/h4>\n<p>Su estructura liviana lo convierte en una soluci\u00f3n ideal para empresas en movimiento, desde tiendas minoristas hasta camiones de comida, lo que permite una implementaci\u00f3n r\u00e1pida donde sea necesario, lo que lo hace altamente eficiente tanto para instalaciones temporales como permanentes.<\/p>\n<h3>6.\u00a0<strong>Compatibilidad de ecosistemas<\/strong><\/h3>\n<p>El lector NFC es compatible con varios sistemas operativos como Windows, Linux y Android, lo que permite una amplia aplicaci\u00f3n en diversos entornos.<\/p>\n<h4>F\u00e1cil integraci\u00f3n con sistemas establecidos<\/h4>\n<p>Mejore sus sistemas POS existentes utilizando el lector NFC y aproveche su compatibilidad con tiendas de aplicaciones ampliamente utilizadas para descargar aplicaciones relevantes para las necesidades de su negocio.<\/p>\n<\/div>\n<table width=\"559\">\n<tbody>\n<tr>\n<td colspan=\"2\" width=\"559\">Caracter\u00edsticas f\u00edsicas<\/td>\n<\/tr>\n<tr>\n<td width=\"214\">Dimensiones (mm)<\/td>\n<td width=\"345\">98,0 mm (largo) x 65,0 mm (ancho) x 12,8 mm (alto)<\/td>\n<\/tr>\n<tr>\n<td width=\"214\">Peso (gramos)<\/td>\n<td width=\"345\">81g<\/td>\n<\/tr>\n<tr>\n<td colspan=\"2\" width=\"559\">Interfaz USB<\/td>\n<\/tr>\n<tr>\n<td width=\"214\">Protocolo<\/td>\n<td width=\"345\">CCID USB<\/td>\n<\/tr>\n<tr>\n<td width=\"214\">tipo de conector<\/td>\n<td width=\"345\">USB tipo A (ACR1252U-MW)<\/td>\n<\/tr>\n<tr>\n<td width=\"214\">Fuente de alimentaci\u00f3n<\/td>\n<td width=\"345\">Desde el puerto USB<\/td>\n<\/tr>\n<tr>\n<td width=\"214\">Velocidad<\/td>\n<td width=\"345\">USB de m\u00e1xima velocidad (12 Mbps)<\/td>\n<\/tr>\n<tr>\n<td width=\"214\">Longitud del cable<\/td>\n<td width=\"345\">1,0 m, no desmontable<\/td>\n<\/tr>\n<tr>\n<td colspan=\"2\" width=\"559\">Interfaz de tarjeta inteligente sin contacto<\/td>\n<\/tr>\n<tr>\n<td width=\"214\">Est\u00e1ndar<\/td>\n<td width=\"345\">ISO\/IEC 18092 NFC, ISO 14443 Tipo A y B, MIFARE\u00ae, FeliCa<\/td>\n<\/tr>\n<tr>\n<td rowspan=\"4\" width=\"214\">Protocolo<\/td>\n<td width=\"345\">Tarjeta compatible con ISO 14443-4, T=CL<\/td>\n<\/tr>\n<tr>\n<td width=\"345\">Tarjeta MIFARE\u00ae Cl\u00e1sica, T=CL<\/td>\n<\/tr>\n<tr>\n<td width=\"345\">ISO18092, etiquetas NFC<\/td>\n<\/tr>\n<tr>\n<td width=\"345\">FeliCa<\/td>\n<\/tr>\n<tr>\n<td colspan=\"2\" width=\"559\">Perif\u00e9ricos incorporados<\/td>\n<\/tr>\n<tr>\n<td width=\"214\">CONDUJO<\/td>\n<td width=\"345\">1 bicolor: Rojo y Verde<\/td>\n<\/tr>\n<tr>\n<td width=\"214\">Zumbador<\/td>\n<td width=\"345\">Mon\u00f3tono<\/td>\n<\/tr>\n<tr>\n<td colspan=\"2\" width=\"559\">Otras caracter\u00edsticas<\/td>\n<\/tr>\n<tr>\n<td width=\"214\">Actualizaci\u00f3n de firmware<\/td>\n<td width=\"345\">Soportado<\/td>\n<\/tr>\n<tr>\n<td colspan=\"2\" width=\"559\">Certificaciones\/Cumplimiento<\/td>\n<\/tr>\n<tr>\n<td rowspan=\"4\" width=\"214\">Certificaciones\/Cumplimiento<\/td>\n<td width=\"345\">Certificaciones:<\/td>\n<\/tr>\n<tr>\n<td width=\"345\">Apple VAS, Google Smart Tap, marca de certificaci\u00f3n del foro NFC, IEC\/EN 62368, CE, FCC, UKCA, J-LIS, VCCI, TELEC, KC, BIS, RoHS, REACH, WEEE<\/td>\n<\/tr>\n<tr>\n<td width=\"345\">Cumplimientos:<\/td>\n<\/tr>\n<tr>\n<td width=\"345\">USB CCID, PC\/SC<\/td>\n<\/tr>\n<tr>\n<td colspan=\"2\" width=\"559\">Soporte del sistema operativo del controlador del dispositivo<\/td>\n<\/tr>\n<tr>\n<td width=\"214\">Soporte del sistema operativo del controlador del dispositivo<\/td>\n<td width=\"345\">Windows\u00ae, Linux\u00ae, macOS (en desarrollo), Android\u2122 (en desarrollo)<\/td>\n<\/tr>\n<\/tbody>\n<\/table>\n<h2>Rese\u00f1as de clientes<\/h2>\n<blockquote><p>\u201cEl lector NFC ha transformado la forma en que procesamos los pagos. Es r\u00e1pido, seguro e incre\u00edblemente f\u00e1cil de integrar con nuestros sistemas existentes\u201d.\u00a0<strong>James T.<\/strong>, Gerente de Venta Minorista<\/p><\/blockquote>\n<blockquote><p>\u201c\u00a1Me encanta lo port\u00e1til que es este lector NFC! Es perfecto para mi negocio de food trucks\u201d. \u2013\u00a0<strong>Sandra W.<\/strong>, Propietario de una peque\u00f1a empresa<\/p><\/blockquote>\n<h2>Preguntas frecuentes (FAQ)<\/h2>\n<p><strong>1. \u00bfQu\u00e9 tipos de tarjetas puede leer el lector NFC?<\/strong><br \/>\nEl lector NFC admite tarjetas ISO 14443 Tipo A y B, MIFARE\u00ae, FeliCa y todas las etiquetas NFC que cumplen con los est\u00e1ndares ISO\/IEC 18092.<\/p>\n<p><strong>2. \u00bfEl lector NFC es compatible con los tel\u00e9fonos inteligentes?<\/strong><br \/>\nS\u00ed, puedes conectar f\u00e1cilmente el lector NFC a la mayor\u00eda de los tel\u00e9fonos inteligentes a trav\u00e9s de USB para facilitar transacciones r\u00e1pidas y compartir datos.<\/p>\n<p><strong>3. \u00bfPuedo actualizar el firmware?<\/strong><br \/>\nS\u00ed, el lector NFC admite actualizaciones de firmware USB, lo que garantiza que disponga de las \u00faltimas funciones y actualizaciones de seguridad.<\/p>\n<p><strong>4. \u00bfHasta d\u00f3nde puedo leer las etiquetas NFC?<\/strong><br \/>\nEl lector NFC tiene una distancia de lectura de hasta 50 mm, dependiendo del tipo de etiqueta y sus capacidades espec\u00edficas.<\/p>\n<hr \/>\n<p>Al elegir el lector NFC, no solo est\u00e1 invirtiendo en un producto, sino que est\u00e1 adoptando una forma m\u00e1s inteligente de realizar transacciones. Ya sea que lo est\u00e9 integrando para uso personal o para una empresa, la eficiencia, compatibilidad y seguridad de este dispositivo lo hacen verdaderamente indispensable. \u00a1Experimente la pr\u00f3xima generaci\u00f3n de pagos sin contacto y descubra la diferencia que puede marcar en sus transacciones hoy mismo!<\/p>","protected":false},"excerpt":{"rendered":"<div>Lector y escritor NFC compatible con Apple Pay y Google VAS, avalado por VAS<strong>\u00a0Apple y Google VAS (servicio de valor a\u00f1adido) <\/strong> Con protocolos de los gigantes de la industria Apple y Google, este dispositivo allana el camino para un revolucionario compromiso sin tarjeta al respaldar una amplia gama de pases digitales, que incluyen, entre otros, esquemas de lealtad, boletos de acceso y credenciales de identificaci\u00f3n para individuos en entornos corporativos o educativos en iOS. y dispositivos Android.<\/div>\n<div><\/div>","protected":false},"featured_media":2731,"template":"","meta":[],"product_brand":[],"product_cat":[45,40],"product_tag":[],"class_list":{"0":"post-2732","1":"product","2":"type-product","3":"status-publish","4":"has-post-thumbnail","6":"product_cat-contactless-nfc-reader","7":"product_cat-rfid-nfc-reader","9":"first","10":"instock","11":"shipping-taxable","12":"product-type-simple"},"_links":{"self":[{"href":"https:\/\/nfc-readers.com\/es\/wp-json\/wp\/v2\/product\/2732","targetHints":{"allow":["GET"]}}],"collection":[{"href":"https:\/\/nfc-readers.com\/es\/wp-json\/wp\/v2\/product"}],"about":[{"href":"https:\/\/nfc-readers.com\/es\/wp-json\/wp\/v2\/types\/product"}],"wp:featuredmedia":[{"embeddable":true,"href":"https:\/\/nfc-readers.com\/es\/wp-json\/wp\/v2\/media\/2731"}],"wp:attachment":[{"href":"https:\/\/nfc-readers.com\/es\/wp-json\/wp\/v2\/media?parent=2732"}],"wp:term":[{"taxonomy":"product_brand","embeddable":true,"href":"https:\/\/nfc-readers.com\/es\/wp-json\/wp\/v2\/product_brand?post=2732"},{"taxonomy":"product_cat","embeddable":true,"href":"https:\/\/nfc-readers.com\/es\/wp-json\/wp\/v2\/product_cat?post=2732"},{"taxonomy":"product_tag","embeddable":true,"href":"https:\/\/nfc-readers.com\/es\/wp-json\/wp\/v2\/product_tag?post=2732"}],"curies":[{"name":"wp","href":"https:\/\/api.w.org\/{rel}","templated":true}]}}