{"id":2740,"date":"2024-06-11T01:53:04","date_gmt":"2024-06-11T01:53:04","guid":{"rendered":"https:\/\/nfc-readers.com\/?post_type=product&#038;p=2740"},"modified":"2024-09-24T02:48:08","modified_gmt":"2024-09-24T02:48:08","slug":"acr123u-nfc-lcd-contactless-reader-writer","status":"publish","type":"product","link":"https:\/\/nfc-readers.com\/es\/ic-reader\/acr123u-nfc-lcd-contactless-reader-writer\/","title":{"rendered":"Lector y escritor sin contacto LCD NFC ACR123U"},"content":{"rendered":"<h1>Lector y escritor sin contacto LCD NFC ACR123U<\/h1>\n<p>El ACR123U, una variante USB del ACR123S, sirve como un lector sin contacto asequible, flexible e inteligente. Puede incorporarse sin problemas a sistemas de punto de venta (POS) o cajas registradoras existentes, transform\u00e1ndolos en terminales de pago sin efectivo. La introducci\u00f3n del ACR123U acelera el proceso de pago, ya que permite a los clientes finalizar sus pagos con un simple toque de sus tarjetas. Este lector sin contacto presenta una soluci\u00f3n eficaz para mejorar la eficiencia de los sistemas de pago.<\/p>\n<ul>\n<li>\n<h2>Interfaz USB para comunicaci\u00f3n de datos y fuente de alimentaci\u00f3n.<\/h2>\n<\/li>\n<li>\n<h2>Procesador ARM CortexTM-M3 de 32 bits<\/h2>\n<\/li>\n<li>\n<h2>Lector de tarjetas inteligentes:<\/h2>\n<ul>\n<li>\n<h3>Velocidad de lectura\/escritura de hasta 848 kbps<\/h3>\n<\/li>\n<li>\n<h3>Antena incorporada para acceso con tarjeta sin contacto, con distancia de lectura de tarjeta de hasta 50 mm (seg\u00fan el tipo de etiqueta)<\/h3>\n<\/li>\n<li>\n<h3>Soporte para tarjetas ISO 14443 Parte 4 Tipo A y B y serie MIFARE<\/h3>\n<\/li>\n<li>\n<h3>Funci\u00f3n anticolisi\u00f3n incorporada<\/h3>\n<\/li>\n<li>\n<h3>Tres ranuras SAM compatibles con ISO 7816<\/h3>\n<\/li>\n<\/ul>\n<\/li>\n<li>\n<h2>Perif\u00e9ricos incorporados:<\/h2>\n<ul>\n<li>\n<h3>LCD gr\u00e1fico de 16 caracteres alfanum\u00e9ricos x 8 l\u00edneas (128 x 64 p\u00edxeles)<\/h3>\n<\/li>\n<li>\n<h3>Cuatro LED controlables por el usuario (azul, amarillo, verde y rojo)<\/h3>\n<\/li>\n<li>\n<h3>Retroiluminaci\u00f3n de la regi\u00f3n de pulsaci\u00f3n controlable por el usuario (rojo, verde y azul)<\/h3>\n<\/li>\n<li>\n<h3>Altavoz controlable por el usuario (indicaci\u00f3n de tono de audio)<\/h3>\n<\/li>\n<\/ul>\n<\/li>\n<\/ul>\n<table style=\"height: 1395px;\" width=\"611\">\n<tbody>\n<tr>\n<td colspan=\"2\" width=\"511\">Caracter\u00edsticas f\u00edsicas<\/td>\n<\/tr>\n<tr>\n<td rowspan=\"2\" width=\"215\">Dimensiones (mm)<\/td>\n<td width=\"296\">Cuerpo principal: 159,0 mm (largo) x 100,0 mm (ancho) x 21,0 mm (alto)<\/td>\n<\/tr>\n<tr>\n<td width=\"296\">Con soporte: 177,4 mm (largo) x 100,0 mm (ancho) x 94,5 mm (alto)<\/td>\n<\/tr>\n<tr>\n<td rowspan=\"2\" width=\"215\">Peso (gramos)<\/td>\n<td width=\"296\">Cuerpo principal: 281 g<\/td>\n<\/tr>\n<tr>\n<td width=\"296\">Con soporte: 506 g<\/td>\n<\/tr>\n<tr>\n<td colspan=\"2\" width=\"511\">Interfaz USB<\/td>\n<\/tr>\n<tr>\n<td width=\"215\">Protocolo<\/td>\n<td width=\"296\">CCID USB<\/td>\n<\/tr>\n<tr>\n<td width=\"215\">tipo de conector<\/td>\n<td width=\"296\">Est\u00e1ndar tipo A<\/td>\n<\/tr>\n<tr>\n<td width=\"215\">Fuente de alimentaci\u00f3n<\/td>\n<td width=\"296\">Desde el puerto USB<\/td>\n<\/tr>\n<tr>\n<td width=\"215\">Velocidad<\/td>\n<td width=\"296\">USB de m\u00e1xima velocidad (12 Mbps)<\/td>\n<\/tr>\n<tr>\n<td width=\"215\">Longitud del cable<\/td>\n<td width=\"296\">1,5 m, fijo<\/td>\n<\/tr>\n<tr>\n<td colspan=\"2\" width=\"511\">Interfaz de tarjeta inteligente sin contacto<\/td>\n<\/tr>\n<tr>\n<td width=\"215\">Est\u00e1ndar<\/td>\n<td width=\"296\">ISO 14443 A y B Partes 1-4<\/td>\n<\/tr>\n<tr>\n<td rowspan=\"2\" width=\"215\">Protocolo<\/td>\n<td width=\"296\">Tarjeta compatible con ISO 14443-4, T=CL<\/td>\n<\/tr>\n<tr>\n<td width=\"296\">Tarjeta MIFARE\u00ae Cl\u00e1sica, T=CL<\/td>\n<\/tr>\n<tr>\n<td colspan=\"2\" width=\"511\">Interfaz de tarjeta SAM<\/td>\n<\/tr>\n<tr>\n<td width=\"215\">N\u00famero de ranuras<\/td>\n<td width=\"296\">3 ranuras para tarjetas de tama\u00f1o SIM est\u00e1ndar<\/td>\n<\/tr>\n<tr>\n<td width=\"215\">Est\u00e1ndar<\/td>\n<td width=\"296\">ISO 7816 Clase A, B, C (5 V, 3 V, 1,8 V)<\/td>\n<\/tr>\n<tr>\n<td width=\"215\">Protocolo<\/td>\n<td width=\"296\">T=0; T=1<\/td>\n<\/tr>\n<tr>\n<td colspan=\"2\" width=\"511\">Perif\u00e9ricos incorporados<\/td>\n<\/tr>\n<tr>\n<td rowspan=\"3\" width=\"215\">LCD<\/td>\n<td width=\"296\">LCD gr\u00e1fico con retroiluminaci\u00f3n blanca<\/td>\n<\/tr>\n<tr>\n<td width=\"296\">Resoluci\u00f3n : 128 x 64 p\u00edxeles<\/td>\n<\/tr>\n<tr>\n<td width=\"296\">N\u00famero de caracteres: 16 caracteres x 8 l\u00edneas<\/td>\n<\/tr>\n<tr>\n<td width=\"215\">CONDUJO<\/td>\n<td width=\"296\">4 monocolor: Azul, Amarillo, Verde y Rojo<\/td>\n<\/tr>\n<tr>\n<td width=\"215\">Regi\u00f3n de toque<\/td>\n<td width=\"296\">Retroiluminaci\u00f3n tricolor: rojo, verde y azul<\/td>\n<\/tr>\n<tr>\n<td width=\"215\">Vocero<\/td>\n<td width=\"296\">Indicaci\u00f3n de tono de audio<\/td>\n<\/tr>\n<tr>\n<td colspan=\"2\" width=\"511\">Otras caracter\u00edsticas<\/td>\n<\/tr>\n<tr>\n<td width=\"215\">Seguridad<\/td>\n<td width=\"296\">Interruptor antisabotaje (detecciones y protecci\u00f3n anti-intrusi\u00f3n interna)<\/td>\n<\/tr>\n<tr>\n<td width=\"215\">Actualizaci\u00f3n de firmware<\/td>\n<td width=\"296\">Soportado<\/td>\n<\/tr>\n<tr>\n<td width=\"215\">Reloj en tiempo real<\/td>\n<td width=\"296\">Soportado<\/td>\n<\/tr>\n<tr>\n<td colspan=\"2\" width=\"511\">Certificaciones\/Cumplimiento<\/td>\n<\/tr>\n<tr>\n<td rowspan=\"12\" width=\"215\">Certificaciones\/Cumplimiento<\/td>\n<td width=\"296\">ISO 14443<\/td>\n<\/tr>\n<tr>\n<td width=\"296\">ISO 7816 (ranura SAM)<\/td>\n<\/tr>\n<tr>\n<td width=\"296\">USB de m\u00e1xima velocidad<\/td>\n<\/tr>\n<tr>\n<td width=\"296\">PC\/SC<\/td>\n<\/tr>\n<tr>\n<td width=\"296\">CCID<\/td>\n<\/tr>\n<tr>\n<td width=\"296\">VCCI (Jap\u00f3n)<\/td>\n<\/tr>\n<tr>\n<td width=\"296\">KC (Corea)<\/td>\n<\/tr>\n<tr>\n<td width=\"296\">Microsoft\u00aeWHQL<\/td>\n<\/tr>\n<tr>\n<td width=\"296\">CE<\/td>\n<\/tr>\n<tr>\n<td width=\"296\">FCC<\/td>\n<\/tr>\n<tr>\n<td width=\"296\">RoHS 2<\/td>\n<\/tr>\n<tr>\n<td width=\"296\">ALCANZAR<\/td>\n<\/tr>\n<tr>\n<td colspan=\"2\" width=\"511\">Soporte del sistema operativo del controlador del dispositivo<\/td>\n<\/tr>\n<tr>\n<td rowspan=\"4\" width=\"215\">Soporte del sistema operativo del controlador del dispositivo<\/td>\n<td width=\"296\">Windows\u00aeCE<\/td>\n<\/tr>\n<tr>\n<td width=\"296\">Windows\u00ae<\/td>\n<\/tr>\n<tr>\n<td width=\"296\">Linux\u00ae<\/td>\n<\/tr>\n<tr>\n<td width=\"296\">Solaris<\/td>\n<\/tr>\n<\/tbody>\n<\/table>","protected":false},"excerpt":{"rendered":"<div class=\"auto-hide-last-sibling-br paragraph_1252f paragraph-element\">\n<div class=\"auto-hide-last-sibling-br paragraph_1252f paragraph-element\">ACR123U, lector USB LCD asequible para pagos sin efectivo, que mejora la eficiencia del pago con un dise\u00f1o intuitivo y compatibilidad con tarjetas ISO 14443-4.<\/div>\n<\/div>","protected":false},"featured_media":2741,"template":"","meta":[],"product_brand":[],"product_cat":[45],"product_tag":[],"class_list":{"0":"post-2740","1":"product","2":"type-product","3":"status-publish","4":"has-post-thumbnail","6":"product_cat-contactless-nfc-reader","8":"first","9":"instock","10":"shipping-taxable","11":"product-type-simple"},"_links":{"self":[{"href":"https:\/\/nfc-readers.com\/es\/wp-json\/wp\/v2\/product\/2740","targetHints":{"allow":["GET"]}}],"collection":[{"href":"https:\/\/nfc-readers.com\/es\/wp-json\/wp\/v2\/product"}],"about":[{"href":"https:\/\/nfc-readers.com\/es\/wp-json\/wp\/v2\/types\/product"}],"wp:featuredmedia":[{"embeddable":true,"href":"https:\/\/nfc-readers.com\/es\/wp-json\/wp\/v2\/media\/2741"}],"wp:attachment":[{"href":"https:\/\/nfc-readers.com\/es\/wp-json\/wp\/v2\/media?parent=2740"}],"wp:term":[{"taxonomy":"product_brand","embeddable":true,"href":"https:\/\/nfc-readers.com\/es\/wp-json\/wp\/v2\/product_brand?post=2740"},{"taxonomy":"product_cat","embeddable":true,"href":"https:\/\/nfc-readers.com\/es\/wp-json\/wp\/v2\/product_cat?post=2740"},{"taxonomy":"product_tag","embeddable":true,"href":"https:\/\/nfc-readers.com\/es\/wp-json\/wp\/v2\/product_tag?post=2740"}],"curies":[{"name":"wp","href":"https:\/\/api.w.org\/{rel}","templated":true}]}}