{"id":2758,"date":"2024-06-11T12:39:26","date_gmt":"2024-06-11T12:39:26","guid":{"rendered":"https:\/\/nfc-readers.com\/?post_type=product&#038;p=2758"},"modified":"2024-09-23T06:23:59","modified_gmt":"2024-09-23T06:23:59","slug":"acm1323s-rs232-contactless-reader-writer","status":"publish","type":"product","link":"https:\/\/nfc-readers.com\/es\/ic-reader\/acm1323s-rs232-contactless-reader-writer\/","title":{"rendered":"Lector-escritor sin contacto ACM1323S RS232"},"content":{"rendered":"<h1>Lector-escritor sin contacto ACM1323S RS232<\/h1>\n<p>ACM1323 es un m\u00f3dulo lector de tarjetas inteligentes basado en tecnolog\u00eda sin contacto de 13,56 MHz. Adopta un protocolo de comunicaci\u00f3n en serie y, opcionalmente, admite interfaz RS232 o interfaz de se\u00f1al UARTTTL. Admite lectura y escritura en tarjetas inteligentes Clase A que cumplen con ISO144431 hasta la Parte 4, incluidas tarjetas CPU, MIFARE Classic, Mifare 1K\/4K, Mifare Plus y DESFire. El ACM1323S es un verdadero dispositivo plug and play que se puede utilizar sin controladores y est\u00e1 dise\u00f1ado para una r\u00e1pida integraci\u00f3n en sistemas integrados, adecuado para una variedad de escenarios de aplicaciones como puntos de carga, tabletas, m\u00e1quinas expendedoras, transporte p\u00fablico, control de acceso a redes, asistencia y otros sistemas integrados. Tambi\u00e9n admite actualizaciones de firmware sin necesidad de modificaciones de hardware adicionales.<\/p>\n<table width=\"628\">\n<tbody>\n<tr>\n<td colspan=\"2\" width=\"628\">Caracter\u00edsticas f\u00edsicas<\/td>\n<\/tr>\n<tr>\n<td width=\"335\">Dimensiones (mm)<\/td>\n<td width=\"293\">73,5x40,0x4,5<\/td>\n<\/tr>\n<tr>\n<td width=\"335\">Peso (gramos)<\/td>\n<td width=\"293\">7.2<\/td>\n<\/tr>\n<tr>\n<td colspan=\"2\" width=\"628\">Interfaz RS232<\/td>\n<\/tr>\n<tr>\n<td width=\"335\">tipo de conector<\/td>\n<td width=\"293\">RS232TTL<\/td>\n<\/tr>\n<tr>\n<td width=\"335\">Fuente de alimentaci\u00f3n<\/td>\n<td width=\"293\">Desde el puerto USB<\/td>\n<\/tr>\n<tr>\n<td width=\"335\">Longitud del cable<\/td>\n<td width=\"293\">1m, Desmontable (Bajo Pedido)<\/td>\n<\/tr>\n<tr>\n<td colspan=\"2\" width=\"628\">Interfaz de tarjeta inteligente sin contacto<\/td>\n<\/tr>\n<tr>\n<td width=\"335\">Est\u00e1ndar<\/td>\n<td width=\"293\">Tarjeta CPU ISO 14443 tipo A MIFARE Classic, Mifare 1K\/4K, Mifare Plus y DESFire<\/td>\n<\/tr>\n<tr>\n<td rowspan=\"2\" width=\"335\">Protocolo<\/td>\n<td width=\"293\">Tarjeta compatible con ISO 14443-4, T=CL<\/td>\n<\/tr>\n<tr>\n<td width=\"293\">Tarjeta MIFARE\u00ae Cl\u00e1sica, T=CL<\/td>\n<\/tr>\n<tr>\n<td colspan=\"2\" width=\"628\">Perif\u00e9ricos incorporados<\/td>\n<\/tr>\n<tr>\n<td width=\"335\">CONDUJO<\/td>\n<td width=\"293\">1 bicolor: Azul y Verde<\/td>\n<\/tr>\n<tr>\n<td colspan=\"2\" width=\"628\">Otras caracter\u00edsticas<\/td>\n<\/tr>\n<tr>\n<td rowspan=\"3\" width=\"335\">Otras caracter\u00edsticas<\/td>\n<td width=\"293\">Tipos de tarjetas admitidas:<\/td>\n<\/tr>\n<tr>\n<td width=\"293\">ISO 14443 Tipo A y B Partes 1-4,<\/td>\n<\/tr>\n<tr>\n<td width=\"293\">MIFARE Classic\u00ae, MIFARE DESFire\u00ae, MIFARE Ultralight\u00ae, MIFARE Plus\u00ae<\/td>\n<\/tr>\n<tr>\n<td width=\"335\">Actualizaci\u00f3n de firmware<\/td>\n<td width=\"293\">Soportado<\/td>\n<\/tr>\n<tr>\n<td colspan=\"2\" width=\"628\">Certificaciones\/Cumplimiento<\/td>\n<\/tr>\n<tr>\n<td rowspan=\"3\" width=\"335\">Certificaciones\/Cumplimiento<\/td>\n<td width=\"293\">Certificaciones:<\/td>\n<\/tr>\n<tr>\n<td width=\"293\">IEC\/EN 62368, CE, UKCA, FCC, VCCI, RoHS, REACH, WEEE, Microsoft\u00ae WHQL<\/td>\n<\/tr>\n<tr>\n<td width=\"293\">\u00a0 Cumplimiento:<\/td>\n<\/tr>\n<tr>\n<td colspan=\"2\" width=\"628\">Soporte del sistema operativo del controlador del dispositivo<\/td>\n<\/tr>\n<tr>\n<td width=\"335\">Soporte del sistema operativo del controlador del dispositivo<\/td>\n<td width=\"293\">Windows\u00ae, Linux\u00ae, macOS, Android\u2122<\/td>\n<\/tr>\n<\/tbody>\n<\/table>","protected":false},"excerpt":{"rendered":"<p>El ACM1323 es un lector de tarjetas RFID vers\u00e1til que funciona con varias tarjetas inteligentes y se integra f\u00e1cilmente en sistemas integrados.<\/p>","protected":false},"featured_media":2759,"template":"","meta":[],"product_brand":[],"product_cat":[41],"product_tag":[],"class_list":{"0":"post-2758","1":"product","2":"type-product","3":"status-publish","4":"has-post-thumbnail","6":"product_cat-module-ic-reader","8":"first","9":"instock","10":"shipping-taxable","11":"product-type-simple"},"_links":{"self":[{"href":"https:\/\/nfc-readers.com\/es\/wp-json\/wp\/v2\/product\/2758","targetHints":{"allow":["GET"]}}],"collection":[{"href":"https:\/\/nfc-readers.com\/es\/wp-json\/wp\/v2\/product"}],"about":[{"href":"https:\/\/nfc-readers.com\/es\/wp-json\/wp\/v2\/types\/product"}],"wp:featuredmedia":[{"embeddable":true,"href":"https:\/\/nfc-readers.com\/es\/wp-json\/wp\/v2\/media\/2759"}],"wp:attachment":[{"href":"https:\/\/nfc-readers.com\/es\/wp-json\/wp\/v2\/media?parent=2758"}],"wp:term":[{"taxonomy":"product_brand","embeddable":true,"href":"https:\/\/nfc-readers.com\/es\/wp-json\/wp\/v2\/product_brand?post=2758"},{"taxonomy":"product_cat","embeddable":true,"href":"https:\/\/nfc-readers.com\/es\/wp-json\/wp\/v2\/product_cat?post=2758"},{"taxonomy":"product_tag","embeddable":true,"href":"https:\/\/nfc-readers.com\/es\/wp-json\/wp\/v2\/product_tag?post=2758"}],"curies":[{"name":"wp","href":"https:\/\/api.w.org\/{rel}","templated":true}]}}