{"id":2765,"date":"2024-06-11T13:24:05","date_gmt":"2024-06-11T13:24:05","guid":{"rendered":"https:\/\/nfc-readers.com\/?post_type=product&#038;p=2765"},"modified":"2024-09-23T06:21:32","modified_gmt":"2024-09-23T06:21:32","slug":"acr1552u-a2-aquaguard-nfc-usb-contactless-reader-writer","status":"publish","type":"product","link":"https:\/\/nfc-readers.com\/es\/ic-reader\/acr1552u-a2-aquaguard-nfc-usb-contactless-reader-writer\/","title":{"rendered":"ACR1552U-A2 AquaGuard NFC Lector y escritor sin contacto USB"},"content":{"rendered":"<h1>ACR1552U-A2 AquaGuard NFC Lector y escritor sin contacto USB<\/h1>\n<p>El lector USB AquaGuard NFC ACR1552U-A2 es un dispositivo robusto de cuarta generaci\u00f3n construido con tecnolog\u00eda sin contacto de 13,56 MHz. Opera con tarjetas y dispositivos sin contacto que cumplen con los est\u00e1ndares IS0 14443 Tipo A y B, ISO 15693 e ISO 18092. La clasificaci\u00f3n IP67 significa su excepcional resistencia al polvo y al agua, lo que garantiza un funcionamiento ininterrumpido incluso en condiciones dif\u00edciles. De conformidad con los est\u00e1ndares CCID y PC\/SC, el lector USB AquaGuard NFC ACR1552U-A2 ofrece comunicaci\u00f3n de alta velocidad de hasta 848 kbps. La carcasa con certificaci\u00f3n IP67 del lector alberga funciones actualizables por firmware USB, lo que ampl\u00eda su versatilidad y rentabilidad en numerosos sectores, incluidos finanzas, atenci\u00f3n m\u00e9dica y gobierno. Este lector NFC con clasificaci\u00f3n IP67 admite de forma inteligente tres modos de NFC: lector\/grabador, emulaci\u00f3n de tarjetas y emulaci\u00f3n de teclado. Su robustez y versatilidad abren una amplia gama de aplicaciones potenciales, como pagos electr\u00f3nicos, sistemas de control de acceso y emisi\u00f3n de billetes de transporte. El lector USB NFC ACR1552U-A2AquaGuard, con soporte IP67, se presenta como una opci\u00f3n resistente y confiable en tecnolog\u00eda NFC.<\/p>\n<ul>\n<li>\n<h2>Interfaz USB 2.0 de velocidad completa<\/h2>\n<\/li>\n<li>\n<h2>Cumplimiento CCID<\/h2>\n<\/li>\n<li>\n<h2>Lector de tarjetas inteligentes sin contacto:<\/h2>\n<ul>\n<li>\n<h3>Velocidad de lectura\/escritura de hasta 848 kbps<\/h3>\n<\/li>\n<li>\n<h3>Antena incorporada para acceso a etiquetas sin contacto, con distancia de lectura de tarjetas de hasta 70 mm (seg\u00fan el tipo de etiqueta)<\/h3>\n<\/li>\n<li>\n<h3>Admite tarjetas ISO 14443 tipo A y B, tarjetas ISO 15693 y NFC ISO18092<\/h3>\n<\/li>\n<li>\n<h3>Admite MIFARE\u00ae (T=CL), FeliCa, etiquetas NFC, SRI\/SRIX, CTS, Innovatron, Picopass, tarjeta Topaz<\/h3>\n<\/li>\n<li>\n<h3>Funci\u00f3n anticolisi\u00f3n incorporada<\/h3>\n<\/li>\n<li>\n<h3>Admite APDU extendida (m\u00e1x. 64 kbytes)<\/h3>\n<\/li>\n<li>\n<h3>Una ranura SAM compatible con ISO7816 (Clase A)<\/h3>\n<\/li>\n<li>\n<h3>Soporte NFC<\/h3>\n<ul>\n<li>\u00a0 \u00a0Modo lector\/escritor de tarjetas inteligentes<\/li>\n<li>\u00a0 \u00a0Modo de emulaci\u00f3n de tarjeta<\/li>\n<li>\u00a0 \u00a0Modo de emulaci\u00f3n de teclado<\/li>\n<\/ul>\n<\/li>\n<\/ul>\n<\/li>\n<li>\n<h2>Interfaz de programaci\u00f3n de aplicaciones:<\/h2>\n<ul>\n<li>\n<h3>Soporta PC\/SC<\/h3>\n<\/li>\n<li>\n<h3>Soporta CT-API (a trav\u00e9s de contenedor en la parte superior de PC\/SC)<\/h3>\n<\/li>\n<\/ul>\n<\/li>\n<li>\n<h2>Perif\u00e9ricos:<\/h2>\n<ul>\n<li>\n<h3>LED bicolor controlable por el usuario (azul y verde)<\/h3>\n<\/li>\n<li>\n<h3>Zumbador controlable por el usuario (mon\u00f3tono)<\/h3>\n<\/li>\n<li>\n<h3>Una ranura SAM<\/h3>\n<\/li>\n<\/ul>\n<\/li>\n<li>\n<h2>Capacidad de actualizaci\u00f3n del firmware USB<\/h2>\n<\/li>\n<\/ul>\n<table width=\"598\">\n<tbody>\n<tr>\n<td colspan=\"2\" width=\"598\">Caracter\u00edsticas f\u00edsicas<\/td>\n<\/tr>\n<tr>\n<td width=\"225\">Dimensiones (mm)<\/td>\n<td width=\"373\">Cuerpo principal: 98 x 65 x 12,8 mm<\/td>\n<\/tr>\n<tr>\n<td width=\"225\">Peso (gramos)<\/td>\n<td width=\"373\">89 gramos<\/td>\n<\/tr>\n<tr>\n<td colspan=\"2\" width=\"598\">Interfaz USB<\/td>\n<\/tr>\n<tr>\n<td width=\"225\">Protocolo<\/td>\n<td width=\"373\">CCID USB<\/td>\n<\/tr>\n<tr>\n<td width=\"225\">tipo de conector<\/td>\n<td width=\"373\">USB tipo A (ACR1552U-A2), USB tipo C (ACR1552U-MF)<\/td>\n<\/tr>\n<tr>\n<td width=\"225\">Fuente de alimentaci\u00f3n<\/td>\n<td width=\"373\">Desde el puerto USB<\/td>\n<\/tr>\n<tr>\n<td width=\"225\">Velocidad<\/td>\n<td width=\"373\">USB de m\u00e1xima velocidad (12 Mbps)<\/td>\n<\/tr>\n<tr>\n<td width=\"225\">Longitud del cable<\/td>\n<td width=\"373\">1m, No desmontable<\/td>\n<\/tr>\n<tr>\n<td colspan=\"2\" width=\"598\">Interfaz de tarjeta inteligente sin contacto<\/td>\n<\/tr>\n<tr>\n<td width=\"225\">Est\u00e1ndar<\/td>\n<td width=\"373\">ISO\/IEC 18092 NFC, ISO 14443 Tipo A y B, ISO 15693, MIFARE\u00ae, FeliCa<\/td>\n<\/tr>\n<tr>\n<td rowspan=\"5\" width=\"225\">Protocolo<\/td>\n<td width=\"373\">Tarjeta compatible con ISO 14443-4, T=CL<\/td>\n<\/tr>\n<tr>\n<td width=\"373\">Tarjeta MIFARE\u00ae Cl\u00e1sica, T=CL<\/td>\n<\/tr>\n<tr>\n<td width=\"373\">ISO 15693<\/td>\n<\/tr>\n<tr>\n<td width=\"373\">Etiquetas NFC ISO 18092<\/td>\n<\/tr>\n<tr>\n<td width=\"373\">FeliCa<\/td>\n<\/tr>\n<tr>\n<td colspan=\"2\" width=\"598\">Perif\u00e9ricos incorporados<\/td>\n<\/tr>\n<tr>\n<td width=\"225\">CONDUJO<\/td>\n<td width=\"373\">1 bicolor: Azul y Verde<\/td>\n<\/tr>\n<tr>\n<td width=\"225\">Zumbador<\/td>\n<td width=\"373\">S\u00ed<\/td>\n<\/tr>\n<tr>\n<td colspan=\"2\" width=\"598\">Otras caracter\u00edsticas<\/td>\n<\/tr>\n<tr>\n<td rowspan=\"4\" width=\"225\">Otras caracter\u00edsticas<\/td>\n<td width=\"373\">Tipos de tarjetas admitidas:<\/td>\n<\/tr>\n<tr>\n<td width=\"373\">ISO 14443 Tipo A y B Partes 1-4, ISO 15693, ISO 18092 NFC, MIFARE\u00ae, FeliCa, SRI\/SRIX, CTS, Innovatron, Picopass, Tarjeta Topaz<\/td>\n<\/tr>\n<tr>\n<td width=\"373\">\u00a0 Funciones NFC:<\/td>\n<\/tr>\n<tr>\n<td width=\"373\">Lector\/grabador de tarjetas inteligentes, emulaci\u00f3n de teclado, emulaci\u00f3n de tarjetas<\/td>\n<\/tr>\n<tr>\n<td width=\"225\">Actualizaci\u00f3n de firmware<\/td>\n<td width=\"373\">Soportado<\/td>\n<\/tr>\n<tr>\n<td colspan=\"2\" width=\"598\">Certificaciones\/Cumplimiento<\/td>\n<\/tr>\n<tr>\n<td rowspan=\"4\" width=\"225\">Certificaciones\/Cumplimiento<\/td>\n<td width=\"373\">Certificaciones:<\/td>\n<\/tr>\n<tr>\n<td width=\"373\">IEC\/EN 62368, CE, UKCA, FCC, VCCI, KC, J-LIS, RoHS, REACH, WEEE, Microsoft\u00ae WHQL, IP67<\/td>\n<\/tr>\n<tr>\n<td width=\"373\">Cumplimiento:<\/td>\n<\/tr>\n<tr>\n<td width=\"373\">USB CCID, PC\/SC<\/td>\n<\/tr>\n<tr>\n<td colspan=\"2\" width=\"598\">Soporte del sistema operativo del controlador del dispositivo<\/td>\n<\/tr>\n<tr>\n<td width=\"225\">Soporte del sistema operativo del controlador del dispositivo<\/td>\n<td width=\"373\">Windows\u00ae, Linux\u00ae, macOS, Android\u2122, iOS\/iPadOS (16 o superior)<\/td>\n<\/tr>\n<tr>\n<td><\/td>\n<td><\/td>\n<\/tr>\n<\/tbody>\n<\/table>","protected":false},"excerpt":{"rendered":"<p>El lector de tarjetas UID USB NFC AquaGuard ACR1552U-A2 es un dispositivo robusto dise\u00f1ado para un rendimiento confiable en entornos desafiantes.<\/p>","protected":false},"featured_media":2770,"template":"","meta":[],"product_brand":[],"product_cat":[45,40],"product_tag":[],"class_list":{"0":"post-2765","1":"product","2":"type-product","3":"status-publish","4":"has-post-thumbnail","6":"product_cat-contactless-nfc-reader","7":"product_cat-rfid-nfc-reader","9":"first","10":"instock","11":"shipping-taxable","12":"product-type-simple"},"_links":{"self":[{"href":"https:\/\/nfc-readers.com\/es\/wp-json\/wp\/v2\/product\/2765","targetHints":{"allow":["GET"]}}],"collection":[{"href":"https:\/\/nfc-readers.com\/es\/wp-json\/wp\/v2\/product"}],"about":[{"href":"https:\/\/nfc-readers.com\/es\/wp-json\/wp\/v2\/types\/product"}],"wp:featuredmedia":[{"embeddable":true,"href":"https:\/\/nfc-readers.com\/es\/wp-json\/wp\/v2\/media\/2770"}],"wp:attachment":[{"href":"https:\/\/nfc-readers.com\/es\/wp-json\/wp\/v2\/media?parent=2765"}],"wp:term":[{"taxonomy":"product_brand","embeddable":true,"href":"https:\/\/nfc-readers.com\/es\/wp-json\/wp\/v2\/product_brand?post=2765"},{"taxonomy":"product_cat","embeddable":true,"href":"https:\/\/nfc-readers.com\/es\/wp-json\/wp\/v2\/product_cat?post=2765"},{"taxonomy":"product_tag","embeddable":true,"href":"https:\/\/nfc-readers.com\/es\/wp-json\/wp\/v2\/product_tag?post=2765"}],"curies":[{"name":"wp","href":"https:\/\/api.w.org\/{rel}","templated":true}]}}