{"id":2773,"date":"2024-06-11T14:17:35","date_gmt":"2024-06-11T14:17:35","guid":{"rendered":"https:\/\/nfc-readers.com\/?post_type=product&#038;p=2773"},"modified":"2024-09-23T06:15:02","modified_gmt":"2024-09-23T06:15:02","slug":"acr1555u-a1-bluetooth-nfc-usb-contactless-reader-writer","status":"publish","type":"product","link":"https:\/\/nfc-readers.com\/es\/ic-reader\/acr1555u-a1-bluetooth-nfc-usb-contactless-reader-writer\/","title":{"rendered":"ACR1555U-A1 Bluetooth NFC USB Lector y escritor sin contacto"},"content":{"rendered":"<h1>ACR1555U-A1 Bluetooth NFC USB Lector y escritor sin contacto<\/h1>\n<div class=\"auto-hide-last-sibling-br paragraph_1252f paragraph-element\">El lector NFC Bluetooth\u00ae ACR1555U-A1 cumple con los est\u00e1ndares ISO 14443 Partes 1-4 e ISO 18092 y admite una amplia gama de tarjetas sin contacto, incluidas tarjetas MIFARE, tarjetas FeliCa\u2122, ISO 7816 Clase A, B y C (5 V, 3V y 1.8V) Tarjetas SAM y etiquetas NFC. El lector admite Bluetooth est\u00e1ndar 5.2 en funcionamiento monomodo y tambi\u00e9n es un dispositivo USB tipo C, lo que garantiza la compatibilidad con varios sistemas operativos como iOS, Android\u2122, Linux y Windows. Para la alimentaci\u00f3n, el ACR1555U est\u00e1 equipado con una bater\u00eda de 450 mAh de 3,7 Bater\u00eda de iones de litio V. Cuenta con 3 LED y un timbre para indicar el estado operativo del dispositivo, junto con 2 botones para controlar la bater\u00eda, el estado del dispositivo y el estado de Bluetooth. Esto convierte al ACR1555U en un lector NFC Bluetooth\u00ae vers\u00e1til y f\u00e1cil de usar, adecuado para una variedad de aplicaciones.<\/div>\n<table width=\"641\">\n<tbody>\n<tr>\n<td colspan=\"2\" width=\"641\">Caracter\u00edsticas f\u00edsicas<\/td>\n<\/tr>\n<tr>\n<td width=\"210\">Dimensiones (mm)<\/td>\n<td width=\"431\">93 mm (largo) x 58 mm (ancho) x 6,0 mm (alto)<\/td>\n<\/tr>\n<tr>\n<td width=\"210\"><\/td>\n<td width=\"431\">94 mm (largo) x 60,2 mm (ancho) x 9,0 mm (alto) (con tarjetero)<\/td>\n<\/tr>\n<tr>\n<td width=\"210\">Peso (gramos)<\/td>\n<td width=\"431\">31,0 g (lector de tarjetas)<\/td>\n<\/tr>\n<tr>\n<td width=\"210\"><\/td>\n<td width=\"431\">39,0 g (con tarjetero)<\/td>\n<\/tr>\n<tr>\n<td colspan=\"2\" width=\"641\">Interfaz Bluetooth<\/td>\n<\/tr>\n<tr>\n<td width=\"210\">Protocolo<\/td>\n<td width=\"431\">Bluetooth\u00ae(Bluetooth 5.2)<\/td>\n<\/tr>\n<tr>\n<td width=\"210\">Fuente de alimentaci\u00f3n<\/td>\n<td width=\"431\">Bater\u00eda recargable de iones de litio (carga a trav\u00e9s de USB)<\/td>\n<\/tr>\n<tr>\n<td colspan=\"2\" width=\"641\">Interfaz USB<\/td>\n<\/tr>\n<tr>\n<td width=\"210\">Protocolo<\/td>\n<td width=\"431\">CCID USB<\/td>\n<\/tr>\n<tr>\n<td width=\"210\">tipo de conector<\/td>\n<td width=\"431\">USB TIPO C<\/td>\n<\/tr>\n<tr>\n<td width=\"210\">Fuente de alimentaci\u00f3n<\/td>\n<td width=\"431\">Desde el puerto USB<\/td>\n<\/tr>\n<tr>\n<td width=\"210\">Velocidad<\/td>\n<td width=\"431\">USB de m\u00e1xima velocidad (12 Mbps)<\/td>\n<\/tr>\n<tr>\n<td width=\"210\">Longitud del cable<\/td>\n<td width=\"431\">1m, Desmontable<\/td>\n<\/tr>\n<tr>\n<td colspan=\"2\" width=\"641\">Interfaz de tarjeta inteligente sin contacto<\/td>\n<\/tr>\n<tr>\n<td width=\"210\">Est\u00e1ndar<\/td>\n<td width=\"431\">ISO\/IEC 18092 NFC, ISO15693, ISO 14443 tipo A y B, MIFARE, FeliCa<\/td>\n<\/tr>\n<tr>\n<td width=\"210\">Protocolo<\/td>\n<td width=\"431\">Tarjeta compatible con ISO 14443-4, T=CL<br \/>\nTarjeta MIFARE Cl\u00e1sica, T=CL<br \/>\nISO 18092, Etiquetas NFC<br \/>\nFeliCa<\/td>\n<\/tr>\n<tr>\n<td colspan=\"2\" width=\"641\">Perif\u00e9ricos incorporados<\/td>\n<\/tr>\n<tr>\n<td width=\"210\">CONDUJO<\/td>\n<td width=\"431\">2 bicolores: rojo y azul, rojo y verde<\/td>\n<\/tr>\n<tr>\n<td width=\"210\">Admite varias funciones NFC<\/td>\n<td width=\"431\"><\/td>\n<\/tr>\n<tr>\n<td width=\"210\"><\/td>\n<td width=\"431\">Modo lector\/escritor de tarjetas<\/td>\n<\/tr>\n<tr>\n<td width=\"210\"><\/td>\n<td width=\"431\">Modo de emulaci\u00f3n de tarjeta<\/td>\n<\/tr>\n<tr>\n<td width=\"210\"><\/td>\n<td width=\"431\">Admite el modo de emulaci\u00f3n de teclado<\/td>\n<\/tr>\n<tr>\n<td colspan=\"2\" width=\"641\">Otras caracter\u00edsticas<\/td>\n<\/tr>\n<tr>\n<td width=\"210\">Cifrado<\/td>\n<td width=\"431\">Algoritmo de cifrado AES 128 en el dispositivo<\/td>\n<\/tr>\n<tr>\n<td width=\"210\">Actualizaci\u00f3n de firmware<\/td>\n<td width=\"431\">Soportado<\/td>\n<\/tr>\n<tr>\n<td colspan=\"2\" width=\"641\">Certificaciones\/Cumplimiento<\/td>\n<\/tr>\n<tr>\n<td rowspan=\"14\" width=\"210\">Certificaciones\/Cumplimiento<\/td>\n<td>EN\/IEC 62368<\/td>\n<\/tr>\n<tr>\n<td>ISO 18092<\/td>\n<\/tr>\n<tr>\n<td>ISO 14443<\/td>\n<\/tr>\n<tr>\n<td>ISO 15693<\/td>\n<\/tr>\n<tr>\n<td>Bluetooth\u00aeBQB<\/td>\n<\/tr>\n<tr>\n<td>KCC<\/td>\n<\/tr>\n<tr>\n<td>Reino Unido<\/td>\n<\/tr>\n<tr>\n<td>CE<\/td>\n<\/tr>\n<tr>\n<td>FCC<\/td>\n<\/tr>\n<tr>\n<td>RoHS<\/td>\n<\/tr>\n<tr>\n<td>ALCANZAR<\/td>\n<\/tr>\n<tr>\n<td>TELEC (Jap\u00f3n)<\/td>\n<\/tr>\n<tr>\n<td>VCCI<\/td>\n<\/tr>\n<tr>\n<td>Microsoft\u00aeWHQL<\/td>\n<\/tr>\n<tr>\n<td colspan=\"2\" width=\"641\">Soporte del sistema operativo del controlador del dispositivo<\/td>\n<\/tr>\n<tr>\n<td rowspan=\"5\" width=\"210\">Soporte del sistema operativo del controlador del dispositivo<\/td>\n<td width=\"431\">Windows\u00ae<\/td>\n<\/tr>\n<tr>\n<td width=\"431\">Linux\u00ae<\/td>\n<\/tr>\n<tr>\n<td width=\"431\">MAC OS\u00ae 10.7 y posterior<\/td>\n<\/tr>\n<tr>\n<td width=\"431\">Android\u2122 4.3 y posterior<\/td>\n<\/tr>\n<tr>\n<td width=\"431\">iOS 8.0 y posterior<\/td>\n<\/tr>\n<\/tbody>\n<\/table>\n<p>&nbsp;<\/p>","protected":false},"excerpt":{"rendered":"<div class=\"auto-hide-last-sibling-br paragraph_1252f paragraph-element\">El ACR1555U-A1 es un lector NFC Bluetooth\u00ae port\u00e1til que permite utilizar tarjetas inteligentes y aplicaciones NFC en movimiento.<\/div>","protected":false},"featured_media":2774,"template":"","meta":[],"product_brand":[],"product_cat":[45,38],"product_tag":[],"class_list":{"0":"post-2773","1":"product","2":"type-product","3":"status-publish","4":"has-post-thumbnail","6":"product_cat-contactless-nfc-reader","7":"product_cat-mobile-ble-nfc-reader","9":"first","10":"instock","11":"shipping-taxable","12":"product-type-simple"},"_links":{"self":[{"href":"https:\/\/nfc-readers.com\/es\/wp-json\/wp\/v2\/product\/2773","targetHints":{"allow":["GET"]}}],"collection":[{"href":"https:\/\/nfc-readers.com\/es\/wp-json\/wp\/v2\/product"}],"about":[{"href":"https:\/\/nfc-readers.com\/es\/wp-json\/wp\/v2\/types\/product"}],"wp:featuredmedia":[{"embeddable":true,"href":"https:\/\/nfc-readers.com\/es\/wp-json\/wp\/v2\/media\/2774"}],"wp:attachment":[{"href":"https:\/\/nfc-readers.com\/es\/wp-json\/wp\/v2\/media?parent=2773"}],"wp:term":[{"taxonomy":"product_brand","embeddable":true,"href":"https:\/\/nfc-readers.com\/es\/wp-json\/wp\/v2\/product_brand?post=2773"},{"taxonomy":"product_cat","embeddable":true,"href":"https:\/\/nfc-readers.com\/es\/wp-json\/wp\/v2\/product_cat?post=2773"},{"taxonomy":"product_tag","embeddable":true,"href":"https:\/\/nfc-readers.com\/es\/wp-json\/wp\/v2\/product_tag?post=2773"}],"curies":[{"name":"wp","href":"https:\/\/api.w.org\/{rel}","templated":true}]}}