{"id":2784,"date":"2024-06-12T02:17:57","date_gmt":"2024-06-12T02:17:57","guid":{"rendered":"https:\/\/nfc-readers.com\/?post_type=product&#038;p=2784"},"modified":"2024-09-23T06:09:10","modified_gmt":"2024-09-23T06:09:10","slug":"acr40t-premium-high-speed-usb-contact-sim-sized-smartcard-reader-writer","status":"publish","type":"product","link":"https:\/\/nfc-readers.com\/es\/ic-reader\/acr40t-premium-high-speed-usb-contact-sim-sized-smartcard-reader-writer\/","title":{"rendered":"Lector y escritor de tarjetas inteligentes de tama\u00f1o SIM de contacto USB de alta velocidad ACR40T Premium"},"content":{"rendered":"<h1>Lector y escritor de tarjetas inteligentes de tama\u00f1o SIM de contacto USB de alta velocidad ACR40T Premium<\/h1>\n<div class=\"auto-hide-last-sibling-br paragraph_1252f paragraph-element\">Presentamos el ACR40T, el \u00faltimo lector compacto de tarjetas inteligentes de tama\u00f1o SIM con contacto USB de alta velocidad. Admite actualizaciones de firmware y es compatible con tarjetas inteligentes ISO 7816 Clase A, B y C (5 V, 3 V, 1,8 V), tarjetas de microprocesador con protocolos T=0 y T=1 y una amplia gama de tarjetas de memoria disponibles. en el mercado.<\/div>\n<div class=\"auto-hide-last-sibling-br paragraph_1252f paragraph-element\">Combinando tecnolog\u00eda avanzada e innovadora, la ventaja distintiva del ACR40T es su dise\u00f1o compacto y su ranura deslizante de entrada para tarjetas inteligentes para una experiencia fluida y sin complicaciones. El dise\u00f1o premium del ACR40T-A6\/A7 incluye un bot\u00f3n incorporado para aplicaciones espec\u00edficas, un caracter\u00edstica crucial para validar la presencia del usuario, asegurando que el usuario est\u00e9 f\u00edsicamente all\u00ed para interactuar con la aplicaci\u00f3n. Cumpliendo con CCID y PC\/SC, as\u00ed como con los est\u00e1ndares WHQL de Microsoft\u00ae, ACR40T es compatible con m\u00faltiples sistemas operativos como Windows\u00ae, Linux\u00ae, MacOS, Android\u2122. Admite conexiones USB tipo A y USB tipo C.<\/div>\n<div>\n<ul>\n<li>\n<h2><strong>Admite varios tipos de tarjetas de contacto<\/strong><\/h2>\n<ul>\n<li>\n<h3>ISO 7816 Clase A, B y C (5 V, 3 V y 1,8 V)<\/h3>\n<\/li>\n<li>\n<h3>Tarjeta de microprocesador (T=0, T=1)<\/h3>\n<\/li>\n<li>\n<h3>Tarjeta de memoria<\/h3>\n<\/li>\n<li>\n<h3>Caracter\u00edsticas Protecci\u00f3n contra cortocircuitos<\/h3>\n<\/li>\n<\/ul>\n<\/li>\n<li>\n<h2><strong>Interfaz de programaci\u00f3n de aplicaciones:<\/strong><\/h2>\n<ul>\n<li>\n<h3>Soporta PC\/SC<\/h3>\n<\/li>\n<\/ul>\n<\/li>\n<li>\n<h2><strong>Perif\u00e9ricos incorporados<\/strong><\/h2>\n<ul>\n<li>\n<h3>1 LED programable (verde)<\/h3>\n<\/li>\n<li>\n<h3>1 bot\u00f3n integrado.<\/h3>\n<\/li>\n<\/ul>\n<\/li>\n<\/ul>\n<table width=\"560\">\n<tbody>\n<tr>\n<td colspan=\"2\" width=\"560\">Caracter\u00edsticas f\u00edsicas<\/td>\n<\/tr>\n<tr>\n<td rowspan=\"2\" width=\"197\">Dimensiones (mm)<\/td>\n<td width=\"363\">ACR40T-A6: 49,5 mm (largo) \u00d7 17,7 mm (ancho) \u00d7 8,0 mm (alto)<\/td>\n<\/tr>\n<tr>\n<td width=\"363\">ACR40T-A7: 45,9 mm (largo) \u00d7 17,7 mm (ancho) \u00d7 8,0 mm (alto)<\/td>\n<\/tr>\n<tr>\n<td rowspan=\"2\" width=\"197\">Peso (gramos)<\/td>\n<td width=\"363\">ACR40T-A6: 8,1 g \u00b1 1,0 g<\/td>\n<\/tr>\n<tr>\n<td width=\"363\">ACR40T-A7: 6,2 g \u00b1 1,0 g<\/td>\n<\/tr>\n<tr>\n<td colspan=\"2\" width=\"560\">Interfaz USB<\/td>\n<\/tr>\n<tr>\n<td width=\"197\">Protocolo<\/td>\n<td width=\"363\">CCID USB<\/td>\n<\/tr>\n<tr>\n<td rowspan=\"2\" width=\"197\">tipo de conector<\/td>\n<td width=\"363\">USB tipo A<\/td>\n<\/tr>\n<tr>\n<td width=\"363\">USB tipo C<\/td>\n<\/tr>\n<tr>\n<td width=\"197\">Fuente de alimentaci\u00f3n<\/td>\n<td width=\"363\">Desde el puerto USB<\/td>\n<\/tr>\n<tr>\n<td width=\"197\">Velocidad<\/td>\n<td width=\"363\">Velocidad m\u00e1xima USB (12 Mbps)<\/td>\n<\/tr>\n<tr>\n<td colspan=\"2\" width=\"560\">Interfaz de tarjeta inteligente de contacto<\/td>\n<\/tr>\n<tr>\n<td width=\"197\">N\u00famero de ranuras<\/td>\n<td width=\"363\">1 ranura para tarjeta del tama\u00f1o de SIM (2FF)<\/td>\n<\/tr>\n<tr>\n<td width=\"197\">Protocolo<\/td>\n<td width=\"363\">T=0; T=1<\/td>\n<\/tr>\n<tr>\n<td colspan=\"2\" width=\"560\">Perif\u00e9ricos incorporados<\/td>\n<\/tr>\n<tr>\n<td width=\"197\">Botones<\/td>\n<td width=\"363\">1<\/td>\n<\/tr>\n<tr>\n<td width=\"197\">CONDUJO<\/td>\n<td width=\"363\">Verde<\/td>\n<\/tr>\n<tr>\n<td colspan=\"2\" width=\"560\">Otras caracter\u00edsticas<\/td>\n<\/tr>\n<tr>\n<td width=\"197\">Otras caracter\u00edsticas<\/td>\n<td width=\"363\">Admite actualizaci\u00f3n de firmware<\/td>\n<\/tr>\n<tr>\n<td colspan=\"2\" width=\"560\">Certificaciones\/Cumplimiento<\/td>\n<\/tr>\n<tr>\n<td rowspan=\"12\" width=\"197\">Certificaciones\/Cumplimiento<\/td>\n<td width=\"363\">Certificaciones:<\/td>\n<\/tr>\n<tr>\n<td width=\"363\">UL 62368<\/td>\n<\/tr>\n<tr>\n<td width=\"363\">CE<\/td>\n<\/tr>\n<tr>\n<td width=\"363\">Reino Unido<\/td>\n<\/tr>\n<tr>\n<td width=\"363\">FCC<\/td>\n<\/tr>\n<tr>\n<td width=\"363\">RoHS<\/td>\n<\/tr>\n<tr>\n<td width=\"363\">ALCANZAR<\/td>\n<\/tr>\n<tr>\n<td width=\"363\">VCCI<\/td>\n<\/tr>\n<tr>\n<td width=\"363\">Microsoft\u00aeWHQL<\/td>\n<\/tr>\n<tr>\n<td width=\"363\">Cumplimientos:<\/td>\n<\/tr>\n<tr>\n<td width=\"363\">CCID USB<\/td>\n<\/tr>\n<tr>\n<td width=\"363\">PC\/SC<\/td>\n<\/tr>\n<tr>\n<td colspan=\"2\" width=\"560\">Soporte del sistema operativo del controlador del dispositivo<\/td>\n<\/tr>\n<tr>\n<td rowspan=\"4\" width=\"197\">Soporte del sistema operativo del controlador del dispositivo<\/td>\n<td width=\"363\">Windows\u00ae<\/td>\n<\/tr>\n<tr>\n<td width=\"363\">Linux\u00ae<\/td>\n<\/tr>\n<tr>\n<td width=\"363\">Mac OS<\/td>\n<\/tr>\n<tr>\n<td width=\"363\">Android\u2122<\/td>\n<\/tr>\n<\/tbody>\n<\/table>\n<\/div>","protected":false},"excerpt":{"rendered":"<div class=\"auto-hide-last-sibling-br paragraph_1252f paragraph-element\">El ACR40T es un lector de tarjetas inteligentes CCID compacto que admite varias tarjetas inteligentes y es compatible con m\u00faltiples sistemas operativos.<\/div>","protected":false},"featured_media":2785,"template":"","meta":[],"product_brand":[],"product_cat":[39],"product_tag":[],"class_list":{"0":"post-2784","1":"product","2":"type-product","3":"status-publish","4":"has-post-thumbnail","6":"product_cat-usb-ic-smartcard-reader","8":"first","9":"instock","10":"shipping-taxable","11":"product-type-simple"},"_links":{"self":[{"href":"https:\/\/nfc-readers.com\/es\/wp-json\/wp\/v2\/product\/2784","targetHints":{"allow":["GET"]}}],"collection":[{"href":"https:\/\/nfc-readers.com\/es\/wp-json\/wp\/v2\/product"}],"about":[{"href":"https:\/\/nfc-readers.com\/es\/wp-json\/wp\/v2\/types\/product"}],"wp:featuredmedia":[{"embeddable":true,"href":"https:\/\/nfc-readers.com\/es\/wp-json\/wp\/v2\/media\/2785"}],"wp:attachment":[{"href":"https:\/\/nfc-readers.com\/es\/wp-json\/wp\/v2\/media?parent=2784"}],"wp:term":[{"taxonomy":"product_brand","embeddable":true,"href":"https:\/\/nfc-readers.com\/es\/wp-json\/wp\/v2\/product_brand?post=2784"},{"taxonomy":"product_cat","embeddable":true,"href":"https:\/\/nfc-readers.com\/es\/wp-json\/wp\/v2\/product_cat?post=2784"},{"taxonomy":"product_tag","embeddable":true,"href":"https:\/\/nfc-readers.com\/es\/wp-json\/wp\/v2\/product_tag?post=2784"}],"curies":[{"name":"wp","href":"https:\/\/api.w.org\/{rel}","templated":true}]}}