{"id":2875,"date":"2024-07-02T01:48:57","date_gmt":"2024-07-02T01:48:57","guid":{"rendered":"https:\/\/nfc-readers.com\/?post_type=product&#038;p=2875"},"modified":"2024-09-23T05:44:47","modified_gmt":"2024-09-23T05:44:47","slug":"acr39t-a5-usb-type-c-contact-sim-sized-smartcard-reader-writer","status":"publish","type":"product","link":"https:\/\/nfc-readers.com\/es\/ic-reader\/acr39t-a5-usb-type-c-contact-sim-sized-smartcard-reader-writer\/","title":{"rendered":"Lector y grabador de tarjetas inteligentes con puerto USB tipo C ACR39T-A5 con conector de tipo C y conector de tipo SIM"},"content":{"rendered":"<h1>Lector y grabador de tarjetas inteligentes con puerto USB tipo C ACR39T-A5 con conector de tipo C y conector de tipo SIM<\/h1>\n<div class=\"auto-hide-last-sibling-br paragraph_9dc5f paragraph-element\">El ACR39T-A5 representa un gran avance en el \u00e1mbito de los lectores de tarjetas inteligentes, ya que muestra tanto tecnolog\u00eda avanzada como dise\u00f1o contempor\u00e1neo. Este lector de tarjetas inteligentes del tama\u00f1o de una tarjeta SIM puede ser compacto, pero est\u00e1 repleto de numerosas funciones. Combinando tecnolog\u00eda de vanguardia con un dise\u00f1o elegante, el ACR39T-A5 est\u00e1 dise\u00f1ado para cumplir con los estrictos requisitos en diversas aplicaciones de tarjetas inteligentes. El ACR39T-A5 es compatible con tarjetas inteligentes ISO 7816 Clase A, B y C (que funcionan a 5 V, 3 V y 1,8 V) y maneja de manera eficiente una amplia gama de tarjetas de memoria y tarjetas de microprocesador que utilizan el protocolo T=0 y T=1. Con una interfaz USB Full Speed con un conector USB Tipo C, el dispositivo admite velocidades de lectura\/escritura de tarjetas inteligentes de hasta 600 Kbps. Esto lo convierte en una excelente opci\u00f3n para una variedad de soluciones, incluido el control de acceso f\u00edsico y l\u00f3gico, las firmas digitales y la banca en l\u00ednea.<\/div>\n<div>\n<ul>\n<li>\n<h2>Interfaz USB 2.0 de velocidad completa<\/h2>\n<\/li>\n<li>\n<h2>Conector USB tipo C<\/h2>\n<\/li>\n<li>\n<h2>Plug and Play: la compatibilidad con CCID aporta la m\u00e1xima movilidad<\/h2>\n<\/li>\n<li>\n<h2>Lector de tarjetas inteligentes:<\/h2>\n<ul>\n<li>\n<h3>Admite tarjetas ISO 7816 Clase A, B y C (5 V, 3 V, 1,8 V)<\/h3>\n<\/li>\n<li>\n<h3>Soporta tarjetas de microprocesador con protocolo T=0 o T=1<\/h3>\n<\/li>\n<li>\n<h3>Soporta tarjetas de memoria<\/h3>\n<\/li>\n<li>\n<h3>Admite PPS (selecci\u00f3n de protocolos y par\u00e1metros)<\/h3>\n<\/li>\n<li>\n<h3>Cuenta con protecci\u00f3n contra cortocircuitos<\/h3>\n<\/li>\n<\/ul>\n<\/li>\n<li>\n<h2>Interfaz de programaci\u00f3n de aplicaciones:<\/h2>\n<ul>\n<li>\n<h3>Soporta PC\/SC<\/h3>\n<\/li>\n<li>\n<h3>Soporta CT-API (a trav\u00e9s de contenedor en la parte superior de PC\/SC)<\/h3>\n<\/li>\n<\/ul>\n<\/li>\n<li>\n<h2>Compatible con Android\u2122 3.1 y posteriores<\/h2>\n<\/li>\n<\/ul>\n<table width=\"636\">\n<tbody>\n<tr>\n<td colspan=\"2\" width=\"636\">\n<h2>Caracter\u00edsticas f\u00edsicas<\/h2>\n<\/td>\n<\/tr>\n<tr>\n<td width=\"223\">Dimensiones (mm)<\/td>\n<td width=\"413\">49,5 mm (largo) \u00d7 21,5 mm (ancho) \u00d7 9,0 mm (alto)<\/td>\n<\/tr>\n<tr>\n<td width=\"223\">Peso (gramos)<\/td>\n<td width=\"413\">7 gramos<\/td>\n<\/tr>\n<tr>\n<td colspan=\"2\" width=\"636\">Interfaz USB<\/td>\n<\/tr>\n<tr>\n<td width=\"223\">Protocolo<\/td>\n<td width=\"413\">CCID USB<\/td>\n<\/tr>\n<tr>\n<td width=\"223\">tipo de conector<\/td>\n<td width=\"413\">Est\u00e1ndar tipo C<\/td>\n<\/tr>\n<tr>\n<td width=\"223\">Fuente de alimentaci\u00f3n<\/td>\n<td width=\"413\">Desde el puerto USB<\/td>\n<\/tr>\n<tr>\n<td width=\"223\">Velocidad<\/td>\n<td width=\"413\">USB de m\u00e1xima velocidad (12 Mbps)<\/td>\n<\/tr>\n<tr>\n<td colspan=\"2\" width=\"636\">Interfaz de tarjeta inteligente de contacto<\/td>\n<\/tr>\n<tr>\n<td width=\"223\">N\u00famero de ranuras<\/td>\n<td width=\"413\">1 ranura para tarjeta del tama\u00f1o de una tarjeta SIM<\/td>\n<\/tr>\n<tr>\n<td width=\"223\">Est\u00e1ndar<\/td>\n<td width=\"413\">ISO 7816 Partes 1-4, Clase A, B, C (5 V, 3 V, 1,8 V)<\/td>\n<\/tr>\n<tr>\n<td width=\"223\">Protocolo<\/td>\n<td width=\"413\">T=0; T=1; Soporte de tarjeta de memoria<\/td>\n<\/tr>\n<tr>\n<td colspan=\"2\" width=\"636\">Perif\u00e9ricos incorporados<\/td>\n<\/tr>\n<tr>\n<td width=\"223\">CONDUJO<\/td>\n<td width=\"413\">1 monocolor: Verde<\/td>\n<\/tr>\n<tr>\n<td colspan=\"2\" width=\"636\">Certificaciones\/Cumplimiento<\/td>\n<\/tr>\n<tr>\n<td rowspan=\"13\" width=\"223\">Certificaciones\/Cumplimiento<\/td>\n<td width=\"413\">EN62368\/CEI 62368<\/td>\n<\/tr>\n<tr>\n<td width=\"413\">CE<\/td>\n<\/tr>\n<tr>\n<td width=\"413\">FCC<\/td>\n<\/tr>\n<tr>\n<td width=\"413\">RoHS<\/td>\n<\/tr>\n<tr>\n<td width=\"413\">ALCANZAR<\/td>\n<\/tr>\n<tr>\n<td width=\"413\">Reino Unido<\/td>\n<\/tr>\n<tr>\n<td width=\"413\">VCCI<\/td>\n<\/tr>\n<tr>\n<td width=\"413\">RAEE<\/td>\n<\/tr>\n<tr>\n<td width=\"413\">ISO 7816<\/td>\n<\/tr>\n<tr>\n<td width=\"413\">USB 2.0 de m\u00e1xima velocidad<\/td>\n<\/tr>\n<tr>\n<td width=\"413\">PC\/SC<\/td>\n<\/tr>\n<tr>\n<td width=\"413\">CCID<\/td>\n<\/tr>\n<tr>\n<td width=\"413\">Microsoft\u00aeWHQL<\/td>\n<\/tr>\n<tr>\n<td colspan=\"2\" width=\"636\">Soporte del sistema operativo del controlador del dispositivo<\/td>\n<\/tr>\n<tr>\n<td rowspan=\"4\" width=\"223\">Soporte del sistema operativo del controlador del dispositivo<\/td>\n<td width=\"413\">Windows\u00ae<\/td>\n<\/tr>\n<tr>\n<td width=\"413\">Linux\u00ae<\/td>\n<\/tr>\n<tr>\n<td width=\"413\">macOS\u00ae 10.7 y posteriores<\/td>\n<\/tr>\n<tr>\n<td width=\"413\">Android\u2122 3.1 y posteriores Solaris\u2122<\/td>\n<\/tr>\n<\/tbody>\n<\/table>\n<\/div>\n<div><\/div>","protected":false},"excerpt":{"rendered":"<div class=\"auto-hide-last-sibling-br paragraph_9dc5f paragraph-element\">El ACR39T-A5 es un lector de tarjetas SIM compacto que utiliza tecnolog\u00eda avanzada para operaciones eficientes con tarjetas inteligentes.<\/div>","protected":false},"featured_media":2876,"template":"","meta":[],"product_brand":[],"product_cat":[39],"product_tag":[],"class_list":{"0":"post-2875","1":"product","2":"type-product","3":"status-publish","4":"has-post-thumbnail","6":"product_cat-usb-ic-smartcard-reader","8":"first","9":"instock","10":"shipping-taxable","11":"product-type-simple"},"_links":{"self":[{"href":"https:\/\/nfc-readers.com\/es\/wp-json\/wp\/v2\/product\/2875","targetHints":{"allow":["GET"]}}],"collection":[{"href":"https:\/\/nfc-readers.com\/es\/wp-json\/wp\/v2\/product"}],"about":[{"href":"https:\/\/nfc-readers.com\/es\/wp-json\/wp\/v2\/types\/product"}],"wp:featuredmedia":[{"embeddable":true,"href":"https:\/\/nfc-readers.com\/es\/wp-json\/wp\/v2\/media\/2876"}],"wp:attachment":[{"href":"https:\/\/nfc-readers.com\/es\/wp-json\/wp\/v2\/media?parent=2875"}],"wp:term":[{"taxonomy":"product_brand","embeddable":true,"href":"https:\/\/nfc-readers.com\/es\/wp-json\/wp\/v2\/product_brand?post=2875"},{"taxonomy":"product_cat","embeddable":true,"href":"https:\/\/nfc-readers.com\/es\/wp-json\/wp\/v2\/product_cat?post=2875"},{"taxonomy":"product_tag","embeddable":true,"href":"https:\/\/nfc-readers.com\/es\/wp-json\/wp\/v2\/product_tag?post=2875"}],"curies":[{"name":"wp","href":"https:\/\/api.w.org\/{rel}","templated":true}]}}