{"id":3178,"date":"2024-10-29T13:08:37","date_gmt":"2024-10-29T13:08:37","guid":{"rendered":"https:\/\/nfc-readers.com\/?post_type=product&#038;p=3178"},"modified":"2024-10-29T14:04:44","modified_gmt":"2024-10-29T14:04:44","slug":"optional-random-id-mifare-ultralight-aes-sticker-iso1443a","status":"publish","type":"product","link":"https:\/\/nfc-readers.com\/es\/ic-reader\/optional-random-id-mifare-ultralight-aes-sticker-iso1443a\/","title":{"rendered":"Etiqueta adhesiva Mifare Ultralight AES con identificaci\u00f3n aleatoria opcional ISO1443A"},"content":{"rendered":"<h1><strong>Etiqueta adhesiva Mifare Ultralight AES con identificaci\u00f3n aleatoria opcional ISO1443A<\/strong><\/h1>\n<p>El\u00a0<strong>Etiqueta adhesiva Mifare Ultralight AES con identificaci\u00f3n aleatoria opcional ISO14443A<\/strong>\u00a0representa la vanguardia de la tecnolog\u00eda moderna de emisi\u00f3n de boletos y control de acceso. Al combinar los beneficios de la comunicaci\u00f3n RFID y NFC, esta vers\u00e1til tarjeta inteligente garantiza una alta seguridad y comodidad, lo que la hace ideal para diversas aplicaciones, como emisi\u00f3n de boletos para eventos y tarjetas de fidelidad. Si est\u00e1 buscando una soluci\u00f3n confiable que se destaque en rendimiento y brinde experiencias de usuario perfectas, no busque m\u00e1s que este innovador producto.<\/p>\n<h2>\u00bfPor qu\u00e9 elegir la pegatina Mifare Ultralight AES?<\/h2>\n<p>La etiqueta adhesiva AES Ultralight de Mifare est\u00e1 dise\u00f1ada para mejorar la seguridad y la facilidad de uso en una gran variedad de casos de uso. Con su cifrado AES, sus datos est\u00e1n protegidos contra el acceso no autorizado, lo que garantiza su tranquilidad. El dise\u00f1o compacto permite una f\u00e1cil integraci\u00f3n en los sistemas existentes, mientras que el amplio rango de lectura (hasta 100 cm) ofrece una comodidad incomparable. Invertir en este producto significa invertir en tecnolog\u00eda de vanguardia que satisface una variedad de necesidades.<\/p>\n<h3><strong>Alta seguridad con cifrado AES<\/strong><\/h3>\n<p>En el centro de la etiqueta AES Ultralight de Mifare se encuentra la seguridad de alto nivel que proporciona a trav\u00e9s de\u00a0<strong>AES (Est\u00e1ndar de cifrado avanzado)<\/strong>Esta tecnolog\u00eda de cifrado de \u00faltima generaci\u00f3n protege los datos del usuario y garantiza una comunicaci\u00f3n segura entre la etiqueta y los lectores de tarjetas. A medida que las preocupaciones por la seguridad siguen aumentando en el panorama digital actual, contar con una soluci\u00f3n de tarjeta inteligente confiable es esencial para las empresas que buscan proteger la informaci\u00f3n confidencial.<\/p>\n<h3><strong>\u00c1reas de aplicaci\u00f3n vers\u00e1tiles<\/strong><\/h3>\n<p>La etiqueta adhesiva AES ultraligera Mifare no es solo una tarjeta inteligente, es una soluci\u00f3n vers\u00e1til que se puede utilizar en diversas aplicaciones, como la emisi\u00f3n de entradas para eventos, programas de fidelizaci\u00f3n, tarjetas de transporte y sistemas de control de acceso.\u00a0<strong>ISO 14443A<\/strong>\u00a0El cumplimiento garantiza compatibilidad global, lo que lo hace altamente adaptable para las empresas que buscan optimizar sus operaciones y mejorar las experiencias de los usuarios.<\/p>\n<h3><strong>Dise\u00f1o compacto y personalizable<\/strong><\/h3>\n<p>El\u00a0<strong>Tama\u00f1o de 30 mm<\/strong>\u00a0La etiqueta adhesiva Mifare Ultralight AES se puede colocar f\u00e1cilmente en diversos art\u00edculos, desde insignias hasta llaveros. Sus opciones personalizables brindan a las empresas la oportunidad de incorporar la marca sin problemas, lo que garantiza que cada etiqueta no solo funcione de manera eficiente, sino que tambi\u00e9n represente su marca de manera efectiva.<\/p>\n<table class=\"preview\" style=\"height: 270px;\" width=\"553\">\n<thead>\n<tr>\n<th>Caracter\u00edstica<\/th>\n<th>Especificaci\u00f3n<\/th>\n<\/tr>\n<\/thead>\n<tbody>\n<tr>\n<td>Material<\/td>\n<td>Papel PET\/recubierto<\/td>\n<\/tr>\n<tr>\n<td>Chip<\/td>\n<td>AES ultraligero<\/td>\n<\/tr>\n<tr>\n<td>Frecuencia<\/td>\n<td>13,56 MHz<\/td>\n<\/tr>\n<tr>\n<td>Rango de lectura<\/td>\n<td>0-100 cent\u00edmetros<\/td>\n<\/tr>\n<tr>\n<td>Memoria<\/td>\n<td>144 bytes<\/td>\n<\/tr>\n<tr>\n<td>Protocolo<\/td>\n<td>ISO 14443A<\/td>\n<\/tr>\n<tr>\n<td>Venta de unidades<\/td>\n<td>Art\u00edculo \u00fanico<\/td>\n<\/tr>\n<tr>\n<td>Tama\u00f1o del embalaje<\/td>\n<td>0,1 x 0,1 x 0,02 cm<\/td>\n<\/tr>\n<tr>\n<td>Peso bruto<\/td>\n<td>0,010 kilogramos<\/td>\n<\/tr>\n<\/tbody>\n<\/table>\n<p>&nbsp;<\/p>","protected":false},"excerpt":{"rendered":"<p>La etiqueta AES Ultralight MIFARE de identificaci\u00f3n aleatoria opcional, compatible con la norma ISO 14443A, ofrece funciones de seguridad mejoradas y una gesti\u00f3n de datos flexible para soluciones de identificaci\u00f3n y control de acceso eficaces. Su dise\u00f1o compacto permite una f\u00e1cil integraci\u00f3n en diversas aplicaciones al tiempo que garantiza un rendimiento confiable.<\/p>","protected":false},"featured_media":3179,"template":"","meta":[],"product_brand":[],"product_cat":[48],"product_tag":[],"class_list":{"0":"post-3178","1":"product","2":"type-product","3":"status-publish","4":"has-post-thumbnail","6":"product_cat-nfc-stickers","8":"first","9":"instock","10":"shipping-taxable","11":"product-type-simple"},"_links":{"self":[{"href":"https:\/\/nfc-readers.com\/es\/wp-json\/wp\/v2\/product\/3178","targetHints":{"allow":["GET"]}}],"collection":[{"href":"https:\/\/nfc-readers.com\/es\/wp-json\/wp\/v2\/product"}],"about":[{"href":"https:\/\/nfc-readers.com\/es\/wp-json\/wp\/v2\/types\/product"}],"wp:featuredmedia":[{"embeddable":true,"href":"https:\/\/nfc-readers.com\/es\/wp-json\/wp\/v2\/media\/3179"}],"wp:attachment":[{"href":"https:\/\/nfc-readers.com\/es\/wp-json\/wp\/v2\/media?parent=3178"}],"wp:term":[{"taxonomy":"product_brand","embeddable":true,"href":"https:\/\/nfc-readers.com\/es\/wp-json\/wp\/v2\/product_brand?post=3178"},{"taxonomy":"product_cat","embeddable":true,"href":"https:\/\/nfc-readers.com\/es\/wp-json\/wp\/v2\/product_cat?post=3178"},{"taxonomy":"product_tag","embeddable":true,"href":"https:\/\/nfc-readers.com\/es\/wp-json\/wp\/v2\/product_tag?post=3178"}],"curies":[{"name":"wp","href":"https:\/\/api.w.org\/{rel}","templated":true}]}}