{"id":3186,"date":"2024-10-29T13:27:39","date_gmt":"2024-10-29T13:27:39","guid":{"rendered":"https:\/\/nfc-readers.com\/?post_type=product&#038;p=3186"},"modified":"2024-10-29T13:59:52","modified_gmt":"2024-10-29T13:59:52","slug":"dia-30mm-ntag-424-dna-nfc-sticker-tamper-proof-high-security","status":"publish","type":"product","link":"https:\/\/nfc-readers.com\/es\/ic-reader\/dia-30mm-ntag-424-dna-nfc-sticker-tamper-proof-high-security\/","title":{"rendered":"Adhesivo NFC NTAG 424 DNA de 30 mm de di\u00e1metro, a prueba de manipulaciones, alta seguridad"},"content":{"rendered":"<h2><strong>Adhesivo NFC NTAG 424 DNA de 30 mm de di\u00e1metro, a prueba de manipulaciones, alta seguridad<\/strong><\/h2>\n<p>Descubra el siguiente nivel de comunicaci\u00f3n segura con el <strong>Adhesivo NFC de ADN NTAG 424 de 30 mm de di\u00e1metro<\/strong>Dise\u00f1ado para empresas que buscan mejorar sus medidas de seguridad, este\u00a0<strong>Tarjeta NFC<\/strong>\u00a0Utiliza tecnolog\u00eda de vanguardia que no solo evita la manipulaci\u00f3n, sino que tambi\u00e9n garantiza una trazabilidad perfecta. Ya sea que trabaje en la industria del vino y haga hincapi\u00e9 en las medidas contra la falsificaci\u00f3n o en cualquier otro sector que necesite protecci\u00f3n avanzada, esta vers\u00e1til etiqueta NFC es un recurso invaluable.<\/p>\n<p>&nbsp;<\/p>\n<h2><strong>Principales ventajas de la etiqueta adhesiva NFC NTAG 424 DNA de 30 mm de di\u00e1metro<\/strong><\/h2>\n<p>El\u00a0<strong>Adhesivo NFC NTAG 424 DNA<\/strong>\u00a0integra caracter\u00edsticas estelares para brindar seguridad y conveniencia de primer nivel. Su flexibilidad y facilidad de uso lo convierten en una soluci\u00f3n destacada para las empresas que buscan una mejor comunicaci\u00f3n y trazabilidad. Con la capacidad de transportar informaci\u00f3n vital de forma segura, estos\u00a0<strong>Productos NFC<\/strong>\u00a0Vienen equipados con seguridad AES de 128 bits, lo que los hace resistentes a las falsificaciones. Al invertir en este innovador producto, no solo est\u00e1 protegiendo la integridad de su marca, sino que tambi\u00e9n mejora la confianza de los clientes.<\/p>\n<p>&nbsp;<\/p>\n<h3><strong>Soluci\u00f3n innovadora para tarjetas de presentaci\u00f3n NFC<\/strong><\/h3>\n<p>El\u00a0<strong>Adhesivo NFC de ADN NTAG 424 de 30 mm de di\u00e1metro<\/strong>\u00a0redefine la forma en que percibimos las tarjetas de presentaci\u00f3n tradicionales.\u00a0<strong>Tarjeta de presentaci\u00f3n digital<\/strong>Permite a los usuarios &quot;tocar&quot; sus tel\u00e9fonos inteligentes para recopilar informaci\u00f3n de contacto sin esfuerzo. Olv\u00eddese de la molestia de llevar varias tarjetas de papel; con un simple toque, los clientes pueden acceder a sus perfiles de redes sociales y detalles de contacto en un instante.\u00a0<strong>Tarjeta de presentaci\u00f3n NFC<\/strong>\u00a0No solo mejora la imagen profesional de su marca, sino que tambi\u00e9n muestra su compromiso con la adopci\u00f3n de tecnolog\u00eda moderna.<\/p>\n<p>Adem\u00e1s, estos\u00a0<strong>Tarjetas NFC<\/strong>\u00a0Son perfectos para eventos de networking en los que las primeras impresiones importan. Le permiten destacarse en un entorno competitivo al hacer que el intercambio de informaci\u00f3n sea interactivo y memorable.<\/p>\n<p>&nbsp;<\/p>\n<h3><strong>Preguntas frecuentes (FAQ)<\/strong><\/h3>\n<p><strong>P: \u00bfC\u00f3mo uso la pegatina NFC?<\/strong><br \/>\nR: Simplemente toque la pegatina con su tel\u00e9fono inteligente y la informaci\u00f3n incorporada aparecer\u00e1 en la pantalla.<\/p>\n<p><strong>P: \u00bfLas pegatinas NFC son personalizables?<\/strong><br \/>\nR: S\u00ed, ofrecemos dise\u00f1os personalizables, incluidos logotipos y opciones de texto, lo que le permite crear una experiencia NFC \u00fanica.<\/p>\n<p><strong>P: \u00bfCu\u00e1l es la vida \u00fatil de la etiqueta NFC NTAG 424 DNA de 30 mm de di\u00e1metro?<\/strong><br \/>\nR: Con una resistencia de escritura de 200.000 ciclos, estas pegatinas est\u00e1n dise\u00f1adas para un uso y una fiabilidad a largo plazo.<\/p>\n<p><strong>P: \u00bfPuedo usar estas pegatinas para promociones?<\/strong><br \/>\nR: \u00a1Por supuesto! Son perfectos para campa\u00f1as promocionales interactivas y se pueden utilizar para compartir ofertas, descuentos o informaci\u00f3n de productos.<\/p>\n<p>&nbsp;<\/p>\n<p>&nbsp;<\/p>\n<h3><strong>Especificaciones t\u00e9cnicas de la tarjeta NFC<\/strong><\/h3>\n<table class=\"preview\" style=\"height: 299px;\" width=\"532\">\n<thead>\n<tr>\n<th><strong>Caracter\u00edstica<\/strong><\/th>\n<th><strong>Detalles<\/strong><\/th>\n<\/tr>\n<\/thead>\n<tbody>\n<tr>\n<td><strong>Tipo de chip<\/strong><\/td>\n<td>NTAG 424 ADN<\/td>\n<\/tr>\n<tr>\n<td><strong>Memoria<\/strong><\/td>\n<td>416 bytes<\/td>\n<\/tr>\n<tr>\n<td><strong>Seguridad<\/strong><\/td>\n<td>AES de 128 bits, LRP<\/td>\n<\/tr>\n<tr>\n<td><strong>Teclas de acceso<\/strong><\/td>\n<td>5 x 128 bits<\/td>\n<\/tr>\n<tr>\n<td><strong>Escribe Resistencia<\/strong><\/td>\n<td>200.000 ciclos<\/td>\n<\/tr>\n<tr>\n<td><strong>Interface de comunicaci\u00f3n<\/strong><\/td>\n<td>Foro NFC Tipo 4<\/td>\n<\/tr>\n<tr>\n<td><strong>Material<\/strong><\/td>\n<td>MASCOTA<\/td>\n<\/tr>\n<tr>\n<td><strong>Tama\u00f1o de la antena<\/strong><\/td>\n<td>Di\u00e1metro 30 mm<\/td>\n<\/tr>\n<tr>\n<td><strong>Embalaje<\/strong><\/td>\n<td>1000-5000 piezas\/rollo<\/td>\n<\/tr>\n<tr>\n<td><strong>Certificaci\u00f3n<\/strong><\/td>\n<td>ISO14443A, ISO15693<\/td>\n<\/tr>\n<\/tbody>\n<\/table>\n<p>&nbsp;<\/p>","protected":false},"excerpt":{"rendered":"<p>La etiqueta adhesiva NFC NTAG 424 DNA de 30 mm de di\u00e1metro ofrece alta seguridad con tecnolog\u00eda a prueba de manipulaciones, lo que garantiza una protecci\u00f3n de datos confiable y una experiencia de usuario sin inconvenientes. \u00a1Ideal para empresas que necesitan soluciones seguras!<\/p>","protected":false},"featured_media":3188,"template":"","meta":[],"product_brand":[],"product_cat":[48],"product_tag":[],"class_list":{"0":"post-3186","1":"product","2":"type-product","3":"status-publish","4":"has-post-thumbnail","6":"product_cat-nfc-stickers","8":"first","9":"instock","10":"shipping-taxable","11":"product-type-simple"},"_links":{"self":[{"href":"https:\/\/nfc-readers.com\/es\/wp-json\/wp\/v2\/product\/3186","targetHints":{"allow":["GET"]}}],"collection":[{"href":"https:\/\/nfc-readers.com\/es\/wp-json\/wp\/v2\/product"}],"about":[{"href":"https:\/\/nfc-readers.com\/es\/wp-json\/wp\/v2\/types\/product"}],"wp:featuredmedia":[{"embeddable":true,"href":"https:\/\/nfc-readers.com\/es\/wp-json\/wp\/v2\/media\/3188"}],"wp:attachment":[{"href":"https:\/\/nfc-readers.com\/es\/wp-json\/wp\/v2\/media?parent=3186"}],"wp:term":[{"taxonomy":"product_brand","embeddable":true,"href":"https:\/\/nfc-readers.com\/es\/wp-json\/wp\/v2\/product_brand?post=3186"},{"taxonomy":"product_cat","embeddable":true,"href":"https:\/\/nfc-readers.com\/es\/wp-json\/wp\/v2\/product_cat?post=3186"},{"taxonomy":"product_tag","embeddable":true,"href":"https:\/\/nfc-readers.com\/es\/wp-json\/wp\/v2\/product_tag?post=3186"}],"curies":[{"name":"wp","href":"https:\/\/api.w.org\/{rel}","templated":true}]}}