{"id":3195,"date":"2024-10-29T13:40:47","date_gmt":"2024-10-29T13:40:47","guid":{"rendered":"https:\/\/nfc-readers.com\/?post_type=product&#038;p=3195"},"modified":"2024-10-29T14:03:42","modified_gmt":"2024-10-29T14:03:42","slug":"iso14443a-pet-wet-inlay-nfc-sticker-dia30mm-for-smart-phone","status":"publish","type":"product","link":"https:\/\/nfc-readers.com\/es\/ic-reader\/iso14443a-pet-wet-inlay-nfc-sticker-dia30mm-for-smart-phone\/","title":{"rendered":"Etiqueta adhesiva NFC con incrustaci\u00f3n h\u00fameda de PET ISO14443A de 30 mm de di\u00e1metro para tel\u00e9fonos inteligentes"},"content":{"rendered":"<h2 style=\"text-align: center;\"><strong>Etiqueta adhesiva NFC con incrustaci\u00f3n h\u00fameda de PET ISO14443A de 30 mm de di\u00e1metro para tel\u00e9fonos inteligentes<\/strong><\/h2>\n<p>&nbsp;<\/p>\n<p>En el acelerado mundo digital actual, la comunicaci\u00f3n debe ser fluida y eficiente.\u00a0<strong>Etiqueta adhesiva NFC con incrustaci\u00f3n h\u00fameda de PET ISO14443A de 30 mm de di\u00e1metro para tel\u00e9fonos inteligentes<\/strong>\u00a0Est\u00e1 dise\u00f1ada para revolucionar la forma en que comparte su informaci\u00f3n. Ya sea que sea propietario de una empresa, un profesional creativo o alguien que busca simplificar el intercambio de contactos, esta tarjeta NFC ofrece una gran cantidad de beneficios que la convierten en una herramienta indispensable. Con su construcci\u00f3n resistente al agua, funciones personalizables y compatibilidad con todos los tel\u00e9fonos inteligentes, no solo es una soluci\u00f3n pr\u00e1ctica, sino tambi\u00e9n una adici\u00f3n elegante a su conjunto de herramientas de red.<\/p>\n<p>\u00a1Imagina compartir tus datos de contacto, perfiles de redes sociales o enlaces personalizados simplemente tocando tu tel\u00e9fono inteligente con esta etiqueta NFC! Profundicemos en lo que hace que este producto NFC se destaque y por qu\u00e9 deber\u00edas considerar incorporarlo a tu arsenal digital.<\/p>\n<p>&nbsp;<\/p>\n<h3><strong>Caracter\u00edsticas principales de la tarjeta de presentaci\u00f3n NFC<\/strong><\/h3>\n<p>El\u00a0<strong>Tarjeta de presentaci\u00f3n NFC<\/strong>\u00a0trasciende las tarjetas tradicionales a trav\u00e9s de sus impresionantes caracter\u00edsticas que agregan valor a sus interacciones profesionales. Equipado con\u00a0<strong>Fichas NTAG<\/strong>\u00a0(213, 215, 216), este producto NFC permite una transferencia de datos sin problemas, lo que le permite compartir informaci\u00f3n esencial sin las molestias de las tarjetas de papel. Su durabilidad tambi\u00e9n garantiza que resista diversas condiciones ambientales, lo que lo hace confiable para uso en exteriores.<\/p>\n<p>&nbsp;<\/p>\n<h3><strong>Especificaciones t\u00e9cnicas de las pegatinas NFC<\/strong><\/h3>\n<table class=\"preview\" style=\"height: 234px;\" width=\"525\">\n<thead>\n<tr>\n<th>Especificaci\u00f3n<\/th>\n<th>Detalle<\/th>\n<\/tr>\n<\/thead>\n<tbody>\n<tr>\n<td><strong>Protocolo<\/strong><\/td>\n<td>ISO14443A<\/td>\n<\/tr>\n<tr>\n<td><strong>Material<\/strong><\/td>\n<td>El PET resiste la humedad<\/td>\n<\/tr>\n<tr>\n<td><strong>Opciones de chips<\/strong><\/td>\n<td>NTAG 213, NTAG 215, NTAG 216<\/td>\n<\/tr>\n<tr>\n<td><strong>Tama\u00f1o<\/strong><\/td>\n<td>Di\u00e1metro 30 mm\/personalizado<\/td>\n<\/tr>\n<tr>\n<td><strong>Capacidad de memoria<\/strong><\/td>\n<td>144 \/ 504 \/ 888 bytes<\/td>\n<\/tr>\n<tr>\n<td><strong>Dispositivos compatibles<\/strong><\/td>\n<td>Tel\u00e9fonos con tecnolog\u00eda NFC<\/td>\n<\/tr>\n<tr>\n<td><strong>Detalles del embalaje<\/strong><\/td>\n<td>100 piezas\/bolsa, 5000 piezas\/caja<\/td>\n<\/tr>\n<tr>\n<td><strong>Puerto<\/strong><\/td>\n<td>Shenzhen<\/td>\n<\/tr>\n<\/tbody>\n<\/table>\n<p>&nbsp;<\/p>\n<h3><strong>Preguntas frecuentes sobre tarjetas NFC<\/strong><\/h3>\n<p>&nbsp;<\/p>\n<h3>\u00bfQu\u00e9 es un?\u00a0<strong>Tarjeta NFC<\/strong>?<\/h3>\n<p>Una tarjeta NFC es una tarjeta inteligente sin contacto que utiliza tecnolog\u00eda de comunicaci\u00f3n de campo cercano para facilitar la transferencia de datos simplemente toc\u00e1ndola contra un dispositivo habilitado para NFC.<\/p>\n<h3>\u00bfC\u00f3mo programo mi?\u00a0<strong>Chip NFC<\/strong>?<\/h3>\n<p>Puedes utilizar varias aplicaciones NFC disponibles en los tel\u00e9fonos inteligentes para programar tus pegatinas NFC. Estas aplicaciones te permiten introducir los datos que deseas compartir, como datos de contacto o enlaces espec\u00edficos.<\/p>\n<h3>Son\u00a0<strong>Tarjetas de presentaci\u00f3n digitales NFC<\/strong>\u00a0\u00bfcompatible con todos los dispositivos?<\/h3>\n<p>S\u00ed, nuestras pegatinas NFC son compatibles con todos los tel\u00e9fonos inteligentes equipados con capacidades NFC. Esto garantiza un amplio alcance y accesibilidad, lo que le permite conectarse con m\u00e1s personas.<\/p>\n<h3>\u00bfHay alguna forma de rastrear las interacciones con mis productos NFC?<\/h3>\n<p>Si bien las etiquetas NFC independientes no tienen funciones de seguimiento, cuando se vinculan a URL espec\u00edficas, puedes usar herramientas anal\u00edticas para monitorear los clics y las interacciones.<\/p>\n<h3>\u00bfPuedo tener env\u00edo gratuito en mi pedido?<\/h3>\n<p>\u00a1S\u00ed! A menudo ofrecemos env\u00edo gratuito, especialmente para pedidos al por mayor. Consulta nuestras \u00faltimas promociones para obtener m\u00e1s detalles.<\/p>\n<p>&nbsp;<\/p>\n<p>&nbsp;<\/p>","protected":false},"excerpt":{"rendered":"<p>El\u00a0<strong>Etiqueta adhesiva NFC con incrustaci\u00f3n h\u00fameda de PET ISO14443A, di\u00e1metro 30 mm<\/strong>\u00a0es una soluci\u00f3n NFC vers\u00e1til y resistente al agua dise\u00f1ada para compartir datos sin problemas con tel\u00e9fonos inteligentes. Esta calcoman\u00eda compacta permite un acceso r\u00e1pido a su informaci\u00f3n de contacto y perfiles digitales con solo un toque, revolucionando la red y la comunicaci\u00f3n.<\/p>","protected":false},"featured_media":3196,"template":"","meta":[],"product_brand":[],"product_cat":[48],"product_tag":[],"class_list":{"0":"post-3195","1":"product","2":"type-product","3":"status-publish","4":"has-post-thumbnail","6":"product_cat-nfc-stickers","8":"first","9":"instock","10":"shipping-taxable","11":"product-type-simple"},"_links":{"self":[{"href":"https:\/\/nfc-readers.com\/es\/wp-json\/wp\/v2\/product\/3195","targetHints":{"allow":["GET"]}}],"collection":[{"href":"https:\/\/nfc-readers.com\/es\/wp-json\/wp\/v2\/product"}],"about":[{"href":"https:\/\/nfc-readers.com\/es\/wp-json\/wp\/v2\/types\/product"}],"wp:featuredmedia":[{"embeddable":true,"href":"https:\/\/nfc-readers.com\/es\/wp-json\/wp\/v2\/media\/3196"}],"wp:attachment":[{"href":"https:\/\/nfc-readers.com\/es\/wp-json\/wp\/v2\/media?parent=3195"}],"wp:term":[{"taxonomy":"product_brand","embeddable":true,"href":"https:\/\/nfc-readers.com\/es\/wp-json\/wp\/v2\/product_brand?post=3195"},{"taxonomy":"product_cat","embeddable":true,"href":"https:\/\/nfc-readers.com\/es\/wp-json\/wp\/v2\/product_cat?post=3195"},{"taxonomy":"product_tag","embeddable":true,"href":"https:\/\/nfc-readers.com\/es\/wp-json\/wp\/v2\/product_tag?post=3195"}],"curies":[{"name":"wp","href":"https:\/\/api.w.org\/{rel}","templated":true}]}}