{"id":3204,"date":"2024-10-30T02:21:36","date_gmt":"2024-10-30T02:21:36","guid":{"rendered":"https:\/\/nfc-readers.com\/?post_type=product&#038;p=3204"},"modified":"2024-10-30T02:21:37","modified_gmt":"2024-10-30T02:21:37","slug":"acr122u-nfc-smart-card-skimmer","status":"publish","type":"product","link":"https:\/\/nfc-readers.com\/es\/ic-reader\/acr122u-nfc-smart-card-skimmer\/","title":{"rendered":"Lector de tarjetas inteligentes NFC ACR122U"},"content":{"rendered":"<h1 class=\"AnswerParser_AnswerParserH1__6UNv6\">Mejore su negocio con el lector NFC ACR122U<\/h1>\n<p><span class=\"AnswerParser_TextContainer__z_Iiv\" data-testid=\"youchat-text\">En el mundo de la tecnolog\u00eda en r\u00e1pida evoluci\u00f3n,\u00a0<strong>NFC (comunicaci\u00f3n de campo cercano)<\/strong>\u00a0ha surgido como un elemento innovador en la forma en que interactuamos con los dispositivos y realizamos transacciones.\u00a0<strong>Lector NFC ACR122U<\/strong>\u00a0es una poderosa herramienta dise\u00f1ada para facilitar la comunicaci\u00f3n fluida con varios\u00a0<strong>Etiquetas NFC<\/strong>\u00a0y\u00a0<strong>Tarjetas inteligentes<\/strong>. Este\u00a0<strong>Lector NFC<\/strong>\u00a0No solo mejora la seguridad y la eficiencia, sino que tambi\u00e9n abre nuevas posibilidades tanto para empresas como para particulares. Con sus funciones avanzadas y su dise\u00f1o f\u00e1cil de usar, el ACR122U es un complemento esencial para cualquier entorno tecnol\u00f3gico.<\/span><\/p>\n<h2 class=\"AnswerParser_AnswerParserH2__SIHnF\">\u00bfPor qu\u00e9 elegir el lector NFC ACR122U?<\/h2>\n<p><span class=\"AnswerParser_TextContainer__z_Iiv\" data-testid=\"youchat-text\">El lector NFC ACR122U se destaca en el mercado por sus impresionantes especificaciones y versatilidad. Con una\u00a0<strong>Interfaz USB 2.0 de m\u00e1xima velocidad<\/strong>\u00a0que cumpla con las\u00a0<strong>Norma CCID<\/strong>Este lector garantiza conexiones r\u00e1pidas y fiables.\u00a0<strong>Velocidad de lectura\/escritura<\/strong>\u00a0de hasta\u00a0<strong>424 kbps<\/strong>\u00a0permite una transferencia de datos eficiente, mientras que la antena incorporada proporciona una distancia de lectura de hasta\u00a0<strong>50 mm<\/strong>, dependiendo del tipo de etiqueta utilizada. Esta combinaci\u00f3n de velocidad y versatilidad hace que el ACR122U sea una opci\u00f3n ideal para diversas aplicaciones, desde transacciones seguras hasta un control de acceso eficiente.<\/span><\/p>\n<h2 class=\"AnswerParser_AnswerParserH2__SIHnF\">Descripci\u00f3n del producto<\/h2>\n<h3 class=\"AnswerParser_AnswerParserH3__Mpe4s\">1. Lector NFC: rendimiento de alta velocidad<\/h3>\n<p><span class=\"AnswerParser_TextContainer__z_Iiv\" data-testid=\"youchat-text\">El lector NFC ACR122U est\u00e1 equipado con un\u00a0<strong>Interfaz USB 2.0 de m\u00e1xima velocidad<\/strong>, lo que garantiza velocidades de transferencia de datos r\u00e1pidas. Con un\u00a0<strong>Velocidad de lectura\/escritura<\/strong>\u00a0de hasta\u00a0<strong>424 kbps<\/strong>, permite a los usuarios acceder y gestionar r\u00e1pidamente los datos en\u00a0<strong>Etiquetas NFC<\/strong>\u00a0y\u00a0<strong>Tarjetas RFID<\/strong>Este rendimiento de alta velocidad es crucial para aplicaciones que requieren transacciones r\u00e1pidas, como sistemas de puntos de venta y control de acceso.<\/span><\/p>\n<h3 class=\"AnswerParser_AnswerParserH3__Mpe4s\">2. Compatibilidad vers\u00e1til<\/h3>\n<p><span class=\"AnswerParser_TextContainer__z_Iiv\" data-testid=\"youchat-text\">Este\u00a0<strong>lector de tarjetas inteligentes<\/strong>\u00a0Admite una amplia gama de tipos de tarjetas, incluidas\u00a0<strong>Tarjetas de clase A y clase B<\/strong>\u00a0como se define en\u00a0<strong>ISO 14443<\/strong>,\u00a0<strong>Tarjetas Mifare<\/strong>, y\u00a0<strong>Tarjetas FeliCa<\/strong>Adem\u00e1s, es compatible con los cuatro tipos de\u00a0<strong>Etiquetas NFC<\/strong>\u00a0seg\u00fan el\u00a0<strong>ISO\/IEC 18092<\/strong>\u00a0Est\u00e1ndar. Esta versatilidad hace que el ACR122U sea adecuado para diversas industrias, desde el comercio minorista hasta el transporte.<\/span><\/p>\n<h3 class=\"AnswerParser_AnswerParserH3__Mpe4s\">3. Antena incorporada para acceso sin contacto<\/h3>\n<p><span class=\"AnswerParser_TextContainer__z_Iiv\" data-testid=\"youchat-text\">El ACR122U cuenta con una antena incorporada que permite el acceso a etiquetas sin contacto. Con una distancia de lectura de hasta\u00a0<strong>50 mm<\/strong>Los usuarios pueden interactuar con sus tarjetas sin necesidad de contacto f\u00edsico. Esta caracter\u00edstica mejora la comodidad y la higiene, lo que la hace ideal para entornos donde el acceso r\u00e1pido es esencial.<\/span><\/p>\n<h3 class=\"AnswerParser_AnswerParserH3__Mpe4s\">4. Funci\u00f3n anticolisi\u00f3n<\/h3>\n<p><span class=\"AnswerParser_TextContainer__z_Iiv\" data-testid=\"youchat-text\">Una de las caracter\u00edsticas m\u00e1s destacadas del ACR122U es su capacidad anticolisi\u00f3n integrada. Esto garantiza que solo se pueda acceder a una etiqueta en un momento dado, lo que evita la interferencia de datos y mejora la seguridad. Esta caracter\u00edstica es particularmente importante en entornos donde puede haber varias tarjetas, como los sistemas de control de acceso.<\/span><\/p>\n<h3 class=\"AnswerParser_AnswerParserH3__Mpe4s\">5. Compatibilidad con la interfaz de programaci\u00f3n de aplicaciones (API)<\/h3>\n<p><span class=\"AnswerParser_TextContainer__z_Iiv\" data-testid=\"youchat-text\">El ACR122U admite ambos\u00a0<strong>PC\/SC<\/strong>\u00a0y\u00a0<strong>API de CT<\/strong>, lo que permite una f\u00e1cil integraci\u00f3n con varias aplicaciones de software. Esta flexibilidad permite a los desarrolladores crear soluciones personalizadas que aprovechen las capacidades del ACR122U, lo que lo convierte en una herramienta valiosa para las empresas que buscan implementar la tecnolog\u00eda NFC.<\/span><\/p>\n<h3 class=\"AnswerParser_AnswerParserH3__Mpe4s\">6. Dise\u00f1o f\u00e1cil de usar<\/h3>\n<p><span class=\"AnswerParser_TextContainer__z_Iiv\" data-testid=\"youchat-text\">El ACR122U est\u00e1 dise\u00f1ado teniendo en cuenta la experiencia del usuario. Cuenta con un\u00a0<strong>Indicador LED de dos colores<\/strong>\u00a0que proporciona retroalimentaci\u00f3n visual durante el funcionamiento, as\u00ed como una\u00a0<strong>zumbador mon\u00f3tono<\/strong>\u00a0para notificaciones audibles. Estas funciones mejoran la usabilidad y garantizan que los usuarios est\u00e9n informados del estado del lector en todo momento.<\/span><\/p>\n<h3 class=\"AnswerParser_AnswerParserH3__Mpe4s\">7. Compatibilidad con Android y iOS<\/h3>\n<p><span class=\"AnswerParser_TextContainer__z_Iiv\" data-testid=\"youchat-text\">El ACR122U admite\u00a0<strong>Android MOS 3.1 y superior<\/strong>, lo que lo convierte en una opci\u00f3n vers\u00e1til para aplicaciones m\u00f3viles. Esta compatibilidad permite a los usuarios aprovechar el poder de la tecnolog\u00eda NFC en sus tel\u00e9fonos inteligentes y tabletas, lo que permite una amplia gama de funcionalidades, desde pagos m\u00f3viles hasta intercambio de datos.<\/span><\/p>\n<h3 class=\"AnswerParser_AnswerParserH3__Mpe4s\">8. Especificaciones t\u00e9cnicas<\/h3>\n<p><span class=\"AnswerParser_TextContainer__z_Iiv\" data-testid=\"youchat-text\">El ACR122U cuenta con impresionantes especificaciones t\u00e9cnicas, que incluyen:<\/span><\/p>\n<div class=\"AnswerParser_TableContainer__Erb6v\" data-testid=\"table-container\">\n<table>\n<thead>\n<tr>\n<th>Caracter\u00edstica<\/th>\n<th>Especificaci\u00f3n<\/th>\n<\/tr>\n<\/thead>\n<tbody>\n<tr>\n<td>Dimensiones<\/td>\n<td>98,0 mm (largo) x 65,0 mm (ancho) x 12,8 mm (alto)<\/td>\n<\/tr>\n<tr>\n<td>Peso<\/td>\n<td>70 gramos<\/td>\n<\/tr>\n<tr>\n<td>Interfaz USB<\/td>\n<td>CCID USB<\/td>\n<\/tr>\n<tr>\n<td>Fuente de alimentaci\u00f3n<\/td>\n<td>Desde el puerto USB<\/td>\n<\/tr>\n<tr>\n<td>Velocidad<\/td>\n<td>USB de m\u00e1xima velocidad (12 Mbps)<\/td>\n<\/tr>\n<tr>\n<td>Longitud del cable<\/td>\n<td>1,0 m, fijo<\/td>\n<\/tr>\n<tr>\n<td>Interfaz de tarjeta inteligente sin contacto<\/td>\n<td>ISO\/IEC 18092 NFC, ISO 14443 Tipo A y B, MIFARE\u00ae, FeliCa<\/td>\n<\/tr>\n<tr>\n<td>Protocolo<\/td>\n<td>Tarjeta compatible con ISO 14443-4, T=CL, Tarjeta MIFARE\u00ae Classic, T=CL, ISO18092, Etiquetas NFC, FeliCa<\/td>\n<\/tr>\n<tr>\n<td>Perif\u00e9ricos incorporados<\/td>\n<td>1 LED bicolor, zumbador mon\u00f3tono<\/td>\n<\/tr>\n<tr>\n<td>Certificaciones\/Cumplimiento<\/td>\n<td>EN 60950\/IEC 60950, ISO 18092, ISO 14443, USB de velocidad completa, PC\/SC, CCID, VCCI (Jap\u00f3n), KC (Corea), Microsoft\u00ae WHQL, CE, FCC, RoHS 2, REACH<\/td>\n<\/tr>\n<tr>\n<td>Soporte del sistema operativo del controlador del dispositivo<\/td>\n<td>Sistemas operativos Windows\u00ae CE, Windows\u00ae, Linux\u00ae, MAC OS\u00ae, Solaris, Android\u2122<\/td>\n<\/tr>\n<\/tbody>\n<\/table>\n<\/div>\n<h3 class=\"AnswerParser_AnswerParserH3__Mpe4s\">9. Impacto ambiental<\/h3>\n<p><span class=\"AnswerParser_TextContainer__z_Iiv\" data-testid=\"youchat-text\">En una era en la que la sostenibilidad es primordial, el ACR122U est\u00e1 dise\u00f1ado teniendo en cuenta las consideraciones medioambientales. Su funcionamiento de bajo consumo y su larga vida \u00fatil contribuyen a reducir los residuos electr\u00f3nicos, lo que lo convierte en una opci\u00f3n responsable para los consumidores con conciencia ecol\u00f3gica.<\/span><\/p>\n<h3 class=\"AnswerParser_AnswerParserH3__Mpe4s\">10. Opiniones de clientes<\/h3>\n<p><span class=\"AnswerParser_TextContainer__z_Iiv\" data-testid=\"youchat-text\">Los usuarios han elogiado el ACR122U por su fiabilidad y facilidad de uso. Muchos aprecian su capacidad de lectura r\u00e1pida y su compatibilidad con varios tipos de tarjetas. A continuaci\u00f3n, se muestran algunos puntos destacados de los comentarios de los clientes:<\/span><\/p>\n<ul class=\"AnswerParser_AnswerParserUnorderedList__P_1FW\">\n<li class=\"AnswerParser_ListItem__XqLOV\" translate=\"yes\">\u201cEl ACR122U ha hecho que nuestro sistema de control de acceso sea mucho m\u00e1s eficiente. \u00a1La velocidad de lectura es impresionante!\u201d<\/li>\n<li class=\"AnswerParser_ListItem__XqLOV\" translate=\"yes\">\u201cMe encanta lo f\u00e1cil que es integrarlo con nuestro software existente. La compatibilidad con API es un cambio radical\u201d.<\/li>\n<li class=\"AnswerParser_ListItem__XqLOV\" translate=\"yes\">\u201cLa antena incorporada se adapta perfectamente a nuestras necesidades. Podemos leer las tarjetas sin ning\u00fan problema\u201d.<\/li>\n<\/ul>\n<h3 class=\"AnswerParser_AnswerParserH3__Mpe4s\">11. Preguntas frecuentes<\/h3>\n<ul class=\"AnswerParser_AnswerParserUnorderedList__P_1FW\">\n<li class=\"AnswerParser_ListItem__XqLOV\" translate=\"yes\"><span class=\"AnswerParser_TextContainer__z_Iiv\" data-testid=\"youchat-text\"><strong>P: \u00bfPuede el ACR122U leer etiquetas NFC de tel\u00e9fonos inteligentes?<\/strong><\/span>\n<ul class=\"AnswerParser_AnswerParserUnorderedList__P_1FW\">\n<li class=\"AnswerParser_ListItem__XqLOV\" translate=\"yes\">R: S\u00ed, el ACR122U puede interactuar con tel\u00e9fonos inteligentes y tabletas habilitados para NFC, lo que permite un intercambio de datos sin problemas.<\/li>\n<\/ul>\n<\/li>\n<li class=\"AnswerParser_ListItem__XqLOV\" translate=\"yes\"><span class=\"AnswerParser_TextContainer__z_Iiv\" data-testid=\"youchat-text\"><strong>P: \u00bfEl ACR122U es compatible con dispositivos Android e iOS?<\/strong><\/span>\n<ul class=\"AnswerParser_AnswerParserUnorderedList__P_1FW\">\n<li class=\"AnswerParser_ListItem__XqLOV\" translate=\"yes\">R: \u00a1Por supuesto! El ACR122U funciona con dispositivos Android e iOS, lo que lo convierte en una opci\u00f3n vers\u00e1til para distintos usuarios.<\/li>\n<\/ul>\n<\/li>\n<li class=\"AnswerParser_ListItem__XqLOV\" translate=\"yes\"><span class=\"AnswerParser_TextContainer__z_Iiv\" data-testid=\"youchat-text\"><strong>P: \u00bfC\u00f3mo configuro el ACR122U?<\/strong><\/span>\n<ul class=\"AnswerParser_AnswerParserUnorderedList__P_1FW\">\n<li class=\"AnswerParser_ListItem__XqLOV\" translate=\"yes\">R: La configuraci\u00f3n del ACR122U es sencilla. Solo hay que conectarlo a trav\u00e9s de USB, instalar los controladores necesarios y ya est\u00e1 listo para comenzar a leer y escribir etiquetas NFC.<\/li>\n<\/ul>\n<\/li>\n<\/ul>\n<h2 class=\"AnswerParser_AnswerParserH2__SIHnF\">Conclusi\u00f3n<\/h2>\n<p><span class=\"AnswerParser_TextContainer__z_Iiv\" data-testid=\"youchat-text\">El\u00a0<strong>Lector NFC ACR122U<\/strong>\u00a0es una herramienta potente y vers\u00e1til que libera el potencial de la comunicaci\u00f3n sin contacto. Con sus s\u00f3lidas caracter\u00edsticas, compatibilidad con varias etiquetas NFC y tarjetas inteligentes y dise\u00f1o f\u00e1cil de usar, es una excelente inversi\u00f3n para cualquiera que busque mejorar sus capacidades NFC. Ya sea para uso personal o aplicaciones comerciales, este\u00a0<strong>Lector NFC<\/strong>\u00a0Seguramente satisfar\u00e1 sus necesidades y superar\u00e1 sus expectativas.<\/span><span class=\"AnswerParser_TextContainer__z_Iiv\" data-testid=\"youchat-text\">Al elegir el ACR122U, no solo est\u00e1 comprando un producto, sino que est\u00e1 invirtiendo en un futuro en el que la tecnolog\u00eda sin contacto simplifica y mejora sus interacciones diarias. No se lo pierda.<strong>A\u00f1adelo a tu carrito<\/strong>\u00a0\u00a1Hoy y experimente la comodidad de la tecnolog\u00eda NFC!<\/span><\/p>\n<p>&nbsp;<\/p>","protected":false},"excerpt":{"rendered":"<p>Libere el poder de la comunicaci\u00f3n sin contacto con el vers\u00e1til y seguro lector NFC ACR122U. \u00a1No espere, mejore sus capacidades NFC hoy mismo!<\/p>","protected":false},"featured_media":3210,"template":"","meta":[],"product_brand":[],"product_cat":[45],"product_tag":[],"class_list":{"0":"post-3204","1":"product","2":"type-product","3":"status-publish","4":"has-post-thumbnail","6":"product_cat-contactless-nfc-reader","8":"first","9":"instock","10":"shipping-taxable","11":"product-type-simple"},"_links":{"self":[{"href":"https:\/\/nfc-readers.com\/es\/wp-json\/wp\/v2\/product\/3204","targetHints":{"allow":["GET"]}}],"collection":[{"href":"https:\/\/nfc-readers.com\/es\/wp-json\/wp\/v2\/product"}],"about":[{"href":"https:\/\/nfc-readers.com\/es\/wp-json\/wp\/v2\/types\/product"}],"wp:featuredmedia":[{"embeddable":true,"href":"https:\/\/nfc-readers.com\/es\/wp-json\/wp\/v2\/media\/3210"}],"wp:attachment":[{"href":"https:\/\/nfc-readers.com\/es\/wp-json\/wp\/v2\/media?parent=3204"}],"wp:term":[{"taxonomy":"product_brand","embeddable":true,"href":"https:\/\/nfc-readers.com\/es\/wp-json\/wp\/v2\/product_brand?post=3204"},{"taxonomy":"product_cat","embeddable":true,"href":"https:\/\/nfc-readers.com\/es\/wp-json\/wp\/v2\/product_cat?post=3204"},{"taxonomy":"product_tag","embeddable":true,"href":"https:\/\/nfc-readers.com\/es\/wp-json\/wp\/v2\/product_tag?post=3204"}],"curies":[{"name":"wp","href":"https:\/\/api.w.org\/{rel}","templated":true}]}}