{"id":3225,"date":"2024-11-01T09:59:32","date_gmt":"2024-11-01T09:59:32","guid":{"rendered":"https:\/\/nfc-readers.com\/?post_type=product&#038;p=3225"},"modified":"2024-11-04T09:03:20","modified_gmt":"2024-11-04T09:03:20","slug":"mifare-rfid-pvc-card-full-color-printed-for-cashless-payment","status":"publish","type":"product","link":"https:\/\/nfc-readers.com\/es\/ic-reader\/mifare-rfid-pvc-card-full-color-printed-for-cashless-payment\/","title":{"rendered":"Tarjeta PVC RFID MIFARE impresa a todo color para pagos sin efectivo"},"content":{"rendered":"<h1><span style=\"color: #000080;\"><strong>Tarjeta PVC RFID MIFARE impresa a todo color para pagos sin efectivo<\/strong><\/span><\/h1>\n<h4 class=\"w-8 h-8 flex-center rounded-lg cursor-pointer hover:bg-grey-fill1-hover\"><span style=\"color: #666699;\">Introducci\u00f3nEn una era en la que las transacciones digitales se est\u00e1n convirtiendo en la norma, <strong>Tarjeta PVC RFID MIFARE<\/strong>, dise\u00f1ado espec\u00edficamente para\u00a0<strong>pagos sin efectivo<\/strong>, se destaca como una herramienta revolucionaria tanto para empresas como para consumidores. Estas tarjetas impresas a todo color no solo brindan una superficie atractiva para la marca, sino que tambi\u00e9n cuentan con tecnolog\u00eda avanzada para transacciones seguras y sin inconvenientes. Ya sea que trabaje en el comercio minorista, la gesti\u00f3n de eventos o la creaci\u00f3n de redes, estas tarjetas presentan una soluci\u00f3n vers\u00e1til que satisface diversas necesidades en nuestro mundo digital.<\/span><\/h4>\n<hr \/>\n<h2 class=\"w-8 h-8 flex-center rounded-lg cursor-pointer hover:bg-grey-fill1-hover\" style=\"text-align: center;\"><span style=\"color: #000080;\"><em><strong>Beneficios del producto<\/strong><\/em><\/span><\/h2>\n<h3 class=\"w-8 h-8 flex-center rounded-lg cursor-pointer hover:bg-grey-fill1-hover\"><span style=\"color: #333399;\"><strong>1. Alta seguridad<\/strong><\/span><\/h3>\n<p class=\"w-8 h-8 flex-center rounded-lg cursor-pointer hover:bg-grey-fill1-hover\">Nuestras tarjetas PVC MIFARE RFID utilizan <strong>Tecnolog\u00eda MIFARE Desfire EV3<\/strong>, conocido por su alta seguridad y confiabilidad.<\/p>\n<p class=\"w-8 h-8 flex-center rounded-lg cursor-pointer hover:bg-grey-fill1-hover\">Este chip avanzado garantiza que la informaci\u00f3n confidencial est\u00e9 protegida contra el acceso no autorizado. Con m\u00faltiples capas de cifrado, estas tarjetas son ideales para aplicaciones que requieren medidas de seguridad estrictas.<\/p>\n<div class=\"answer-markdown-box h-[calc(100%-57px)] bg-grey-layer2-normal\">\n<div class=\"markdown-body h-full\">\n<div class=\"custom-scrollbar overflow-auto custom-scrollbar-wide h-full\">\n<table class=\"preview\">\n<thead>\n<tr>\n<th><strong>Caracter\u00edstica<\/strong><\/th>\n<th><strong>Especificaci\u00f3n<\/strong><\/th>\n<\/tr>\n<\/thead>\n<tbody>\n<tr>\n<td><strong>Chip<\/strong><\/td>\n<td>MIFARE Desfire EV3<\/td>\n<\/tr>\n<tr>\n<td><strong>Opciones de memoria<\/strong><\/td>\n<td>2K\/4K\/8K<\/td>\n<\/tr>\n<tr>\n<td><strong>Protocolo<\/strong><\/td>\n<td>ISO14443A<\/td>\n<\/tr>\n<tr>\n<td><strong>Frecuencia<\/strong><\/td>\n<td>13,56 MHz<\/td>\n<\/tr>\n<tr>\n<td><strong>Material<\/strong><\/td>\n<td>CLORURO DE POLIVINILO<\/td>\n<\/tr>\n<tr>\n<td><strong>Tama\u00f1o<\/strong><\/td>\n<td>CR80 (85,5 x 54 mm)<\/td>\n<\/tr>\n<tr>\n<td><strong>Opciones de impresi\u00f3n<\/strong><\/td>\n<td>CMYK \/ Pantone<\/td>\n<\/tr>\n<tr>\n<td><strong>Acabados superficiales<\/strong><\/td>\n<td>Brillante \/ Mate<\/td>\n<\/tr>\n<tr>\n<td><strong>Origen<\/strong><\/td>\n<td>Guangdong, China<\/td>\n<\/tr>\n<tr>\n<td><strong>Tipo de tarjeta<\/strong><\/td>\n<td>Tarjeta sin contacto (RFID)<\/td>\n<\/tr>\n<tr>\n<td><strong>Temperatura de funcionamiento<\/strong><\/td>\n<td>-20\u00b0C a 60\u00b0C<\/td>\n<\/tr>\n<tr>\n<td><strong>Temperatura de almacenamiento<\/strong><\/td>\n<td>-40\u00b0C a 80\u00b0C<\/td>\n<\/tr>\n<tr>\n<td><strong>Humedad<\/strong><\/td>\n<td>0-100%RH<\/td>\n<\/tr>\n<tr>\n<td><strong>Retenci\u00f3n de datos<\/strong><\/td>\n<td>10 a\u00f1os o m\u00e1s<\/td>\n<\/tr>\n<tr>\n<td><strong>Fuente de alimentaci\u00f3n<\/strong><\/td>\n<td>No requiere alimentaci\u00f3n externa<\/td>\n<\/tr>\n<tr>\n<td><strong>Tipo de sensor<\/strong><\/td>\n<td>RFID de 13,56 MHz<\/td>\n<\/tr>\n<tr>\n<td><strong>Rango<\/strong><\/td>\n<td>Hasta 10 cm<\/td>\n<\/tr>\n<tr>\n<td><strong>Compatibilidad<\/strong><\/td>\n<td>Dispositivos habilitados para NFC (tel\u00e9fonos inteligentes, tabletas, etc.)<\/td>\n<\/tr>\n<tr>\n<td><strong>Seguridad<\/strong><\/td>\n<td>Cifrado DES, 3DES y AES<\/td>\n<\/tr>\n<tr>\n<td><strong>Certificaciones<\/strong><\/td>\n<td>Foro sobre NFC, ISO\/IEC14443<\/td>\n<\/tr>\n<\/tbody>\n<\/table>\n<h2><\/h2>\n<h3><span style=\"color: #333399;\"><strong>2. Versatilidad en aplicaciones<\/strong><\/span><\/h3>\n<p>Estas tarjetas vers\u00e1tiles no solo sirven para pagos sin efectivo. Pueden utilizarse en diversas aplicaciones, entre ellas:<\/p>\n<ul>\n<li><strong>Control de acceso<\/strong><\/li>\n<li><strong>Venta de entradas para eventos<\/strong><\/li>\n<li><strong>Tarjetas de membres\u00eda<\/strong><\/li>\n<li><strong>Programas de fidelizaci\u00f3n<\/strong><\/li>\n<li><strong>Tarjetas de presentaci\u00f3n NFC<\/strong><\/li>\n<\/ul>\n<p>Esta adaptabilidad los convierte en una inversi\u00f3n inteligente para cualquier empresa que busque mejorar su oferta de servicios.<\/p>\n<p>&nbsp;<\/p>\n<h3><span style=\"color: #333399;\"><strong>3. Durabilidad y dise\u00f1o<\/strong><\/span><\/h3>\n<p>Construido a partir de <strong>PVC de alta calidad<\/strong>Estas tarjetas son resistentes al agua y al desgaste. Est\u00e1n dise\u00f1adas para durar, lo que reduce la necesidad de reemplazos frecuentes.\u00a0<strong>Impresi\u00f3n a todo color<\/strong>\u00a0Las opciones permiten a las empresas crear dise\u00f1os llamativos que se alinean con su marca, garantizando que cada tarjeta sirva como una herramienta de marketing.<\/p>\n<p>&nbsp;<\/p>\n<h3><span style=\"color: #333399;\"><strong>4. F\u00e1cil de usar<\/strong><\/span><\/h3>\n<p>Nuestras tarjetas PVC RFID MIFARE est\u00e1n dise\u00f1adas para que sean f\u00e1ciles de usar. Simplemente toque la tarjeta contra cualquier dispositivo habilitado con NFC para realizar transacciones r\u00e1pidas. Esta experiencia f\u00e1cil de usar puede aumentar la satisfacci\u00f3n del cliente y agilizar los procesos de pago.<\/p>\n<p><img loading=\"lazy\" decoding=\"async\" class=\"alignnone wp-image-3344\" src=\"https:\/\/nfc-readers.com\/wp-content\/uploads\/2024\/11\/main-image-4-6-300x300.jpeg\" alt=\"\" width=\"336\" height=\"336\" srcset=\"https:\/\/nfc-readers.com\/wp-content\/uploads\/2024\/11\/main-image-4-6-300x300.jpeg 300w, https:\/\/nfc-readers.com\/wp-content\/uploads\/2024\/11\/main-image-4-6-150x150.jpeg 150w, https:\/\/nfc-readers.com\/wp-content\/uploads\/2024\/11\/main-image-4-6-768x768.jpeg 768w, https:\/\/nfc-readers.com\/wp-content\/uploads\/2024\/11\/main-image-4-6-12x12.jpeg 12w, https:\/\/nfc-readers.com\/wp-content\/uploads\/2024\/11\/main-image-4-6-600x600.jpeg 600w, https:\/\/nfc-readers.com\/wp-content\/uploads\/2024\/11\/main-image-4-6-100x100.jpeg 100w, https:\/\/nfc-readers.com\/wp-content\/uploads\/2024\/11\/main-image-4-6.jpeg 800w\" sizes=\"auto, (max-width: 336px) 100vw, 336px\" \/><img loading=\"lazy\" decoding=\"async\" class=\"alignnone wp-image-3346\" src=\"https:\/\/nfc-readers.com\/wp-content\/uploads\/2024\/11\/main-image-6-5-300x300.jpeg\" alt=\"\" width=\"347\" height=\"347\" srcset=\"https:\/\/nfc-readers.com\/wp-content\/uploads\/2024\/11\/main-image-6-5-300x300.jpeg 300w, https:\/\/nfc-readers.com\/wp-content\/uploads\/2024\/11\/main-image-6-5-150x150.jpeg 150w, https:\/\/nfc-readers.com\/wp-content\/uploads\/2024\/11\/main-image-6-5-768x768.jpeg 768w, https:\/\/nfc-readers.com\/wp-content\/uploads\/2024\/11\/main-image-6-5-12x12.jpeg 12w, https:\/\/nfc-readers.com\/wp-content\/uploads\/2024\/11\/main-image-6-5-600x600.jpeg 600w, https:\/\/nfc-readers.com\/wp-content\/uploads\/2024\/11\/main-image-6-5-100x100.jpeg 100w, https:\/\/nfc-readers.com\/wp-content\/uploads\/2024\/11\/main-image-6-5.jpeg 800w\" sizes=\"auto, (max-width: 347px) 100vw, 347px\" \/><\/p>\n<hr \/>\n<h2 style=\"text-align: center;\"><em><span style=\"color: #000080;\"><strong>Caracter\u00edsticas innovadoras<\/strong><\/span><\/em><\/h2>\n<h3><span style=\"color: #333399;\"><strong>1. Opciones de personalizaci\u00f3n<\/strong><\/span><\/h3>\n<p>La personalizaci\u00f3n es fundamental para cualquier empresa que desee dejar una impresi\u00f3n duradera. Nuestras tarjetas ofrecen una variedad de opciones de impresi\u00f3n, entre las que se incluyen:<\/p>\n<ul>\n<li><strong>Impresi\u00f3n a todo color<\/strong>:Dise\u00f1os vibrantes que hacen que su marca se destaque.<\/li>\n<li><strong>Formas y tama\u00f1os personalizados<\/strong>:Adapte las dimensiones de la tarjeta a sus necesidades.<\/li>\n<\/ul>\n<p>&nbsp;<\/p>\n<h3><span style=\"color: #333399;\"><strong>2. Compatibilidad con la tecnolog\u00eda NFC<\/strong><\/span><\/h3>\n<p>Las tarjetas PVC RFID MIFARE son compatibles con todos los dispositivos con NFC, lo que garantiza una comunicaci\u00f3n fluida. Esta amplia compatibilidad significa que los usuarios pueden interactuar f\u00e1cilmente con sus tel\u00e9fonos inteligentes o terminales de pago.<\/p>\n<p>&nbsp;<\/p>\n<h3><span style=\"color: #333399;\"><strong>3. Producci\u00f3n ecol\u00f3gica<\/strong><\/span><\/h3>\n<p>Nuestras tarjetas est\u00e1n hechas de PVC duradero, lo que reduce los desechos en comparaci\u00f3n con las tarjetas de papel de un solo uso. Invertir en tarjetas RFID de alta calidad es un paso hacia la sostenibilidad y atrae a los consumidores con conciencia ecol\u00f3gica que buscan alternativas m\u00e1s ecol\u00f3gicas.<\/p>\n<p>&nbsp;<\/p>\n<h3><span style=\"color: #333399;\"><strong>4. Opciones de recarga r\u00e1pida y reimpresi\u00f3n<\/strong><\/span><\/h3>\n<p>Si alguna vez necesita reimprimir una tarjeta, nuestro proceso simplificado le permite volver a solicitarla r\u00e1pidamente. Adem\u00e1s, las opciones de personalizaci\u00f3n significan que las reimpresiones pueden mostrar informaci\u00f3n actualizada o la marca sin problemas.<\/p>\n<hr \/>\n<p>&nbsp;<\/p>\n<h3><em><span style=\"color: #666699;\">Uso diario-\u00a0<strong>Toca y paga<\/strong>: <\/span><\/em><\/h3>\n<p><strong>Los clientes simplemente acercan su tarjeta a un dispositivo compatible para completar su transacci\u00f3n.<\/strong><\/p>\n<ul>\n<li><strong>Intercambio de informaci\u00f3n<\/strong>:Para las tarjetas de presentaci\u00f3n NFC, los usuarios pueden compartir informaci\u00f3n de contacto con un toque r\u00e1pido, eliminando la necesidad de tarjetas de presentaci\u00f3n tradicionales.<\/li>\n<\/ul>\n<hr \/>\n<h2><\/h2>\n<h2 style=\"text-align: center;\"><em><span style=\"color: #000080;\"><strong>Rese\u00f1as de clientes<\/strong><\/span><\/em><\/h2>\n<p><strong>Muchas empresas han descubierto que el cambio a las tarjetas PVC RFID MIFARE ha sido beneficioso en varios aspectos. A continuaci\u00f3n, se muestran algunos testimonios de nuestros clientes:<\/strong><\/p>\n<p><span style=\"color: #008080;\"><strong>\u201cDesde que integramos las tarjetas MIFARE en nuestro sistema de pago sin efectivo, nuestra tasa de transacciones ha aumentado dr\u00e1sticamente. Las tarjetas son f\u00e1ciles de usar y tienen un dise\u00f1o elegante que impresiona a nuestros clientes\u201d. \u2013 John M., gerente de ventas minoristas<\/strong><\/span><\/p>\n<blockquote><p><strong>\u201cLas tarjetas de presentaci\u00f3n NFC personalizadas que encargamos transformaron nuestros eventos de networking. Compartir datos de contacto ahora es muy f\u00e1cil y la calidad es de primera\u201d. \u2013 Sarah L., Coordinadora de eventos<\/strong><\/p><\/blockquote>\n<hr \/>\n<h2><\/h2>\n<h2 style=\"text-align: center;\"><span style=\"color: #000080;\"><em><strong>Preguntas frecuentes<\/strong><\/em><\/span><\/h2>\n<p><strong>1. \u00bfLas tarjetas MIFARE son compatibles con todos los tel\u00e9fonos inteligentes?<\/strong><\/p>\n<p>S\u00ed, las tarjetas PVC MIFARE RFID son compatibles con todos los tel\u00e9fonos inteligentes habilitados para NFC, lo que permite a los usuarios realizar transacciones sin esfuerzo.<\/p>\n<p><strong>2. \u00bfPuedo personalizar el dise\u00f1o de mis tarjetas MIFARE?<\/strong><\/p>\n<p>\u00a1Por supuesto! Nuestras tarjetas vienen con varias opciones de personalizaci\u00f3n adaptadas a sus necesidades de marca.<\/p>\n<p><strong>3. \u00bfQu\u00e9 tan seguras son las tarjetas PVC MIFARE RFID?<\/strong><\/p>\n<p>Con la tecnolog\u00eda MIFARE Desfire EV3, estas tarjetas ofrecen un alto nivel de seguridad para almacenar informaci\u00f3n sensible.<\/p>\n<p><strong>4. \u00bfOfrecen env\u00edo gratuito?<\/strong><\/p>\n<p>S\u00ed, proporcionamos\u00a0<strong>env\u00edo gratis<\/strong>\u00a0en todos los pedidos, garantizando que recibas un valor a\u00f1adido con tu compra.<\/p>\n<p>&nbsp;<\/p>\n<p><strong>5. \u00bfQu\u00e9 debo hacer si necesito reimprimir una tarjeta?<\/strong><\/p>\n<p>Nuestro sencillo proceso de pedidos de reimpresi\u00f3n hace que sea sencillo solicitar una reimpresi\u00f3n. Simplemente haga el pedido y nosotros nos encargaremos del resto.<\/p>\n<p>&nbsp;<\/p>\n<hr \/>\n<h4><span style=\"color: #666699;\">Mejore sus soluciones de pago hoy Invertir en\u00a0<strong>Tarjetas RFID PVC MIFARE<\/strong>\u00a0representa un paso estrat\u00e9gico hacia la modernizaci\u00f3n de sus procesos de transacci\u00f3n. Con materiales de alta calidad, tecnolog\u00eda avanzada y amplias opciones de personalizaci\u00f3n, estas tarjetas son perfectas para las empresas que buscan mejorar la experiencia de sus clientes. Comience su transici\u00f3n a\u00a0<strong>Soluciones sin efectivo<\/strong>\u00a0\u00a1Hoy mismo! Ya sea que est\u00e9 buscando integrar sistemas de pago inteligentes o crear impresionantes tarjetas de presentaci\u00f3n NFC, las tarjetas PVC RFID MIFARE son lo que necesita.<\/span><\/h4>\n<h3><a href=\"\/\/dhoenijjpgpeimemopealfcbiecgceod\/sidepanel.html#\" target=\"_blank\" rel=\"noopener\">Cont\u00e1ctenos para obtener una muestra gratuita<\/a><\/h3>\n<h3><span style=\"color: #008080;\"><strong>No pierda esta oportunidad de mejorar las capacidades de pago y la imagen de marca de su empresa. Haga clic en el enlace de arriba para consultar nuestras opciones de tarjetas o solicitar una muestra gratuita.<\/strong><\/span><\/h3>\n<\/div>\n<\/div>\n<\/div>","protected":false},"excerpt":{"rendered":"<div class=\"chat-list relative custom-scrollbar-reset-margin custom-scrollbar custom-scrollbar-hidden custom-scrollbar-float pb-9 flex-1 overflow-y-auto\">\n<div class=\"mx-auto max-w-[790px]\">\n<div class=\"message-item-outer relative px-4 mb-2\" data-id=\"0a4f4511-bd05-49a5-8695-d7a6fad22471\">\n<div class=\"content-area pl-[0px]\">\n<div class=\"message-item select-text relative\">\n<div class=\"message-inner relative\">\n<div class=\"py-[2px]\">\n<div class=\"flex flex-col gap-2\">\n<div class=\"answer-markdown-box overflow-x-auto select-text custom-scrollbar\">\n<div class=\"markdown-body\">\n<p>Presentamos la tarjeta MIFARE RFID PVC, dise\u00f1ada para soluciones de pago modernas sin efectivo. Utilizando la tecnolog\u00eda MIFARE Desfire EV3, estas tarjetas impresas a todo color garantizan una alta seguridad y confiabilidad, lo que las hace ideales para empresas que requieren protecci\u00f3n de datos confidenciales. Vers\u00e1tiles en su aplicaci\u00f3n, se pueden utilizar para control de acceso, emisi\u00f3n de entradas para eventos, tarjetas de membres\u00eda, programas de fidelizaci\u00f3n y tarjetas de presentaci\u00f3n NFC. Fabricadas con PVC duradero e impermeable, estas tarjetas son resistentes al desgaste, lo que garantiza la longevidad y reduce los costos de reemplazo. Los clientes pueden completar transacciones f\u00e1cilmente con solo tocar su tarjeta contra cualquier dispositivo habilitado con NFC, lo que brinda una experiencia f\u00e1cil de usar que mejora la satisfacci\u00f3n del cliente. Adem\u00e1s, las tarjetas ofrecen amplias opciones de personalizaci\u00f3n, que incluyen impresi\u00f3n vibrante a todo color y formas personalizadas. Con m\u00e9todos de producci\u00f3n ecol\u00f3gicos, las tarjetas MIFARE RFID PVC presentan una alternativa sustentable a las tarjetas de papel tradicionales. Invierta en modernizar sus procesos de transacci\u00f3n hoy y mejore la presencia de su marca con estas tarjetas innovadoras y de alta calidad. \u00a1Solicite una muestra gratuita para explorar sus beneficios de primera mano!<\/p>\n<\/div>\n<\/div>\n<\/div>\n<\/div>\n<\/div>\n<\/div>\n<\/div>\n<\/div>\n<\/div>\n<\/div>","protected":false},"featured_media":3341,"template":"","meta":[],"product_brand":[],"product_cat":[46],"product_tag":[],"class_list":{"0":"post-3225","1":"product","2":"type-product","3":"status-publish","4":"has-post-thumbnail","6":"product_cat-nfc-cards","8":"first","9":"instock","10":"shipping-taxable","11":"product-type-simple"},"_links":{"self":[{"href":"https:\/\/nfc-readers.com\/es\/wp-json\/wp\/v2\/product\/3225","targetHints":{"allow":["GET"]}}],"collection":[{"href":"https:\/\/nfc-readers.com\/es\/wp-json\/wp\/v2\/product"}],"about":[{"href":"https:\/\/nfc-readers.com\/es\/wp-json\/wp\/v2\/types\/product"}],"wp:featuredmedia":[{"embeddable":true,"href":"https:\/\/nfc-readers.com\/es\/wp-json\/wp\/v2\/media\/3341"}],"wp:attachment":[{"href":"https:\/\/nfc-readers.com\/es\/wp-json\/wp\/v2\/media?parent=3225"}],"wp:term":[{"taxonomy":"product_brand","embeddable":true,"href":"https:\/\/nfc-readers.com\/es\/wp-json\/wp\/v2\/product_brand?post=3225"},{"taxonomy":"product_cat","embeddable":true,"href":"https:\/\/nfc-readers.com\/es\/wp-json\/wp\/v2\/product_cat?post=3225"},{"taxonomy":"product_tag","embeddable":true,"href":"https:\/\/nfc-readers.com\/es\/wp-json\/wp\/v2\/product_tag?post=3225"}],"curies":[{"name":"wp","href":"https:\/\/api.w.org\/{rel}","templated":true}]}}