{"id":3233,"date":"2024-10-30T12:07:01","date_gmt":"2024-10-30T12:07:01","guid":{"rendered":"https:\/\/nfc-readers.com\/?post_type=product&#038;p=3233"},"modified":"2024-11-14T14:43:00","modified_gmt":"2024-11-14T14:43:00","slug":"customized-13-56mhz-rfid-abs-nfc-keychans","status":"publish","type":"product","link":"https:\/\/nfc-readers.com\/es\/ic-reader\/customized-13-56mhz-rfid-abs-nfc-keychans\/","title":{"rendered":"Llaveros NFC ABS RFID de 13,56 MHz personalizados"},"content":{"rendered":"<h1 style=\"text-align: center;\"><strong>Llaveros NFC ABS RFID de 13,56 MHz personalizados<\/strong><\/h1>\n<p>&nbsp;<\/p>\n<p>En el mundo acelerado de hoy, la necesidad de soluciones de acceso seguras y convenientes es primordial. Presentamos <strong>Llaveros NFC ABS RFID de 13,56 MHz personalizados<\/strong>, una combinaci\u00f3n perfecta de tecnolog\u00eda y practicidad. Estos llaveros avanzados utilizan tecnolog\u00edas RFID (identificaci\u00f3n por radiofrecuencia) y NFC (comunicaci\u00f3n de campo cercano), lo que ofrece un acceso sin problemas y sin contacto. Ya sea para uso personal o como parte de un negocio m\u00e1s grande.\u00a0<strong>sistema de control de acceso<\/strong>Estos llaveros brindan una soluci\u00f3n robusta, confiable y f\u00e1cil de usar para sus necesidades de acceso.<\/p>\n<p>&nbsp;<\/p>\n<h3><strong>Beneficios del producto y por qu\u00e9 elegir nuestros llaveros NFC<\/strong><\/h3>\n<p>&nbsp;<\/p>\n<ol>\n<li><strong>Seguridad mejorada<\/strong>: El\u00a0<strong>Llavero NFC<\/strong>\u00a0Mejora la seguridad de sus instalaciones. Con un c\u00f3digo de identificaci\u00f3n \u00fanico, cada dispositivo garantiza que solo los usuarios autorizados puedan acceder.<\/li>\n<li><strong>Durabilidad y versatilidad<\/strong>:Fabricado con materiales de alta calidad.\u00a0<strong>abdominales<\/strong>Estos llaveros no solo son duraderos sino tambi\u00e9n impermeables y resistentes a la intemperie, lo que los hace adecuados para diversos entornos.<\/li>\n<li><strong>Atractivo est\u00e9tico y personalizable<\/strong>:Nuestros llaveros se pueden adaptar a sus necesidades de marca a trav\u00e9s de\u00a0<strong>Impresi\u00f3n CMYK 4C<\/strong>, codificaci\u00f3n l\u00e1ser e impresi\u00f3n t\u00e9rmica, lo que le permite incorporar su logotipo o dise\u00f1o sin problemas.<\/li>\n<li><strong>F\u00e1cil de usar<\/strong>Dise\u00f1ados para ser f\u00e1ciles de usar, estos llaveros no tienen contacto; todo lo que los usuarios necesitan hacer es acercar su llavero a un lector para ingresar.<\/li>\n<li><strong>Soluci\u00f3n rentable<\/strong>:Con una vida \u00fatil de\u00a0<strong>100.000 ciclos de escritura<\/strong>, nuestro\u00a0<strong>Etiquetas para llaves RFID<\/strong>\u00a0representan una opci\u00f3n rentable tanto para particulares como para empresas, reduciendo la necesidad de reemplazos frecuentes.<\/li>\n<\/ol>\n<p>Con estos beneficios, la\u00a0<strong>Llaveros NFC ABS RFID de 13,56 MHz personalizados<\/strong>\u00a0Destacan como un componente esencial para las soluciones de acceso modernas.<\/p>\n<p>&nbsp;<\/p>\n<h3><strong>Descripci\u00f3n del producto<\/strong><\/h3>\n<p>&nbsp;<\/p>\n<h3>1. Comprensi\u00f3n de las tecnolog\u00edas RFID y NFC<\/h3>\n<p>Tanto la RFID como la NFC son tecnolog\u00edas fundamentales para las soluciones de control de acceso modernas. La RFID funciona mediante campos electromagn\u00e9ticos para identificar y rastrear autom\u00e1ticamente las etiquetas adheridas a los objetos, mientras que la NFC es un subconjunto de la RFID dise\u00f1ado para la comunicaci\u00f3n a corta distancia. Estas tecnolog\u00edas forman la columna vertebral de nuestra\u00a0<strong>llaveros<\/strong>, garantizando transacciones r\u00e1pidas y seguras.<\/p>\n<h3>2. Caracter\u00edsticas de los llaveros NFC ABS RFID de 13,56 MHz personalizados<\/h3>\n<p>Una de las caracter\u00edsticas destacadas es la\u00a0<strong>Frecuencia de 13,56 MHz<\/strong>, lo que garantiza capacidades de lectura superiores. Adem\u00e1s, el tama\u00f1o compacto del llavero mejora la portabilidad, lo que facilita que los usuarios lo lleven consigo.\u00a0<strong>Resistente al agua y a la intemperie<\/strong>\u00a0El dise\u00f1o permite que el llavero funcione en diversas condiciones ambientales.<\/p>\n<h3>3. Aplicaci\u00f3n en sistemas de control de acceso<\/h3>\n<p>Estos llaveros son ideales para integrar en\u00a0<strong>sistemas de control de acceso<\/strong>Se pueden utilizar en cerraduras de puertas, puertas inteligentes e incluso habitaciones de hotel, lo que los hace vers\u00e1tiles para diversas aplicaciones. El llavero funciona a la perfecci\u00f3n para mejorar la seguridad tanto en entornos residenciales como comerciales.<\/p>\n<h3>4. Instrucciones pr\u00e1cticas de uso<\/h3>\n<p>Usando el\u00a0<strong>Llavero RFID<\/strong>\u00a0Es intuitivo, simplemente mant\u00e9ngalo dentro\u00a0<strong>0-10 cent\u00edmetros<\/strong>\u00a0del lector RFID hasta que escuche un pitido o vea una luz LED que indique que el acceso se realiz\u00f3 correctamente. Los llaveros son reescribibles, lo que significa que puede actualizar su informaci\u00f3n seg\u00fan sea necesario, lo cual es crucial para las organizaciones que actualizan peri\u00f3dicamente el acceso de los empleados.<\/p>\n<h3>5. Impacto ambiental<\/h3>\n<p>Nuestro compromiso con la sostenibilidad se refleja en los materiales y procesos que utilizamos para fabricar estos llaveros. Al estar hechos de\u00a0<strong>abdominales<\/strong>, un material reciclable, representan una opci\u00f3n respetuosa con el medio ambiente para las empresas que buscan reducir su huella de carbono.<\/p>\n<h3>6. Rese\u00f1as y testimonios de clientes<\/h3>\n<p>Los clientes elogian nuestra\u00a0<strong>Llaveros NFC<\/strong>\u00a0Por su fiabilidad y eficiencia. Muchos notaron una mayor seguridad en sus instalaciones y varios informaron mejoras significativas en la facilidad de acceso para empleados y visitantes. \u201cLa integraci\u00f3n fue perfecta y los llaveros funcionaron a la perfecci\u00f3n\u201d, afirma un cliente satisfecho.<\/p>\n<p>&nbsp;<\/p>\n<h3><strong>Especificaciones t\u00e9cnicas<\/strong><\/h3>\n<table class=\"preview\" style=\"height: 293px;\" width=\"492\">\n<thead>\n<tr>\n<th>Atributo<\/th>\n<th>Especificaci\u00f3n<\/th>\n<\/tr>\n<\/thead>\n<tbody>\n<tr>\n<td><strong>Interface de comunicaci\u00f3n<\/strong><\/td>\n<td>RFID, NFC<\/td>\n<\/tr>\n<tr>\n<td><strong>Frecuencia<\/strong><\/td>\n<td>13,56 MHz<\/td>\n<\/tr>\n<tr>\n<td><strong>Material<\/strong><\/td>\n<td>abdominales<\/td>\n<\/tr>\n<tr>\n<td><strong>Chip<\/strong><\/td>\n<td>NTAG213\/215\/216<\/td>\n<\/tr>\n<tr>\n<td><strong>Protocolo<\/strong><\/td>\n<td>ISO14443A<\/td>\n<\/tr>\n<tr>\n<td><strong>Rango de temperatura<\/strong><\/td>\n<td>20 \u2103 ~ +85 \u2103<\/td>\n<\/tr>\n<tr>\n<td><strong>Distancia de lectura<\/strong><\/td>\n<td>0-10 cent\u00edmetros<\/td>\n<\/tr>\n<tr>\n<td><strong>Ciclo de escritura<\/strong><\/td>\n<td>100.000 veces<\/td>\n<\/tr>\n<tr>\n<td><strong>Tama\u00f1o del embalaje<\/strong><\/td>\n<td>10x8x6 cm<\/td>\n<\/tr>\n<tr>\n<td><strong>Peso<\/strong><\/td>\n<td>0,020 kilos<\/td>\n<\/tr>\n<\/tbody>\n<\/table>\n<h3><\/h3>\n<h3><strong>Preguntas frecuentes<\/strong><\/h3>\n<p>&nbsp;<\/p>\n<p><strong>P: \u00bfPuedo personalizar la etiqueta RFID?<\/strong><br \/>\nA: S\u00ed, nuestro\u00a0<strong>Llaveros RFID<\/strong>\u00a0Se puede personalizar con el dise\u00f1o y los elementos de marca que desees.<\/p>\n<p><strong>P: \u00bfEstos llaveros son compatibles con los sistemas existentes?<\/strong><br \/>\nR: Nuestros llaveros est\u00e1n dise\u00f1ados para integrarse con la mayor\u00eda de los sistemas RFID existentes, pero recomendamos verificar<\/p>\n<p>&nbsp;<\/p>","protected":false},"excerpt":{"rendered":"<p>Los llaveros RFID ABS NFC personalizados de 13,56 MHz est\u00e1n dise\u00f1ados para un control de acceso vers\u00e1til y seguro. Con su material ABS duradero y tecnolog\u00eda NFC, estos llaveros ofrecen comodidad y confiabilidad para diversas aplicaciones, desde la gesti\u00f3n de eventos hasta los sistemas dom\u00e9sticos inteligentes.<\/p>","protected":false},"featured_media":3235,"template":"","meta":[],"product_brand":[],"product_cat":[49],"product_tag":[],"class_list":{"0":"post-3233","1":"product","2":"type-product","3":"status-publish","4":"has-post-thumbnail","6":"product_cat-nfc-key-fobs","8":"first","9":"instock","10":"shipping-taxable","11":"product-type-simple"},"_links":{"self":[{"href":"https:\/\/nfc-readers.com\/es\/wp-json\/wp\/v2\/product\/3233","targetHints":{"allow":["GET"]}}],"collection":[{"href":"https:\/\/nfc-readers.com\/es\/wp-json\/wp\/v2\/product"}],"about":[{"href":"https:\/\/nfc-readers.com\/es\/wp-json\/wp\/v2\/types\/product"}],"wp:featuredmedia":[{"embeddable":true,"href":"https:\/\/nfc-readers.com\/es\/wp-json\/wp\/v2\/media\/3235"}],"wp:attachment":[{"href":"https:\/\/nfc-readers.com\/es\/wp-json\/wp\/v2\/media?parent=3233"}],"wp:term":[{"taxonomy":"product_brand","embeddable":true,"href":"https:\/\/nfc-readers.com\/es\/wp-json\/wp\/v2\/product_brand?post=3233"},{"taxonomy":"product_cat","embeddable":true,"href":"https:\/\/nfc-readers.com\/es\/wp-json\/wp\/v2\/product_cat?post=3233"},{"taxonomy":"product_tag","embeddable":true,"href":"https:\/\/nfc-readers.com\/es\/wp-json\/wp\/v2\/product_tag?post=3233"}],"curies":[{"name":"wp","href":"https:\/\/api.w.org\/{rel}","templated":true}]}}