{"id":3296,"date":"2024-11-01T05:02:29","date_gmt":"2024-11-01T05:02:29","guid":{"rendered":"https:\/\/nfc-readers.com\/?post_type=product&#038;p=3296"},"modified":"2024-11-01T05:02:30","modified_gmt":"2024-11-01T05:02:30","slug":"aes-128-encryption-algorithm-nfc-forum-4-dia-30mm-nfc-tag","status":"publish","type":"product","link":"https:\/\/nfc-readers.com\/es\/ic-reader\/aes-128-encryption-algorithm-nfc-forum-4-dia-30mm-nfc-tag\/","title":{"rendered":"Algoritmo de cifrado AES 128 Etiqueta NFC de 30 mm de di\u00e1metro del foro NFC 4"},"content":{"rendered":"<h1 style=\"text-align: center;\"><strong>Algoritmo de cifrado AES 128 Etiqueta NFC de 30 mm de di\u00e1metro del foro NFC 4<\/strong><\/h1>\n<p>&nbsp;<\/p>\n<p>El <strong>Algoritmo de cifrado AES 128 NFC Forum Etiqueta NFC de 30 mm de di\u00e1metro<\/strong>\u00a0es una soluci\u00f3n vers\u00e1til y segura para una variedad de aplicaciones que requieren seguridad y comunicaci\u00f3n de datos confiables. Fabricada con tecnolog\u00eda de vanguardia, esta etiqueta NFC integra el chip NTAG 424 DNA avanzado, lo que garantiza el m\u00e1s alto nivel de protecci\u00f3n de datos a trav\u00e9s de UID encriptado AES 128, lo que la convierte en una opci\u00f3n ideal para empresas y uso personal. En esta descripci\u00f3n completa del producto, profundizaremos en sus caracter\u00edsticas, beneficios y aplicaciones pr\u00e1cticas, destacando por qu\u00e9 es una inversi\u00f3n valiosa para sus necesidades de NFC.<\/p>\n<p>&nbsp;<\/p>\n<h3><strong>\u00bfPor qu\u00e9 comprar la etiqueta NFC con cifrado AES 128?<\/strong><\/h3>\n<p>La etiqueta NFC Forum 4, equipada con cifrado AES 128, ofrece seguridad y funcionalidad inigualables en un formato compacto. Sus caracter\u00edsticas de impermeabilidad y resistencia a la intemperie la hacen resistente para su uso en exteriores, lo que garantiza que se puede aplicar a diversas superficies, incluido el metal. Dise\u00f1ada para usos innovadores, desde <strong>emparejamiento wifi<\/strong>\u00a0a\u00a0<strong>Integraciones de tarjetas de p\u00f3ster<\/strong>Esta etiqueta NFC proporciona un m\u00e9todo seguro para transmitir datos sin esfuerzo. Adem\u00e1s, su compatibilidad con\u00a0<strong>Dispositivos m\u00f3viles habilitados para NFC<\/strong>\u00a0Simplifica la experiencia del usuario, permitiendo un f\u00e1cil acceso a la informaci\u00f3n con solo un toque.<\/p>\n<p>&nbsp;<\/p>\n<h3><strong>Caracter\u00edsticas especiales de la etiqueta NFC con cifrado AES 128<\/strong><\/h3>\n<p>&nbsp;<\/p>\n<p>El\u00a0<strong>Etiqueta NFC con cifrado AES 128<\/strong>\u00a0Est\u00e1 repleto de caracter\u00edsticas que mejoran su funcionalidad y confiabilidad en diversos entornos:<\/p>\n<ul>\n<li><strong>Resistente al agua \/ a la intemperie:<\/strong>\u00a0Esto garantiza durabilidad y rendimiento tanto en interiores como en exteriores, protegi\u00e9ndolo de la humedad y el polvo.<\/li>\n<li><strong>A prueba de manipulaciones:<\/strong>\u00a0La etiqueta incluye caracter\u00edsticas que indican si ha sido manipulada, proporcionando una capa adicional de seguridad contra el acceso no autorizado.<\/li>\n<\/ul>\n<p>Su combinaci\u00f3n \u00fanica de caracter\u00edsticas lo convierte en la opci\u00f3n preferida para las empresas que buscan mejorar sus medidas de seguridad o agilizar sus operaciones.<\/p>\n<p>&nbsp;<\/p>\n<table class=\"preview\" style=\"height: 271px;\" width=\"529\">\n<thead>\n<tr>\n<th>Especificaci\u00f3n<\/th>\n<th>Detalles<\/th>\n<\/tr>\n<\/thead>\n<tbody>\n<tr>\n<td>N\u00famero de modelo<\/td>\n<td>SX-T424DNA<\/td>\n<\/tr>\n<tr>\n<td>Chip<\/td>\n<td>NTAG 424 ADN<\/td>\n<\/tr>\n<tr>\n<td>Tama\u00f1o<\/td>\n<td>Di\u00e1metro 30 mm<\/td>\n<\/tr>\n<tr>\n<td>Capacidad<\/td>\n<td>50 PF<\/td>\n<\/tr>\n<tr>\n<td>Velocidad de transmisi\u00f3n<\/td>\n<td>848 kbit\/s<\/td>\n<\/tr>\n<tr>\n<td>Protocolo<\/td>\n<td>ISO\/IEC 14443-A<\/td>\n<\/tr>\n<tr>\n<td>Tipo de etiqueta<\/td>\n<td>Foro 4 de la NFC<\/td>\n<\/tr>\n<tr>\n<td>Acabado de la superficie<\/td>\n<td>Brillante\/mate<\/td>\n<\/tr>\n<tr>\n<td>Embalaje<\/td>\n<td>1000-5000 piezas\/<\/td>\n<\/tr>\n<\/tbody>\n<\/table>\n<h3><\/h3>\n<h3><strong>Preguntas frecuentes sobre la etiqueta NFC<\/strong><\/h3>\n<h3>1.\u00a0<strong>\u00bfQu\u00e9 es una etiqueta NFC?<\/strong><\/h3>\n<p>Una etiqueta NFC (Near Field Communication) es un peque\u00f1o chip que permite la comunicaci\u00f3n inal\u00e1mbrica entre dispositivos cuando est\u00e1n cerca. Se utiliza habitualmente para el intercambio de datos, los pagos sin contacto y diversas aplicaciones en marketing y en el intercambio de informaci\u00f3n.<\/p>\n<h3>2.\u00a0<strong>\u00bfC\u00f3mo mejora el cifrado AES 128 la seguridad?<\/strong><\/h3>\n<p>El cifrado AES 128 a\u00f1ade una capa de seguridad al codificar los datos almacenados en la etiqueta NFC. Esto significa que, incluso si alguien consigue leer los datos, no podr\u00e1 entenderlos sin la clave de descifrado adecuada, protegiendo as\u00ed la informaci\u00f3n sensible del acceso no autorizado.<\/p>\n<h3>3.\u00a0<strong>\u00bfSe puede utilizar esta etiqueta NFC en superficies met\u00e1licas?<\/strong><\/h3>\n<p>S\u00ed, la etiqueta NFC con cifrado AES 128 est\u00e1 dise\u00f1ada espec\u00edficamente para brindar versatilidad y se puede aplicar a superficies met\u00e1licas y otros materiales. Esto la hace ideal para diversas aplicaciones, incluido el etiquetado de productos y los usos industriales.<\/p>\n<h3>4.\u00a0<strong>\u00bfQu\u00e9 dispositivos son compatibles con las etiquetas NFC?<\/strong><\/h3>\n<p>La mayor\u00eda de los tel\u00e9fonos inteligentes y tabletas modernos que admiten la tecnolog\u00eda NFC son compatibles con esta etiqueta. Los usuarios pueden leer f\u00e1cilmente los datos almacenados con solo tocar la etiqueta NFC con su dispositivo.<\/p>\n<h3>5.\u00a0<strong>\u00bfSe puede reescribir esta etiqueta?<\/strong><\/h3>\n<p>S\u00ed, la etiqueta NFC con cifrado AES 128 es reescribible, lo que le permite cambiar los datos almacenados seg\u00fan sea necesario. Esta caracter\u00edstica es particularmente \u00fatil para empresas que requieren flexibilidad para actualizar la informaci\u00f3n.<\/p>","protected":false},"excerpt":{"rendered":"<p>La etiqueta NFC Forum 4 con cifrado AES 128, de 30 mm de di\u00e1metro, ofrece una seguridad s\u00f3lida para la transmisi\u00f3n de datos. Ideal para diversas aplicaciones, garantiza interacciones NFC fluidas y confiables.<\/p>","protected":false},"featured_media":3297,"template":"","meta":[],"product_brand":[],"product_cat":[47],"product_tag":[],"class_list":{"0":"post-3296","1":"product","2":"type-product","3":"status-publish","4":"has-post-thumbnail","6":"product_cat-nfc-tags","8":"first","9":"instock","10":"shipping-taxable","11":"product-type-simple"},"_links":{"self":[{"href":"https:\/\/nfc-readers.com\/es\/wp-json\/wp\/v2\/product\/3296","targetHints":{"allow":["GET"]}}],"collection":[{"href":"https:\/\/nfc-readers.com\/es\/wp-json\/wp\/v2\/product"}],"about":[{"href":"https:\/\/nfc-readers.com\/es\/wp-json\/wp\/v2\/types\/product"}],"wp:featuredmedia":[{"embeddable":true,"href":"https:\/\/nfc-readers.com\/es\/wp-json\/wp\/v2\/media\/3297"}],"wp:attachment":[{"href":"https:\/\/nfc-readers.com\/es\/wp-json\/wp\/v2\/media?parent=3296"}],"wp:term":[{"taxonomy":"product_brand","embeddable":true,"href":"https:\/\/nfc-readers.com\/es\/wp-json\/wp\/v2\/product_brand?post=3296"},{"taxonomy":"product_cat","embeddable":true,"href":"https:\/\/nfc-readers.com\/es\/wp-json\/wp\/v2\/product_cat?post=3296"},{"taxonomy":"product_tag","embeddable":true,"href":"https:\/\/nfc-readers.com\/es\/wp-json\/wp\/v2\/product_tag?post=3296"}],"curies":[{"name":"wp","href":"https:\/\/api.w.org\/{rel}","templated":true}]}}