{"id":3303,"date":"2024-11-01T05:12:29","date_gmt":"2024-11-01T05:12:29","guid":{"rendered":"https:\/\/nfc-readers.com\/?post_type=product&#038;p=3303"},"modified":"2024-11-01T05:12:29","modified_gmt":"2024-11-01T05:12:29","slug":"dia-30mm-ntag-424-dna-nfc-sticker-tamper-proof-high-security-2","status":"publish","type":"product","link":"https:\/\/nfc-readers.com\/es\/ic-reader\/dia-30mm-ntag-424-dna-nfc-sticker-tamper-proof-high-security-2\/","title":{"rendered":"Adhesivo NFC NTAG 424 DNA de 30 mm de di\u00e1metro, a prueba de manipulaciones, alta seguridad"},"content":{"rendered":"<h1 style=\"text-align: center;\"><strong>Adhesivo NFC NTAG 424 DNA de 30 mm de di\u00e1metro, a prueba de manipulaciones, alta seguridad<\/strong><\/h1>\n<p>&nbsp;<\/p>\n<p>Mejore la autenticidad de su producto con la innovadora\u00a0<strong>Adhesivo NFC de ADN NTAG 424 de 30 mm de di\u00e1metro<\/strong>Este producto de vanguardia combina alta seguridad y caracter\u00edsticas f\u00e1ciles de usar, lo que lo convierte en una herramienta indispensable para la trazabilidad antifalsificaci\u00f3n del vino tinto y m\u00e1s. Con sus capacidades a prueba de manipulaciones, dise\u00f1o resistente al agua e interfaz de comunicaci\u00f3n segura, esta etiqueta NFC es esencial para las marcas que buscan proteger sus productos y garantizar la confianza del cliente.<\/p>\n<h3><\/h3>\n<p>&nbsp;<\/p>\n<p>No se puede exagerar la creciente necesidad de verificaci\u00f3n de productos en el mercado actual. Con el aumento de casos de falsificaci\u00f3n, especialmente en productos valiosos como el vino tinto, garantizar la integridad de su marca es primordial. La etiqueta NFC NTAG 424 DNA ofrece incre\u00edbles protecciones contra la manipulaci\u00f3n y el acceso no autorizado, y cuenta con caracter\u00edsticas respaldadas por protocolos de seguridad de \u00faltima generaci\u00f3n. Al invertir en estas etiquetas NFC, protege su producto, mejora la experiencia del cliente y fortalece la lealtad a la marca.<\/p>\n<p>&nbsp;<\/p>\n<h3><strong>Descripci\u00f3n general y especificaciones del producto<\/strong><\/h3>\n<p>El\u00a0<strong>Etiqueta adhesiva NTAG 424 DNA NFC de 30 mm de di\u00e1metro<\/strong>\u00a0Est\u00e1 dise\u00f1ado para un rendimiento superior, combinando un chip de alta seguridad con capacidades multifuncionales. Fabricado a partir de materiales duraderos.\u00a0<strong>Material de PET<\/strong>Esta calcoman\u00eda no solo est\u00e1 dise\u00f1ada para durar, sino tambi\u00e9n para soportar diversas condiciones ambientales. A continuaci\u00f3n, se detallan las especificaciones fundamentales que se deben tener en cuenta:<\/p>\n<ul>\n<li><strong>Modelo de chip<\/strong>: NTAG 424 ADN<\/li>\n<li><strong>Tama\u00f1o<\/strong>:Di\u00e1metro 30 mm<\/li>\n<li><strong>Memoria<\/strong>: 416 bytes<\/li>\n<li><strong>Frecuencia<\/strong>:13,56 MHz<\/li>\n<li><strong>Tipo de foro NFC<\/strong>:Tipo 4<\/li>\n<li><strong>Protocolo de seguridad<\/strong>: AES de 128 bits, LRP<\/li>\n<li><strong>Teclas de acceso<\/strong>: 5 x 128 bits<\/li>\n<li><strong>Escribe Resistencia<\/strong>:200.000 ciclos<\/li>\n<li><strong>Material<\/strong>:PET (impermeable\/resistente a la intemperie)<\/li>\n<li><strong>Lugar de origen<\/strong>: Guangdong, China<\/li>\n<\/ul>\n<p>Estas especificaciones indican que esta etiqueta NFC est\u00e1 dise\u00f1ada para brindar alto rendimiento y confiabilidad, ideal para aplicaciones que necesitan interacci\u00f3n constante y seguridad de datos.<\/p>\n<p>&nbsp;<\/p>\n<p>&nbsp;<\/p>\n<h3><strong>Caracter\u00edsticas principales de la etiqueta NFC NTAG 424 DNA<\/strong><\/h3>\n<p>&nbsp;<\/p>\n<p>El\u00a0<strong>Pegatina NFC<\/strong>\u00a0integra algunos\u00a0<strong>Caracter\u00edsticas especiales<\/strong>\u00a0que mejoran su rendimiento general. A continuaci\u00f3n, se muestran algunas caracter\u00edsticas destacadas:<\/p>\n<ul>\n<li><strong>Resistente al agua y a la intemperie<\/strong>:Esta etiqueta NFC est\u00e1 dise\u00f1ada para soportar diversas condiciones ambientales, lo que la hace adecuada para aplicaciones tanto en interiores como en exteriores. Ya sea que se trate de salpicaduras de agua o exposici\u00f3n a la luz solar,\u00a0<strong>Adhesivo NFC NTAG 424 DNA<\/strong>\u00a0permanece funcional e intacto.<\/li>\n<li><strong>Comunicaci\u00f3n de alto rendimiento<\/strong>: Operando a una frecuencia de\u00a0<strong>13,56 MHz<\/strong>Esta pegatina NFC permite una comunicaci\u00f3n r\u00e1pida con\u00a0<strong>Tel\u00e9fonos inteligentes habilitados para NFC<\/strong>\u00a0y dispositivos. Esta interacci\u00f3n fluida garantiza un acceso r\u00e1pido y eficiente a la informaci\u00f3n cuando se escanea la etiqueta.<\/li>\n<li><strong>Tecnolog\u00eda a prueba de manipulaciones<\/strong>:La capacidad de la etiqueta para actuar como un sello de seguridad proporciona tranquilidad. Si alguien intenta acceder a la informaci\u00f3n sin la debida autorizaci\u00f3n, la etiqueta indica que se ha producido una manipulaci\u00f3n, lo que protege la integridad de su producto.<\/li>\n<\/ul>\n<p>Esta combinaci\u00f3n de caracter\u00edsticas hace que la etiqueta NFC NTAG 424 DNA sea un activo valioso para las empresas que invierten en la protecci\u00f3n y verificaci\u00f3n de sus productos.<\/p>\n<p>&nbsp;<\/p>\n<h3><strong>Preguntas frecuentes: Preguntas frecuentes sobre la etiqueta adhesiva NFC NTAG 424 DNA de 30 mm de di\u00e1metro<\/strong><\/h3>\n<h3>1.\u00a0<strong>\u00bfPara qu\u00e9 se utiliza la pegatina NFC NTAG 424 DNA de 30 mm de di\u00e1metro?<\/strong><\/h3>\n<p>La etiqueta NFC NTAG 424 DNA se utiliza principalmente para la autenticaci\u00f3n de productos y la lucha contra la falsificaci\u00f3n, en particular en art\u00edculos valiosos como el vino tinto. Tambi\u00e9n puede servir para diversas aplicaciones en sectores como el comercio minorista, la log\u00edstica y la gesti\u00f3n de inventarios, ya que proporciona un acceso sencillo al contenido digital cuando se escanea con un tel\u00e9fono inteligente con NFC.<\/p>\n<h3>2.\u00a0<strong>\u00bfC\u00f3mo uso la pegatina NFC?<\/strong><\/h3>\n<p>Para utilizar la etiqueta NFC, simplemente hay que despegar el papel adhesivo y pegarla en la superficie deseada. Para escanear, los usuarios necesitan un tel\u00e9fono inteligente o un dispositivo con NFC. Al acercar el dispositivo a la etiqueta, se puede acceder autom\u00e1ticamente a la informaci\u00f3n almacenada en ella.<\/p>\n<h3>3.\u00a0<strong>\u00bfLa pegatina NFC NTAG 424 DNA es resistente al agua?<\/strong><\/h3>\n<p>S\u00ed, la etiqueta NFC NTAG 424 DNA est\u00e1 dise\u00f1ada para ser resistente al agua y a la intemperie. Puede soportar diversas condiciones ambientales, lo que la hace adecuada para aplicaciones tanto en interiores como en exteriores.<\/p>\n<h3>4.\u00a0<strong>\u00bfQu\u00e9 tan seguros son los datos almacenados en la etiqueta NFC?<\/strong><\/h3>\n<p>La pegatina cuenta con s\u00f3lidos protocolos de seguridad, que incluyen cifrado AES de 128 bits y m\u00faltiples claves de acceso (5 x 128 bits). Este nivel de seguridad ayuda a proteger los datos del acceso no autorizado y garantiza que solo los usuarios autorizados puedan recuperar o modificar la informaci\u00f3n almacenada en ella.<\/p>\n<h3>5.\u00a0<strong>\u00bfSe pueden actualizar los datos de la pegatina NFC?<\/strong><\/h3>\n<p>S\u00ed, los datos almacenados en la etiqueta NFC NTAG 424 DNA se pueden actualizar mediante un dispositivo habilitado con NFC. Esta funci\u00f3n es particularmente \u00fatil para las empresas que necesitan mantener la informaci\u00f3n del producto actualizada y relevante a lo largo del tiempo.<\/p>","protected":false},"excerpt":{"rendered":"<p>El\u00a0<strong>Adhesivo NFC de ADN NTAG 424 de 30 mm de di\u00e1metro<\/strong>\u00a0Ofrece caracter\u00edsticas de alta seguridad y a prueba de manipulaciones, lo que la convierte en una soluci\u00f3n esencial para la autenticaci\u00f3n de productos y la lucha contra la falsificaci\u00f3n. Dise\u00f1ada para brindar durabilidad e impermeabilidad, esta etiqueta NFC garantiza una protecci\u00f3n confiable y trazabilidad para una amplia gama de aplicaciones.<\/p>","protected":false},"featured_media":3304,"template":"","meta":[],"product_brand":[],"product_cat":[48],"product_tag":[],"class_list":{"0":"post-3303","1":"product","2":"type-product","3":"status-publish","4":"has-post-thumbnail","6":"product_cat-nfc-stickers","8":"first","9":"instock","10":"shipping-taxable","11":"product-type-simple"},"_links":{"self":[{"href":"https:\/\/nfc-readers.com\/es\/wp-json\/wp\/v2\/product\/3303","targetHints":{"allow":["GET"]}}],"collection":[{"href":"https:\/\/nfc-readers.com\/es\/wp-json\/wp\/v2\/product"}],"about":[{"href":"https:\/\/nfc-readers.com\/es\/wp-json\/wp\/v2\/types\/product"}],"wp:featuredmedia":[{"embeddable":true,"href":"https:\/\/nfc-readers.com\/es\/wp-json\/wp\/v2\/media\/3304"}],"wp:attachment":[{"href":"https:\/\/nfc-readers.com\/es\/wp-json\/wp\/v2\/media?parent=3303"}],"wp:term":[{"taxonomy":"product_brand","embeddable":true,"href":"https:\/\/nfc-readers.com\/es\/wp-json\/wp\/v2\/product_brand?post=3303"},{"taxonomy":"product_cat","embeddable":true,"href":"https:\/\/nfc-readers.com\/es\/wp-json\/wp\/v2\/product_cat?post=3303"},{"taxonomy":"product_tag","embeddable":true,"href":"https:\/\/nfc-readers.com\/es\/wp-json\/wp\/v2\/product_tag?post=3303"}],"curies":[{"name":"wp","href":"https:\/\/api.w.org\/{rel}","templated":true}]}}