{"id":3318,"date":"2024-11-01T05:29:10","date_gmt":"2024-11-01T05:29:10","guid":{"rendered":"https:\/\/nfc-readers.com\/?post_type=product&#038;p=3318"},"modified":"2024-11-01T05:29:20","modified_gmt":"2024-11-01T05:29:20","slug":"iso15693-icode-custom-size-pet-wet-dry-inlay-nfc-sticker","status":"publish","type":"product","link":"https:\/\/nfc-readers.com\/es\/ic-reader\/iso15693-icode-custom-size-pet-wet-dry-inlay-nfc-sticker\/","title":{"rendered":"Etiqueta adhesiva NFC con incrustaci\u00f3n en seco y h\u00famedo de PET de tama\u00f1o personalizado ISO15693 ICODE"},"content":{"rendered":"<h1 style=\"text-align: center;\"><strong>Etiqueta adhesiva NFC con incrustaci\u00f3n en seco y h\u00famedo de PET de tama\u00f1o personalizado ISO15693 ICODE<\/strong><\/h1>\n<p>&nbsp;<\/p>\n<p>En la era digital actual, la integraci\u00f3n de la tecnolog\u00eda de comunicaci\u00f3n de campo cercano (NFC) ha transformado la forma en que las empresas se comunican e interact\u00faan con sus clientes.\u00a0<strong>Etiqueta adhesiva NFC con incrustaci\u00f3n en seco y h\u00famedo de PET de tama\u00f1o personalizado ISO15693 ICODE<\/strong>\u00a0representa un avance significativo en los productos NFC, ya que ofrece una comunicaci\u00f3n confiable, aplicaciones vers\u00e1tiles y una durabilidad excepcional. Esta vers\u00e1til etiqueta NFC, dise\u00f1ada para diversos casos de uso, garantiza interacciones fluidas entre dispositivos, lo que la convierte en una herramienta esencial tanto para las empresas modernas como para los individuos.<\/p>\n<p>Con una etiqueta NFC, puede optimizar procesos, mejorar la interacci\u00f3n del usuario y hacer que las tareas cotidianas sean m\u00e1s eficientes. Ya sea que desee actualizar sus estrategias de marketing, mejorar la experiencia del cliente o simplificar las transacciones, esta etiqueta NFC le brinda las caracter\u00edsticas y la confiabilidad que necesita.<\/p>\n<p>&nbsp;<\/p>\n<h2><strong>Caracter\u00edsticas \u00fanicas<\/strong><\/h2>\n<p>Las caracter\u00edsticas destacadas de la etiqueta NFC ICODE ISO15693 la convierten en un elemento imprescindible para empresas y personas que buscan optimizar sus operaciones.<\/p>\n<ul>\n<li><strong>Resistente al agua\/a la intemperie<\/strong>:La capacidad de soportar diversas condiciones ambientales significa que las etiquetas NFC se pueden usar en exteriores o en \u00e1reas donde puede haber humedad. Esta caracter\u00edstica garantiza que la etiqueta mantenga su funcionalidad sin degradarse con el tiempo.<\/li>\n<li><strong>Tama\u00f1os personalizados<\/strong>:Esta etiqueta NFC se puede fabricar en diferentes tama\u00f1os y formas, seg\u00fan sus requisitos, lo que la hace adecuada para diversas aplicaciones, ya sea etiquetado de productos, credenciales de control de acceso o materiales promocionales.<\/li>\n<\/ul>\n<p>Estas caracter\u00edsticas \u00fanicas no s\u00f3lo mejoran la usabilidad sino que tambi\u00e9n ampl\u00edan las posibilidades de aplicaci\u00f3n en m\u00faltiples industrias.<\/p>\n<p>&nbsp;<\/p>\n<h2><strong>Especificaciones t\u00e9cnicas<\/strong><\/h2>\n<table class=\"w-fit !mb-0 !max-w-none\" style=\"height: 300px;\" width=\"443\">\n<thead>\n<tr>\n<th>Especificaci\u00f3n<\/th>\n<th>Detalles<\/th>\n<\/tr>\n<\/thead>\n<tbody>\n<tr>\n<td><strong>Frecuencia<\/strong><\/td>\n<td>13,56 MHz<\/td>\n<\/tr>\n<tr>\n<td><strong>Tipos de chips<\/strong><\/td>\n<td>C\u00f3digo de barras SLIX \/ SLIX2 \/ SLIXS<\/td>\n<\/tr>\n<tr>\n<td><strong>Memoria<\/strong><\/td>\n<td>Basado en chip<\/td>\n<\/tr>\n<tr>\n<td><strong>Protocolo<\/strong><\/td>\n<td>ISO15693<\/td>\n<\/tr>\n<tr>\n<td><strong>Material<\/strong><\/td>\n<td>MASCOTA<\/td>\n<\/tr>\n<tr>\n<td><strong>Tama\u00f1o personalizado<\/strong><\/td>\n<td>50*50MM o personalizado<\/td>\n<\/tr>\n<tr>\n<td><strong>Lugar de origen<\/strong><\/td>\n<td>Guangdong, China<\/td>\n<\/tr>\n<tr>\n<td><strong>Detalles del embalaje<\/strong><\/td>\n<td>100 piezas\/bolsa, 5000 piezas\/caja<\/td>\n<\/tr>\n<tr>\n<td><strong>Puerto<\/strong><\/td>\n<td>Shenzhen<\/td>\n<\/tr>\n<tr>\n<td><strong>Peso<\/strong><\/td>\n<td>0,010 kilogramos<\/td>\n<\/tr>\n<\/tbody>\n<\/table>\n<p>Las especificaciones t\u00e9cnicas detalladas garantizan que el producto cumpla con los est\u00e1ndares de la industria y al mismo tiempo brinde flexibilidad para diversas aplicaciones.<\/p>\n<p>&nbsp;<\/p>\n<h2><strong>Preguntas frecuentes<\/strong><\/h2>\n<p>A continuaci\u00f3n se presentan algunas preguntas frecuentes sobre el\u00a0<strong>Etiqueta adhesiva NFC con incrustaci\u00f3n en seco y h\u00famedo de PET de tama\u00f1o personalizado ISO15693 ICODE<\/strong>\u00a0Para ayudarle a comprender mejor sus capacidades y aplicaciones:<\/p>\n<h3><strong>1. \u00bfQu\u00e9 dispositivos pueden interactuar con la pegatina NFC?<\/strong><\/h3>\n<p>Las pegatinas NFC son compatibles con la mayor\u00eda\u00a0<strong>Tel\u00e9fonos inteligentes con tecnolog\u00eda NFC<\/strong>, tabletas y lectores sin contacto. Los dispositivos que admitan la tecnolog\u00eda NFC podr\u00e1n leer la informaci\u00f3n incorporada en la etiqueta.<\/p>\n<h3><strong>2. \u00bfQu\u00e9 durabilidad tiene la pegatina NFC?<\/strong><\/h3>\n<p>La etiqueta NFC ICODE ISO15693 est\u00e1 hecha de\u00a0<strong>Material de PET<\/strong>, haci\u00e9ndolo ambas cosas\u00a0<strong>Resistente al agua y a la intemperie<\/strong>Est\u00e1 dise\u00f1ado para soportar diversas condiciones ambientales, garantizando confiabilidad y longevidad en diferentes entornos.<\/p>\n<h3><strong>3. \u00bfPuedo personalizar el tama\u00f1o y la forma de la pegatina NFC?<\/strong><\/h3>\n<p>\u00a1S\u00ed! La pegatina NFC se puede fabricar en\u00a0<strong>Diferentes tama\u00f1os y formas<\/strong>, lo que permite la personalizaci\u00f3n para satisfacer las necesidades espec\u00edficas de su aplicaci\u00f3n. Consulte las opciones disponibles.<\/p>\n<h3><strong>4. \u00bfCu\u00e1l es el rango de lectura de la etiqueta NFC?<\/strong><\/h3>\n<p>El rango de lectura para la tecnolog\u00eda NFC es t\u00edpicamente\u00a0<strong>unos cent\u00edmetros<\/strong>\u00a0(hasta 10 cm). El rendimiento de la pegatina puede variar seg\u00fan el dispositivo utilizado para escanear y los factores ambientales.<\/p>\n<h3><strong>5. \u00bfQu\u00e9 informaci\u00f3n puedo almacenar en la etiqueta NFC?<\/strong><\/h3>\n<p>Puede almacenar varios tipos de informaci\u00f3n en una etiqueta NFC, incluidos\u00a0<strong>URL, informaci\u00f3n de contacto, texto y peque\u00f1os datos binarios<\/strong>\u00a0(normalmente dentro de las limitaciones de la memoria del chip). Si se utilizan distintas opciones de chip (como ICODE SLIX), la memoria puede variar.<\/p>","protected":false},"excerpt":{"rendered":"<p>La etiqueta NFC de PET con incrustaci\u00f3n en seco y h\u00famedo de tama\u00f1o personalizado ISO15693 ICODE es una soluci\u00f3n NFC vers\u00e1til y duradera dise\u00f1ada para una comunicaci\u00f3n fluida tanto en entornos h\u00famedos como secos. Con tama\u00f1os personalizables y s\u00f3lidas caracter\u00edsticas a prueba de agua, es ideal para diversas aplicaciones, desde promociones de marketing hasta control de acceso seguro.<\/p>","protected":false},"featured_media":3319,"template":"","meta":[],"product_brand":[],"product_cat":[48],"product_tag":[],"class_list":{"0":"post-3318","1":"product","2":"type-product","3":"status-publish","4":"has-post-thumbnail","6":"product_cat-nfc-stickers","8":"first","9":"instock","10":"shipping-taxable","11":"product-type-simple"},"_links":{"self":[{"href":"https:\/\/nfc-readers.com\/es\/wp-json\/wp\/v2\/product\/3318","targetHints":{"allow":["GET"]}}],"collection":[{"href":"https:\/\/nfc-readers.com\/es\/wp-json\/wp\/v2\/product"}],"about":[{"href":"https:\/\/nfc-readers.com\/es\/wp-json\/wp\/v2\/types\/product"}],"wp:featuredmedia":[{"embeddable":true,"href":"https:\/\/nfc-readers.com\/es\/wp-json\/wp\/v2\/media\/3319"}],"wp:attachment":[{"href":"https:\/\/nfc-readers.com\/es\/wp-json\/wp\/v2\/media?parent=3318"}],"wp:term":[{"taxonomy":"product_brand","embeddable":true,"href":"https:\/\/nfc-readers.com\/es\/wp-json\/wp\/v2\/product_brand?post=3318"},{"taxonomy":"product_cat","embeddable":true,"href":"https:\/\/nfc-readers.com\/es\/wp-json\/wp\/v2\/product_cat?post=3318"},{"taxonomy":"product_tag","embeddable":true,"href":"https:\/\/nfc-readers.com\/es\/wp-json\/wp\/v2\/product_tag?post=3318"}],"curies":[{"name":"wp","href":"https:\/\/api.w.org\/{rel}","templated":true}]}}