{"id":3325,"date":"2024-11-01T05:35:51","date_gmt":"2024-11-01T05:35:51","guid":{"rendered":"https:\/\/nfc-readers.com\/?post_type=product&#038;p=3325"},"modified":"2024-11-01T05:35:51","modified_gmt":"2024-11-01T05:35:51","slug":"ntag-215-75mm-nfc-epoxy-custom-table-menu-sticker","status":"publish","type":"product","link":"https:\/\/nfc-readers.com\/es\/ic-reader\/ntag-215-75mm-nfc-epoxy-custom-table-menu-sticker\/","title":{"rendered":"Pegatinas de men\u00fa de mesa personalizadas con NFC de 75 mm y epoxi Ntag 215"},"content":{"rendered":"<h1 style=\"text-align: center;\"><strong>Pegatinas de men\u00fa de mesa personalizadas con NFC de 75 mm y epoxi Ntag 215<\/strong><\/h1>\n<p>&nbsp;<\/p>\n<p>En el panorama en constante evoluci\u00f3n de la tecnolog\u00eda de los restaurantes, la\u00a0<strong>Pegatinas de men\u00fa de mesa personalizadas con NFC de 75 mm y epoxi Ntag 215<\/strong>\u00a0Surge como una soluci\u00f3n innovadora para las experiencias gastron\u00f3micas modernas. Esta vers\u00e1til etiqueta NFC permite a los restaurantes presentar sus men\u00fas de una manera novedosa y atractiva, a la vez que mejora la experiencia del cliente gracias al poder de la tecnolog\u00eda sin contacto. Diga adi\u00f3s a los men\u00fas tradicionales en papel y d\u00e9 la bienvenida a la interacci\u00f3n digital fluida.<\/p>\n<p>&nbsp;<\/p>\n<h3><strong>Beneficios de la etiqueta adhesiva epoxi NFC Ntag 215<\/strong><\/h3>\n<p>La etiqueta NFC Ntag 215 no es solo un producto, es una herramienta transformadora para mejorar los servicios de hosteler\u00eda. Con su caracter\u00edstica de impermeabilidad y opciones de personalizaci\u00f3n, esta etiqueta NFC satisface las necesidades \u00fanicas de diversos establecimientos de comida. A continuaci\u00f3n, se presentan razones convincentes para invertir en este producto:<\/p>\n<ul>\n<li><strong>Compartir sin contacto<\/strong>Los clientes pueden acceder sin esfuerzo a los men\u00fas digitales utilizando sus tel\u00e9fonos inteligentes habilitados con NFC, creando una experiencia gastron\u00f3mica higi\u00e9nica e interactiva.<\/li>\n<li><strong>Personalizaci\u00f3n<\/strong>:Adapte la pegatina con distintos tama\u00f1os, impresiones y dise\u00f1os para que se adapte mejor a la marca de su restaurante y al mismo tiempo muestre su men\u00fa y promociones.<\/li>\n<li><strong>Durable y confiable<\/strong>Con un dise\u00f1o resistente al agua y a la intemperie y fabricado con materiales de alta calidad como epoxi y papel\/PVC, la calcoman\u00eda Ntag 215 est\u00e1 dise\u00f1ada para durar, lo que garantiza un uso a largo plazo en entornos de restaurantes concurridos.<\/li>\n<li><\/li>\n<\/ul>\n<h3><strong>Caracter\u00edsticas de la etiqueta adhesiva NFC Ntag 215<\/strong><\/h3>\n<p>El\u00a0<strong>Pegatinas de men\u00fa de mesa personalizadas con NFC de 75 mm y epoxi Ntag 215<\/strong>\u00a0Cuenta con numerosas especificaciones que lo diferencian:<\/p>\n<ul>\n<li><strong>Materiales<\/strong>: Elaborado a partir de\u00a0<strong>epoxi y papel\/PVC<\/strong>Esta pegatina est\u00e1 dise\u00f1ada para brindar durabilidad y resistencia a los entornos t\u00edpicos de los restaurantes.<\/li>\n<li><strong>Tama\u00f1o y personalizaci\u00f3n<\/strong>:Si bien el tama\u00f1o est\u00e1ndar es\u00a0<strong>75MM<\/strong>Se encuentran disponibles dimensiones personalizadas, lo que permite una adaptaci\u00f3n completa a cualquier tema de tienda o necesidad de men\u00fa.<\/li>\n<li><strong>Interface de comunicaci\u00f3n<\/strong>:Utilizando la interfaz de comunicaci\u00f3n NFC, opera en un\u00a0<strong>frecuencia de 13,56 MHz<\/strong>, garantizando confiabilidad y rapidez en la transferencia de datos.<\/li>\n<\/ul>\n<p>Ofreciendo opciones para\u00a0<strong>Impresi\u00f3n offset y serigraf\u00eda<\/strong>La etiqueta Ntag 215 puede venir con su logotipo, c\u00f3digos QR o elementos de men\u00fa detallados, mejorando el reconocimiento de la marca y la participaci\u00f3n del cliente.<\/p>\n<p>&nbsp;<\/p>\n<h3><strong>Opciones de personalizaci\u00f3n<\/strong><\/h3>\n<p>Siendo la personalizaci\u00f3n un aspecto importante de la\u00a0<strong>Adhesivo NFC Ntag 215<\/strong>Los restaurantes pueden elegir entre una gran variedad de opciones:<\/p>\n<ul>\n<li><strong>Opciones de impresi\u00f3n<\/strong>:Seleccione entre\u00a0<strong>Impresi\u00f3n offset, serigraf\u00eda o c\u00f3digos QR<\/strong>\u00a0\u2013 todo dise\u00f1ado a medida para adaptarse a la tem\u00e1tica del restaurante.<\/li>\n<li><strong>Tama\u00f1os y formas<\/strong>:Si bien el di\u00e1metro est\u00e1ndar es\u00a0<strong>75MM<\/strong>Las empresas pueden solicitar tama\u00f1os personalizados para adaptarse a mesas espec\u00edficas o necesidades de decoraci\u00f3n. Las opciones flexibles permiten la adaptaci\u00f3n a diferentes entornos, ya sean montajes planos o sobre metal.<\/li>\n<\/ul>\n<p>Poder personalizar su etiqueta NFC significa que su restaurante puede mantener la coherencia de la marca y al mismo tiempo mejorar la interacci\u00f3n con el cliente.<\/p>\n<p>&nbsp;<\/p>\n<h3><strong>Preguntas frecuentes sobre la etiqueta adhesiva de men\u00fa de mesa personalizada con NFC Ntag 215<\/strong><\/h3>\n<h3>1.\u00a0<strong>\u00bfQu\u00e9 es la pegatina de men\u00fa de mesa personalizada ep\u00f3xica NFC Ntag 215?<\/strong><\/h3>\n<p>La etiqueta adhesiva NFC personalizada para men\u00fa de mesa Ntag 215 es una etiqueta adhesiva NFC duradera y sin contacto dise\u00f1ada para restaurantes y otros establecimientos de comida. Permite a los clientes acceder f\u00e1cilmente a los men\u00fas y promociones digitales al tocar la etiqueta con sus tel\u00e9fonos inteligentes habilitados para NFC.<\/p>\n<h3>2.\u00a0<strong>\u00bfC\u00f3mo funciona la tecnolog\u00eda NFC?<\/strong><\/h3>\n<p>NFC (Near Field Communication) permite la comunicaci\u00f3n inal\u00e1mbrica entre dispositivos a corta distancia (normalmente menos de 4 cm). Cuando un cliente acerca su smartphone con NFC a la etiqueta Ntag 215, esta lee los datos almacenados en la etiqueta y muestra el men\u00fa digital en su dispositivo.<\/p>\n<h3>3.\u00a0<strong>\u00bfLas pegatinas son resistentes al agua?<\/strong><\/h3>\n<p>S\u00ed, las etiquetas adhesivas Ntag 215 est\u00e1n dise\u00f1adas para ser resistentes al agua y a la intemperie. Esto garantiza su durabilidad y longevidad incluso en entornos de restaurantes concurridos donde los derrames y las salpicaduras son habituales.<\/p>\n<h3>4.\u00a0<strong>\u00bfPuedo personalizar el dise\u00f1o del sticker?<\/strong><\/h3>\n<p>\u00a1Por supuesto! Puedes personalizar la etiqueta NFC Ntag 215 con distintas opciones de dise\u00f1o, como impresi\u00f3n offset, serigraf\u00eda, logotipos, c\u00f3digos QR y dimensiones personalizadas. Esto te permite alinear la etiqueta con la marca de tu restaurante de manera eficaz.<\/p>\n<h3>5.\u00a0<strong>\u00bfQu\u00e9 opciones de chips est\u00e1n disponibles?<\/strong><\/h3>\n<p>La etiqueta Ntag 215 viene precargada con el chip Ntag 215, pero tambi\u00e9n puedes elegir otras opciones de chip NFC como Ntag 213, Ntag 216 o configuraciones personalizadas seg\u00fan tus necesidades espec\u00edficas.<\/p>","protected":false},"excerpt":{"rendered":"<p>La etiqueta adhesiva de epoxi NFC de 75 mm Ntag 215 para men\u00fa de mesa personalizado ofrece a los clientes una forma sencilla y sin contacto de acceder a los men\u00fas digitales. Es duradera y personalizable y mejora la experiencia gastron\u00f3mica de los restaurantes modernos.<\/p>","protected":false},"featured_media":3326,"template":"","meta":[],"product_brand":[],"product_cat":[48],"product_tag":[],"class_list":{"0":"post-3325","1":"product","2":"type-product","3":"status-publish","4":"has-post-thumbnail","6":"product_cat-nfc-stickers","8":"first","9":"instock","10":"shipping-taxable","11":"product-type-simple"},"_links":{"self":[{"href":"https:\/\/nfc-readers.com\/es\/wp-json\/wp\/v2\/product\/3325","targetHints":{"allow":["GET"]}}],"collection":[{"href":"https:\/\/nfc-readers.com\/es\/wp-json\/wp\/v2\/product"}],"about":[{"href":"https:\/\/nfc-readers.com\/es\/wp-json\/wp\/v2\/types\/product"}],"wp:featuredmedia":[{"embeddable":true,"href":"https:\/\/nfc-readers.com\/es\/wp-json\/wp\/v2\/media\/3326"}],"wp:attachment":[{"href":"https:\/\/nfc-readers.com\/es\/wp-json\/wp\/v2\/media?parent=3325"}],"wp:term":[{"taxonomy":"product_brand","embeddable":true,"href":"https:\/\/nfc-readers.com\/es\/wp-json\/wp\/v2\/product_brand?post=3325"},{"taxonomy":"product_cat","embeddable":true,"href":"https:\/\/nfc-readers.com\/es\/wp-json\/wp\/v2\/product_cat?post=3325"},{"taxonomy":"product_tag","embeddable":true,"href":"https:\/\/nfc-readers.com\/es\/wp-json\/wp\/v2\/product_tag?post=3325"}],"curies":[{"name":"wp","href":"https:\/\/api.w.org\/{rel}","templated":true}]}}