{"id":3332,"date":"2024-11-01T05:43:23","date_gmt":"2024-11-01T05:43:23","guid":{"rendered":"https:\/\/nfc-readers.com\/?post_type=product&#038;p=3332"},"modified":"2024-11-01T05:43:24","modified_gmt":"2024-11-01T05:43:24","slug":"ntag-213-custom-nfc-epoxy-sticker-for-nfc-smart-phone","status":"publish","type":"product","link":"https:\/\/nfc-readers.com\/es\/ic-reader\/ntag-213-custom-nfc-epoxy-sticker-for-nfc-smart-phone\/","title":{"rendered":"Adhesivo epoxi NFC personalizado Ntag 213 para tel\u00e9fonos inteligentes NFC"},"content":{"rendered":"<h1 style=\"text-align: center;\"><strong>Adhesivo epoxi NFC personalizado Ntag 213 para tel\u00e9fonos inteligentes NFC<\/strong><\/h1>\n<p>&nbsp;<\/p>\n<p>Explora el futuro de la conectividad con el\u00a0<strong>Adhesivo epoxi NFC personalizado Ntag 213<\/strong>, un producto vers\u00e1til e innovador dise\u00f1ado para interacciones fluidas con\u00a0<strong>Tel\u00e9fonos inteligentes con tecnolog\u00eda NFC<\/strong>. Con sus excelentes caracter\u00edsticas, incluyendo\u00a0<em>impermeabilizaci\u00f3n<\/em>Esta etiqueta NFC, hecha de un material epoxi duradero y con opciones personalizables, no es solo un dispositivo m\u00e1s, sino una herramienta revolucionaria que mejora su experiencia digital. Desde aplicaciones de pago hasta la facilidad para compartir informaci\u00f3n digital, la etiqueta Ntag 213 es un accesorio indispensable para cualquiera que busque comodidad y eficiencia.<\/p>\n<p>&nbsp;<\/p>\n<h3><strong>\u00bfPor qu\u00e9 deber\u00edas comprar las pegatinas NFC Ntag 213?<\/strong><\/h3>\n<p>Elegir la etiqueta NFC adecuada puede mejorar la imagen de su empresa o marca personal y, al mismo tiempo, garantizar una experiencia de usuario fluida. La etiqueta NFC epoxi personalizada Ntag 213 se destaca por su combinaci\u00f3n \u00fanica de confiabilidad, alto rendimiento y adaptabilidad. Con la capacidad de almacenar 144 bytes de datos, esta etiqueta NFC es ideal para una multitud de aplicaciones, lo que la convierte en una herramienta esencial en el mundo tecnol\u00f3gico actual. Pero, \u00bfpor qu\u00e9 vale la pena comprar esta etiqueta? Aqu\u00ed hay algunas razones convincentes:<\/p>\n<ul>\n<li><strong>Durabilidad<\/strong>:Gracias a su revestimiento epoxi, esta pegatina NFC es\u00a0<strong>Resistente al agua y a la intemperie<\/strong>, lo que le permite conservar la funcionalidad en diversos entornos.<\/li>\n<li><strong>Versatilidad<\/strong>Con opciones de personalizaci\u00f3n en tama\u00f1o, color y dise\u00f1o de impresi\u00f3n, puede adaptar este producto para satisfacer sus necesidades de marca espec\u00edficas.<\/li>\n<li><strong>F\u00e1cil integraci\u00f3n<\/strong>: Compatible con una amplia gama de\u00a0<strong>Dispositivos NFC<\/strong>, incluidos Android y iPhone, permite a los usuarios compartir informaci\u00f3n sin esfuerzo e interactuar con contenido digital.<\/li>\n<\/ul>\n<p>&nbsp;<\/p>\n<h3><strong>Caracter\u00edsticas y beneficios del producto<\/strong><\/h3>\n<h3>Tama\u00f1os y colores personalizados<\/h3>\n<p>Cada proyecto es \u00fanico y nuestro\u00a0<strong>Pegatinas NFC Ntag 213<\/strong>\u00a0se puede adaptar para satisfacer requisitos espec\u00edficos. Ya sea que necesite un\u00a0<strong>rect\u00e1ngulo<\/strong>, ovalado o redondo, ofrecemos flexibilidad en forma y tama\u00f1o. Tambi\u00e9n puede elegir entre una variedad de colores para complementar su marca. Este nivel de\u00a0<strong>personalizaci\u00f3n<\/strong>\u00a0garantiza un ajuste perfecto para sus estrategias de marketing o proyectos personales.<\/p>\n<h3>Dise\u00f1o resistente al agua y a la intemperie<\/h3>\n<p>El\u00a0<strong>material epoxi<\/strong>\u00a0El adhesivo Ntag 213 que se utiliza le otorga una protecci\u00f3n extraordinaria contra la humedad y las inclemencias del tiempo.\u00a0<strong>impermeable<\/strong>\u00a0Esta capacidad significa que no tiene que preocuparse por la exposici\u00f3n a los elementos. Ya sea que se utilicen en interiores o exteriores, estas etiquetas NFC mantendr\u00e1n su funcionalidad y eficacia, lo que las hace adecuadas para aplicaciones como publicidad exterior o dispositivos inteligentes que requieren resistencia.<\/p>\n<h3>Frecuencia de comunicaci\u00f3n de 13,56 MHz<\/h3>\n<p>Utilizando el est\u00e1ndar\u00a0<strong>Frecuencia de comunicaci\u00f3n de 13,56 MHz<\/strong>Estas pegatinas NFC aprovechan el poder de\u00a0<strong>RFID<\/strong>\u00a0Tecnolog\u00eda NFC. Esta frecuencia proporciona una interfaz de comunicaci\u00f3n confiable, lo que garantiza una transferencia de datos r\u00e1pida y segura cuando se escanea con un dispositivo habilitado con NFC. Esta compatibilidad mejora a\u00fan m\u00e1s la usabilidad, lo que permite una experiencia perfecta en varias plataformas y dispositivos.<\/p>\n<h3>Chip NTAG213 de alto rendimiento<\/h3>\n<p>En el coraz\u00f3n de cada pegatina personalizada de Ntag 213 se encuentra el\u00a0<strong>Chip NTAG213<\/strong>, reconocido por su alto rendimiento y versatilidad. Con memoria de\u00a0<strong>144 bytes<\/strong>Almacena URL, texto o peque\u00f1os conjuntos de datos con \u00e9xito. La arquitectura del chip permite una amplia gama de aplicaciones, desde tarjetas de presentaci\u00f3n hasta campa\u00f1as de marketing interactivas. Su confiabilidad garantiza que sus etiquetas se puedan escanear y acceder a ellas repetidamente sin fallas.<\/p>\n<p>&nbsp;<\/p>\n<h3><strong>Especificaciones t\u00e9cnicas<\/strong><\/h3>\n<table class=\"w-fit !mb-0 !max-w-none\" style=\"height: 297px;\" width=\"431\">\n<thead>\n<tr>\n<th>Caracter\u00edstica<\/th>\n<th>Especificaci\u00f3n<\/th>\n<\/tr>\n<\/thead>\n<tbody>\n<tr>\n<td>Chip<\/td>\n<td>NTAG213<\/td>\n<\/tr>\n<tr>\n<td>Frecuencia<\/td>\n<td>13,56 MHz<\/td>\n<\/tr>\n<tr>\n<td>Memoria<\/td>\n<td>144 bytes<\/td>\n<\/tr>\n<tr>\n<td>Protocolo<\/td>\n<td>ISO14443<\/td>\n<\/tr>\n<tr>\n<td>Material<\/td>\n<td>Epoxy<\/td>\n<\/tr>\n<tr>\n<td>Tama\u00f1o<\/td>\n<td>Costumbre<\/td>\n<\/tr>\n<tr>\n<td>Color<\/td>\n<td>Costumbre<\/td>\n<\/tr>\n<tr>\n<td>Opciones de impresi\u00f3n<\/td>\n<td>Impresi\u00f3n offset\/Pantone\/QR<\/td>\n<\/tr>\n<tr>\n<td>Lugar de origen<\/td>\n<td>Guangdong, China<\/td>\n<\/tr>\n<tr>\n<td>Caracter\u00edsticas especiales<\/td>\n<td>Impermeable\/Resistente a la intemperie<\/td>\n<\/tr>\n<\/tbody>\n<\/table>\n<h3><\/h3>\n<h3><strong>Preguntas frecuentes<\/strong><\/h3>\n<h3>\u00bfQu\u00e9 dispositivos son compatibles con la pegatina NFC Ntag 213?<\/h3>\n<p>Las pegatinas Ntag 213 son compatibles con todos los tel\u00e9fonos inteligentes con NFC, incluidas marcas populares como\u00a0<strong>iPhone<\/strong>\u00a0y\u00a0<strong>Samsung<\/strong>.<\/p>\n<h3>\u00bfCu\u00e1nto dura la bater\u00eda?<\/h3>\n<p>Las etiquetas NFC Ntag 213 no requieren bater\u00eda; son dispositivos pasivos que se alimentan del lector habilitado con NFC. Siempre que la etiqueta est\u00e9 intacta y dentro del alcance, funcionar\u00e1.<\/p>\n<h3>\u00bfSe pueden utilizar estas pegatinas en exteriores?<\/h3>\n<p>\u00a1S\u00ed! Nuestras pegatinas NFC est\u00e1n dise\u00f1adas para ser\u00a0<strong>Resistente al agua y a la intemperie<\/strong>, lo que los hace adecuados tanto para aplicaciones interiores como exteriores.<\/p>\n<h3>\u00bfExiste una distancia m\u00e1xima de escaneo?<\/h3>\n<p>La distancia de escaneo efectiva suele ser de hasta 10 cm (4 pulgadas), dependiendo de la intensidad de la antena NFC del dispositivo y de factores ambientales.<\/p>","protected":false},"excerpt":{"rendered":"<p>El\u00a0<strong>Adhesivo epoxi NFC personalizado NTAG-213<\/strong>\u00a0es una etiqueta NFC vers\u00e1til y resistente al agua dise\u00f1ada para una interacci\u00f3n perfecta con tel\u00e9fonos inteligentes con NFC. Personalizable en tama\u00f1o, color y opciones de impresi\u00f3n, esta etiqueta duradera permite a las empresas y a las personas compartir contenido digital sin esfuerzo, mejorando la participaci\u00f3n del usuario y las oportunidades de marca.<\/p>","protected":false},"featured_media":3333,"template":"","meta":[],"product_brand":[],"product_cat":[48],"product_tag":[],"class_list":{"0":"post-3332","1":"product","2":"type-product","3":"status-publish","4":"has-post-thumbnail","6":"product_cat-nfc-stickers","8":"first","9":"instock","10":"shipping-taxable","11":"product-type-simple"},"_links":{"self":[{"href":"https:\/\/nfc-readers.com\/es\/wp-json\/wp\/v2\/product\/3332","targetHints":{"allow":["GET"]}}],"collection":[{"href":"https:\/\/nfc-readers.com\/es\/wp-json\/wp\/v2\/product"}],"about":[{"href":"https:\/\/nfc-readers.com\/es\/wp-json\/wp\/v2\/types\/product"}],"wp:featuredmedia":[{"embeddable":true,"href":"https:\/\/nfc-readers.com\/es\/wp-json\/wp\/v2\/media\/3333"}],"wp:attachment":[{"href":"https:\/\/nfc-readers.com\/es\/wp-json\/wp\/v2\/media?parent=3332"}],"wp:term":[{"taxonomy":"product_brand","embeddable":true,"href":"https:\/\/nfc-readers.com\/es\/wp-json\/wp\/v2\/product_brand?post=3332"},{"taxonomy":"product_cat","embeddable":true,"href":"https:\/\/nfc-readers.com\/es\/wp-json\/wp\/v2\/product_cat?post=3332"},{"taxonomy":"product_tag","embeddable":true,"href":"https:\/\/nfc-readers.com\/es\/wp-json\/wp\/v2\/product_tag?post=3332"}],"curies":[{"name":"wp","href":"https:\/\/api.w.org\/{rel}","templated":true}]}}