{"id":3348,"date":"2024-11-01T10:53:48","date_gmt":"2024-11-01T10:53:48","guid":{"rendered":"https:\/\/nfc-readers.com\/?post_type=product&#038;p=3348"},"modified":"2024-11-04T09:04:23","modified_gmt":"2024-11-04T09:04:23","slug":"rfid-ultralight-playground-ticket-proximity-pvc-vip-card","status":"publish","type":"product","link":"https:\/\/nfc-readers.com\/es\/ic-reader\/rfid-ultralight-playground-ticket-proximity-pvc-vip-card\/","title":{"rendered":"Tarjeta RFID de PVC Mifare Ultralight ev1 para entradas de parques infantiles"},"content":{"rendered":"<h1><strong><span style=\"color: #000080;\">Tarjeta RFID de PVC Mifare Ultralight ev1 para entradas de parques infantiles<\/span><\/strong><\/h1>\n<p>&nbsp;<\/p>\n<h4><strong><span style=\"color: #008080;\">Revolucionando las soluciones de control de acceso y emisi\u00f3n de tickets<\/span><\/strong><\/h4>\n<p><span style=\"color: #666699;\">En el mundo actual sin dinero en efectivo, la tarjeta RFID de PVC Mifare Ultralight ev1 para entradas de parques infantiles se sit\u00faa a la vanguardia de las soluciones modernas de emisi\u00f3n de entradas y control de acceso. Esta tarjeta de alta tecnolog\u00eda no solo agiliza el acceso a parques de atracciones y eventos, sino que tambi\u00e9n mejora la experiencia del usuario con su dise\u00f1o robusto y su tecnolog\u00eda de tarjeta inteligente. Al ofrecer seguridad, comodidad y versatilidad inigualables, es la opci\u00f3n ideal para las empresas que buscan aumentar la interacci\u00f3n con el cliente y la eficiencia operativa.<\/span><\/p>\n<hr \/>\n<h2><\/h2>\n<h2 style=\"text-align: center;\"><span style=\"color: #000080;\"><em><strong>Caracter\u00edsticas y beneficios del producto<\/strong><\/em><\/span><\/h2>\n<h3><span style=\"color: #333399;\">1. <strong>Material duradero y confiable<\/strong><\/span><\/h3>\n<p>Fabricada con PVC de alta calidad, esta tarjeta RFID est\u00e1 dise\u00f1ada para soportar condiciones ambientales adversas.\u00a0<strong>impermeable<\/strong>\u00a0y\u00a0<strong>a prueba de la intemperie<\/strong>\u00a0Las caracter\u00edsticas evitan el desgaste y garantizan una durabilidad a largo plazo. Ya sea que se utilicen en parques de atracciones al aire libre o en eventos en interiores,\u00a0<strong>Tarjeta de juego ultraligera RFID<\/strong>\u00a0sigue siendo funcional y visualmente atractivo, lo que puede reducir los costos de reemplazo a lo largo del tiempo.<\/p>\n<p>&nbsp;<\/p>\n<h3><span style=\"color: #333399;\"><strong>2. Aplicaciones vers\u00e1tiles<\/strong><\/span><\/h3>\n<p>Dise\u00f1ada para una variedad de usos, la tarjeta RFID de PVC Mifare Ultralight ev1 para boletos de patio de juegos es perfecta para\u00a0<strong>Venta de entradas<\/strong>,\u00a0<strong>control de acceso<\/strong>,\u00a0<strong>programas de fidelizaci\u00f3n<\/strong>, y\u00a0<strong>Gesti\u00f3n de eventos<\/strong>La tarjeta agiliza eficazmente los procesos de entrada, lo que la convierte en una excelente opci\u00f3n para sistemas de transporte p\u00fablico, parques de atracciones, festivales y m\u00e1s. Su versatilidad permite a las empresas implementar una soluci\u00f3n unificada para diversas necesidades operativas.<\/p>\n<p>&nbsp;<\/p>\n<h3><span style=\"color: #333399;\">3. <strong>Experiencia de usuario conveniente<\/strong><\/span><\/h3>\n<p>Con un\u00a0<strong>distancia de lectura<\/strong>\u00a0de 1-20 cm y una opci\u00f3n de grosor de\u00a0<strong>0,76 mm\/0,84 mm<\/strong>La tarjeta garantiza la facilidad de uso y la satisfacci\u00f3n del cliente. Los usuarios pueden simplemente tocar la tarjeta con cualquier dispositivo habilitado con NFC, lo que da como resultado una transacci\u00f3n r\u00e1pida.\u00a0<strong>Sin contacto<\/strong>\u00a0Esta caracter\u00edstica minimiza el contacto f\u00edsico y mejora la higiene, una consideraci\u00f3n esencial en el entorno actual.<\/p>\n<p>&nbsp;<\/p>\n<h3><span style=\"color: #333399;\"><strong>4. Opciones de personalizaci\u00f3n<\/strong><\/span><\/h3>\n<p>La tarjeta RFID de PVC Mifare Ultralight ev1 para entradas de parques infantiles ofrece una amplia personalizaci\u00f3n para adaptarse a las necesidades de marca y marketing. Los clientes pueden elegir entre varias opciones de impresi\u00f3n, incluidas\u00a0<strong>Impresi\u00f3n CMYK4C<\/strong>,\u00a0<strong>Impresi\u00f3n t\u00e9rmica<\/strong>, y\u00a0<strong>serigraf\u00eda<\/strong>. Adem\u00e1s, elementos como\u00a0<strong>c\u00f3digo l\u00e1ser<\/strong>,\u00a0<strong>n\u00fameros de serie<\/strong>, y\u00a0<strong>realce<\/strong>\u00a0Se puede adaptar para crear una identidad \u00fanica para cada tarjeta, mejorando la visibilidad y la lealtad a la marca.<\/p>\n<p>&nbsp;<\/p>\n<h3><span style=\"color: #333399;\"><strong>5. Especificaciones t\u00e9cnicas<\/strong><\/span><\/h3>\n<div class=\"table-with-header rounded-lg border border-solid border-grey-line2-normal w-fit max-w-full mb-2\">\n<div class=\"overflow-x-auto custom-scrollbar custom-scrollbar-float max-w-full\">\n<table class=\"w-fit !mb-0 !max-w-none\" style=\"height: 339px;\" width=\"403\">\n<thead>\n<tr>\n<th>Caracter\u00edstica<\/th>\n<th>Especificaci\u00f3n<\/th>\n<\/tr>\n<\/thead>\n<tbody>\n<tr>\n<td><\/td>\n<td><\/td>\n<\/tr>\n<tr>\n<td>Tipo de chip<\/td>\n<td>MIFARE Ultralight\u00ae C<\/td>\n<\/tr>\n<tr>\n<td>Frecuencia<\/td>\n<td>13,56 MHz<\/td>\n<\/tr>\n<tr>\n<td>Material<\/td>\n<td>CLORURO DE POLIVINILO<\/td>\n<\/tr>\n<tr>\n<td>Distancia de lectura<\/td>\n<td>2-10 cent\u00edmetros<\/td>\n<\/tr>\n<tr>\n<td>Espesor<\/td>\n<td>0,76 mm\/0,84 mm\/personalizado<\/td>\n<\/tr>\n<tr>\n<td>Tama\u00f1o<\/td>\n<td>CR80<\/td>\n<\/tr>\n<tr>\n<td>Artesan\u00eda<\/td>\n<td>C\u00f3digo l\u00e1ser, tinta UV, n\u00famero de serie.<\/td>\n<\/tr>\n<tr>\n<td>Ciclo de escritura<\/td>\n<td>100.000 veces<\/td>\n<\/tr>\n<tr>\n<td>Lugar de origen<\/td>\n<td>Guangdong, China<\/td>\n<\/tr>\n<\/tbody>\n<\/table>\n<\/div>\n<\/div>\n<hr \/>\n<h2 style=\"text-align: center;\"><span style=\"color: #000080;\"><strong>Instrucciones de uso<\/strong><\/span><\/h2>\n<ol>\n<li><strong>Activar la tarjeta<\/strong>:Aseg\u00farese de que la tarjeta est\u00e9 activada a trav\u00e9s de su software de gesti\u00f3n RFID.<\/li>\n<li><strong>Toque en Lector<\/strong>:Sostenga la tarjeta a una distancia de 1 a 20 cm del lector NFC.<\/li>\n<li><strong>Confirmaci\u00f3n de transacci\u00f3n<\/strong>:El lector confirmar\u00e1 la transacci\u00f3n mediante un pitido o un indicador luminoso.<\/li>\n<li><strong>Acceso concedido<\/strong>:Los usuarios pueden proceder a ingresar al recinto o utilizar el servicio.<\/li>\n<\/ol>\n<p>&nbsp;<\/p>\n<h2 style=\"text-align: center;\"><em><span style=\"color: #000080;\"><strong>Producci\u00f3n ecol\u00f3gica<\/strong><\/span><\/em><\/h2>\n<p><span style=\"color: #666699;\">La sostenibilidad es clave para la fabricaci\u00f3n moderna, y la producci\u00f3n de la tarjeta RFID de PVC Mifare Ultralight ev1 para entradas de parques infantiles se alinea con pr\u00e1cticas ecol\u00f3gicas. Al invertir en materiales y procesos sostenibles, las empresas pueden contribuir a la preservaci\u00f3n del medio ambiente y, al mismo tiempo, ofrecer un producto de alta calidad. Este compromiso tiene una buena acogida entre los consumidores conscientes del medio ambiente y mejora la responsabilidad corporativa.<\/span><\/p>","protected":false},"excerpt":{"rendered":"<p>Descubra la tarjeta RFID de PVC Mifare Ultralight ev1 para tickets de parques infantiles: duradera, vers\u00e1til y ecol\u00f3gica para un control de acceso y emisi\u00f3n de tickets sin inconvenientes.<\/p>","protected":false},"featured_media":3349,"template":"","meta":[],"product_brand":[],"product_cat":[46],"product_tag":[],"class_list":{"0":"post-3348","1":"product","2":"type-product","3":"status-publish","4":"has-post-thumbnail","6":"product_cat-nfc-cards","8":"first","9":"instock","10":"shipping-taxable","11":"product-type-simple"},"_links":{"self":[{"href":"https:\/\/nfc-readers.com\/es\/wp-json\/wp\/v2\/product\/3348","targetHints":{"allow":["GET"]}}],"collection":[{"href":"https:\/\/nfc-readers.com\/es\/wp-json\/wp\/v2\/product"}],"about":[{"href":"https:\/\/nfc-readers.com\/es\/wp-json\/wp\/v2\/types\/product"}],"wp:featuredmedia":[{"embeddable":true,"href":"https:\/\/nfc-readers.com\/es\/wp-json\/wp\/v2\/media\/3349"}],"wp:attachment":[{"href":"https:\/\/nfc-readers.com\/es\/wp-json\/wp\/v2\/media?parent=3348"}],"wp:term":[{"taxonomy":"product_brand","embeddable":true,"href":"https:\/\/nfc-readers.com\/es\/wp-json\/wp\/v2\/product_brand?post=3348"},{"taxonomy":"product_cat","embeddable":true,"href":"https:\/\/nfc-readers.com\/es\/wp-json\/wp\/v2\/product_cat?post=3348"},{"taxonomy":"product_tag","embeddable":true,"href":"https:\/\/nfc-readers.com\/es\/wp-json\/wp\/v2\/product_tag?post=3348"}],"curies":[{"name":"wp","href":"https:\/\/api.w.org\/{rel}","templated":true}]}}