{"id":3353,"date":"2024-11-01T11:19:32","date_gmt":"2024-11-01T11:19:32","guid":{"rendered":"https:\/\/nfc-readers.com\/?post_type=product&#038;p=3353"},"modified":"2024-11-04T08:59:53","modified_gmt":"2024-11-04T08:59:53","slug":"iso14443a-mifare-rfid-hotel-card-magnetic-stripe-available","status":"publish","type":"product","link":"https:\/\/nfc-readers.com\/es\/ic-reader\/iso14443a-mifare-rfid-hotel-card-magnetic-stripe-available\/","title":{"rendered":"Tarjeta de hotel con banda magn\u00e9tica RFID MIFARE ISO14443A disponible"},"content":{"rendered":"<h1><span style=\"color: #000080;\"><strong>Tarjeta de hotel con banda magn\u00e9tica RFID MIFARE ISO14443A disponible<\/strong><\/span><\/h1>\n<p><span style=\"color: #666699;\">El futuro del control de accesoEn la industria hotelera moderna, el acceso sin inconvenientes a las habitaciones y las instalaciones es primordial. <strong>Tarjeta de hotel RFID MIFARE ISO14443A con banda magn\u00e9tica<\/strong>\u00a0Ha surgido como una soluci\u00f3n transformadora que combina la tecnolog\u00eda RFID avanzada y un dise\u00f1o f\u00e1cil de usar. Esta tarjeta mejora la experiencia del hu\u00e9sped al tiempo que garantiza una seguridad de primer nivel para la gesti\u00f3n del hotel. <\/span><\/p>\n<p><span style=\"color: #666699;\">Los hu\u00e9spedes pueden disfrutar de acceso sin contacto, mientras que los operadores del hotel se benefician de una mayor seguridad y eficiencia. Con sus atributos de impermeabilidad y resistencia a la intemperie, la tarjeta RFID est\u00e1 dise\u00f1ada para ser duradera, lo que garantiza su longevidad incluso en los entornos m\u00e1s concurridos. Esta tarjeta no solo agiliza el proceso de registro, sino que tambi\u00e9n sirve como una herramienta confiable para el control de acceso, al mismo tiempo que brinda opciones de personalizaci\u00f3n para reflejar la identidad de marca de su hotel.<\/span><\/p>\n<hr \/>\n<h2><\/h2>\n<h2 style=\"text-align: center;\"><em><strong><span style=\"color: #000080;\">Descripci\u00f3n del producto<\/span><\/strong><\/em><\/h2>\n<h3><span style=\"color: #333399;\"> <strong>1. Caracter\u00edsticas principales de la tarjeta de hotel RFID MIFARE ISO14443A<\/strong><\/span><\/h3>\n<p>El\u00a0<strong>Tarjeta de hotel RFID MIFARE ISO14443A<\/strong>\u00a0ofrece una gama de funciones innovadoras que satisfacen tanto a los operadores de hoteles como a los hu\u00e9spedes. Utilizando\u00a0<strong>MIFARE\u00ae Ultraligero C<\/strong>\u00a0Tecnolog\u00eda de chip, esta tarjeta opera a una frecuencia de\u00a0<strong>13,56 MHz<\/strong>\u00a0bajo el\u00a0<strong>Protocolo ISO14443A<\/strong>Esta especificaci\u00f3n permite un acceso r\u00e1pido y seguro con una interacci\u00f3n m\u00ednima necesaria, lo que proporciona una verdadera\u00a0<strong>Experiencia sin contacto<\/strong>.con su\u00a0<strong>impermeable<\/strong>\u00a0y\u00a0<strong>a prueba de la intemperie<\/strong>\u00a0dise\u00f1o, la tarjeta sigue siendo funcional en diversos entornos, lo que garantiza que resista el desgaste diario. Adem\u00e1s, la incorporaci\u00f3n de un\u00a0<strong>banda magn\u00e9tica<\/strong>\u00a0Permite versatilidad en los sistemas de control de acceso. Esta doble funcionalidad garantiza que, ya sea que se utilice para ingresar a habitaciones de hotel o a otras instalaciones, la tarjeta RFID brinde un servicio confiable y sin inconvenientes.<\/p>\n<p>&nbsp;<\/p>\n<h3><span style=\"color: #333399;\"><strong>3. Especificaciones t\u00e9cnicas<\/strong><\/span><\/h3>\n<p>Comprender las especificaciones t\u00e9cnicas es fundamental para seleccionar la soluci\u00f3n de control de acceso adecuada. A continuaci\u00f3n se muestra una tabla detallada de las especificaciones t\u00e9cnicas.\u00a0<strong>Tarjeta de hotel RFID MIFARE ISO14443A<\/strong> presupuesto:<\/p>\n<div class=\"table-with-header rounded-lg border border-solid border-grey-line2-normal w-fit max-w-full mb-2\">\n<div class=\"h-8 items-center flex justify-between px-2 text-xs border-0 border-b border-solid border-grey-line2-normal\">\n<div class=\"h-[26px] w-[26px] text-text-primary-3 cursor-pointer hover:text-text-primary-2 flex-center\"><\/div>\n<\/div>\n<div class=\"overflow-x-auto custom-scrollbar custom-scrollbar-float max-w-full\">\n<table class=\"w-fit !mb-0 !max-w-none\">\n<thead>\n<tr>\n<th>Especificaci\u00f3n<\/th>\n<th>Valor<\/th>\n<\/tr>\n<\/thead>\n<tbody>\n<tr>\n<td>Chip<\/td>\n<td>MIFARE\u00ae Ultraligero C<\/td>\n<\/tr>\n<tr>\n<td>Frecuencia<\/td>\n<td>13,56 MHz<\/td>\n<\/tr>\n<tr>\n<td>Interface de comunicaci\u00f3n<\/td>\n<td>RFID, NFC<\/td>\n<\/tr>\n<tr>\n<td>Material<\/td>\n<td>CLORURO DE POLIVINILO<\/td>\n<\/tr>\n<tr>\n<td>Tama\u00f1o<\/td>\n<td>85,5 x 54 mm \/ personalizado<\/td>\n<\/tr>\n<tr>\n<td>Banda magn\u00e9tica<\/td>\n<td>Loco300 oe \/ Hico2750\/4000 oe<\/td>\n<\/tr>\n<tr>\n<td>Acabado de la superficie<\/td>\n<td>Brillante, mate, esmerilado<\/td>\n<\/tr>\n<tr>\n<td>Codificar<\/td>\n<td>Impresi\u00f3n de c\u00f3digos QR\/c\u00f3digos l\u00e1ser<\/td>\n<\/tr>\n<tr>\n<td>Opciones de impresi\u00f3n<\/td>\n<td>Impresi\u00f3n offset CMYK\/Serigraf\u00eda\/Digital<\/td>\n<\/tr>\n<\/tbody>\n<\/table>\n<\/div>\n<\/div>\n<p>Estas especificaciones resaltan la versatilidad y la tecnolog\u00eda avanzada de la tarjeta, y el dise\u00f1o satisface las necesidades tanto de los usuarios como de la administraci\u00f3n del hotel.<\/p>\n<p>&nbsp;<\/p>\n<h3><span style=\"color: #333399;\"><strong>4. Beneficios de utilizar tarjetas RFID para hoteles<\/strong><\/span><\/h3>\n<p><span style=\"color: #666699;\">Integrando el\u00a0<strong>Tarjeta de hotel RFID MIFARE ISO14443A<\/strong>\u00a0en las operaciones de un hotel trae consigo numerosos beneficios. En primer lugar, la\u00a0<strong>Sin contacto<\/strong>\u00a0La tecnolog\u00eda mejora la experiencia del hu\u00e9sped, permitiendo un acceso r\u00e1pido y sencillo a las habitaciones y las instalaciones sin tener que manipular las llaves tradicionales. Esto agiliza los procesos de check-in, lo que en \u00faltima instancia se traduce en una mayor satisfacci\u00f3n del hu\u00e9sped.<\/span><\/p>\n<p><span style=\"color: #666699;\">Adem\u00e1s, la tecnolog\u00eda RFID permite una gesti\u00f3n eficaz\u00a0<strong>control de acceso<\/strong>\u00a0gesti\u00f3n. El personal del hotel puede rastrear f\u00e1cilmente los patrones de uso, lo que garantiza una mayor seguridad y minimiza el acceso no autorizado. Con funciones como\u00a0<strong>autenticaci\u00f3n mutua<\/strong>, las posibilidades de duplicaci\u00f3n no autorizada quedan pr\u00e1cticamente eliminadas.<\/span><\/p>\n<p>&nbsp;<\/p>\n<h2 style=\"text-align: center;\"><span style=\"color: #000080;\"><em><strong>Preguntas frecuentes<\/strong><\/em><\/span><\/h2>\n<p><span style=\"color: #008080;\"><strong>1. \u00bfCu\u00e1l es la vida \u00fatil de la tarjeta RFID de hotel?<\/strong><\/span><\/p>\n<p>La tarjeta dura varios a\u00f1os con un uso normal gracias a su material de PVC duradero y sus caracter\u00edsticas resistentes a la intemperie.<\/p>\n<hr \/>\n<p><span style=\"color: #008080;\"><strong>2. \u00bfSe puede personalizar la tarjeta con nuestra marca?<\/strong><\/span><\/p>\n<p>S\u00ed, puedes personalizar la tarjeta con el logotipo y los colores de tu hotel utilizando varias opciones de impresi\u00f3n y acabado.<\/p>\n<hr \/>\n<p><strong><span style=\"color: #008080;\">3. \u00bfLa tarjeta es compatible con los sistemas RFID existentes?<\/span><\/strong><\/p>\n<p>S\u00ed, es compatible con la mayor\u00eda de los sistemas de control de acceso RFID que utilizan el <strong>Protocolo ISO14443A<\/strong>.<\/p>","protected":false},"excerpt":{"rendered":"<p>La tarjeta de hotel MIFARE RFID ISO14443A ofrece acceso sin contacto, seguridad mejorada y opciones de personalizaci\u00f3n, lo que la hace ideal para las necesidades de la hospitalidad moderna.<\/p>","protected":false},"featured_media":3354,"template":"","meta":[],"product_brand":[],"product_cat":[46],"product_tag":[],"class_list":{"0":"post-3353","1":"product","2":"type-product","3":"status-publish","4":"has-post-thumbnail","6":"product_cat-nfc-cards","8":"first","9":"instock","10":"shipping-taxable","11":"product-type-simple"},"_links":{"self":[{"href":"https:\/\/nfc-readers.com\/es\/wp-json\/wp\/v2\/product\/3353","targetHints":{"allow":["GET"]}}],"collection":[{"href":"https:\/\/nfc-readers.com\/es\/wp-json\/wp\/v2\/product"}],"about":[{"href":"https:\/\/nfc-readers.com\/es\/wp-json\/wp\/v2\/types\/product"}],"wp:featuredmedia":[{"embeddable":true,"href":"https:\/\/nfc-readers.com\/es\/wp-json\/wp\/v2\/media\/3354"}],"wp:attachment":[{"href":"https:\/\/nfc-readers.com\/es\/wp-json\/wp\/v2\/media?parent=3353"}],"wp:term":[{"taxonomy":"product_brand","embeddable":true,"href":"https:\/\/nfc-readers.com\/es\/wp-json\/wp\/v2\/product_brand?post=3353"},{"taxonomy":"product_cat","embeddable":true,"href":"https:\/\/nfc-readers.com\/es\/wp-json\/wp\/v2\/product_cat?post=3353"},{"taxonomy":"product_tag","embeddable":true,"href":"https:\/\/nfc-readers.com\/es\/wp-json\/wp\/v2\/product_tag?post=3353"}],"curies":[{"name":"wp","href":"https:\/\/api.w.org\/{rel}","templated":true}]}}