{"id":3365,"date":"2024-11-01T14:47:51","date_gmt":"2024-11-01T14:47:51","guid":{"rendered":"https:\/\/nfc-readers.com\/?post_type=product&#038;p=3365"},"modified":"2024-11-01T15:00:46","modified_gmt":"2024-11-01T15:00:46","slug":"custom-read-write-flexible-ntag213-215-216-epoxy-nfc-tag","status":"publish","type":"product","link":"https:\/\/nfc-readers.com\/es\/ic-reader\/custom-read-write-flexible-ntag213-215-216-epoxy-nfc-tag\/","title":{"rendered":"Etiqueta NFC de epoxi NTAG213 215 216 flexible y personalizada de lectura y escritura"},"content":{"rendered":"<h1 style=\"text-align: center;\"><strong>Etiqueta NFC de epoxi NTAG213 215 216 flexible y personalizada de lectura y escritura<\/strong><\/h1>\n<p>&nbsp;<\/p>\n<p>En el acelerado mundo digital actual, la tecnolog\u00eda NFC (Near Field Communication) est\u00e1 revolucionando la forma en que interactuamos con nuestros dispositivos, compartimos informaci\u00f3n y nos conectamos con los consumidores. <strong>Etiqueta NFC de epoxi NTAG213\/215\/216 flexible y personalizada de lectura y escritura<\/strong>\u00a0es un producto innovador dise\u00f1ado para mejorar sus capacidades de comunicaci\u00f3n y, al mismo tiempo, es vers\u00e1til y f\u00e1cil de usar. Con sus capacidades a prueba de agua, funciones personalizables y una variedad de aplicaciones, esta etiqueta NFC se destaca como una excelente opci\u00f3n tanto para empresas como para particulares.<\/p>\n<p>Al aprovechar el poder de NFC, puede simplificar las interacciones, aumentar la eficiencia e interactuar con los usuarios directamente. Ya sea que est\u00e9 buscando etiquetas NFC para compartir en las redes sociales o para crear soluciones inteligentes, este producto ofrece la combinaci\u00f3n perfecta de funcionalidad y conveniencia. Mejore su eficiencia operativa y la participaci\u00f3n de los usuarios incorporando estas <strong>Etiquetas NFC<\/strong>\u00a0\u00a1En tu estrategia hoy!<\/p>\n<p>&nbsp;<\/p>\n<h3><strong>Caracter\u00edsticas especiales de la etiqueta NFC ep\u00f3xica NTAG213\/215\/216<\/strong><\/h3>\n<p>El\u00a0<strong>Etiqueta NFC de epoxi NTAG213\/215\/216 flexible y personalizada de lectura y escritura<\/strong>\u00a0Viene equipado con una multitud de\u00a0<strong>Caracter\u00edsticas especiales<\/strong>\u00a0que lo distinguen de las etiquetas NFC est\u00e1ndar.<\/p>\n<ul>\n<li><strong>Resistente al agua\/a la intemperie:<\/strong>\u00a0Estas etiquetas NFC est\u00e1n fabricadas con materiales que garantizan durabilidad y funcionalidad en diversas condiciones ambientales. Ya sea que se utilicen en interiores o exteriores, son resistentes a la humedad y est\u00e1n dise\u00f1adas para soportar los rigores de diferentes climas.<\/li>\n<li><strong>Tama\u00f1o y formato personalizables:<\/strong>\u00a0Disponible en un tama\u00f1o est\u00e1ndar de\u00a0<strong>25 mm<\/strong>, con opciones de personalizaci\u00f3n, estos\u00a0<strong>Pegatinas NFC<\/strong>\u00a0Se puede adaptar para satisfacer requisitos espec\u00edficos del proyecto o necesidades de marca.<\/li>\n<li><strong>Opciones de memoria regrabable:<\/strong>\u00a0Dependiendo del tipo de chip seleccionado, la memoria puede variar desde\u00a0<strong>144 a 888 bytes<\/strong>, lo que permite a los usuarios almacenar informaci\u00f3n esencial, como URL, detalles de contacto o datos de aplicaciones. Esto permite\u00a0<strong>etiquetas NFC regrabables<\/strong>\u00a0para reutilizarse para diferentes campa\u00f1as y aplicaciones seg\u00fan sea necesario.<\/li>\n<\/ul>\n<p>En un panorama digital donde la informaci\u00f3n se actualiza constantemente, tener opciones personalizables y flexibles es invaluable para las empresas que buscan mantener la relevancia.<\/p>\n<p>&nbsp;<\/p>\n<h3><strong>Ventajas de utilizar chips NTAG213, NTAG215 y NTAG216<\/strong><\/h3>\n<p>Cada chip de la serie NTAG ofrece ventajas \u00fanicas que satisfacen las diferentes necesidades de los usuarios:<\/p>\n<ul>\n<li><strong>NTAG213:<\/strong>\u00a0Dise\u00f1ado para aplicaciones simples, este chip ofrece amplio almacenamiento y funcionalidades b\u00e1sicas, ideal para compartir URL o detalles de contacto.<\/li>\n<li><strong>NTAG215:<\/strong>\u00a0Con capacidades de memoria ampliadas, el NTAG215 es perfecto para aplicaciones m\u00e1s complejas, como juegos m\u00f3viles, y la creaci\u00f3n de experiencias lo suficientemente interactivas como para destacarse.<\/li>\n<li><strong>NTAG216:<\/strong>\u00a0Para aquellos que requieren a\u00fan m\u00e1s almacenamiento de datos, el NTAG216 proporciona la mayor capacidad de memoria de la serie, lo que lo hace adecuado para aplicaciones que requieren una transferencia o almacenamiento de datos m\u00e1s extenso.<\/li>\n<\/ul>\n<p>&nbsp;<\/p>\n<h3><strong>Preguntas frecuentes (FAQ)<\/strong><\/h3>\n<h3>1.\u00a0<strong>\u00bfQu\u00e9 tipos de etiquetas NFC est\u00e1n disponibles?<\/strong><\/h3>\n<p>Existen varios tipos de etiquetas NFC, entre ellas NTAG213, NTAG215 y NTAG216. Cada una ofrece distintas capacidades de memoria y funcionalidades. Adem\u00e1s, existen etiquetas reescribibles, etiquetas adhesivas y etiquetas especializadas dise\u00f1adas para superficies espec\u00edficas, incluidas aplicaciones sobre metal y sobre metal.<\/p>\n<h3>2.\u00a0<strong>\u00bfC\u00f3mo s\u00e9 si mi tel\u00e9fono tiene NFC habilitado?<\/strong><\/h3>\n<p>La mayor\u00eda de los smartphones producidos en los \u00faltimos a\u00f1os, tanto Android como iOS, est\u00e1n equipados con tecnolog\u00eda NFC. Puedes consultar las especificaciones o la configuraci\u00f3n de tu dispositivo para saber si es compatible con NFC. Busca la opci\u00f3n NFC en el men\u00fa de configuraci\u00f3n o consulta el sitio web del fabricante.<\/p>\n<h3>3.\u00a0<strong>\u00bfPuedo reescribir datos en etiquetas NFC?<\/strong><\/h3>\n<p>\u00a1S\u00ed! Nuestro\u00a0<strong>Etiquetas NFC NTAG213\/215\/216<\/strong>\u00a0Son reescribibles, lo que significa que puedes actualizar o cambiar los datos almacenados en ellas varias veces. Esto las convierte en una soluci\u00f3n vers\u00e1til tanto para empresas como para usos personales, ya que permiten realizar actualizaciones f\u00e1cilmente sin necesidad de reemplazar la etiqueta.<\/p>\n<h3>4.\u00a0<strong>\u00bfCu\u00e1l es la distancia de lectura de las etiquetas NFC?<\/strong><\/h3>\n<p>Normalmente, las etiquetas NFC tienen una distancia de lectura de\u00a0<strong>1-5 cent\u00edmetros<\/strong>Este corto alcance garantiza una comunicaci\u00f3n segura y directa entre la etiqueta NFC y el dispositivo habilitado para NFC.<\/p>\n<h3>5.\u00a0<strong>\u00bfLas etiquetas NFC son impermeables?<\/strong><\/h3>\n<p>S\u00ed, nuestro\u00a0<strong>Etiquetas NFC de epoxi NTAG213\/215\/216 flexibles y personalizadas de lectura y escritura<\/strong>\u00a0Est\u00e1n dise\u00f1ados para ser impermeables y resistentes a la intemperie, lo que los hace adecuados para uso en exteriores y en diversas condiciones ambientales.<\/p>","protected":false},"excerpt":{"rendered":"<p>La etiqueta NFC de epoxi flexible NTAG213\/215\/216 personalizada de lectura y escritura ofrece soluciones duraderas e impermeables para aplicaciones vers\u00e1tiles, lo que permite compartir e interactuar con datos sin inconvenientes. \u00a1Ideal para marketing, redes sociales y m\u00e1s!<\/p>","protected":false},"featured_media":3366,"template":"","meta":[],"product_brand":[],"product_cat":[47],"product_tag":[],"class_list":{"0":"post-3365","1":"product","2":"type-product","3":"status-publish","4":"has-post-thumbnail","6":"product_cat-nfc-tags","8":"first","9":"instock","10":"shipping-taxable","11":"product-type-simple"},"_links":{"self":[{"href":"https:\/\/nfc-readers.com\/es\/wp-json\/wp\/v2\/product\/3365","targetHints":{"allow":["GET"]}}],"collection":[{"href":"https:\/\/nfc-readers.com\/es\/wp-json\/wp\/v2\/product"}],"about":[{"href":"https:\/\/nfc-readers.com\/es\/wp-json\/wp\/v2\/types\/product"}],"wp:featuredmedia":[{"embeddable":true,"href":"https:\/\/nfc-readers.com\/es\/wp-json\/wp\/v2\/media\/3366"}],"wp:attachment":[{"href":"https:\/\/nfc-readers.com\/es\/wp-json\/wp\/v2\/media?parent=3365"}],"wp:term":[{"taxonomy":"product_brand","embeddable":true,"href":"https:\/\/nfc-readers.com\/es\/wp-json\/wp\/v2\/product_brand?post=3365"},{"taxonomy":"product_cat","embeddable":true,"href":"https:\/\/nfc-readers.com\/es\/wp-json\/wp\/v2\/product_cat?post=3365"},{"taxonomy":"product_tag","embeddable":true,"href":"https:\/\/nfc-readers.com\/es\/wp-json\/wp\/v2\/product_tag?post=3365"}],"curies":[{"name":"wp","href":"https:\/\/api.w.org\/{rel}","templated":true}]}}