{"id":3372,"date":"2024-11-01T14:57:52","date_gmt":"2024-11-01T14:57:52","guid":{"rendered":"https:\/\/nfc-readers.com\/?post_type=product&#038;p=3372"},"modified":"2024-11-01T14:57:52","modified_gmt":"2024-11-01T14:57:52","slug":"13-56mhz-iso14443a-anti-fake-ntag-424-tamper-nfc-sticker","status":"publish","type":"product","link":"https:\/\/nfc-readers.com\/es\/ic-reader\/13-56mhz-iso14443a-anti-fake-ntag-424-tamper-nfc-sticker\/","title":{"rendered":"Etiqueta adhesiva NFC antimanipulaci\u00f3n NTAG 424 ISO14443A de 13,56 MHZ"},"content":{"rendered":"<h1 style=\"text-align: center;\"><strong>Etiqueta adhesiva NFC antimanipulaci\u00f3n NTAG 424 ISO14443A de 13,56 MHZ<\/strong><\/h1>\n<p>&nbsp;<\/p>\n<p>El\u00a0<strong>Etiqueta adhesiva NFC antimanipulaci\u00f3n NTAG 424 ISO14443A de 13,56 MHz<\/strong>\u00a0representa una soluci\u00f3n de vanguardia en autenticaci\u00f3n digital y tecnolog\u00eda anti-falsificaci\u00f3n. Dise\u00f1ada con caracter\u00edsticas avanzadas, esta etiqueta NFC aprovecha el poder de la comunicaci\u00f3n RFID y est\u00e1 integrada con el chip NTAG424 DNA, que permite a las empresas y a los particulares proteger sus productos e informaci\u00f3n confidencial contra las amenazas de falsificaci\u00f3n.<\/p>\n<p>En el mercado actual, garantizar la autenticidad de los productos es crucial, y esta etiqueta NFC ofrece a las empresas una forma asequible y eficaz de hacerlo. Tanto si es un minorista que busca mejorar la seguridad de los productos como si es un particular que desea verificar la autenticidad de los productos, invertir en nuestras etiquetas NFC NTAG 424 es una opci\u00f3n inteligente.<\/p>\n<p>&nbsp;<\/p>\n<h3><strong>Caracter\u00edsticas y beneficios del producto<\/strong><\/h3>\n<p>&nbsp;<\/p>\n<h3>1. Tecnolog\u00eda avanzada contra la falsificaci\u00f3n<\/h3>\n<p>El\u00a0<strong>Etiqueta NFC NTAG 424 DNA<\/strong>\u00a0Utiliza tecnolog\u00eda de vanguardia contra falsificaciones que permite a los usuarios verificar la autenticidad del producto sin problemas. La protecci\u00f3n con contrase\u00f1a incorporada y la comunicaci\u00f3n cifrada segura garantizan que solo los usuarios autorizados puedan acceder a la informaci\u00f3n confidencial. Ya sea que la uses para art\u00edculos de marca, art\u00edculos coleccionables o incluso pertenencias personales, esta etiqueta NFC te ofrece la tranquilidad de saber que cada etiqueta es a prueba de manipulaciones.<\/p>\n<ul>\n<li><strong>Funciones de seguridad integradas:<\/strong>\u00a0El chip NTAG 424 incorpora m\u00faltiples opciones de cifrado para proteger sus datos de manera efectiva.<\/li>\n<li><strong>Acceso f\u00e1cil de usar:<\/strong>\u00a0Los consumidores pueden verificar la autenticidad con un simple toque, lo que lo hace sin complicaciones.<\/li>\n<\/ul>\n<h3>2. Interfaz de comunicaci\u00f3n vers\u00e1til<\/h3>\n<p>Basada en el protocolo ISO 14443A, nuestra etiqueta NFC es compatible con ambos\u00a0<strong>RFID<\/strong>\u00a0y las interfaces de comunicaci\u00f3n NFC, lo que lo hace compatible con una amplia gama de dispositivos, incluidos tel\u00e9fonos inteligentes, tabletas y lectores habilitados para NFC. Esta versatilidad garantiza que los clientes puedan acceder f\u00e1cilmente a la informaci\u00f3n del producto, lo que mejora la participaci\u00f3n y la lealtad del cliente.<\/p>\n<ul>\n<li><strong>Dispositivos compatibles:<\/strong>\u00a0Funciona perfectamente con Android, iPhone y otros dispositivos NFC.<\/li>\n<li><strong>Experiencia de usuario mejorada:<\/strong>\u00a0Los clientes pueden interactuar con los productos sin esfuerzo.<\/li>\n<\/ul>\n<h3>3.Opciones de tama\u00f1o personalizado<\/h3>\n<p>Mientras que el\u00a0<strong>Etiqueta adhesiva NFC NTAG 424 para manipulaci\u00f3n<\/strong>\u00a0Est\u00e1 disponible en tama\u00f1os est\u00e1ndar, pero ofrecemos personalizaci\u00f3n para satisfacer necesidades espec\u00edficas. Las opciones incluyen:<\/p>\n<ul>\n<li><strong>Opciones de di\u00e1metro:<\/strong>\u00a0Tama\u00f1os configurables, incluidos 25 mm y 45 mm x 30 mm.<\/li>\n<li><strong>Variedad de formas:<\/strong>\u00a0Contornos rectangulares, circulares o personalizados para complementar la est\u00e9tica de su marca.<\/li>\n<\/ul>\n<p>Estas diversas opciones de tama\u00f1o y forma permiten a las empresas crear experiencias de marca \u00fanicas, garantizando que sus productos se destaquen en los estantes.<\/p>\n<h3>4.Material duradero y confiable<\/h3>\n<p>Estas etiquetas NFC est\u00e1n fabricadas con papel recubierto y PET y est\u00e1n dise\u00f1adas para ofrecer durabilidad y fiabilidad en diversas condiciones ambientales. Su material resistente es resistente al desgaste, lo que las hace adecuadas para aplicaciones en interiores y exteriores.<\/p>\n<ul>\n<li><strong>Opciones a prueba de agua:<\/strong>\u00a0Mejora la durabilidad y la longevidad, perfecto para productos expuestos a la humedad.<\/li>\n<li><strong>Calidad del adhesivo:<\/strong>\u00a0La fuerte adhesi\u00f3n garantiza que las pegatinas permanezcan intactas en diversas superficies.<\/li>\n<\/ul>\n<p>&nbsp;<\/p>\n<h3><strong>Especificaciones t\u00e9cnicas<\/strong><\/h3>\n<p>&nbsp;<\/p>\n<table class=\"w-fit !mb-0 !max-w-none\" style=\"height: 373px;\" width=\"446\">\n<thead>\n<tr>\n<th>Caracter\u00edstica<\/th>\n<th>Especificaci\u00f3n<\/th>\n<\/tr>\n<\/thead>\n<tbody>\n<tr>\n<td>Frecuencia<\/td>\n<td>13,56 MHz<\/td>\n<\/tr>\n<tr>\n<td>Protocolo<\/td>\n<td>ISO 14443A<\/td>\n<\/tr>\n<tr>\n<td>Chip<\/td>\n<td>ADN NTAG424<\/td>\n<\/tr>\n<tr>\n<td>Material<\/td>\n<td>Papel estucado, PET<\/td>\n<\/tr>\n<tr>\n<td>Opciones de tama\u00f1o<\/td>\n<td>Di\u00e1metro 25 mm, 45 mm x 30 mm (personalizado)<\/td>\n<\/tr>\n<tr>\n<td>Distancia de lectura<\/td>\n<td>1-10 cent\u00edmetros<\/td>\n<\/tr>\n<tr>\n<td>Opciones de impresi\u00f3n<\/td>\n<td>CMYK, Offset, Serigraf\u00eda<\/td>\n<\/tr>\n<tr>\n<td>Lugar de origen<\/td>\n<td>Guangdong, China<\/td>\n<\/tr>\n<tr>\n<td>Nombre de la marca<\/td>\n<td>Shunxin<\/td>\n<\/tr>\n<tr>\n<td>N\u00famero de modelo<\/td>\n<td>SX-NFC<\/td>\n<\/tr>\n<tr>\n<td>Venta de unidades<\/td>\n<td>Art\u00edculo \u00fanico<\/td>\n<\/tr>\n<tr>\n<td>Tama\u00f1o del paquete<\/td>\n<td>0,3 x 0,3 x 0,02 cm<\/td>\n<\/tr>\n<tr>\n<td>Peso bruto<\/td>\n<td>0,001 kilogramos<\/td>\n<\/tr>\n<\/tbody>\n<\/table>\n<h3><\/h3>\n<h3><strong>Preguntas frecuentes (FAQ)<\/strong><\/h3>\n<p><strong>P: \u00bfPuedo personalizar el tama\u00f1o de la pegatina NFC?<\/strong><br \/>\n<strong>A:<\/strong>\u00a0S\u00ed, ofrecemos la posibilidad de personalizar el tama\u00f1o de las etiquetas NFC. Si bien los tama\u00f1os est\u00e1ndar incluyen un di\u00e1metro de 25 mm y 45 mm x 30 mm, puedes solicitar dimensiones espec\u00edficas para satisfacer tus necesidades.<\/p>\n<hr \/>\n<p><strong>P: \u00bfC\u00f3mo funciona la funci\u00f3n anti-falsificaci\u00f3n?<\/strong><br \/>\n<strong>A:<\/strong>\u00a0El chip NTAG 424 DNA incorpora protocolos avanzados de cifrado y autenticaci\u00f3n. Cuando un usuario escanea la etiqueta NFC con un dispositivo habilitado para NFC, se verifica la integridad de los datos, lo que permite a los usuarios confirmar la autenticidad del producto.<\/p>\n<hr \/>\n<p><strong>P: \u00bfQu\u00e9 dispositivos son compatibles con la etiqueta NFC NTAG 424?<\/strong><br \/>\n<strong>A:<\/strong>\u00a0Nuestras pegatinas NFC son compatibles con todos los dispositivos compatibles con NFC, incluidos la mayor\u00eda de los tel\u00e9fonos inteligentes y tabletas modernos con Android e iOS. Solo tienes que asegurarte de que tu dispositivo tenga habilitadas las funciones NFC.<\/p>\n<hr \/>\n<p><strong>P: \u00bfQu\u00e9 materiales se utilizan para producir las pegatinas NFC?<\/strong><br \/>\n<strong>A:<\/strong>\u00a0Las pegatinas est\u00e1n fabricadas con papel estucado y PET, lo que les proporciona durabilidad y resistencia al desgaste. Est\u00e1n dise\u00f1adas para mantener la calidad incluso en diversas condiciones ambientales.<\/p>\n<p>&nbsp;<\/p>","protected":false},"excerpt":{"rendered":"<p>La etiqueta NFC antifalsificaci\u00f3n NTAG 424 de 13,56 MHz ISO14443A ofrece funciones avanzadas contra falsificaciones que garantizan la autenticidad y la seguridad del producto. Su dise\u00f1o compacto permite una f\u00e1cil integraci\u00f3n en diversas aplicaciones y proporciona una funcionalidad NFC confiable para un acceso y una transferencia de datos seguros.<\/p>","protected":false},"featured_media":3373,"template":"","meta":[],"product_brand":[],"product_cat":[48],"product_tag":[],"class_list":{"0":"post-3372","1":"product","2":"type-product","3":"status-publish","4":"has-post-thumbnail","6":"product_cat-nfc-stickers","8":"first","9":"instock","10":"shipping-taxable","11":"product-type-simple"},"_links":{"self":[{"href":"https:\/\/nfc-readers.com\/es\/wp-json\/wp\/v2\/product\/3372","targetHints":{"allow":["GET"]}}],"collection":[{"href":"https:\/\/nfc-readers.com\/es\/wp-json\/wp\/v2\/product"}],"about":[{"href":"https:\/\/nfc-readers.com\/es\/wp-json\/wp\/v2\/types\/product"}],"wp:featuredmedia":[{"embeddable":true,"href":"https:\/\/nfc-readers.com\/es\/wp-json\/wp\/v2\/media\/3373"}],"wp:attachment":[{"href":"https:\/\/nfc-readers.com\/es\/wp-json\/wp\/v2\/media?parent=3372"}],"wp:term":[{"taxonomy":"product_brand","embeddable":true,"href":"https:\/\/nfc-readers.com\/es\/wp-json\/wp\/v2\/product_brand?post=3372"},{"taxonomy":"product_cat","embeddable":true,"href":"https:\/\/nfc-readers.com\/es\/wp-json\/wp\/v2\/product_cat?post=3372"},{"taxonomy":"product_tag","embeddable":true,"href":"https:\/\/nfc-readers.com\/es\/wp-json\/wp\/v2\/product_tag?post=3372"}],"curies":[{"name":"wp","href":"https:\/\/api.w.org\/{rel}","templated":true}]}}