{"id":3379,"date":"2024-11-02T11:48:42","date_gmt":"2024-11-02T11:48:42","guid":{"rendered":"https:\/\/nfc-readers.com\/?post_type=product&#038;p=3379"},"modified":"2024-11-04T08:54:15","modified_gmt":"2024-11-04T08:54:15","slug":"custom-ntag-215-digital-smart-nfc-business-card","status":"publish","type":"product","link":"https:\/\/nfc-readers.com\/es\/ic-reader\/custom-ntag-215-digital-smart-nfc-business-card\/","title":{"rendered":"Tarjeta de presentaci\u00f3n inteligente NFC digital NTAG 215 personalizada"},"content":{"rendered":"<h1><span style=\"color: #000080;\"><strong>Tarjeta de presentaci\u00f3n inteligente NFC digital NTAG 215 personalizada<\/strong><\/span><\/h1>\n<p><span style=\"color: #666699;\">Revolucionando la creaci\u00f3n de redes En el acelerado mundo digital actual, es fundamental causar una impresi\u00f3n memorable. <strong>Tarjeta de presentaci\u00f3n inteligente NFC digital NTAG215 personalizada<\/strong>\u00a0ofrece una soluci\u00f3n innovadora para profesionales que buscan destacarse y compartir de manera eficiente su informaci\u00f3n de contacto de una manera moderna. Dise\u00f1ada para funcionar sin problemas con varios dispositivos, esta tarjeta transforma un enfoque de red tradicional en una experiencia elegante y tecnol\u00f3gica.<\/span><\/p>\n<p>&nbsp;<\/p>\n<h2 style=\"text-align: center;\"><span style=\"color: #000080;\"><em><strong>Beneficios de la tarjeta de presentaci\u00f3n NFC NTAG215 personalizada<\/strong><\/em><\/span><\/h2>\n<p><span style=\"color: #666699;\">El\u00a0<strong>Tarjeta de presentaci\u00f3n inteligente NFC digital NTAG215 personalizada<\/strong>\u00a0Ofrece una combinaci\u00f3n \u00fanica de comodidad, durabilidad y funcionalidad. Algunos beneficios clave incluyen:<\/span><\/p>\n<ol>\n<li><strong>Conectividad instant\u00e1nea<\/strong>:Con solo tocar la tarjeta con un dispositivo habilitado con NFC, sus clientes potenciales o contactos podr\u00e1n acceder instant\u00e1neamente a su informaci\u00f3n de contacto, perfiles de redes sociales o material promocional. Ya no tendr\u00e1 que buscar en su billetera o cartera.<\/li>\n<li><strong>Durable y resistente al agua<\/strong>:Fabricada en PVC de alta calidad, esta tarjeta cuenta con caracter\u00edsticas impermeables y resistentes a la intemperie, lo que garantiza que resista el uso y desgaste diario.<\/li>\n<li><strong>Dise\u00f1o personalizable<\/strong>:Las opciones de personalizaci\u00f3n, como estilos de impresi\u00f3n \u00fanicos y acabados como transparencia mate, brillante o esmerilada, le permiten expresar plenamente la identidad de su marca.<\/li>\n<\/ol>\n<hr \/>\n<h2 style=\"text-align: center;\"><em><span style=\"color: #000080;\"><strong>Descripci\u00f3n del producto<\/strong><\/span><\/em><\/h2>\n<h3><span style=\"color: #333399;\"><strong>1. \u00bfQu\u00e9 es la tarjeta de presentaci\u00f3n NFC NTAG215 personalizada?<\/strong><\/span><\/h3>\n<p><span style=\"color: #666699;\">El\u00a0<strong>Tarjeta de presentaci\u00f3n inteligente NFC digital NTAG215 personalizada<\/strong>\u00a0es una herramienta de red moderna con tecnolog\u00eda NFC avanzada. Esta tarjeta es una herramienta completamente funcional\u00a0<strong>RFID<\/strong>\u00a0Dispositivo que trabaja a una frecuencia de\u00a0<strong>13,56MHz<\/strong>Los usuarios pueden crear una experiencia digital personalizada programando esta tarjeta para diversas acciones, como vincularla a un sitio web o guardar informaci\u00f3n de contacto.<\/span><\/p>\n<p>&nbsp;<\/p>\n<h3><span style=\"color: #333399;\"><strong>2. Atributos clave de la tarjeta NFC NTAG215<\/strong><\/span><\/h3>\n<h3><strong>Esta tarjeta de presentaci\u00f3n NFC incluye varios atributos clave notables:<\/strong><\/h3>\n<ul>\n<li><strong>Tecnolog\u00eda de chips<\/strong>Equipada con el chip NTAG215, que es una marca registrada de NXP, esta tarjeta admite funcionalidades de lectura y escritura.<\/li>\n<li><strong>Distancia de lectura<\/strong>:La tarjeta se puede leer eficazmente desde una distancia de\u00a0<strong>1-20 cent\u00edmetros<\/strong>, proporcionando flexibilidad de uso.<\/li>\n<li><strong>Tama\u00f1o y grosor<\/strong>:Las dimensiones de la tarjeta son\u00a0<strong>85,5 x 54 x 0,84 mm<\/strong>, lo que lo convierte en el tama\u00f1o est\u00e1ndar para transportarlo f\u00e1cilmente.<\/li>\n<\/ul>\n<p>&nbsp;<\/p>\n<h3 style=\"text-align: left;\"><span style=\"color: #333399;\"><strong>3. Especificaciones t\u00e9cnicas<\/strong><\/span><\/h3>\n<div class=\"table-with-header rounded-lg border border-solid border-grey-line2-normal w-fit max-w-full mb-2\">\n<div class=\"table-with-header rounded-lg border border-solid border-grey-line2-normal w-fit max-w-full mb-2\">\n<div class=\"overflow-x-auto custom-scrollbar custom-scrollbar-float max-w-full\">\n<table class=\"w-fit !mb-0 !max-w-none\">\n<thead>\n<tr>\n<th><strong>Especificaci\u00f3n<\/strong><\/th>\n<th><strong>Detalles<\/strong><\/th>\n<\/tr>\n<\/thead>\n<tbody>\n<tr>\n<td><strong>Tipo de chip<\/strong><\/td>\n<td>NTAG\u00ae215<\/td>\n<\/tr>\n<tr>\n<td><strong>Frecuencia de funcionamiento<\/strong><\/td>\n<td>13,56 MHz<\/td>\n<\/tr>\n<tr>\n<td><strong>Interface de comunicaci\u00f3n<\/strong><\/td>\n<td>RFID<\/td>\n<\/tr>\n<tr>\n<td><strong>Material<\/strong><\/td>\n<td>CLORURO DE POLIVINILO<\/td>\n<\/tr>\n<tr>\n<td><strong>Tama\u00f1o de la tarjeta<\/strong><\/td>\n<td>85,5 x 54 x 0,84 mm<\/td>\n<\/tr>\n<tr>\n<td><strong>Distancia de lectura<\/strong><\/td>\n<td>2-10 cent\u00edmetros<\/td>\n<\/tr>\n<tr>\n<td><strong>Capacidad de almacenamiento<\/strong><\/td>\n<td>540 bytes (con aproximadamente 120 bytes disponibles para datos del usuario)<\/td>\n<\/tr>\n<tr>\n<td><strong>Temperatura de funcionamiento<\/strong><\/td>\n<td>De +20 \u00b0C a +80 \u00b0C<\/td>\n<\/tr>\n<tr>\n<td><strong>Temperatura de almacenamiento<\/strong><\/td>\n<td>-25\u00b0C a +70\u00b0C<\/td>\n<\/tr>\n<tr>\n<td><strong>Espesor<\/strong><\/td>\n<td>0,84 mm<\/td>\n<\/tr>\n<tr>\n<td><strong>Acabado de superficies<\/strong><\/td>\n<td>Mate, brillante, esmerilado, transparente (opciones personalizables)<\/td>\n<\/tr>\n<tr>\n<td><strong>Protocolo<\/strong><\/td>\n<td>Norma ISO\/IEC 14443A<\/td>\n<\/tr>\n<tr>\n<td><strong>Clasificaci\u00f3n de resistencia al agua<\/strong><\/td>\n<td>IP68 (resistente al agua y al polvo)<\/td>\n<\/tr>\n<tr>\n<td><strong>Compatibilidad<\/strong><\/td>\n<td>Compatible con todos los dispositivos habilitados para NFC<\/td>\n<\/tr>\n<tr>\n<td><strong>Opciones de personalizaci\u00f3n<\/strong><\/td>\n<td>Varias opciones de impresi\u00f3n disponibles (a todo color, monocrom\u00e1tica)<\/td>\n<\/tr>\n<tr>\n<td><strong>Impacto ambiental<\/strong><\/td>\n<td>Fabricado mediante procesos ecol\u00f3gicos, cumpliendo con los est\u00e1ndares de sostenibilidad.<\/td>\n<\/tr>\n<tr>\n<td><strong>Aplicaciones<\/strong><\/td>\n<td>Ideal para profesionales de diversas industrias (ventas, bienes ra\u00edces, eventos, etc.)<\/td>\n<\/tr>\n<tr>\n<td><strong>Caracter\u00edsticas adicionales<\/strong><\/td>\n<td>F\u00e1cilmente programable a trav\u00e9s de NFC para cambiar datos, admite enlaces a redes sociales<\/td>\n<\/tr>\n<tr>\n<td><strong>Esperanza de vida<\/strong><\/td>\n<td>5 a\u00f1os<\/td>\n<\/tr>\n<\/tbody>\n<\/table>\n<\/div>\n<\/div>\n<p><span style=\"color: #282828;\">Esta tabla proporciona una descripci\u00f3n general completa de la\u00a0<strong>Tarjeta de presentaci\u00f3n inteligente NFC digital NTAG215 personalizada<\/strong>, ayudando a los clientes a comprender las caracter\u00edsticas y los beneficios del producto en detalle.<\/span><\/p>\n<p>&nbsp;<\/p>\n<\/div>\n<h2 style=\"text-align: center;\"><em><span style=\"color: #000080;\"><strong>Pr\u00e1cticas ecol\u00f3gicas<\/strong><\/span><\/em><\/h2>\n<p style=\"text-align: left;\"><span style=\"color: #666699;\"><strong>Si bien la tecnolog\u00eda es esencial, tambi\u00e9n lo es el compromiso con el medio ambiente. La tarjeta de presentaci\u00f3n inteligente NFC digital NTAG215 personalizada se fabrica mediante procesos ecol\u00f3gicos, lo que minimiza su impacto ambiental.<\/strong><\/span><\/p>\n<p>&nbsp;<\/p>\n<h2 style=\"text-align: center;\"><em><span style=\"color: #000080;\"><strong>Aplicaciones en el mundo real<\/strong><\/span><\/em><\/h2>\n<p style=\"text-align: left;\"><span style=\"color: #666699;\"><strong>Los profesionales de diversas industrias pueden usar estas tarjetas de presentaci\u00f3n NFC. Ya sea que trabaje en ventas, bienes ra\u00edces o en cualquier puesto que tenga que ver con clientes, tener una tarjeta inteligente puede mejorar su capacidad para establecer contactos.<\/strong><\/span><\/p>\n<p>&nbsp;<\/p>\n<h2 style=\"text-align: center;\"><em><span style=\"color: #000080;\"><strong>Rese\u00f1as y testimonios de clientes<\/strong><\/span><\/em><\/h2>\n<p>Los clientes elogian la comodidad y el atractivo moderno del\u00a0<strong>Tarjeta de presentaci\u00f3n inteligente NFC digital NTAG215 personalizada<\/strong>Las rese\u00f1as destacan la facilidad de uso y el dise\u00f1o impresionante como factores clave para el \u00e9xito de su red.<\/p>\n<blockquote><p>\u201c\u00a1Me encanta poder compartir f\u00e1cilmente mi informaci\u00f3n! Cada vez que entrego mi tarjeta, recibo cumplidos. \u00a1Ha hecho que la creaci\u00f3n de redes sea mucho m\u00e1s f\u00e1cil!\u201d \u2013 Jessica H.<\/p>\n<p>&nbsp;<\/p><\/blockquote>\n<h2 style=\"text-align: center;\"><span style=\"color: #000080;\"><em><strong>Preguntas frecuentes<\/strong><\/em><\/span><\/h2>\n<p><span style=\"color: #008080;\"><strong>P: \u00bfLa tarjeta es compatible con todos los tel\u00e9fonos inteligentes?<\/strong><\/span><\/p>\n<p>A: S\u00ed, el <strong>Tarjeta de presentaci\u00f3n NFC NTAG215 personalizada<\/strong>\u00a0Es compatible con todos los tel\u00e9fonos inteligentes y dispositivos habilitados para NFC, lo que lo hace vers\u00e1til para las redes modernas.<\/p>\n<p><span style=\"color: #008080;\"><strong>P: \u00bfPuedo personalizar el dise\u00f1o de la tarjeta?<\/strong><\/span><\/p>\n<p>R: \u00a1Por supuesto! Puedes personalizar el dise\u00f1o de la tarjeta con distintas opciones de impresi\u00f3n, colores y acabados para reflejar tu identidad personal o de marca.<\/p>","protected":false},"excerpt":{"rendered":"<p>Transforme la red con la tarjeta de presentaci\u00f3n NFC NTAG215 personalizada, que permite compartir instant\u00e1neamente informaci\u00f3n de contacto con un simple toque, todo en un dise\u00f1o duradero y personalizable.<\/p>","protected":false},"featured_media":3380,"template":"","meta":[],"product_brand":[],"product_cat":[46],"product_tag":[],"class_list":{"0":"post-3379","1":"product","2":"type-product","3":"status-publish","4":"has-post-thumbnail","6":"product_cat-nfc-cards","8":"first","9":"instock","10":"shipping-taxable","11":"product-type-simple"},"_links":{"self":[{"href":"https:\/\/nfc-readers.com\/es\/wp-json\/wp\/v2\/product\/3379","targetHints":{"allow":["GET"]}}],"collection":[{"href":"https:\/\/nfc-readers.com\/es\/wp-json\/wp\/v2\/product"}],"about":[{"href":"https:\/\/nfc-readers.com\/es\/wp-json\/wp\/v2\/types\/product"}],"wp:featuredmedia":[{"embeddable":true,"href":"https:\/\/nfc-readers.com\/es\/wp-json\/wp\/v2\/media\/3380"}],"wp:attachment":[{"href":"https:\/\/nfc-readers.com\/es\/wp-json\/wp\/v2\/media?parent=3379"}],"wp:term":[{"taxonomy":"product_brand","embeddable":true,"href":"https:\/\/nfc-readers.com\/es\/wp-json\/wp\/v2\/product_brand?post=3379"},{"taxonomy":"product_cat","embeddable":true,"href":"https:\/\/nfc-readers.com\/es\/wp-json\/wp\/v2\/product_cat?post=3379"},{"taxonomy":"product_tag","embeddable":true,"href":"https:\/\/nfc-readers.com\/es\/wp-json\/wp\/v2\/product_tag?post=3379"}],"curies":[{"name":"wp","href":"https:\/\/api.w.org\/{rel}","templated":true}]}}