{"id":3386,"date":"2024-11-02T12:57:27","date_gmt":"2024-11-02T12:57:27","guid":{"rendered":"https:\/\/nfc-readers.com\/?post_type=product&#038;p=3386"},"modified":"2024-11-04T08:53:34","modified_gmt":"2024-11-04T08:53:34","slug":"rfid-design-music-event-event-staff-pvc-nfc-card","status":"publish","type":"product","link":"https:\/\/nfc-readers.com\/es\/ic-reader\/rfid-design-music-event-event-staff-pvc-nfc-card\/","title":{"rendered":"Tarjeta NFC de PVC para eventos musicales"},"content":{"rendered":"<h1 style=\"text-align: left;\"><span style=\"color: #000080;\"><strong>Tarjeta NFC de PVC para eventos musicales<\/strong><\/span><\/h1>\n<div class=\"table-with-header rounded-lg border border-solid border-grey-line2-normal w-fit max-w-full mb-2\">\n<div class=\"h-8 items-center flex justify-between px-2 text-xs border-0 border-b border-solid border-grey-line2-normal\">\n<div class=\"text-text-primary-3 flex items-center gap-1\">\n<h3 style=\"text-align: left;\"><span style=\"color: #008080;\"><strong>Descubra el poder de una gesti\u00f3n de eventos fluida<\/strong><\/span><\/h3>\n<p style=\"text-align: left;\"><strong><span style=\"color: #666699;\">Como organizador de eventos, sabe que un control de acceso perfecto y una gesti\u00f3n eficiente de las multitudes son las claves para el \u00e9xito de un evento. La tarjeta NFC de PVC para eventos musicales es la soluci\u00f3n que estaba buscando y que revolucionar\u00e1 la forma de gestionar sus festivales de m\u00fasica, exposiciones y foros.<\/span><\/strong><\/p>\n<p style=\"text-align: left;\"><strong><span style=\"color: #666699;\">Fabricadas con tecnolog\u00eda l\u00edder en la industria y una durabilidad incomparable, estas tarjetas NFC ofrecen un paquete integral de caracter\u00edsticas que mejorar\u00e1n la experiencia de su evento. Desde la autenticaci\u00f3n de identidad confiable hasta el control diario de visitantes sin problemas, la tarjeta NFC de PVC para eventos musicales es la herramienta esencial que necesita para llevar la gesti\u00f3n de su evento al siguiente nivel.<\/span><\/strong><\/p>\n<h2 style=\"text-align: left;\"><span style=\"color: #000080;\"><em><strong>Descripci\u00f3n del producto<\/strong><\/em><\/span><\/h2>\n<h3 style=\"text-align: left;\"><span style=\"color: #333399;\"><strong>1. Atributos clave: <\/strong><\/span><\/h3>\n<h3 style=\"text-align: left;\"><span style=\"color: #333399;\"><strong>Calidad y seguridad sin concesiones<\/strong><\/span><\/h3>\n<p style=\"text-align: left;\">La tarjeta NFC de PVC para eventos musicales est\u00e1 dise\u00f1ada para soportar los rigores de entornos de alto tr\u00e1fico. Fabricada con material duradero\u00a0<strong>CLORURO DE POLIVINILO<\/strong>Estas tarjetas est\u00e1n dise\u00f1adas para resistir el desgaste, garantizando confiabilidad a largo plazo incluso en las condiciones m\u00e1s exigentes.<\/p>\n<h3 style=\"text-align: left;\"><strong><span style=\"color: #333399;\">2. Ventajas espec\u00edficas de la industria: <\/span><\/strong><\/h3>\n<h3 style=\"text-align: left;\"><strong><span style=\"color: #333399;\">Dise\u00f1ado para organizadores de eventos<\/span><\/strong><\/h3>\n<p style=\"text-align: left;\">Dise\u00f1ado teniendo en cuenta las necesidades \u00fanicas de los organizadores de eventos, <strong>La tarjeta NFC de PVC para eventos musicales<\/strong>\u00a0ofrece un conjunto de funciones que se integran perfectamente con los sistemas de control de acceso y agilizan la gesti\u00f3n de multitudes.<\/p>\n<p>&nbsp;<\/p>\n<h3><span style=\"color: #333399;\"><strong>3. Caracter\u00edsticas<\/strong><\/span><\/h3>\n<\/div>\n<\/div>\n<\/div>\n<div class=\"table-with-header rounded-lg border border-solid border-grey-line2-normal w-fit max-w-full mb-2\">\n<div class=\"overflow-x-auto custom-scrollbar custom-scrollbar-float max-w-full\">\n<table class=\"w-fit !mb-0 !max-w-none\">\n<thead>\n<tr>\n<th><strong>Categor\u00eda<\/strong><\/th>\n<th><strong>Detalles<\/strong><\/th>\n<\/tr>\n<\/thead>\n<tbody>\n<tr>\n<td><strong>Material<\/strong><\/td>\n<td>PVC de alta calidad, duradero para uso a largo plazo.<\/td>\n<\/tr>\n<tr>\n<td><strong>Tecnolog\u00eda de chips<\/strong><\/td>\n<td>Chips compatibles con NFC (Ntag213, Ntag215, Ntag216) para una mayor seguridad.<\/td>\n<\/tr>\n<tr>\n<td><strong>Durabilidad<\/strong><\/td>\n<td>Resistente al agua y a la intemperie para eventos al aire libre.<\/td>\n<\/tr>\n<tr>\n<td><strong>Frecuencia<\/strong><\/td>\n<td>13,56 MHz<\/td>\n<\/tr>\n<tr>\n<td><strong>Distancia de lectura<\/strong><\/td>\n<td>0-10 cent\u00edmetros<\/td>\n<\/tr>\n<tr>\n<td><strong>Opciones de tama\u00f1o<\/strong><\/td>\n<td>Tama\u00f1os personalizados: 70 x 100 mm, 80 x 120 mm, 85,5 x 54 mm<\/td>\n<\/tr>\n<tr>\n<td><strong>Opciones de espesor<\/strong><\/td>\n<td>0,76 mm a 0,85 mm<\/td>\n<\/tr>\n<tr>\n<td><strong>M\u00e9todo de impresi\u00f3n<\/strong><\/td>\n<td>Impresi\u00f3n en cuatro colores CMYK, offset y serigraf\u00eda.<\/td>\n<\/tr>\n<tr>\n<td><strong>Acabado de la superficie<\/strong><\/td>\n<td>Disponibles opciones brillantes, mate o esmeriladas.<\/td>\n<\/tr>\n<tr>\n<td><strong>Verificaci\u00f3n de identidad<\/strong><\/td>\n<td>Admite sistemas de control de acceso para evitar entradas no autorizadas.<\/td>\n<\/tr>\n<tr>\n<td><strong>Control de visitantes<\/strong><\/td>\n<td>Gesti\u00f3n eficiente del flujo de asistentes para eventos de varios d\u00edas.<\/td>\n<\/tr>\n<tr>\n<td><strong>Manejo de multitudes<\/strong><\/td>\n<td>Facilita procesos de ingreso fluidos, reduciendo tiempos de espera.<\/td>\n<\/tr>\n<tr>\n<td><strong>Personalizaci\u00f3n<\/strong><\/td>\n<td>Dise\u00f1os personalizados para branding y tem\u00e1ticas de eventos.<\/td>\n<\/tr>\n<tr>\n<td><strong>Impacto ambiental<\/strong><\/td>\n<td>Materiales ecol\u00f3gicos con opciones de reciclaje.<\/td>\n<\/tr>\n<tr>\n<td><strong>Comentarios de clientes<\/strong><\/td>\n<td>Rese\u00f1as de usuarios que destacan la eficacia y confiabilidad.<\/td>\n<\/tr>\n<tr>\n<td><\/td>\n<td><\/td>\n<\/tr>\n<\/tbody>\n<\/table>\n<\/div>\n<\/div>\n<div class=\"chat-list relative custom-scrollbar-reset-margin custom-scrollbar custom-scrollbar-hidden custom-scrollbar-float pb-9 flex-1 overflow-y-auto\">\n<div class=\"mx-auto max-w-[790px]\">\n<div class=\"message-item-outer relative px-4 mb-2\" data-id=\"d48d37b0-da1a-4c85-9917-d0c1a6993b41\">\n<div class=\"content-area pl-[0px]\">\n<div class=\"message-item select-text relative\">\n<div class=\"message-inner relative\">\n<div class=\"py-[2px]\">\n<div class=\"flex flex-col gap-2\">\n<div class=\"answer-markdown-box overflow-x-auto select-text custom-scrollbar\">\n<div class=\"markdown-body\">\n<h3><strong><span style=\"color: #333399;\">4. Interfaz de comunicaci\u00f3n: <\/span><\/strong><\/h3>\n<h3><strong><span style=\"color: #333399;\">Aprovechamiento de la tecnolog\u00eda RFID y NFC<\/span><\/strong><\/h3>\n<p>Mediante la utilizaci\u00f3n\u00a0<strong>Interfaces de comunicaci\u00f3n RFID y NFC<\/strong>La tarjeta NFC de PVC para eventos musicales facilita un intercambio de datos r\u00e1pido y confiable entre la tarjeta y los lectores, lo que permite un control de acceso fluido y una gesti\u00f3n eficiente de las multitudes.<\/p>\n<p>&nbsp;<\/p>\n<h3><span style=\"color: #333399;\"><strong>5. Frecuencia y distancia de lectura: <\/strong><\/span><\/h3>\n<h3><span style=\"color: #333399;\"><strong>Optimizado para un rendimiento perfecto<\/strong><\/span><\/h3>\n<p>Operando en un\u00a0<strong>Frecuencia de 13,56 MHz<\/strong>\u00a0y alardeando de una\u00a0<strong>Distancia de lectura de 0 a 10 cm<\/strong>Estas tarjetas NFC ofrecen un rendimiento confiable, lo que garantiza una experiencia sin complicaciones tanto para los organizadores como para los asistentes al evento.<\/p>\n<p>&nbsp;<\/p>\n<h3><strong><span style=\"color: #333399;\">6. Opciones de personalizaci\u00f3n: <\/span><\/strong><\/h3>\n<h3><strong><span style=\"color: #333399;\">Adaptado a sus necesidades<\/span><\/strong><\/h3>\n<p>Ofreciendo una gama de\u00a0<strong>Opciones de tama\u00f1o y grosor<\/strong>La tarjeta NFC de PVC para eventos musicales se puede personalizar para cumplir con los requisitos espec\u00edficos de su evento, ya sea un festival de m\u00fasica a gran escala o un foro industrial \u00edntimo.<\/p>\n<p>&nbsp;<\/p>\n<h3><strong><span style=\"color: #333399;\">7. Impresi\u00f3n y acabados superficiales: <\/span><\/strong><\/h3>\n<h3><strong><span style=\"color: #333399;\">Eleve su marca<\/span><\/strong><\/h3>\n<p>Con\u00a0<strong>Impresi\u00f3n, offset y serigraf\u00eda CMYK 4C<\/strong>\u00a0Capacidades, estas tarjetas NFC se pueden adornar con gr\u00e1ficos y logotipos vibrantes, complementados con una selecci\u00f3n de\u00a0<strong>Acabados superficiales brillantes, mate o esmerilados.<\/strong>\u00a0para alinearse con la est\u00e9tica de su marca.<\/p>\n<p>&nbsp;<\/p>\n<h3><strong><span style=\"color: #333399;\">8. Impacto ambiental: <\/span><\/strong><\/h3>\n<h3><strong><span style=\"color: #333399;\">Soluciones sostenibles para eventos<\/span><\/strong><\/h3>\n<p>Como organizadores de eventos, comprendemos la importancia de la responsabilidad ambiental. Por eso, la tarjeta NFC de PVC para eventos musicales est\u00e1 dise\u00f1ada con materiales ecol\u00f3gicos y opciones de reciclaje, lo que le permite organizar sus eventos con un enfoque en la sustentabilidad.<\/p>\n<p>&nbsp;<\/p>\n<\/div>\n<\/div>\n<\/div>\n<\/div>\n<\/div>\n<\/div>\n<\/div>\n<\/div>\n<\/div>\n<\/div>\n<p>&nbsp;<\/p>\n<p><strong><span style=\"color: #008080;\">Esta tabla destaca las principales caracter\u00edsticas y ventajas de la Tarjeta NFC de PVC para eventos musicales, convirti\u00e9ndola en una herramienta esencial para una gesti\u00f3n eficaz de eventos. <\/span><\/strong><\/p>\n<h3><span style=\"color: #008000;\"><em><strong>Para obtener m\u00e1s informaci\u00f3n o solicitar muestras gratuitas, complete el formulario de consulta y estaremos encantados de ayudarlo.<\/strong><\/em><\/span><\/h3>","protected":false},"excerpt":{"rendered":"<p>Mejore la experiencia de su evento con la tarjeta NFC de PVC para eventos musicales: la soluci\u00f3n definitiva para un control de acceso perfecto y una gesti\u00f3n eficiente de multitudes.<\/p>","protected":false},"featured_media":3387,"template":"","meta":[],"product_brand":[],"product_cat":[46],"product_tag":[],"class_list":{"0":"post-3386","1":"product","2":"type-product","3":"status-publish","4":"has-post-thumbnail","6":"product_cat-nfc-cards","8":"first","9":"instock","10":"shipping-taxable","11":"product-type-simple"},"_links":{"self":[{"href":"https:\/\/nfc-readers.com\/es\/wp-json\/wp\/v2\/product\/3386","targetHints":{"allow":["GET"]}}],"collection":[{"href":"https:\/\/nfc-readers.com\/es\/wp-json\/wp\/v2\/product"}],"about":[{"href":"https:\/\/nfc-readers.com\/es\/wp-json\/wp\/v2\/types\/product"}],"wp:featuredmedia":[{"embeddable":true,"href":"https:\/\/nfc-readers.com\/es\/wp-json\/wp\/v2\/media\/3387"}],"wp:attachment":[{"href":"https:\/\/nfc-readers.com\/es\/wp-json\/wp\/v2\/media?parent=3386"}],"wp:term":[{"taxonomy":"product_brand","embeddable":true,"href":"https:\/\/nfc-readers.com\/es\/wp-json\/wp\/v2\/product_brand?post=3386"},{"taxonomy":"product_cat","embeddable":true,"href":"https:\/\/nfc-readers.com\/es\/wp-json\/wp\/v2\/product_cat?post=3386"},{"taxonomy":"product_tag","embeddable":true,"href":"https:\/\/nfc-readers.com\/es\/wp-json\/wp\/v2\/product_tag?post=3386"}],"curies":[{"name":"wp","href":"https:\/\/api.w.org\/{rel}","templated":true}]}}