{"id":3396,"date":"2024-11-03T02:56:29","date_gmt":"2024-11-03T02:56:29","guid":{"rendered":"https:\/\/nfc-readers.com\/?post_type=product&#038;p=3396"},"modified":"2024-11-03T02:56:30","modified_gmt":"2024-11-03T02:56:30","slug":"fast-read-encrypted-rfid-nfc-event-wristband-ntag215-mifare","status":"publish","type":"product","link":"https:\/\/nfc-readers.com\/es\/ic-reader\/fast-read-encrypted-rfid-nfc-event-wristband-ntag215-mifare\/","title":{"rendered":"Pulsera RFID NFC para eventos con cifrado de lectura r\u00e1pida Ntag215 MIFARE"},"content":{"rendered":"<h1 style=\"text-align: center;\">Pulsera RFID NFC para eventos con cifrado de lectura r\u00e1pida Ntag215 MIFARE<\/h1>\n<p>&nbsp;<\/p>\n<p>En la era digital, el control de acceso sin inconvenientes y las soluciones de transacciones sin efectivo se han vuelto esenciales para eventos de todos los tama\u00f1os. Presentamos <strong>Pulsera RFID NFC para eventos con cifrado de lectura r\u00e1pida Ntag215 MIFARE<\/strong>\u00a0de\u00a0<em>SXNFC<\/em>, la soluci\u00f3n definitiva para mejorar la experiencia de los invitados y garantizar una gesti\u00f3n eficiente de los eventos. Dise\u00f1ada espec\u00edficamente para diversos eventos, desde festivales de m\u00fasica y eventos deportivos hasta conferencias y escenarios de control de acceso, esta pulsera combina tecnolog\u00eda de vanguardia con funciones f\u00e1ciles de usar.<\/p>\n<p>&nbsp;<\/p>\n<h3>\u00bfPor qu\u00e9 comprar la pulsera para eventos RFID NFC encriptada de lectura r\u00e1pida?<\/h3>\n<p>El\u00a0<strong>Ntag215 MIFARE<\/strong>\u00a0La pulsera RFID\/NFC es un producto innovador que ofrece numerosos beneficios. Fabricada con PVC duradero y materiales tejidos, promete longevidad y confiabilidad. Su funci\u00f3n de lectura r\u00e1pida garantiza tiempos de espera reducidos, lo que mejora el flujo de visitantes en los puntos de entrada. Adem\u00e1s, con su dise\u00f1o resistente al agua, puede usar estas pulseras con confianza en eventos al aire libre, parques acu\u00e1ticos y m\u00e1s, donde la exposici\u00f3n a la humedad es una preocupaci\u00f3n.<\/p>\n<p>Con el\u00a0<strong>Pulsera NFC<\/strong>No solo est\u00e1 comprando un producto, sino que est\u00e1 invirtiendo en una experiencia mejorada para los asistentes. Estas pulseras son ideales para transacciones sin efectivo, ya que agilizan las compras con soluciones de pago sin contacto. Ya no tendr\u00e1 que preocuparse por manipular efectivo o boletos f\u00edsicos: todo se puede gestionar c\u00f3modamente a trav\u00e9s de la pulsera.<\/p>\n<p>&nbsp;<\/p>\n<h2>Caracter\u00edsticas especiales de la pulsera RFID NFC para eventos<\/h2>\n<p>El\u00a0<strong>Pulsera RFID NFC para eventos con cifrado de lectura r\u00e1pida Ntag215 MIFARE<\/strong>\u00a0Est\u00e1 repleto de caracter\u00edsticas que lo convierten en una opci\u00f3n inteligente para cualquier ocasi\u00f3n.<\/p>\n<ul>\n<li><strong>Seguridad a prueba de manipulaciones:<\/strong>\u00a0Cada pulsera viene con tecnolog\u00eda encriptada para proteger datos confidenciales, brindando tranquilidad tanto a los organizadores como a los asistentes del evento.<\/li>\n<li><strong>F\u00e1cil de usar:<\/strong>\u00a0Las pulseras son f\u00e1ciles de usar: solo tienes que acercarlas a un lector con tecnolog\u00eda NFC y tendr\u00e1s acceso o podr\u00e1s realizar un pago sin efectivo.<\/li>\n<li><strong>Rango de lectura:<\/strong>\u00a0Con una distancia de lectura de hasta 10 cm, estas pulseras funcionan eficientemente sin necesidad de contacto directo con el lector.<\/li>\n<\/ul>\n<p>La combinaci\u00f3n de estas caracter\u00edsticas especiales no solo garantiza una mayor seguridad sino que tambi\u00e9n mejora la experiencia general del usuario.<\/p>\n<p>&nbsp;<\/p>\n<h2>Beneficios de las transacciones sin efectivo con pulseras NFC<\/h2>\n<p>El aumento de los pagos sin efectivo est\u00e1 transformando r\u00e1pidamente la industria de los eventos. Estos son los principales beneficios de su uso\u00a0<strong>Pulseras NFC<\/strong>\u00a0Para transacciones sin efectivo:<\/p>\n<ul>\n<li><strong>Mayor comodidad:<\/strong>\u00a0Los hu\u00e9spedes pueden realizar compras con un simple toque de su pulsera, lo que hace que las transacciones sean r\u00e1pidas y f\u00e1ciles.<\/li>\n<li><strong>Tiempos de espera reducidos:<\/strong>\u00a0Menos tiempo en las filas significa una mejor\u00eda<\/li>\n<\/ul>\n<h2>Beneficios de las transacciones sin efectivo con pulseras NFC<\/h2>\n<p>El aumento de los pagos sin efectivo est\u00e1 transformando r\u00e1pidamente la industria de los eventos. Estos son los principales beneficios de su uso\u00a0<strong>Pulseras NFC<\/strong>\u00a0Para transacciones sin efectivo:<\/p>\n<ul>\n<li><strong>Mayor comodidad:<\/strong>\u00a0Los hu\u00e9spedes pueden realizar compras con un simple toque de su pulsera, lo que hace que las transacciones sean r\u00e1pidas y f\u00e1ciles.<\/li>\n<li><strong>Tiempos de espera reducidos:<\/strong>\u00a0Menos tiempo en las filas significa una mejor\u00eda<\/li>\n<\/ul>\n<p>&nbsp;<\/p>\n<h3>Preguntas frecuentes sobre pulseras RFID NFC para eventos<\/h3>\n<h4>1.\u00a0<strong>\u00bfQu\u00e9 son las pulseras para eventos RFID NFC?<\/strong><\/h4>\n<p>Las pulseras RFID NFC para eventos son dispositivos port\u00e1tiles equipados con tecnolog\u00eda de identificaci\u00f3n por radiofrecuencia (RFID) y comunicaci\u00f3n de campo cercano (NFC). Facilitan el control de acceso seguro, las transacciones sin efectivo y la recopilaci\u00f3n de datos para eventos.<\/p>\n<h4>2.\u00a0<strong>\u00bfC\u00f3mo funcionan las pulseras RFID?<\/strong><\/h4>\n<p>Las pulseras RFID funcionan transmitiendo informaci\u00f3n de forma inal\u00e1mbrica mediante ondas de radio a un lector RFID. Cuando un asistente acerca su pulsera a un lector, este transmite datos para el control de acceso o el procesamiento de pagos.<\/p>\n<h4>3.\u00a0<strong>\u00bfDe qu\u00e9 materiales est\u00e1n hechas las pulseras RFID NFC?<\/strong><\/h4>\n<p>Nuestras pulseras RFID est\u00e1n hechas principalmente de PVC duradero y materiales tejidos, dise\u00f1adas para ser impermeables y resistentes a la intemperie para soportar diversas condiciones de eventos.<\/p>\n<h4>4.\u00a0<strong>\u00bfCu\u00e1l es el beneficio de utilizar tecnolog\u00eda NFC en pulseras?<\/strong><\/h4>\n<p>La tecnolog\u00eda NFC permite transacciones sin contacto r\u00e1pidas y seguras, lo que mejora la experiencia del hu\u00e9sped al reducir los tiempos de espera y minimizar la necesidad de efectivo o boletos.<\/p>\n<h4>5.\u00a0<strong>\u00bfLas pulseras son personalizables?<\/strong><\/h4>\n<p>\u00a1S\u00ed! Nuestras pulseras RFID se pueden personalizar con la marca, los logotipos y los colores de su evento para mejorar la participaci\u00f3n de los asistentes y promocionar su evento.<\/p>","protected":false},"excerpt":{"rendered":"<p>La pulsera para eventos con tecnolog\u00eda NFC y RFID encriptada de lectura r\u00e1pida Ntag215 MIFARE permite un control de acceso seguro y pagos sin efectivo, mejorando la experiencia de los invitados en los eventos. Es resistente al agua y personalizable, lo que garantiza confiabilidad y comodidad para cualquier ocasi\u00f3n.<\/p>","protected":false},"featured_media":3397,"template":"","meta":[],"product_brand":[],"product_cat":[50],"product_tag":[],"class_list":{"0":"post-3396","1":"product","2":"type-product","3":"status-publish","4":"has-post-thumbnail","6":"product_cat-silicone-rfid-nfc-wristbands","8":"first","9":"instock","10":"shipping-taxable","11":"product-type-simple"},"_links":{"self":[{"href":"https:\/\/nfc-readers.com\/es\/wp-json\/wp\/v2\/product\/3396","targetHints":{"allow":["GET"]}}],"collection":[{"href":"https:\/\/nfc-readers.com\/es\/wp-json\/wp\/v2\/product"}],"about":[{"href":"https:\/\/nfc-readers.com\/es\/wp-json\/wp\/v2\/types\/product"}],"wp:featuredmedia":[{"embeddable":true,"href":"https:\/\/nfc-readers.com\/es\/wp-json\/wp\/v2\/media\/3397"}],"wp:attachment":[{"href":"https:\/\/nfc-readers.com\/es\/wp-json\/wp\/v2\/media?parent=3396"}],"wp:term":[{"taxonomy":"product_brand","embeddable":true,"href":"https:\/\/nfc-readers.com\/es\/wp-json\/wp\/v2\/product_brand?post=3396"},{"taxonomy":"product_cat","embeddable":true,"href":"https:\/\/nfc-readers.com\/es\/wp-json\/wp\/v2\/product_cat?post=3396"},{"taxonomy":"product_tag","embeddable":true,"href":"https:\/\/nfc-readers.com\/es\/wp-json\/wp\/v2\/product_tag?post=3396"}],"curies":[{"name":"wp","href":"https:\/\/api.w.org\/{rel}","templated":true}]}}