{"id":3403,"date":"2024-11-03T03:04:22","date_gmt":"2024-11-03T03:04:22","guid":{"rendered":"https:\/\/nfc-readers.com\/?post_type=product&#038;p=3403"},"modified":"2024-11-04T03:10:35","modified_gmt":"2024-11-04T03:10:35","slug":"silicone-wristband-smart-nfc-rfidtag-wristband-silicone-b","status":"publish","type":"product","link":"https:\/\/nfc-readers.com\/es\/ic-reader\/silicone-wristband-smart-nfc-rfidtag-wristband-silicone-b\/","title":{"rendered":"Pulsera de silicona Smart NFC RFIDTag Pulsera de silicona B"},"content":{"rendered":"<h1 style=\"text-align: center;\"><strong>Pulsera de silicona Smart NFC RFIDTag Pulsera de silicona B<\/strong><\/h1>\n<p>&nbsp;<\/p>\n<p>El <strong>Pulsera de silicona con etiqueta RFID NFC inteligente Pulsera de silicona B<\/strong>\u00a0es un producto transformador dise\u00f1ado para diversas aplicaciones, como gesti\u00f3n de eventos, control de acceso y soluciones de pago sin efectivo. Combinando innovaci\u00f3n y practicidad, esta pulsera fusiona las tecnolog\u00edas RFID y NFC para brindar una experiencia perfecta tanto para los usuarios como para los organizadores de eventos. Con sus capacidades a prueba de agua y dise\u00f1o personalizable, la pulsera RFID est\u00e1 perfectamente sincronizada para varios entornos, ya sea un festival de m\u00fasica, un evento corporativo o incluso una visita a un parque acu\u00e1tico. Optar por esta pulsera de vanguardia no solo mejorar\u00e1 la eficiencia operativa, sino que tambi\u00e9n mejorar\u00e1 significativamente la experiencia general del hu\u00e9sped.<\/p>\n<p>&nbsp;<\/p>\n<h2>Descripci\u00f3n general de la pulsera RFID<\/h2>\n<p>El\u00a0<strong>Pulsera RFID<\/strong>\u00a0est\u00e1 dise\u00f1ado para un control de acceso r\u00e1pido, lo que permite a los organizadores de eventos optimizar sus operaciones. Utilizando tecnolog\u00eda RFID avanzada con una frecuencia de\u00a0<strong>13,56MHz<\/strong>, estos\u00a0<strong>Pulseras RFID de silicona<\/strong>\u00a0Ofrecen seguridad y comodidad. Dise\u00f1ados para leer dentro de un\u00a0<strong>2-5 cent\u00edmetros<\/strong>\u00a0De gran alcance, proporcionan una transmisi\u00f3n r\u00e1pida de datos adecuada para diversas aplicaciones de eventos, desde festivales de m\u00fasica hasta reuniones corporativas.<\/p>\n<p>Con funciones mejoradas como\u00a0<strong>Resistente al agua y a la intemperie<\/strong>\u00a0Esta pulsera, fabricada con materiales de primera calidad, garantiza durabilidad y confiabilidad, incluso en entornos al aire libre. Los usuarios pueden disfrutar de opciones de pago sin efectivo, lo que aumenta la eficiencia y reduce los tiempos de espera para ingresar y realizar transacciones.<\/p>\n<p>&nbsp;<\/p>\n<hr \/>\n<h2>Caracter\u00edsticas principales de la pulsera RFID de silicona<\/h2>\n<p>El\u00a0<strong>Pulsera RFID de silicona<\/strong>\u00a0Incluye una variedad de caracter\u00edsticas que lo convierten en una opci\u00f3n destacada para organizadores y usuarios de eventos.<\/p>\n<ul>\n<li><strong>Resistente al agua\/a la intemperie:<\/strong>\u00a0A diferencia de las pulseras est\u00e1ndar, este modelo est\u00e1 dise\u00f1ado para resistir la humedad y soportar diversas condiciones clim\u00e1ticas, lo que lo hace ideal para eventos al aire libre como conciertos y parques acu\u00e1ticos.<\/li>\n<li><strong>Interfaz de comunicaci\u00f3n:<\/strong>\u00a0Con integrado\u00a0<strong>NFC y RFID<\/strong>\u00a0Gracias a sus capacidades, esta pulsera permite realizar transacciones e intercambiar datos sin problemas. Los usuarios pueden acceder a pagos sin efectivo, desbloquear puertas y acceder a \u00e1reas restringidas sin la molestia de tener que llevar un billete f\u00edsico o una identificaci\u00f3n.<\/li>\n<li><strong>Personalizaci\u00f3n:<\/strong>\u00a0Hay opciones personalizadas disponibles para tama\u00f1os, colores y estilos de impresi\u00f3n. Esta adaptabilidad permite a las marcas mejorar su visibilidad a trav\u00e9s de\u00a0<strong>serigraf\u00eda<\/strong>\u00a0y otras t\u00e9cnicas de elaboraci\u00f3n avanzadas como\u00a0<strong>Codificaci\u00f3n l\u00e1ser e impresi\u00f3n t\u00e9rmica<\/strong>.<\/li>\n<\/ul>\n<p>Estas caracter\u00edsticas especiales resaltan no s\u00f3lo la funcionalidad sino tambi\u00e9n una experiencia de usuario atractiva.<\/p>\n<p>&nbsp;<\/p>\n<hr \/>\n<h2>Beneficios de utilizar pulseras RFID para eventos<\/h2>\n<p>Adopci\u00f3n\u00a0<strong>Pulseras RFID para eventos<\/strong>\u00a0Puede mejorar dr\u00e1sticamente la gesti\u00f3n general de eventos:<\/p>\n<ol>\n<li><strong>Mayor seguridad:<\/strong>\u00a0La incorporaci\u00f3n de un dise\u00f1o a prueba de manipulaciones garantiza que los datos contenidos en la pulsera permanezcan seguros. La duplicaci\u00f3n o el acceso no autorizados son pr\u00e1cticamente imposibles, lo que convierte a estas pulseras en una excelente opci\u00f3n para eventos de alto perfil que requieren medidas de seguridad mejoradas.<\/li>\n<li><strong>Recopilaci\u00f3n de datos:<\/strong>\u00a0Recopile informaci\u00f3n esencial sobre el comportamiento de los asistentes, que se puede utilizar para eventos futuros.\u00a0<strong>Tecnolog\u00eda RFID<\/strong>Los organizadores de eventos pueden analizar patrones de entrada y preferencias, lo que les ayuda a personalizar ofertas futuras.<\/li>\n<li><strong>Tiempos de espera reducidos:<\/strong>\u00a0La eficiencia que ofrecen las pulseras RFID se traduce en colas m\u00e1s cortas. Los asistentes pueden moverse con agilidad desde la entrada hasta el recinto del festival, lo que mejora su experiencia y reduce posibles frustraciones.<\/li>\n<\/ol>\n<p>Con estos importantes beneficios, est\u00e1 claro que\u00a0<strong>Pulseras RFID de silicona<\/strong>\u00a0No son s\u00f3lo una tendencia: son una inversi\u00f3n inteligente.<\/p>\n<p>&nbsp;<\/p>\n<h2>Especificaciones t\u00e9cnicas de la pulsera NFC<\/h2>\n<table class=\"w-fit !mb-0 !max-w-none\" style=\"height: 260px;\" width=\"451\">\n<thead>\n<tr>\n<th>Caracter\u00edstica<\/th>\n<th>Especificaci\u00f3n<\/th>\n<\/tr>\n<\/thead>\n<tbody>\n<tr>\n<td>Frecuencia<\/td>\n<td>13,56 MHz<\/td>\n<\/tr>\n<tr>\n<td>Tipo de chip<\/td>\n<td>FO8<\/td>\n<\/tr>\n<tr>\n<td>Distancia de lectura<\/td>\n<td>2-5 cent\u00edmetros<\/td>\n<\/tr>\n<tr>\n<td>Est\u00e1ndar<\/td>\n<td>Norma ISO\/IEC 14443A<\/td>\n<\/tr>\n<tr>\n<td>Material<\/td>\n<td>Goma<\/td>\n<\/tr>\n<tr>\n<td>Tama\u00f1o<\/td>\n<td>Tama\u00f1o personalizado<\/td>\n<\/tr>\n<tr>\n<td>T\u00e9cnicas de impresi\u00f3n<\/td>\n<td>Serigraf\u00eda<\/td>\n<\/tr>\n<tr>\n<td>Embalaje<\/td>\n<td>Art\u00edculo \u00fanico<\/td>\n<\/tr>\n<tr>\n<td>Peso bruto<\/td>\n<td>0,500 kilos<\/td>\n<\/tr>\n<\/tbody>\n<\/table>\n<h2><\/h2>\n<h2>Preguntas frecuentes sobre la pulsera RFID de silicona<\/h2>\n<h3>1.\u00a0<strong>\u00bfQu\u00e9 es una pulsera RFID?<\/strong><\/h3>\n<p>Una pulsera RFID (identificaci\u00f3n por radiofrecuencia) emplea tecnolog\u00eda de radiofrecuencia para transmitir datos de forma inal\u00e1mbrica. Permite un acceso r\u00e1pido a \u00e1reas seguras, facilita los pagos sin efectivo y mejora la experiencia general de los asistentes al evento.<\/p>\n<h3>2.\u00a0<strong>\u00bfC\u00f3mo funciona la pulsera RFID?<\/strong><\/h3>\n<p>La pulsera contiene un chip RFID pasivo que se comunica con los lectores RFID. Cuando un usuario se acerca a un lector, la pulsera transmite datos a trav\u00e9s de ondas de radio, lo que permite una r\u00e1pida identificaci\u00f3n y control de acceso.<\/p>\n<h3>3.\u00a0<strong>\u00bfLa pulsera es resistente al agua?<\/strong><\/h3>\n<p>S\u00ed, el\u00a0<strong>Pulsera RFID de silicona<\/strong>\u00a0Est\u00e1 dise\u00f1ado para ser resistente al agua y a la intemperie, lo que lo hace adecuado para eventos y entornos al aire libre como parques acu\u00e1ticos y conciertos.<\/p>\n<h3>4.\u00a0<strong>\u00bfSe puede personalizar la pulsera?<\/strong><\/h3>\n<p>\u00a1Por supuesto! La pulsera se puede personalizar en distintos tama\u00f1os, colores y dise\u00f1os. Las organizaciones tambi\u00e9n pueden elegir entre distintos m\u00e9todos de impresi\u00f3n, como serigraf\u00eda, codificaci\u00f3n l\u00e1ser e impresi\u00f3n t\u00e9rmica.<\/p>\n<h3>5.\u00a0<strong>\u00bfCu\u00e1l es la distancia de lectura de la pulsera RFID?<\/strong><\/h3>\n<p>La pulsera tiene una distancia de lectura de\u00a0<strong>2-5 cent\u00edmetros<\/strong>, garantizando una transmisi\u00f3n de datos r\u00e1pida y fiable, as\u00ed como una gesti\u00f3n del acceso.<\/p>","protected":false},"excerpt":{"rendered":"<p>El\u00a0<strong>Pulsera de silicona con etiqueta RFID NFC inteligente Pulsera de silicona B<\/strong>\u00a0es una soluci\u00f3n de control de acceso vers\u00e1til dise\u00f1ada para eventos que ofrece una integraci\u00f3n perfecta de las tecnolog\u00edas RFID y NFC. Es resistente al agua y personalizable, mejora la experiencia del usuario al tiempo que proporciona transacciones seguras sin efectivo y una gesti\u00f3n sencilla del ingreso.<\/p>","protected":false},"featured_media":3404,"template":"","meta":[],"product_brand":[],"product_cat":[50],"product_tag":[],"class_list":{"0":"post-3403","1":"product","2":"type-product","3":"status-publish","4":"has-post-thumbnail","6":"product_cat-silicone-rfid-nfc-wristbands","8":"first","9":"instock","10":"shipping-taxable","11":"product-type-simple"},"_links":{"self":[{"href":"https:\/\/nfc-readers.com\/es\/wp-json\/wp\/v2\/product\/3403","targetHints":{"allow":["GET"]}}],"collection":[{"href":"https:\/\/nfc-readers.com\/es\/wp-json\/wp\/v2\/product"}],"about":[{"href":"https:\/\/nfc-readers.com\/es\/wp-json\/wp\/v2\/types\/product"}],"wp:featuredmedia":[{"embeddable":true,"href":"https:\/\/nfc-readers.com\/es\/wp-json\/wp\/v2\/media\/3404"}],"wp:attachment":[{"href":"https:\/\/nfc-readers.com\/es\/wp-json\/wp\/v2\/media?parent=3403"}],"wp:term":[{"taxonomy":"product_brand","embeddable":true,"href":"https:\/\/nfc-readers.com\/es\/wp-json\/wp\/v2\/product_brand?post=3403"},{"taxonomy":"product_cat","embeddable":true,"href":"https:\/\/nfc-readers.com\/es\/wp-json\/wp\/v2\/product_cat?post=3403"},{"taxonomy":"product_tag","embeddable":true,"href":"https:\/\/nfc-readers.com\/es\/wp-json\/wp\/v2\/product_tag?post=3403"}],"curies":[{"name":"wp","href":"https:\/\/api.w.org\/{rel}","templated":true}]}}