{"id":3410,"date":"2024-11-03T03:16:05","date_gmt":"2024-11-03T03:16:05","guid":{"rendered":"https:\/\/nfc-readers.com\/?post_type=product&#038;p=3410"},"modified":"2024-11-04T03:17:59","modified_gmt":"2024-11-04T03:17:59","slug":"custom-logo-waterproof-polyester-woven-rfid-nfc-wristbands","status":"publish","type":"product","link":"https:\/\/nfc-readers.com\/es\/ic-reader\/custom-logo-waterproof-polyester-woven-rfid-nfc-wristbands\/","title":{"rendered":"Pulseras RFID NFC tejidas en poli\u00e9ster a prueba de agua con logotipo personalizado"},"content":{"rendered":"<h1 style=\"text-align: center;\"><strong>Pulseras RFID NFC tejidas en poli\u00e9ster a prueba de agua con logotipo personalizado<\/strong><\/h1>\n<p>&nbsp;<\/p>\n<p>En un mundo que valora cada vez m\u00e1s la comodidad y la conectividad, <strong>Pulseras RFID NFC de poli\u00e9ster tejido a prueba de agua con logotipo personalizado<\/strong>\u00a0Destacan como una opci\u00f3n superior tanto para empresas como para organizadores de eventos. Estas innovadoras pulseras combinan lo \u00faltimo en tecnolog\u00eda\u00a0<strong>Tecnolog\u00eda RFID<\/strong>\u00a0Con un dise\u00f1o elegante y materiales robustos, son ideales para una variedad de aplicaciones, desde festivales y parques acu\u00e1ticos hasta eventos corporativos y soluciones de pago sin efectivo.\u00a0<strong>impermeable<\/strong>\u00a0Gracias a sus caracter\u00edsticas y capacidad de personalizaci\u00f3n, estas pulseras no solo aumentan la visibilidad de la marca, sino que tambi\u00e9n mejoran la experiencia del usuario, garantizando que obtenga el m\u00e1ximo valor por su inversi\u00f3n.<\/p>\n<p>&nbsp;<\/p>\n<h2>\u00bfPor qu\u00e9 elegir pulseras RFID NFC tejidas personalizadas?<\/h2>\n<p>Como organizadores de eventos, comprenden la importancia de un control de acceso sin inconvenientes, una imagen de marca eficaz y la maximizaci\u00f3n de la experiencia de los invitados. Estas pulseras ofrecen todo eso y mucho m\u00e1s.\u00a0<strong>Tecnolog\u00eda RFID<\/strong>\u00a0operando a una frecuencia de\u00a0<strong>13,56MHz<\/strong>, agilizan las operaciones, reducen los tiempos de espera y mejoran la seguridad de eventos de cualquier tama\u00f1o. Adem\u00e1s, con la capacidad de incorporar logotipos personalizados a trav\u00e9s de\u00a0<strong>Impresi\u00f3n CMYK<\/strong>Estas pulseras tambi\u00e9n sirven como herramienta promocional. No solo son funcionales sino que tambi\u00e9n est\u00e1n de moda, \u00a1lo que las convierte en un \u00e9xito entre los asistentes!<\/p>\n<p>&nbsp;<\/p>\n<h2>Caracter\u00edsticas de las pulseras RFID NFC<\/h2>\n<h3>Soluciones avanzadas de control de acceso<\/h3>\n<p>Las pulseras RFID NFC sirven como una herramienta poderosa para\u00a0<strong>control de acceso<\/strong>, lo que permite a los organizadores de eventos proporcionar \u00e1reas VIP y acceso especial con facilidad. Utilizando el\u00a0<strong>Chip MIFARE Classic 1K<\/strong>Estas pulseras pueden almacenar informaci\u00f3n clave y transmitirla a trav\u00e9s de un medio seguro.\u00a0<strong>Interfaz de comunicaci\u00f3n NFC<\/strong>Como resultado, son perfectos para lugares que necesitan asignar \u00e1reas para invitados o brindar acceso escalonado durante los eventos.<\/p>\n<h3>Funcionalidad de pago sin efectivo<\/h3>\n<p>Diga adi\u00f3s a las largas colas y al manejo innecesario de efectivo con\u00a0<strong>pago sin efectivo<\/strong>\u00a0Nuestras pulseras RFID permiten realizar transacciones sin inconvenientes, lo que permite a los usuarios realizar pagos de manera r\u00e1pida y sencilla en puestos, bares y atracciones. Esto no solo mejora la\u00a0<strong>Experiencia del hu\u00e9sped<\/strong>\u00a0pero reduce significativamente los tiempos de espera, permitiendo a los asistentes centrarse en disfrutar del evento en lugar de preocuparse por el dinero.<\/p>\n<h2>Materiales y durabilidad<\/h2>\n<h3>Dise\u00f1o robusto para cualquier entorno<\/h3>\n<p>Fabricado a partir de una mezcla \u00fanica de\u00a0<strong>poli\u00e9ster tejido<\/strong>\u00a0y\u00a0<strong>CLORURO DE POLIVINILO<\/strong>Estas pulseras cuentan con una durabilidad impresionante y\u00a0<strong>impermeable<\/strong>\u00a0Capacidades. Ya sea un d\u00eda soleado en un festival o un d\u00eda chapoteando en un parque acu\u00e1tico, estas pulseras est\u00e1n dise\u00f1adas para soportar los elementos. Sus propiedades resistentes a la intemperie garantizan que no se degradar\u00e1n cuando se expongan a la lluvia o al agua, lo que preserva la usabilidad y la confiabilidad de las pulseras.\u00a0<strong>Tecnolog\u00eda RFID<\/strong>\u00a0incrustado dentro.<\/p>\n<h3>Resiliencia a la temperatura<\/h3>\n<p>El\u00a0<strong>temperatura de trabajo<\/strong>\u00a0La gama de nuestras pulseras va desde\u00a0<strong>-20\u00b0C a +80\u00b0C<\/strong>, lo que garantiza su funcionalidad tanto en eventos calurosos de verano como en reuniones fr\u00edas al aire libre. Esta resistencia a la temperatura protege el rendimiento de los\u00a0<strong>Chip RFID<\/strong>\u00a0y ayuda a mantener la integridad, por lo que puede estar seguro de que su pulsera funcionar\u00e1 eficazmente en todas las condiciones.<\/p>\n<p>&nbsp;<\/p>\n<h2>Especificaciones t\u00e9cnicas<\/h2>\n<table class=\"w-fit !mb-0 !max-w-none\" style=\"height: 303px;\" width=\"424\">\n<thead>\n<tr>\n<th><strong>Especificaci\u00f3n<\/strong><\/th>\n<th><strong>Detalles<\/strong><\/th>\n<\/tr>\n<\/thead>\n<tbody>\n<tr>\n<td><strong>N\u00famero de modelo<\/strong><\/td>\n<td>SX-NO<\/td>\n<\/tr>\n<tr>\n<td><strong>Tipo de chip<\/strong><\/td>\n<td>MIFARE Cl\u00e1sico 1K<\/td>\n<\/tr>\n<tr>\n<td><strong>Frecuencia<\/strong><\/td>\n<td>13,56 MHz<\/td>\n<\/tr>\n<tr>\n<td><strong>Rango de lectura<\/strong><\/td>\n<td>2-5 cm<\/td>\n<\/tr>\n<tr>\n<td><strong>Material<\/strong><\/td>\n<td>Tejido + PVC<\/td>\n<\/tr>\n<tr>\n<td><strong>Opciones de tama\u00f1o<\/strong><\/td>\n<td>30<em>26 mm, 40<\/em>25 mm o personalizado<\/td>\n<\/tr>\n<tr>\n<td><strong>Tipo de impresi\u00f3n<\/strong><\/td>\n<td>Impresi\u00f3n CMYK 4C, serigraf\u00eda<\/td>\n<\/tr>\n<tr>\n<td><strong>Acabado de la superficie<\/strong><\/td>\n<td>Brillante, esmerilado, mate<\/td>\n<\/tr>\n<tr>\n<td><strong>Rango de temperatura<\/strong><\/td>\n<td>-20\u00b0C a +80\u00b0C<\/td>\n<\/tr>\n<tr>\n<td><strong>Protocolo<\/strong><\/td>\n<td>ISO 14443A<\/td>\n<\/tr>\n<\/tbody>\n<\/table>\n<h2><\/h2>\n<h2>Preguntas frecuentes (FAQ)<\/h2>\n<h3>1. \u00bfQu\u00e9 son las pulseras RFID?<\/h3>\n<p><strong>pulseras RFID<\/strong>\u00a0Son pulseras port\u00e1tiles con tecnolog\u00eda de identificaci\u00f3n por radiofrecuencia (RFID) integrada. Almacenan datos que pueden transmitirse de forma inal\u00e1mbrica mediante NFC (Near Field Communication), lo que permite un control de acceso eficiente, transacciones sin efectivo y recopilaci\u00f3n de datos en eventos.<\/p>\n<h3>2. \u00bfC\u00f3mo funcionan las pulseras RFID?<\/h3>\n<p>Las pulseras RFID contienen un peque\u00f1o chip RFID que se comunica con un lector a trav\u00e9s de ondas de radio. Cuando el lector RFID la escanea, la pulsera transmite la informaci\u00f3n almacenada, lo que permite el acceso o el procesamiento de transacciones sin necesidad de contacto f\u00edsico.<\/p>\n<h3>3. \u00bfEstas pulseras son impermeables?<\/h3>\n<p>\u00a1S\u00ed! Nuestro\u00a0<strong>Pulseras RFID tejidas personalizadas<\/strong>\u00a0est\u00e1n dise\u00f1ados para ser\u00a0<strong>impermeable<\/strong>, lo que los hace adecuados para diversos eventos, incluidos los que se llevan a cabo en parques acu\u00e1ticos y festivales al aire libre. Sus materiales duraderos garantizan que mantengan su funcionalidad incluso cuando se exponen al agua.<\/p>\n<h3>4. \u00bfSe pueden personalizar las pulseras?<\/h3>\n<p>\u00a1Por supuesto! Nuestras pulseras RFID se pueden personalizar por completo para adaptarse a sus necesidades de marca. Puede elegir diferentes tama\u00f1os, colores y t\u00e9cnicas de impresi\u00f3n, como\u00a0<strong>Impresi\u00f3n en color CMYK<\/strong>,\u00a0<strong>Impresi\u00f3n por puntos UV<\/strong>, y acabados met\u00e1licos como\u00a0<strong>l\u00e1mina de plata o de oro<\/strong>.<\/p>\n<h3>5. \u00bfQu\u00e9 durabilidad tienen las pulseras?<\/h3>\n<p>Hecho de una combinaci\u00f3n de\u00a0<strong>poli\u00e9ster tejido<\/strong>\u00a0y\u00a0<strong>CLORURO DE POLIVINILO<\/strong>Nuestras pulseras son robustas y est\u00e1n dise\u00f1adas para soportar diversas condiciones ambientales, incluidos rangos de temperatura de\u00a0<strong>-20\u00b0C a +80\u00b0C<\/strong>Tambi\u00e9n son a prueba de manipulaciones, lo que garantiza que permanezcan seguros durante los eventos.<\/p>","protected":false},"excerpt":{"rendered":"<p>Las pulseras RFID NFC de poli\u00e9ster resistente al agua con logotipo personalizado combinan durabilidad con una marca elegante, lo que las hace ideales para eventos y control de acceso seguro. Perfectas para transacciones sin efectivo, mejoran la experiencia del usuario al tiempo que promocionan su marca.<\/p>","protected":false},"featured_media":3411,"template":"","meta":[],"product_brand":[],"product_cat":[50],"product_tag":[],"class_list":{"0":"post-3410","1":"product","2":"type-product","3":"status-publish","4":"has-post-thumbnail","6":"product_cat-silicone-rfid-nfc-wristbands","8":"first","9":"instock","10":"shipping-taxable","11":"product-type-simple"},"_links":{"self":[{"href":"https:\/\/nfc-readers.com\/es\/wp-json\/wp\/v2\/product\/3410","targetHints":{"allow":["GET"]}}],"collection":[{"href":"https:\/\/nfc-readers.com\/es\/wp-json\/wp\/v2\/product"}],"about":[{"href":"https:\/\/nfc-readers.com\/es\/wp-json\/wp\/v2\/types\/product"}],"wp:featuredmedia":[{"embeddable":true,"href":"https:\/\/nfc-readers.com\/es\/wp-json\/wp\/v2\/media\/3411"}],"wp:attachment":[{"href":"https:\/\/nfc-readers.com\/es\/wp-json\/wp\/v2\/media?parent=3410"}],"wp:term":[{"taxonomy":"product_brand","embeddable":true,"href":"https:\/\/nfc-readers.com\/es\/wp-json\/wp\/v2\/product_brand?post=3410"},{"taxonomy":"product_cat","embeddable":true,"href":"https:\/\/nfc-readers.com\/es\/wp-json\/wp\/v2\/product_cat?post=3410"},{"taxonomy":"product_tag","embeddable":true,"href":"https:\/\/nfc-readers.com\/es\/wp-json\/wp\/v2\/product_tag?post=3410"}],"curies":[{"name":"wp","href":"https:\/\/api.w.org\/{rel}","templated":true}]}}