{"id":3417,"date":"2024-11-03T03:26:02","date_gmt":"2024-11-03T03:26:02","guid":{"rendered":"https:\/\/nfc-readers.com\/?post_type=product&#038;p=3417"},"modified":"2024-11-03T03:26:03","modified_gmt":"2024-11-03T03:26:03","slug":"fabric-wrist-band-13-56mhz-nfc-bracelet-dispose-wristbands","status":"publish","type":"product","link":"https:\/\/nfc-readers.com\/es\/ic-reader\/fabric-wrist-band-13-56mhz-nfc-bracelet-dispose-wristbands\/","title":{"rendered":"Pulsera de tela con NFC de 13,56 MHz Pulseras desechables"},"content":{"rendered":"<h1 style=\"text-align: center;\"><strong>Pulsera de tela con NFC de 13,56 MHz Pulseras desechables<\/strong><\/h1>\n<p>&nbsp;<\/p>\n<p>En el mundo acelerado de hoy, la necesidad de una gesti\u00f3n fluida y una mejor experiencia del usuario es primordial, especialmente en eventos, festivales y lugares donde un control de acceso eficiente es crucial. <strong>Pulsera de tela con NFC de 13,56 MHz Pulseras desechables<\/strong>\u00a0Ofrecen una combinaci\u00f3n \u00fanica de funcionalidad y est\u00e9tica, lo que garantiza que sus operaciones se desarrollen sin problemas y, al mismo tiempo, ofrecen a los hu\u00e9spedes una experiencia memorable. Con caracter\u00edsticas como\u00a0<strong>uso \u00fanico<\/strong>,\u00a0<strong>dise\u00f1os coloridos<\/strong>, y avanzado\u00a0<strong>NFC<\/strong>\u00a0Tecnolog\u00eda, estas pulseras son un cambio radical para cualquier organizador de eventos.<\/p>\n<p>&nbsp;<\/p>\n<h2>\u00bfPor qu\u00e9 elegir pulseras NFC de tela?<\/h2>\n<p>Cuando se trata de navegar por el espectro de productos RFID y NFC, la pulsera desechable Fabric Wrist Band 13.56 MHz NFC se destaca por su dise\u00f1o innovador y sus s\u00f3lidas capacidades.<\/p>\n<h3>Aspectos destacados del producto:<\/h3>\n<ul>\n<li><strong>F\u00e1cilmente personalizable<\/strong>\u00a0con opciones para impresi\u00f3n de logotipos, c\u00f3digos de barras y c\u00f3digos QR.<\/li>\n<li><strong>Control de acceso r\u00e1pido<\/strong>\u00a0y operaciones optimizadas que mejoran la experiencia y la seguridad de los hu\u00e9spedes.<\/li>\n<li><strong>Tejido duradero pero c\u00f3modo.<\/strong>\u00a0Es perfecto para usar durante todo el d\u00eda en festivales de m\u00fasica, parques acu\u00e1ticos o eventos corporativos.<\/li>\n<\/ul>\n<p>Estas pulseras est\u00e1n dise\u00f1adas para proporcionar una\u00a0<strong>pago sin efectivo<\/strong>\u00a0soluci\u00f3n que garantiza que los organizadores de eventos disfruten de la tranquilidad de saber que cuentan con medios confiables para gestionar el control de acceso de manera eficiente.<\/p>\n<p>&nbsp;<\/p>\n<h2>Caracter\u00edsticas especiales de las pulseras NFC de tela<\/h2>\n<p>Al considerar\u00a0<strong>Pulseras RFID para eventos<\/strong>, el\u00a0<em>Pulsera de tela con NFC de 13,56 MHz<\/em>\u00a0ofrece una multitud de caracter\u00edsticas especiales dise\u00f1adas para mejorar la eficiencia y mejorar las experiencias de los hu\u00e9spedes.<\/p>\n<h3>Dise\u00f1o colorido de un solo uso<\/h3>\n<p>Estas pulseras vienen en una gama de colores vibrantes, lo que garantiza que no solo cumplan un prop\u00f3sito funcional, sino que tambi\u00e9n se alineen con los requisitos est\u00e9ticos de su marca.\u00a0<strong>uso \u00fanico<\/strong>\u00a0Esta funci\u00f3n a\u00f1ade una capa de seguridad, ya que cada pulsera est\u00e1 codificada exclusivamente para un solo evento, lo que minimiza el riesgo de acceso no autorizado.<\/p>\n<h3>Interfaces de comunicaci\u00f3n RFID y NFC<\/h3>\n<p>Dise\u00f1adas con tecnolog\u00eda de vanguardia, estas pulseras utilizan\u00a0<strong>RFID<\/strong>\u00a0y\u00a0<strong>NFC<\/strong>\u00a0interfaces de comunicaci\u00f3n para garantizar interacciones r\u00e1pidas y confiables con lectores RFID. Esta capacidad facilita\u00a0<strong>pago sin contacto<\/strong>\u00a0y gesti\u00f3n de acceso, agilizando el proceso de admisi\u00f3n tanto para invitados como para empleados.<\/p>\n<p>&nbsp;<\/p>\n<h2>Preguntas frecuentes sobre la tecnolog\u00eda NFC<\/h2>\n<h3>\u00bfQu\u00e9 es la tecnolog\u00eda NFC?<\/h3>\n<p>NFC, o Near Field Communication, permite que los dispositivos se comuniquen entre s\u00ed a trav\u00e9s de ondas de radio. Permite realizar transacciones sin inconvenientes y compartir informaci\u00f3n con solo tocar los dispositivos.<\/p>\n<h3>\u00bfEstas pulseras son impermeables?<\/h3>\n<p>Nuestras pulseras NFC est\u00e1n dise\u00f1adas para ser resistentes al agua, lo que las hace adecuadas para eventos en parques acu\u00e1ticos o festivales al aire libre.<\/p>\n<h3>\u00bfPuedo personalizar las pulseras?<\/h3>\n<p>S\u00ed, hay opciones de personalizaci\u00f3n disponibles, incluida la impresi\u00f3n de logotipos, c\u00f3digos de barras y c\u00f3digos QR tanto en la pulsera como en la tarjeta.<\/p>","protected":false},"excerpt":{"rendered":"<p>El\u00a0<strong>Pulsera de tela con NFC de 13,56 MHz<\/strong>\u00a0es una soluci\u00f3n elegante y pr\u00e1ctica para la gesti\u00f3n de eventos, que ofrece un control de acceso sin inconvenientes y capacidades de pago sin efectivo. Dise\u00f1adas para un solo uso, estas pulseras vibrantes mejoran la experiencia de los invitados al tiempo que garantizan la seguridad y la eficiencia en cualquier evento.<\/p>","protected":false},"featured_media":3424,"template":"","meta":[],"product_brand":[],"product_cat":[50],"product_tag":[],"class_list":{"0":"post-3417","1":"product","2":"type-product","3":"status-publish","4":"has-post-thumbnail","6":"product_cat-silicone-rfid-nfc-wristbands","8":"first","9":"instock","10":"shipping-taxable","11":"product-type-simple"},"_links":{"self":[{"href":"https:\/\/nfc-readers.com\/es\/wp-json\/wp\/v2\/product\/3417","targetHints":{"allow":["GET"]}}],"collection":[{"href":"https:\/\/nfc-readers.com\/es\/wp-json\/wp\/v2\/product"}],"about":[{"href":"https:\/\/nfc-readers.com\/es\/wp-json\/wp\/v2\/types\/product"}],"wp:featuredmedia":[{"embeddable":true,"href":"https:\/\/nfc-readers.com\/es\/wp-json\/wp\/v2\/media\/3424"}],"wp:attachment":[{"href":"https:\/\/nfc-readers.com\/es\/wp-json\/wp\/v2\/media?parent=3417"}],"wp:term":[{"taxonomy":"product_brand","embeddable":true,"href":"https:\/\/nfc-readers.com\/es\/wp-json\/wp\/v2\/product_brand?post=3417"},{"taxonomy":"product_cat","embeddable":true,"href":"https:\/\/nfc-readers.com\/es\/wp-json\/wp\/v2\/product_cat?post=3417"},{"taxonomy":"product_tag","embeddable":true,"href":"https:\/\/nfc-readers.com\/es\/wp-json\/wp\/v2\/product_tag?post=3417"}],"curies":[{"name":"wp","href":"https:\/\/api.w.org\/{rel}","templated":true}]}}