{"id":3430,"date":"2024-11-03T03:39:41","date_gmt":"2024-11-03T03:39:41","guid":{"rendered":"https:\/\/nfc-readers.com\/?post_type=product&#038;p=3430"},"modified":"2024-11-03T03:39:42","modified_gmt":"2024-11-03T03:39:42","slug":"waterproof-passive-nfc-rfid-silicone-wristband","status":"publish","type":"product","link":"https:\/\/nfc-readers.com\/es\/ic-reader\/waterproof-passive-nfc-rfid-silicone-wristband\/","title":{"rendered":"Pulsera de silicona RFID pasiva NFC resistente al agua"},"content":{"rendered":"<h1 style=\"text-align: center;\"><strong>Pulsera de silicona RFID pasiva NFC resistente al agua<\/strong><\/h1>\n<p>&nbsp;<\/p>\n<p>En una era en la que la tecnolog\u00eda y la practicidad se entrelazan a la perfecci\u00f3n, <strong>Pulsera de silicona RFID pasiva NFC resistente al agua<\/strong>\u00a0Se destaca como un accesorio excepcional. Esta innovadora pulsera est\u00e1 dise\u00f1ada para satisfacer las necesidades din\u00e1micas de los usuarios, brindando una comodidad y seguridad incomparables para una variedad de aplicaciones, incluidos eventos, control de acceso y transacciones sin efectivo. Ya sea que est\u00e9 organizando un festival impresionante, dirigiendo un gimnasio o administrando un parque acu\u00e1tico, esta pulsera ofrece una soluci\u00f3n resistente al agua para agilizar las operaciones y mejorar la experiencia del usuario.<\/p>\n<p>Pero, \u00bfqu\u00e9 hace que valga la pena invertir en la pulsera de silicona RFID NFC pasiva e impermeable? Bueno, no solo ofrece beneficios pr\u00e1cticos como resistencia al agua y durabilidad, sino tambi\u00e9n un dise\u00f1o personalizable, lo que garantiza que su marca se destaque. Con la capacidad de admitir pagos sin efectivo y control de acceso, es una herramienta eficaz tanto para organizadores de eventos como para empresas. Profundicemos en las caracter\u00edsticas y ventajas de este extraordinario producto.<\/p>\n<p>&nbsp;<\/p>\n<h2>Durabilidad inigualable y caracter\u00edsticas a prueba de agua<\/h2>\n<p>Una de las caracter\u00edsticas destacadas de la\u00a0<strong>Pulsera de silicona RFID pasiva NFC resistente al agua<\/strong>\u00a0es su notable durabilidad. Fabricada con silicona de alta calidad, esta pulsera es\u00a0<strong>impermeable<\/strong>,\u00a0<strong>a prueba de la intemperie<\/strong>, y\u00a0<strong>A prueba de humedad<\/strong>, lo que la hace adecuada para diversos entornos y condiciones. Ya sea que llueva o haga sol, esta pulsera no se da\u00f1ar\u00e1 f\u00e1cilmente, lo que permitir\u00e1 que sus invitados o asistentes disfruten de su experiencia sin preocuparse por el desgaste.<\/p>\n<p>El\u00a0<strong>silicona<\/strong>\u00a0El material no solo garantiza una larga duraci\u00f3n, sino que tambi\u00e9n es c\u00f3modo para la piel, lo que lo hace perfecto tanto para uso casual como para situaciones activas como festivales o eventos deportivos. Esta durabilidad significa que no tendr\u00e1s que reemplazar las pulseras con frecuencia, lo que se traduce en un importante ahorro de costos a largo plazo.<\/p>\n<p>Adem\u00e1s, las propiedades de la silicona la hacen resistente a los elementos agresivos, lo que le permite soportar la exposici\u00f3n a parques acu\u00e1ticos, spas, gimnasios y diversos eventos al aire libre. Por lo tanto, los usuarios pueden usar esta pulsera con confianza sabiendo que puede soportar actividades rigurosas sin comprometer la funcionalidad.<\/p>\n<h2>Interfaz de comunicaci\u00f3n vers\u00e1til<\/h2>\n<p>Utilizando\u00a0<strong>Tecnolog\u00eda NFC<\/strong>La pulsera de silicona RFID pasiva NFC resistente al agua cuenta con una interfaz de comunicaci\u00f3n perfecta que mejora la experiencia del usuario. Funciona a una frecuencia de\u00a0<strong>13,56 MHz<\/strong>Esta pulsera est\u00e1 optimizada para interacciones r\u00e1pidas y confiables.<\/p>\n<p>La tecnolog\u00eda NFC permite\u00a0<strong>pagos sin contacto<\/strong>, lo que la convierte en una soluci\u00f3n perfecta para los organizadores de eventos que buscan agilizar los procesos. Los invitados pueden pasar f\u00e1cilmente su pulsera por los puntos de venta sin necesidad de buscar dinero en efectivo o tarjetas, lo que reduce los tiempos de espera y mejora el flujo general en los eventos.\u00a0<strong>pago sin contacto<\/strong>\u00a0Esta funci\u00f3n no solo mejora la comodidad para los usuarios, sino que tambi\u00e9n mejora la eficiencia para los proveedores y el personal del evento.<\/p>\n<p>Adem\u00e1s, las pulseras con tecnolog\u00eda NFC son una gran ayuda para el control de acceso. Puedes conceder o restringir el acceso a \u00e1reas espec\u00edficas simplemente escaneando la pulsera con un lector RFID, lo que garantiza un proceso de entrada seguro y sin complicaciones a \u00e1reas VIP, entre bastidores o cualquier zona restringida.<\/p>\n<h2>Opciones de personalizaci\u00f3n innovadoras<\/h2>\n<p>La personalizaci\u00f3n es una caracter\u00edstica importante de la pulsera de silicona RFID NFC pasiva e impermeable. Con opciones para\u00a0<strong>logotipos personalizados<\/strong>\u00a0y diversas t\u00e9cnicas de impresi\u00f3n como\u00a0<strong>serigraf\u00eda<\/strong>,\u00a0<strong>realce<\/strong>, y\u00a0<strong>grabado l\u00e1ser<\/strong>Las empresas pueden crear una identidad \u00fanica que resuene con su marca.<\/p>\n<p>La personalizaci\u00f3n se extiende al tama\u00f1o, los colores y los dise\u00f1os, lo que permite a las empresas adaptar las pulseras para que coincidan con los temas del evento o la est\u00e9tica de la marca. Este toque personalizado no solo mejora la visibilidad de la marca, sino que tambi\u00e9n puede aumentar la participaci\u00f3n de los asistentes a trav\u00e9s de experiencias memorables. Imagine llegar a un festival donde cada pulsera tiene un logotipo o dise\u00f1o \u00fanico que representa el tema del evento: este aspecto contribuye significativamente a la atm\u00f3sfera general y al disfrute.<\/p>\n<p>Adem\u00e1s, la posibilidad de incorporar c\u00f3digos QR tambi\u00e9n puede abrir v\u00edas para mejorar la interacci\u00f3n. Los asistentes pueden escanear sus pulseras para acceder a los horarios, participar en concursos o incluso recuperar informaci\u00f3n de contacto, mejorando as\u00ed su experiencia general en el evento.<\/p>\n<h2>Capacidades de seguridad y control de acceso<\/h2>\n<p>La seguridad es primordial en cualquier evento u operaci\u00f3n comercial, y la pulsera de silicona RFID NFC pasiva e impermeable aborda esta necesidad de manera eficaz. Al incorporar tecnolog\u00eda avanzada\u00a0<strong>Tecnolog\u00eda RFID<\/strong>Estas pulseras proporcionan una\u00a0<strong>A prueba de manipulaciones<\/strong>\u00a0medio de control de acceso que aumenta significativamente los niveles de seguridad en los eventos.<\/p>\n<p>Con integrado\u00a0<strong>Tecnolog\u00eda de chip MIFARE DESfire EV3<\/strong>Los usuarios se benefician de una transmisi\u00f3n de datos segura, lo que garantiza que la informaci\u00f3n contenida en la pulsera permanezca protegida. Este chip no solo admite t\u00e9cnicas de cifrado, lo que proporciona capas de seguridad, sino que tambi\u00e9n garantiza una transferencia de datos r\u00e1pida, lo que mejora la experiencia del usuario y reduce los retrasos.<\/p>\n<p>Adem\u00e1s, las pulseras RFID se pueden programar para permisos de acceso espec\u00edficos, lo que garantiza que solo el personal autorizado pueda ingresar a ciertas \u00e1reas. Esta caracter\u00edstica es particularmente \u00fatil para grandes eventos, donde la gesti\u00f3n de multitudes es fundamental tanto para la seguridad como para la eficiencia operativa.<\/p>\n<p>&nbsp;<\/p>\n<h2>Especificaciones t\u00e9cnicas y dimensiones<\/h2>\n<table class=\"w-fit !mb-0 !max-w-none\" style=\"height: 133px;\" width=\"407\">\n<thead>\n<tr>\n<th>Especificaci\u00f3n<\/th>\n<th>Detalles<\/th>\n<\/tr>\n<\/thead>\n<tbody>\n<tr>\n<td><strong>Material<\/strong><\/td>\n<td>Silicona<\/td>\n<\/tr>\n<tr>\n<td><strong>Tama\u00f1o<\/strong><\/td>\n<td>238 x 13 mm<\/td>\n<\/tr>\n<tr>\n<td><strong>Espesor<\/strong><\/td>\n<td>3 mil\u00edmetros<\/td>\n<\/tr>\n<tr>\n<td><strong>Tipo de chip<\/strong><\/td>\n<td>MIFARE DESFire EV3<\/td>\n<\/tr>\n<\/tbody>\n<\/table>\n<p>&nbsp;<\/p>\n<h2>Preguntas frecuentes (FAQ)<\/h2>\n<p>A continuaci\u00f3n se presentan algunas preguntas frecuentes sobre el\u00a0<strong>Pulsera de silicona RFID pasiva NFC resistente al agua<\/strong>, junto con sus respuestas para ayudarle a tomar una decisi\u00f3n informada.<\/p>\n<h3>1.\u00a0<strong>\u00bfQu\u00e9 es la tecnolog\u00eda NFC y c\u00f3mo funciona con la pulsera?<\/strong><\/h3>\n<p>NFC (Near Field Communication) es un conjunto de protocolos de comunicaci\u00f3n que permite que dos dispositivos electr\u00f3nicos, normalmente un tel\u00e9fono inteligente y un lector, se comuniquen a corta distancia (normalmente menos de 10 cm). La pulsera contiene un chip NFC integrado que puede transmitir informaci\u00f3n cuando se coloca cerca de un lector NFC, lo que permite funciones como pagos sin contacto, control de acceso y compartici\u00f3n de datos.<\/p>\n<h3>2.\u00a0<strong>\u00bfLa pulsera es adecuada para actividades acu\u00e1ticas?<\/strong><\/h3>\n<p>\u00a1Por supuesto! La pulsera de silicona RFID pasiva NFC resistente al agua est\u00e1 dise\u00f1ada para\u00a0<strong>impermeable<\/strong>\u00a0y\u00a0<strong>a prueba de la intemperie<\/strong>Esto lo hace ideal para su uso en diversos entornos relacionados con el agua, como parques acu\u00e1ticos, piscinas y spas.<\/p>\n<h3>3.\u00a0<strong>\u00bfPuedo personalizar las pulseras con mi logo o dise\u00f1o?<\/strong><\/h3>\n<p>S\u00ed, \u00a1hay opciones de personalizaci\u00f3n disponibles! Puede pedir pulseras con el logotipo de su empresa y seleccionar entre varias t\u00e9cnicas de impresi\u00f3n, como serigraf\u00eda, relieve o grabado l\u00e1ser, para crear una pulsera que complemente la identidad de su marca.<\/p>\n<h3>4.\u00a0<strong>\u00bfCu\u00e1nto tiempo durar\u00e1 la pulsera?<\/strong><\/h3>\n<p>La pulsera est\u00e1 hecha de silicona de alta calidad, que proporciona una excelente durabilidad y resistencia al desgaste, incluso en entornos dif\u00edciles. Con el cuidado adecuado, pueden durar varios usos, especialmente si se utilizan en entornos controlados.<\/p>\n<h3>5.\u00a0<strong>\u00bfSe puede reutilizar la pulsera?<\/strong><\/h3>\n<p>Si bien la pulsera es duradera, su uso previsto es principalmente para eventos \u00fanicos, como festivales o conciertos. Sin embargo, se pueden reutilizar en diferentes situaciones siempre que no est\u00e9n da\u00f1adas o marcadas de manera que se identifiquen como usadas.<\/p>","protected":false},"excerpt":{"rendered":"<div class=\"chat-list relative custom-scrollbar-reset-margin custom-scrollbar custom-scrollbar-hidden custom-scrollbar-float pb-9 flex-1 overflow-y-auto\">\n<div class=\"mx-auto max-w-[790px]\">\n<div class=\"message-item-outer relative px-4 mb-2\" data-id=\"d5e57210-2b0a-4a51-8aa4-f3908258a790\">\n<div class=\"content-area pl-[0px]\">\n<div class=\"message-item select-text relative\">\n<div class=\"message-inner relative\">\n<div class=\"py-[2px]\">\n<div class=\"flex flex-col gap-2\">\n<div class=\"answer-markdown-box overflow-x-auto select-text custom-scrollbar\">\n<div class=\"markdown-body\"><\/div>\n<\/div>\n<\/div>\n<\/div>\n<\/div>\n<\/div>\n<\/div>\n<\/div>\n<\/div>\n<\/div>\n<div>\n<div class=\"input-box relative max-w-[790px] mx-auto\">\n<div class=\"chat-input-box relative bg-grey-layer2-normal px-3 max-w-[790px] mx-auto pb-1\">\n<div class=\"main-input-area\">\n<div class=\"chat-input-top-bar gap-2 py-2 flex justify-start items-center\">\n<div class=\"flex gap-[6px] min-w-[90px] max-w-[calc(100%-40px)]\">\n<div class=\"flex gap-0\">\n<div class=\"relative\">\n<div class=\"topbar-btn h-[30px] w-[30px] flex overflow-hidden text-text-primary-1 items-center justify-center text-xs leading-4 rounded-lg model-btn model-btn-no-bg\" role=\"button\">La pulsera pasiva de silicona RFID NFC resistente al agua ofrece una soluci\u00f3n confiable y duradera para el control de acceso seguro y las transacciones sin efectivo en cualquier evento. Ideal para festivales, gimnasios y parques acu\u00e1ticos, brinda comodidad y personalizaci\u00f3n con un dise\u00f1o elegante.<\/div>\n<\/div>\n<\/div>\n<\/div>\n<\/div>\n<\/div>\n<\/div>\n<\/div>\n<\/div>","protected":false},"featured_media":3431,"template":"","meta":[],"product_brand":[],"product_cat":[50],"product_tag":[],"class_list":{"0":"post-3430","1":"product","2":"type-product","3":"status-publish","4":"has-post-thumbnail","6":"product_cat-silicone-rfid-nfc-wristbands","8":"first","9":"instock","10":"shipping-taxable","11":"product-type-simple"},"_links":{"self":[{"href":"https:\/\/nfc-readers.com\/es\/wp-json\/wp\/v2\/product\/3430","targetHints":{"allow":["GET"]}}],"collection":[{"href":"https:\/\/nfc-readers.com\/es\/wp-json\/wp\/v2\/product"}],"about":[{"href":"https:\/\/nfc-readers.com\/es\/wp-json\/wp\/v2\/types\/product"}],"wp:featuredmedia":[{"embeddable":true,"href":"https:\/\/nfc-readers.com\/es\/wp-json\/wp\/v2\/media\/3431"}],"wp:attachment":[{"href":"https:\/\/nfc-readers.com\/es\/wp-json\/wp\/v2\/media?parent=3430"}],"wp:term":[{"taxonomy":"product_brand","embeddable":true,"href":"https:\/\/nfc-readers.com\/es\/wp-json\/wp\/v2\/product_brand?post=3430"},{"taxonomy":"product_cat","embeddable":true,"href":"https:\/\/nfc-readers.com\/es\/wp-json\/wp\/v2\/product_cat?post=3430"},{"taxonomy":"product_tag","embeddable":true,"href":"https:\/\/nfc-readers.com\/es\/wp-json\/wp\/v2\/product_tag?post=3430"}],"curies":[{"name":"wp","href":"https:\/\/api.w.org\/{rel}","templated":true}]}}