{"id":3437,"date":"2024-11-03T04:49:53","date_gmt":"2024-11-03T04:49:53","guid":{"rendered":"https:\/\/nfc-readers.com\/?post_type=product&#038;p=3437"},"modified":"2024-11-05T10:39:50","modified_gmt":"2024-11-05T10:39:50","slug":"disposable-hf-uhf-rfid-nfc-wristband-for-event-ticket","status":"publish","type":"product","link":"https:\/\/nfc-readers.com\/es\/ic-reader\/disposable-hf-uhf-rfid-nfc-wristband-for-event-ticket\/","title":{"rendered":"Pulsera NFC RFID HF desechable para entradas de eventos"},"content":{"rendered":"<h1 style=\"text-align: center;\"><strong>Pulsera NFC RFID HF desechable para entradas de eventos<\/strong><\/h1>\n<p>&nbsp;<\/p>\n<p>En el mundo acelerado de hoy, los organizadores de eventos deben mantenerse al d\u00eda con las \u00faltimas tecnolog\u00edas para brindar una experiencia inolvidable a sus asistentes. Una de las formas m\u00e1s efectivas de lograrlo es a trav\u00e9s de <strong>Pulseras NFC RFID HF desechables<\/strong>Estas innovadoras pulseras revolucionan la forma de gestionar los eventos, ya que mejoran la seguridad, simplifican el control de acceso y promueven los pagos sin efectivo. Ya sea para festivales de m\u00fasica, parques acu\u00e1ticos o eventos corporativos, estas pulseras garantizan una experiencia perfecta tanto para los invitados como para los organizadores.<\/p>\n<p>&nbsp;<\/p>\n<h3><strong>\u00bfPor qu\u00e9 elegir pulseras RFID\/NFC desechables?<\/strong><\/h3>\n<p>El\u00a0<strong>Pulsera NFC RFID HF desechable<\/strong>\u00a0Est\u00e1 dise\u00f1ada espec\u00edficamente para eventos y combina comodidad con tecnolog\u00eda de vanguardia. Aqu\u00ed le explicamos por qu\u00e9 invertir en estas pulseras vale cada centavo:<\/p>\n<ol>\n<li><strong>Seguridad mejorada:<\/strong>\u00a0Las pulseras utilizan tecnolog\u00eda RFID para ofrecer soluciones de entrada seguras, lo que reduce significativamente el riesgo de acceso no autorizado. El material y el dise\u00f1o duraderos garantizan que sean a prueba de manipulaciones.<\/li>\n<li><strong>Soluciones sin efectivo:<\/strong>\u00a0Ante la creciente preferencia de los consumidores por los pagos sin efectivo, estas pulseras se pueden integrar con sistemas de procesamiento de pagos, lo que permite a los asistentes realizar compras de forma r\u00e1pida y sencilla. Esto agiliza el flujo de comercio durante los eventos y mejora la experiencia de los asistentes.<\/li>\n<li><strong>Conveniencia y facilidad de uso:<\/strong>\u00a0Los asistentes pueden simplemente escanear sus pulseras para ingresar y realizar compras, reduciendo los tiempos de espera y haciendo su experiencia m\u00e1s agradable.<\/li>\n<li><strong>Personalizaci\u00f3n:<\/strong>\u00a0Las marcas tienen la opci\u00f3n de personalizar cada pulsera con logotipos, detalles de eventos y c\u00f3digos QR, lo que permite una marca y un marketing efectivos.<\/li>\n<li><strong>Rentable:<\/strong>\u00a0Al ser una opci\u00f3n desechable, estas pulseras brindan una opci\u00f3n econ\u00f3mica sin comprometer la calidad ni la seguridad.<\/li>\n<\/ol>\n<p>Ahora, profundicemos en las caracter\u00edsticas de nuestro\u00a0<strong>Pulsera NFC RFID HF desechable para entradas de eventos<\/strong>.<\/p>\n<p>&nbsp;<\/p>\n<h3><strong>Especificaciones t\u00e9cnicas<\/strong><\/h3>\n<table class=\"w-fit !mb-0 !max-w-none\">\n<thead>\n<tr>\n<th>Caracter\u00edstica<\/th>\n<th>Especificaci\u00f3n<\/th>\n<\/tr>\n<\/thead>\n<tbody>\n<tr>\n<td>Nombre de la marca<\/td>\n<td>SXNFC<\/td>\n<\/tr>\n<tr>\n<td>Lugar de origen<\/td>\n<td>Guangdong, China<\/td>\n<\/tr>\n<tr>\n<td>Frecuencia<\/td>\n<td>13,56 MHz<\/td>\n<\/tr>\n<tr>\n<td>Protocolo<\/td>\n<td>ISO14443A<\/td>\n<\/tr>\n<tr>\n<td>Tipo de chip<\/td>\n<td>Chip NFC\/HF<\/td>\n<\/tr>\n<tr>\n<td>Uso<\/td>\n<td>Venta de entradas para eventos, control de acceso, pago sin efectivo<\/td>\n<\/tr>\n<tr>\n<td>Material<\/td>\n<td>Papel Dupont<\/td>\n<\/tr>\n<tr>\n<td>Tama\u00f1o<\/td>\n<td>250*19,5 mm<\/td>\n<\/tr>\n<tr>\n<td>Impresi\u00f3n<\/td>\n<td>Impresi\u00f3n offset a todo color<\/td>\n<\/tr>\n<\/tbody>\n<\/table>\n<p>&nbsp;<\/p>\n<h3><strong>Preguntas frecuentes (FAQ)<\/strong><\/h3>\n<p><strong>P1: \u00bfC\u00f3mo personalizo las pulseras?<\/strong><br \/>\nR: Se pueden solicitar personalizaciones durante el proceso de pedido. Puede especificar su dise\u00f1o, logotipo, c\u00f3digos QR o n\u00fameros de serie.<\/p>\n<p><strong>P2: \u00bfLas pulseras son impermeables?<\/strong><br \/>\nA: S\u00ed, el\u00a0<strong>Papel Dupont<\/strong>\u00a0El material utilizado en la fabricaci\u00f3n es resistente al agua, lo que garantiza que soporten diversas condiciones del evento.<\/p>\n<p><strong>P3: \u00bfSe pueden reutilizar las pulseras?<\/strong><br \/>\nR: Estas pulseras est\u00e1n dise\u00f1adas para un solo uso; garantizan la m\u00e1xima seguridad y capacidad a prueba de manipulaciones durante todo el evento.<\/p>\n<p>&nbsp;<\/p>\n<h3><strong>Reduciendo los residuos: soluciones responsables con el medio ambiente<\/strong><\/h3>\n<p>En nuestra b\u00fasqueda de soluciones innovadoras, tambi\u00e9n somos conscientes de nuestro impacto ambiental.\u00a0<strong>Pulsera RFID NFC HF UHF desechable<\/strong>\u00a0apoya la sostenibilidad ecol\u00f3gica de las siguientes maneras:<\/p>\n<ul>\n<li><strong>Dise\u00f1o de un solo uso:<\/strong>\u00a0Como un\u00a0<strong>pulsera de un solo uso<\/strong>, elimina la necesidad de procesos de retorno y lavado, lo que ahorra recursos y energ\u00eda.<\/li>\n<li><strong>Consideraci\u00f3n material:<\/strong>\u00a0Usando\u00a0<strong>Papel Dupont<\/strong>, conocido por ser reciclable, contribuye a reducir la huella de carbono general asociada con los suministros para eventos.<\/li>\n<\/ul>","protected":false},"excerpt":{"rendered":"<p>La pulsera desechable HF RFID NFC para entradas de eventos ofrece una forma segura y eficiente de gestionar el control de acceso en cualquier evento. Su dise\u00f1o personalizable garantiza una experiencia perfecta para los asistentes, al tiempo que permite pagos sin efectivo y medidas de seguridad mejoradas.<\/p>","protected":false},"featured_media":3438,"template":"","meta":[],"product_brand":[],"product_cat":[50],"product_tag":[],"class_list":{"0":"post-3437","1":"product","2":"type-product","3":"status-publish","4":"has-post-thumbnail","6":"product_cat-silicone-rfid-nfc-wristbands","8":"first","9":"instock","10":"shipping-taxable","11":"product-type-simple"},"_links":{"self":[{"href":"https:\/\/nfc-readers.com\/es\/wp-json\/wp\/v2\/product\/3437","targetHints":{"allow":["GET"]}}],"collection":[{"href":"https:\/\/nfc-readers.com\/es\/wp-json\/wp\/v2\/product"}],"about":[{"href":"https:\/\/nfc-readers.com\/es\/wp-json\/wp\/v2\/types\/product"}],"wp:featuredmedia":[{"embeddable":true,"href":"https:\/\/nfc-readers.com\/es\/wp-json\/wp\/v2\/media\/3438"}],"wp:attachment":[{"href":"https:\/\/nfc-readers.com\/es\/wp-json\/wp\/v2\/media?parent=3437"}],"wp:term":[{"taxonomy":"product_brand","embeddable":true,"href":"https:\/\/nfc-readers.com\/es\/wp-json\/wp\/v2\/product_brand?post=3437"},{"taxonomy":"product_cat","embeddable":true,"href":"https:\/\/nfc-readers.com\/es\/wp-json\/wp\/v2\/product_cat?post=3437"},{"taxonomy":"product_tag","embeddable":true,"href":"https:\/\/nfc-readers.com\/es\/wp-json\/wp\/v2\/product_tag?post=3437"}],"curies":[{"name":"wp","href":"https:\/\/api.w.org\/{rel}","templated":true}]}}