{"id":3444,"date":"2024-11-03T06:44:10","date_gmt":"2024-11-03T06:44:10","guid":{"rendered":"https:\/\/nfc-readers.com\/?post_type=product&#038;p=3444"},"modified":"2024-11-04T08:51:14","modified_gmt":"2024-11-04T08:51:14","slug":"custom-fm1208-8k-memory-smart-campus-card","status":"publish","type":"product","link":"https:\/\/nfc-readers.com\/es\/ic-reader\/custom-fm1208-8k-memory-smart-campus-card\/","title":{"rendered":"Tarjeta inteligente para campus con memoria FM1208 8k personalizada"},"content":{"rendered":"<h1><span style=\"color: #000080;\"><strong>Tarjeta inteligente para campus con memoria FM1208 8k personalizada<\/strong><\/span><\/h1>\n<p><span style=\"color: #666699;\">El futuro de las soluciones de control de acceso En un mundo cada vez m\u00e1s digital, el control de acceso sin interrupciones es m\u00e1s importante que nunca. <strong>Tarjeta de memoria inteligente FM12088K personalizada para campus<\/strong>\u00a0Est\u00e1 dise\u00f1ada para instituciones modernas que buscan formas seguras y eficientes de gestionar el acceso, la identificaci\u00f3n y las transacciones en el campus. Con memoria de 8K, capacidades de comunicaci\u00f3n RFID y NFC y un dise\u00f1o robusto, esta tarjeta se destaca como una soluci\u00f3n esencial para instituciones educativas, empresas y organizaciones. Este producto ofrece numerosos beneficios que lo convierten en una inversi\u00f3n valiosa para cualquier entidad enfocada en mejorar la seguridad y optimizar las operaciones.<\/span><\/p>\n<p>&nbsp;<\/p>\n<h2 style=\"text-align: center;\"><em><strong><span style=\"color: #000080;\">\u00bfPor qu\u00e9 elegir la tarjeta de memoria inteligente para campus FM12088K personalizada?<\/span><\/strong><\/em><\/h2>\n<p>La tarjeta de memoria inteligente FM12088K personalizada para campus es m\u00e1s que un simple trozo de pl\u00e1stico: es una herramienta innovadora que integra tecnolog\u00eda avanzada con aplicaciones pr\u00e1cticas. Entre sus principales ventajas se incluyen:<\/p>\n<ul>\n<li><strong>Mayor seguridad<\/strong>:Con avanzado\u00a0<strong>Desfire de Mifare<\/strong>\u00a0capacidades y\u00a0<strong>autenticaci\u00f3n mutua<\/strong>, su sistema de control de acceso se vuelve significativamente m\u00e1s seguro.<\/li>\n<li><strong>Experiencia de usuario mejorada<\/strong>:Dise\u00f1ada para una f\u00e1cil operaci\u00f3n, la tarjeta\u00a0<strong>dise\u00f1o sin contacto<\/strong>\u00a0permite un acceso r\u00e1pido y conveniente, ideal para entornos de campus concurridos.<\/li>\n<li><strong>Aplicaciones vers\u00e1tiles<\/strong>:No se limitan al control de acceso, estas tarjetas tambi\u00e9n se pueden utilizar para transacciones financieras, emisi\u00f3n de boletos y programas de fidelizaci\u00f3n.<\/li>\n<li><strong>Durabilidad y longevidad<\/strong>:Hecho de\u00a0<strong>CLORURO DE POLIVINILO<\/strong>Estas tarjetas son\u00a0<strong>impermeable\/resistente a la intemperie<\/strong>, asegurando longevidad incluso en condiciones ambientales dif\u00edciles.<\/li>\n<\/ul>\n<hr \/>\n<h2><\/h2>\n<h2 style=\"text-align: center;\"><span style=\"color: #000080;\"><em><strong>Evoluci\u00f3n de la tecnolog\u00eda Mifare<\/strong><\/em><\/span><\/h2>\n<p><span style=\"color: #008080;\">La tecnolog\u00eda Mifare ha evolucionado a lo largo de los a\u00f1os, pasando del original <strong>Mifare Cl\u00e1sico<\/strong>\u00a0familia a iteraciones avanzadas como la\u00a0<strong>Desfire de Mifare<\/strong>\u00a0serie. <\/span><\/p>\n<p><span style=\"color: #008080;\">Estos avances permiten mayores capacidades de memoria, mayores funciones de seguridad y diversas aplicaciones. El FM1208\u00a0<strong>Memoria 8K<\/strong>\u00a0reafirma sus capacidades para manejar transacciones de datos complejas de forma segura y eficaz.<\/span><\/p>\n<p>&nbsp;<\/p>\n<h2 style=\"text-align: center;\"><em><strong><span style=\"color: #000080;\">Atributos clave de las tarjetas inteligentes<\/span><\/strong><\/em><\/h2>\n<h3>Las tarjetas inteligentes como la FM1208 ofrecen varios atributos clave, entre ellos:<\/h3>\n<ul>\n<li><strong>Comunicaci\u00f3n sin contacto<\/strong>:Utilizando\u00a0<strong>RFID\/NFC<\/strong>\u00a0Tecnolog\u00eda, la tarjeta se puede escanear r\u00e1pidamente sin contacto f\u00edsico, proporcionando un acceso r\u00e1pido.<\/li>\n<li><strong>Alta seguridad<\/strong>: Con\u00a0<strong>claves de cifrado<\/strong>\u00a0y capacidades de autenticaci\u00f3n mutua, los usuarios pueden estar seguros de que sus credenciales est\u00e1n seguras.<\/li>\n<li><strong>Escalabilidad<\/strong>:El FM1208 se puede integrar f\u00e1cilmente en sistemas existentes o escalar para satisfacer las crecientes necesidades del campus, mejorando la eficiencia operativa general.<\/li>\n<\/ul>\n<hr \/>\n<h2><\/h2>\n<h2 style=\"text-align: center;\"><em><span style=\"color: #000080;\"><strong>Caracter\u00edsticas \u00fanicas<\/strong><\/span><\/em><\/h2>\n<p><span style=\"color: #666699;\">La tarjeta de campus inteligente FM1208 personalizada viene repleta de caracter\u00edsticas \u00fanicas dise\u00f1adas para el panorama tecnol\u00f3gico actual.<\/span><\/p>\n<h3><span style=\"color: #333399;\"><strong>Resistente al agua y a la intemperie<\/strong><\/span><\/h3>\n<p>Esta tarjeta inteligente est\u00e1 dise\u00f1ada para soportar condiciones adversas, lo que la hace adecuada tanto para aplicaciones interiores como exteriores.\u00a0<strong>CLORURO DE POLIVINILO<\/strong>\u00a0El material utilizado garantiza que permanezca intacto y completamente funcional bajo diferentes presiones ambientales.<\/p>\n<p>&nbsp;<\/p>\n<h3><span style=\"color: #333399;\"><strong>Compatibilidad con minietiquetas<\/strong><\/span><\/h3>\n<p>El FM1208 tambi\u00e9n puede funcionar como\u00a0<strong>mini etiqueta<\/strong>, lo que permite diversos escenarios de uso. Ya sea integrado en la ropa, las mochilas o las billeteras, ofrece flexibilidad tanto para los estudiantes como para el personal.<\/p>\n<hr \/>\n<h3><span style=\"color: #333399;\"><strong>Especificaciones t\u00e9cnicas<\/strong><\/span><\/h3>\n<p><strong>A continuaci\u00f3n, se muestra una descripci\u00f3n detallada de las especificaciones t\u00e9cnicas de la tarjeta de memoria inteligente para campus FM12088K personalizada:<\/strong><\/p>\n<div class=\"table-with-header rounded-lg border border-solid border-grey-line2-normal w-fit max-w-full mb-2\">\n<div class=\"overflow-x-auto custom-scrollbar custom-scrollbar-float max-w-full\">\n<table class=\"w-fit !mb-0 !max-w-none\">\n<thead>\n<tr>\n<th>Caracter\u00edstica<\/th>\n<th>Especificaci\u00f3n<\/th>\n<\/tr>\n<\/thead>\n<tbody>\n<tr>\n<td><strong>nombre del producto<\/strong><\/td>\n<td>Tarjeta RFID<\/td>\n<\/tr>\n<tr>\n<td><strong>Chip<\/strong><\/td>\n<td>FM1208<\/td>\n<\/tr>\n<tr>\n<td><strong>Memoria<\/strong><\/td>\n<td>8K<\/td>\n<\/tr>\n<tr>\n<td><strong>Material<\/strong><\/td>\n<td>CLORURO DE POLIVINILO<\/td>\n<\/tr>\n<tr>\n<td><strong>Tama\u00f1o<\/strong><\/td>\n<td>85,5 x 54 mm<\/td>\n<\/tr>\n<tr>\n<td><strong>Frecuencia<\/strong><\/td>\n<td>13,56 MHz<\/td>\n<\/tr>\n<tr>\n<td><strong>Distancia de lectura<\/strong><\/td>\n<td>1-10 cent\u00edmetros<\/td>\n<\/tr>\n<tr>\n<td><strong>MOQ (cantidad m\u00ednima de pedido)<\/strong><\/td>\n<td>500<\/td>\n<\/tr>\n<tr>\n<td><strong>Impresi\u00f3n<\/strong><\/td>\n<td>Impresi\u00f3n offset<\/td>\n<\/tr>\n<tr>\n<td><strong>Lugar de origen<\/strong><\/td>\n<td>Guangdong, China<\/td>\n<\/tr>\n<tr>\n<td><strong>Solicitud<\/strong><\/td>\n<td>Control de acceso, transacciones<\/td>\n<\/tr>\n<\/tbody>\n<\/table>\n<\/div>\n<\/div>\n<p><strong>Estas especificaciones muestran una tarjeta que enfatiza la seguridad, la durabilidad y la eficiencia.<\/strong><\/p>\n<hr \/>\n<h2><\/h2>\n<h2 style=\"text-align: center;\"><em><span style=\"color: #000080;\"><strong>Impacto ambiental y sostenibilidad<\/strong><\/span><\/em><\/h2>\n<p><span style=\"color: #666699;\">Reconociendo la huella ambiental de la tecnolog\u00eda, la tarjeta Custom FM1208 adopta un enfoque sustentable. Al estar construida a partir de\u00a0<strong>CLORURO DE POLIVINILO<\/strong>Ofrece durabilidad sin comprometer las preocupaciones ambientales. Pr\u00e1cticas sustentables: <strong>Reciclabilidad<\/strong>:Los materiales utilizados se pueden reciclar, lo que pone de relieve el compromiso con el cuidado del medio ambiente.<\/span><\/p>\n<ul>\n<li><strong>Larga vida \u00fatil<\/strong>:Con un dise\u00f1o duradero, la tarjeta reduce la necesidad de reemplazos frecuentes, lo que en \u00faltima instancia reduce el desperdicio.<\/li>\n<\/ul>\n<hr \/>\n<h2><\/h2>\n<h2 style=\"text-align: center;\"><em><span style=\"color: #000080;\"><strong>Aplicaciones en la educaci\u00f3n y m\u00e1s all\u00e1<\/strong><\/span><\/em><\/h2>\n<p><span style=\"color: #666699;\">La tarjeta de campus inteligente personalizada FM1208 sirve para diversas aplicaciones, especialmente en instituciones educativas, mejorando la experiencia general del campus.<\/span><\/p>\n<p>&nbsp;<\/p>\n<h2 style=\"text-align: center;\"><em><strong><span style=\"color: #000080;\">En instituciones educativas<\/span><\/strong><\/em><\/h2>\n<p style=\"text-align: left;\">1.\u00a0<strong>Control de acceso<\/strong>:Entrada segura a edificios, bibliotecas o laboratorios.<\/p>\n<ol start=\"2\">\n<li><strong>Identificaci\u00f3n del campus<\/strong>:Las tarjetas, que sirven como identificaci\u00f3n estudiantil, simplifican los procesos de identificaci\u00f3n.<\/li>\n<li><strong>Sistemas de pago<\/strong>:Integraci\u00f3n con cuentas escolares para transacciones sin efectivo en cafeter\u00edas y m\u00e1quinas expendedoras.<\/li>\n<\/ol>","protected":false},"excerpt":{"rendered":"<p>La tarjeta inteligente para campus con memoria FM12088K personalizada ofrece un control de acceso seguro y sin contacto, ideal para instituciones educativas y empresas. \u00a1Duradera y vers\u00e1til!<\/p>","protected":false},"featured_media":3449,"template":"","meta":[],"product_brand":[],"product_cat":[46],"product_tag":[],"class_list":{"0":"post-3444","1":"product","2":"type-product","3":"status-publish","4":"has-post-thumbnail","6":"product_cat-nfc-cards","8":"first","9":"instock","10":"shipping-taxable","11":"product-type-simple"},"_links":{"self":[{"href":"https:\/\/nfc-readers.com\/es\/wp-json\/wp\/v2\/product\/3444","targetHints":{"allow":["GET"]}}],"collection":[{"href":"https:\/\/nfc-readers.com\/es\/wp-json\/wp\/v2\/product"}],"about":[{"href":"https:\/\/nfc-readers.com\/es\/wp-json\/wp\/v2\/types\/product"}],"wp:featuredmedia":[{"embeddable":true,"href":"https:\/\/nfc-readers.com\/es\/wp-json\/wp\/v2\/media\/3449"}],"wp:attachment":[{"href":"https:\/\/nfc-readers.com\/es\/wp-json\/wp\/v2\/media?parent=3444"}],"wp:term":[{"taxonomy":"product_brand","embeddable":true,"href":"https:\/\/nfc-readers.com\/es\/wp-json\/wp\/v2\/product_brand?post=3444"},{"taxonomy":"product_cat","embeddable":true,"href":"https:\/\/nfc-readers.com\/es\/wp-json\/wp\/v2\/product_cat?post=3444"},{"taxonomy":"product_tag","embeddable":true,"href":"https:\/\/nfc-readers.com\/es\/wp-json\/wp\/v2\/product_tag?post=3444"}],"curies":[{"name":"wp","href":"https:\/\/api.w.org\/{rel}","templated":true}]}}