{"id":3451,"date":"2024-11-03T08:34:25","date_gmt":"2024-11-03T08:34:25","guid":{"rendered":"https:\/\/nfc-readers.com\/?post_type=product&#038;p=3451"},"modified":"2024-11-04T08:44:09","modified_gmt":"2024-11-04T08:44:09","slug":"google-review-ntag213-215-216-nfc-card","status":"publish","type":"product","link":"https:\/\/nfc-readers.com\/es\/ic-reader\/google-review-ntag213-215-216-nfc-card\/","title":{"rendered":"Rese\u00f1a de la tarjeta NFC NTAG213 215 216 para Google"},"content":{"rendered":"<h1><span style=\"color: #000080;\"><strong>Rese\u00f1a de la tarjeta NFC NTAG213 215 216 para Google <\/strong><\/span><\/h1>\n<p><span style=\"color: #666699;\">El futuro de las redes inteligentesEn un mundo cada vez m\u00e1s digital, mantenerse conectado es m\u00e1s importante que nunca. <strong>Rese\u00f1a de la tarjeta NFC NTAG213 215 216 para Google<\/strong> funciona como una soluci\u00f3n de red innovadora dise\u00f1ada para transformar la forma en que los profesionales comparten informaci\u00f3n de contacto. Esta tarjeta inteligente combina un dise\u00f1o elegante con tecnolog\u00eda de vanguardia, lo que permite a los usuarios compartir su informaci\u00f3n sin esfuerzo a trav\u00e9s de NFC (Near Field Communication) sin contacto y la funcionalidad de c\u00f3digo QR. Ya sea que necesite una tarjeta de presentaci\u00f3n que genere rese\u00f1as de cinco estrellas o una herramienta vers\u00e1til para el control de acceso, esta tarjeta NFC satisface todas sus necesidades.<\/span><\/p>\n<hr \/>\n<h2 style=\"text-align: center;\"><em><strong><span style=\"color: #000080;\">Beneficios del producto<\/span><\/strong><\/em><\/h2>\n<h2>Invertir en el\u00a0<strong>Tarjeta NFC NTAG213215216<\/strong>\u00a0ofrece numerosas ventajas:<\/h2>\n<ul>\n<li><strong>Redes sin fisuras<\/strong>:Con un simple toque, puedes compartir tus datos de contacto, perfiles de redes sociales y m\u00e1s, haciendo que la creaci\u00f3n de redes sea eficiente.<\/li>\n<li><strong>Opciones de personalizaci\u00f3n<\/strong>:Personalice su tarjeta con tama\u00f1os personalizados, impresiones e incluso su logotipo \u00fanico, garantizando as\u00ed una impresi\u00f3n memorable.<\/li>\n<li><strong>Durabilidad y confiabilidad<\/strong>:Dise\u00f1ado para soportar los elementos, el\u00a0<strong>impermeable<\/strong>\u00a0y\u00a0<strong>a prueba de la intemperie<\/strong>\u00a0Las caracter\u00edsticas protegen su informaci\u00f3n, garantizando que permanezca intacta a lo largo del tiempo.<\/li>\n<li><strong>Tecnolog\u00eda avanzada<\/strong>:Al utilizar los chips NTAG de NXP, estas tarjetas proporcionan una interfaz de comunicaci\u00f3n confiable ideal para diversas aplicaciones, desde la interacci\u00f3n inteligente con el consumidor hasta sistemas de control de acceso seguro.<\/li>\n<\/ul>\n<p>El\u00a0<strong>Rese\u00f1a de Google de la tarjeta NFC NTAG213215216<\/strong> No es solo una tarjeta de presentaci\u00f3n; es una herramienta multifac\u00e9tica que mejora su imagen profesional al tiempo que agiliza las interacciones.<\/p>\n<p>&nbsp;<\/p>\n<h2 style=\"text-align: center;\"><span style=\"color: #000080;\"><em><strong>Especificaciones t\u00e9cnicas<\/strong><\/em><\/span><\/h2>\n<p>A continuaci\u00f3n se muestran las especificaciones t\u00e9cnicas detalladas que definen la tarjeta NFC NTAG213 215 216 para Google Review:<\/p>\n<div class=\"table-with-header rounded-lg border border-solid border-grey-line2-normal w-fit max-w-full mb-2\">\n<div class=\"h-8 items-center flex justify-between px-2 text-xs border-0 border-b border-solid border-grey-line2-normal\">\n<div class=\"h-[26px] w-[26px] text-text-primary-3 cursor-pointer hover:text-text-primary-2 flex-center\"><\/div>\n<\/div>\n<div class=\"overflow-x-auto custom-scrollbar custom-scrollbar-float max-w-full\">\n<table class=\"w-fit !mb-0 !max-w-none\">\n<thead>\n<tr>\n<th><strong>Especificaci\u00f3n<\/strong><\/th>\n<th><strong>Valor<\/strong><\/th>\n<\/tr>\n<\/thead>\n<tbody>\n<tr>\n<td><strong>Material<\/strong><\/td>\n<td>Epoxi, PVC, papel o PET<\/td>\n<\/tr>\n<tr>\n<td><strong>Frecuencia<\/strong><\/td>\n<td>13,56 MHz<\/td>\n<\/tr>\n<tr>\n<td><strong>Tama\u00f1o<\/strong><\/td>\n<td>Tama\u00f1os personalizados disponibles<\/td>\n<\/tr>\n<tr>\n<td><strong>Espesor<\/strong><\/td>\n<td>Tama\u00f1os personalizados disponibles<\/td>\n<\/tr>\n<tr>\n<td><strong>Memoria<\/strong><\/td>\n<td>144.504, o 888 bytes<\/td>\n<\/tr>\n<tr>\n<td><strong>Opciones de chips<\/strong><\/td>\n<td>NTAG213, NTAG215, NTAG216<\/td>\n<\/tr>\n<tr>\n<td><strong>Tecnolog\u00eda de impresi\u00f3n<\/strong><\/td>\n<td>Impresi\u00f3n offset CMYK<\/td>\n<\/tr>\n<tr>\n<td><strong>Tipo<\/strong><\/td>\n<td>Foro NFC Tipo 2<\/td>\n<\/tr>\n<tr>\n<td><strong>Caracter\u00edsticas especiales<\/strong><\/td>\n<td>Impermeable, resistente a la intemperie<\/td>\n<\/tr>\n<\/tbody>\n<\/table>\n<\/div>\n<\/div>\n<p>Estas especificaciones ilustran la competencia t\u00e9cnica de la tarjeta NFC NTAG213 215 216 para Google Review, garantizando usabilidad y funcionalidad.<\/p>\n<p>&nbsp;<\/p>\n<h2 style=\"text-align: center;\"><em><span style=\"color: #000080;\"><strong>Esquema de caracter\u00edsticas y atributos<\/strong><\/span><\/em><\/h2>\n<h2 style=\"text-align: center;\"><strong>Atributos clave de la tarjeta NFC<\/strong><\/h2>\n<p>La tarjeta NFC NTAG213 215 216 para Google cuenta con varios atributos clave que la distinguen de las tarjetas convencionales. La frecuencia de funcionamiento de\u00a0<strong>13,56 MHz<\/strong>\u00a0garantiza una comunicaci\u00f3n r\u00e1pida, lo que permite que los dispositivos se conecten instant\u00e1neamente para una experiencia de usuario m\u00e1s fluida. Las opciones de chip disponibles incluyen NTAG213, NTAG215 o NTAG216, que satisfacen diversos requisitos de memoria.<\/p>\n<p>&nbsp;<\/p>\n<h2 style=\"text-align: center;\"><span style=\"color: #000080;\"><em><strong>Aplicaciones espec\u00edficas de la industria<\/strong><\/em><\/span><\/h2>\n<p>Esta tarjeta NFC no est\u00e1 dise\u00f1ada \u00fanicamente para redes empresariales. Su adaptabilidad permite su uso en diversas industrias, como:<\/p>\n<ul>\n<li><strong>Control de acceso<\/strong>:Integre perfectamente con sus sistemas de seguridad de oficina, brindando a los empleados entrada segura sin llaves f\u00edsicas.<\/li>\n<li><strong>Transporte p\u00fablico<\/strong>:Utilice tarjetas para la emisi\u00f3n de boletos, lo que permite realizar transacciones instant\u00e1neas y reducir los tiempos de espera.<\/li>\n<li><strong>Gesti\u00f3n de eventos<\/strong>: \u00daselo para el ingreso de asistentes a conferencias; toque para obtener acceso y reemplace los boletos de papel tradicionales.<\/li>\n<\/ul>\n<p>El <strong>Tarjeta NFC NTAG213215216<\/strong>\u00a0Se puede emplear en distintas aplicaciones, lo que demuestra su versatilidad como soluci\u00f3n de contacto inteligente.<\/p>\n<p>&nbsp;<\/p>\n<h3 style=\"text-align: center;\"><span style=\"color: #000080;\"><em><strong>Caracter\u00edsticas especiales de la tarjeta NFC<\/strong><\/em><\/span><\/h3>\n<p>El\u00a0<strong>impermeable<\/strong>\u00a0y\u00a0<strong>a prueba de la intemperie<\/strong>\u00a0Caracter\u00edsticas de la\u00a0<strong>Tarjeta NFC NTAG213215216<\/strong>\u00a0Garantiza la durabilidad, lo que la hace ideal para diversas condiciones. Olv\u00eddate de preocuparte por si queda expuesta accidentalmente a derrames o condiciones clim\u00e1ticas extremas; la integridad de tu tarjeta permanece intacta.<\/p>\n<p>Adem\u00e1s, la resistencia de escritura de la tarjeta es de hasta\u00a0<strong>100.000 veces<\/strong>\u00a0Permite m\u00faltiples usos sin comprometer la eficacia. Su capacidad de retener informaci\u00f3n durante largos per\u00edodos de uso garantiza que su herramienta de red siga funcionando durante a\u00f1os.<\/p>\n<p>&nbsp;<\/p>\n<h2 style=\"text-align: center;\"><span style=\"color: #000080;\"><em><strong>Interface de comunicaci\u00f3n<\/strong><\/em><\/span><\/h2>\n<h3><strong>Conectividad perfecta<\/strong><\/h3>\n<p>Equipado con una interfaz de comunicaci\u00f3n avanzada que utiliza\u00a0<strong>NFC<\/strong>La tarjeta NFC NTAG213 215 216 para Google garantiza conexiones casi instant\u00e1neas con dispositivos compatibles. Los usuarios pueden tocar la tarjeta con su tel\u00e9fono inteligente para recuperar la informaci\u00f3n de contacto al instante. El c\u00f3digo QR incluido ofrece una alternativa para quienes no tienen capacidades NFC, lo que garantiza que todos puedan acceder a su informaci\u00f3n sin problemas.<\/p>","protected":false},"excerpt":{"rendered":"<p>La tarjeta NFC NTAG213 215 216 para Google Review permite una conexi\u00f3n en red perfecta con dise\u00f1os personalizables, durabilidad a prueba de agua y tecnolog\u00eda NFC avanzada para conexiones r\u00e1pidas.<\/p>","protected":false},"featured_media":3471,"template":"","meta":[],"product_brand":[],"product_cat":[46],"product_tag":[],"class_list":{"0":"post-3451","1":"product","2":"type-product","3":"status-publish","4":"has-post-thumbnail","6":"product_cat-nfc-cards","8":"first","9":"instock","10":"shipping-taxable","11":"product-type-simple"},"_links":{"self":[{"href":"https:\/\/nfc-readers.com\/es\/wp-json\/wp\/v2\/product\/3451","targetHints":{"allow":["GET"]}}],"collection":[{"href":"https:\/\/nfc-readers.com\/es\/wp-json\/wp\/v2\/product"}],"about":[{"href":"https:\/\/nfc-readers.com\/es\/wp-json\/wp\/v2\/types\/product"}],"wp:featuredmedia":[{"embeddable":true,"href":"https:\/\/nfc-readers.com\/es\/wp-json\/wp\/v2\/media\/3471"}],"wp:attachment":[{"href":"https:\/\/nfc-readers.com\/es\/wp-json\/wp\/v2\/media?parent=3451"}],"wp:term":[{"taxonomy":"product_brand","embeddable":true,"href":"https:\/\/nfc-readers.com\/es\/wp-json\/wp\/v2\/product_brand?post=3451"},{"taxonomy":"product_cat","embeddable":true,"href":"https:\/\/nfc-readers.com\/es\/wp-json\/wp\/v2\/product_cat?post=3451"},{"taxonomy":"product_tag","embeddable":true,"href":"https:\/\/nfc-readers.com\/es\/wp-json\/wp\/v2\/product_tag?post=3451"}],"curies":[{"name":"wp","href":"https:\/\/api.w.org\/{rel}","templated":true}]}}