{"id":3460,"date":"2024-11-04T06:26:42","date_gmt":"2024-11-04T06:26:42","guid":{"rendered":"https:\/\/nfc-readers.com\/?post_type=product&#038;p=3460"},"modified":"2024-11-04T08:39:37","modified_gmt":"2024-11-04T08:39:37","slug":"custom-logo-printing-yelptripadvisor-review-nfc-card","status":"publish","type":"product","link":"https:\/\/nfc-readers.com\/es\/ic-reader\/custom-logo-printing-yelptripadvisor-review-nfc-card\/","title":{"rendered":"Tarjeta NFC con impresi\u00f3n de logotipos personalizados para rese\u00f1as de Yelp y TripAdvisor"},"content":{"rendered":"<h1><span style=\"color: #000080;\"><strong>Tarjeta NFC con impresi\u00f3n de logotipos personalizados para rese\u00f1as de Yelp y TripAdvisor<\/strong><\/span><\/h1>\n<p>&nbsp;<\/p>\n<p><span style=\"color: #666699;\">Beneficios de la impresi\u00f3n de logotipos personalizados Revisi\u00f3n de Yelp\/Tripadvisor Tarjetas NFCLa integraci\u00f3n de\u00a0<strong>Tecnolog\u00eda NFC<\/strong>\u00a0Las estrategias de interacci\u00f3n con el cliente pueden mejorar dr\u00e1sticamente la comodidad y recopilar comentarios valiosos de manera eficiente. Estas tarjetas pueden catalizar conversaciones, fomentar la interacci\u00f3n con el cliente y, posteriormente, mejorar su clasificaci\u00f3n en Yelp o TripAdvisor. Con caracter\u00edsticas como durabilidad a prueba de agua y a prueba de intemperie, estas tarjetas est\u00e1n dise\u00f1adas para una variedad de entornos, lo que las convierte en una valiosa incorporaci\u00f3n a su arsenal de marketing.<\/span><\/p>\n<hr \/>\n<h2><\/h2>\n<h2 style=\"text-align: center;\"><em><strong><span style=\"color: #000080;\">Descripci\u00f3n del producto<\/span><\/strong><\/em><\/h2>\n<h3><span style=\"color: #333399;\"><strong>1. \u00bfQu\u00e9 son las tarjetas NFC con logotipo personalizado?<\/strong><\/span><\/h3>\n<p>La tarjeta NFC con impresi\u00f3n de logotipo personalizado para rese\u00f1as de Yelp y TripAdvisor es una tarjeta inteligente que utiliza\u00a0<strong>NFC (comunicaci\u00f3n de campo cercano)<\/strong>\u00a0Tecnolog\u00eda que facilita las interacciones sin contacto. Con solo tocar la tarjeta con un tel\u00e9fono inteligente compatible, los clientes pueden acceder a un enlace que los lleva directamente a su p\u00e1gina de comentarios. Esto elimina la necesidad de ingresar comentarios manualmente, lo que agiliza el proceso de comentarios y mejora las tasas de respuesta generales.<\/p>\n<p>&nbsp;<\/p>\n<h3><span style=\"color: #333399;\"><strong>2. Caracter\u00edsticas principales de las tarjetas NFC<\/strong><\/span><\/h3>\n<p><strong>Atributos clave<\/strong>\u00a0Algunas de nuestras tarjetas NFC incluyen:<\/p>\n<ul>\n<li><strong>Frecuencia de operaci\u00f3n<\/strong>:13,56 MHz permite una comunicaci\u00f3n estable.<\/li>\n<li><strong>Distancia de lectura<\/strong>:Las tarjetas se pueden leer desde 2 a 10 cm, lo que garantiza la facilidad de uso.<\/li>\n<li><strong>Composici\u00f3n del material<\/strong>:Fabricado en PVC duradero, lo que garantiza su longevidad.<\/li>\n<li><strong>Impresi\u00f3n personalizada<\/strong>:Disponible con impresi\u00f3n CMYK4C, lo que permite una marca vibrante.<\/li>\n<\/ul>\n<p>&nbsp;<\/p>\n<h3><span style=\"color: #333399;\"><strong>3. Beneficios de utilizar tarjetas NFC para las rese\u00f1as de los clientes<\/strong><\/span><\/h3>\n<p>Las tarjetas NFC no solo son eficaces para atraer tr\u00e1fico a sus p\u00e1ginas de rese\u00f1as, sino que tambi\u00e9n mejoran la satisfacci\u00f3n del cliente. Al facilitarles a los clientes la posibilidad de enviar comentarios, usted recopila r\u00e1pidamente informaci\u00f3n sobre sus experiencias, lo que genera mejoras y demuestra su compromiso con el servicio al cliente.<\/p>\n<p>&nbsp;<\/p>\n<h2><span style=\"color: #333399;\"><strong>4. Especificaciones t\u00e9cnicas de las tarjetas NFC<\/strong><\/span><\/h2>\n<p>A continuaci\u00f3n se muestran los <strong>Especificaciones t\u00e9cnicas<\/strong> Rese\u00f1a de nuestra tarjeta NFC con impresi\u00f3n de logotipos personalizados para Yelp y TripAdvisor:<\/p>\n<div class=\"table-with-header rounded-lg border border-solid border-grey-line2-normal w-fit max-w-full mb-2\">\n<div class=\"overflow-x-auto custom-scrollbar custom-scrollbar-float max-w-full\">\n<table class=\"w-fit !mb-0 !max-w-none\">\n<thead>\n<tr>\n<th>Atributo<\/th>\n<th>Especificaci\u00f3n<\/th>\n<\/tr>\n<\/thead>\n<tbody>\n<tr>\n<td>Lugar de origen<\/td>\n<td>Guangdong, China<\/td>\n<\/tr>\n<tr>\n<td>Tipo de chip<\/td>\n<td>NFC213\/215\/216 (NTAG\u00ae)<\/td>\n<\/tr>\n<tr>\n<td>Tama\u00f1o de la memoria<\/td>\n<td>144\/504\/888 bytes<\/td>\n<\/tr>\n<tr>\n<td>Tama\u00f1o<\/td>\n<td>85,5 x 54 mm\/personalizado<\/td>\n<\/tr>\n<tr>\n<td>Interface de comunicaci\u00f3n<\/td>\n<td>RFID, NFC<\/td>\n<\/tr>\n<tr>\n<td>Impresi\u00f3n<\/td>\n<td>Impresi\u00f3n offset CMYK<\/td>\n<\/tr>\n<tr>\n<td>Cantidad m\u00ednima de pedido (MOQ)<\/td>\n<td>500<\/td>\n<\/tr>\n<tr>\n<td>Caracter\u00edsticas especiales<\/td>\n<td>Impermeable \/ Resistente a la intemperie, MINI TAG<\/td>\n<\/tr>\n<\/tbody>\n<\/table>\n<\/div>\n<\/div>\n<h3><strong><span style=\"color: #333399;\">5. Puntos de venta \u00fanicos: <\/span><\/strong><\/h3>\n<h3><strong>Resistente al agua y a la intemperie<\/strong><\/h3>\n<p>Una de las principales preocupaciones de los materiales promocionales f\u00edsicos es la durabilidad. Nuestras tarjetas NFC vienen con <strong>Resistente al agua y a la intemperie<\/strong>\u00a0Cualidades que garantizan su supervivencia en diversas condiciones, ya sea en interiores o exteriores. Esta caracter\u00edstica especial los hace adecuados para cualquier campa\u00f1a de marketing, ya sea en un restaurante, una tienda minorista o eventos al aire libre.<\/p>\n<p>&nbsp;<\/p>\n<h2 style=\"text-align: center;\"><em><span style=\"color: #000080;\"><strong>C\u00f3mo utilizar tarjetas NFC con logotipo personalizado<\/strong><\/span><\/em><\/h2>\n<p>El uso de las tarjetas NFC es sencillo:<\/p>\n<ol>\n<li>Distribuya las tarjetas a los clientes, asegur\u00e1ndose de que comprendan su prop\u00f3sito.<\/li>\n<li>Los clientes acercan su dispositivo m\u00f3vil a la tarjeta.<\/li>\n<li>El dispositivo se vincula a su p\u00e1gina de comentarios en plataformas como Yelp o TripAdvisor.<\/li>\n<li>An\u00edmelos a dejar una rese\u00f1a para que la vean otros clientes.<\/li>\n<\/ol>\n<p>&nbsp;<\/p>\n<h2 style=\"text-align: center;\"><em><span style=\"color: #000080;\"><strong>Dise\u00f1o de la tarjeta NFC con logotipo personalizado perfecto<\/strong><\/span><\/em><\/h2>\n<p>El dise\u00f1o de tu <strong>Tarjeta de revisi\u00f3n<\/strong>\u00a0Es fundamental para atraer la atenci\u00f3n. Incorpore los colores de su marca, su logotipo y una clara llamada a la acci\u00f3n. La impresi\u00f3n CMYK de alta calidad garantiza que su dise\u00f1o no solo sea llamativo, sino que tambi\u00e9n refleje el esp\u00edritu de su marca, lo que har\u00e1 que sus clientes se sientan entusiasmados por interactuar con sus tarjetas.<\/p>\n<p>&nbsp;<\/p>\n<h2 style=\"text-align: center;\"><em><span style=\"color: #000080;\"><strong>Impacto ambiental de las tarjetas NFC<\/strong><\/span><\/em><\/h2>\n<p>En un mundo que cambia r\u00e1pidamente, la sostenibilidad es clave. Nuestras tarjetas NFC est\u00e1n hechas de materiales de PVC ecol\u00f3gicos, lo que reduce la huella ambiental asociada con los m\u00e9todos tradicionales de recopilaci\u00f3n de rese\u00f1as. La transici\u00f3n a soluciones digitales como <strong>Tecnolog\u00eda NFC<\/strong>\u00a0Contribuye a un modelo de negocio m\u00e1s sostenible.<\/p>\n<p>&nbsp;<\/p>\n<h2 style=\"text-align: center;\"><em><span style=\"color: #000080;\"><strong>Rese\u00f1as de clientes<\/strong><\/span><\/em><\/h2>\n<p>Comentarios reales de los usuariosClientes que ya se han integrado <strong>Tarjetas NFC<\/strong>\u00a0Los que han ingresado a sus empresas han registrado aumentos significativos en los niveles de interacci\u00f3n y la calidad de los comentarios. A continuaci\u00f3n, se muestran algunos testimonios:<\/p>\n<ul>\n<li><span style=\"color: #008080;\"><strong>\u201cLas tarjetas NFC han hecho que la recopilaci\u00f3n de rese\u00f1as sea mucho m\u00e1s sencilla. \u00a1A nuestros clientes les encanta lo r\u00e1pido y sencillo que es!\u201d<\/strong><\/span> \u2013 Emily R.<\/li>\n<li><span style=\"color: #666699;\"><strong>\u201cHemos notado un aumento en los comentarios despu\u00e9s de que comenzamos a usar tarjetas NFC. Ha sido fant\u00e1stico para nuestra reputaci\u00f3n en l\u00ednea\u201d.<\/strong><\/span> \u2013 Mike T.<\/li>\n<\/ul>","protected":false},"excerpt":{"rendered":"<p>Las tarjetas NFC con logotipo personalizado mejoran la participaci\u00f3n del cliente al permitir el env\u00edo de rese\u00f1as de forma sencilla y sin contacto, lo que aumenta la reputaci\u00f3n en l\u00ednea con durabilidad a prueba de agua.<\/p>","protected":false},"featured_media":3462,"template":"","meta":[],"product_brand":[],"product_cat":[46],"product_tag":[],"class_list":{"0":"post-3460","1":"product","2":"type-product","3":"status-publish","4":"has-post-thumbnail","6":"product_cat-nfc-cards","8":"first","9":"instock","10":"shipping-taxable","11":"product-type-simple"},"_links":{"self":[{"href":"https:\/\/nfc-readers.com\/es\/wp-json\/wp\/v2\/product\/3460","targetHints":{"allow":["GET"]}}],"collection":[{"href":"https:\/\/nfc-readers.com\/es\/wp-json\/wp\/v2\/product"}],"about":[{"href":"https:\/\/nfc-readers.com\/es\/wp-json\/wp\/v2\/types\/product"}],"wp:featuredmedia":[{"embeddable":true,"href":"https:\/\/nfc-readers.com\/es\/wp-json\/wp\/v2\/media\/3462"}],"wp:attachment":[{"href":"https:\/\/nfc-readers.com\/es\/wp-json\/wp\/v2\/media?parent=3460"}],"wp:term":[{"taxonomy":"product_brand","embeddable":true,"href":"https:\/\/nfc-readers.com\/es\/wp-json\/wp\/v2\/product_brand?post=3460"},{"taxonomy":"product_cat","embeddable":true,"href":"https:\/\/nfc-readers.com\/es\/wp-json\/wp\/v2\/product_cat?post=3460"},{"taxonomy":"product_tag","embeddable":true,"href":"https:\/\/nfc-readers.com\/es\/wp-json\/wp\/v2\/product_tag?post=3460"}],"curies":[{"name":"wp","href":"https:\/\/api.w.org\/{rel}","templated":true}]}}