{"id":3499,"date":"2024-11-04T07:44:11","date_gmt":"2024-11-04T07:44:11","guid":{"rendered":"https:\/\/nfc-readers.com\/?post_type=product&#038;p=3499"},"modified":"2024-11-04T08:27:35","modified_gmt":"2024-11-04T08:27:35","slug":"mifare-1k-4k-s50-membership-loyalty-colorful-hotel-key-card","status":"publish","type":"product","link":"https:\/\/nfc-readers.com\/es\/ic-reader\/mifare-1k-4k-s50-membership-loyalty-colorful-hotel-key-card\/","title":{"rendered":"Tarjeta de hotel colorida con llave de fidelidad y membres\u00eda Mifare 1k 4k S50"},"content":{"rendered":"<h1><span style=\"color: #000080;\"><strong>Tarjeta de hotel colorida con llave de fidelidad y membres\u00eda Mifare 1k 4k S50<\/strong><\/span><\/h1>\n<p><span style=\"color: #666699;\">En una era de digitalizaci\u00f3n, no se puede subestimar la importancia de un control de acceso eficiente y de la interacci\u00f3n con el cliente. <strong>Tarjeta de hotel colorida con llave de fidelidad para membres\u00eda Mifare1k4k S50<\/strong>\u00a0Se destaca como un producto esencial en los sectores de la hospitalidad y la membres\u00eda. Estas tarjetas vers\u00e1tiles integran perfectamente la tecnolog\u00eda RFID para un acceso seguro y mejoran las experiencias de los hu\u00e9spedes a trav\u00e9s de programas de fidelizaci\u00f3n. Este art\u00edculo explora las atractivas caracter\u00edsticas, beneficios y aplicaciones de la tarjeta Mifare S50.<\/span><\/p>\n<p>&nbsp;<\/p>\n<h2 style=\"text-align: center;\"><em><span style=\"color: #000080;\"><strong>\u00bfPor qu\u00e9 invertir en tarjetas de hotel coloridas para fidelizaci\u00f3n de miembros Mifare1k4k S50?<\/strong><\/span><\/em><\/h2>\n<p><span style=\"color: #333333;\"><strong>Invertir en tarjetas de fidelizaci\u00f3n de miembros Mifare ofrece a las empresas <span style=\"color: #333399;\">Una oportunidad \u00fanica para mejorar la experiencia y la seguridad del cliente<\/span>Con caracter\u00edsticas dise\u00f1adas espec\u00edficamente para el sector hotelero, estas tarjetas agilizan los procesos de registro de los hu\u00e9spedes y facilitan las interacciones personalizadas con los clientes. Tanto si se trata de un hotel que gestiona habitaciones como de una empresa que busca soluciones de fidelizaci\u00f3n, estas tarjetas garantizan fiabilidad y seguridad.<\/strong><\/span><\/p>\n<p><span style=\"color: #333333;\"><strong><span style=\"color: #333399;\">Los colores vibrantes y los dise\u00f1os personalizables.<\/span> Las tarjetas de membres\u00eda Mifare no solo son funcionales, sino tambi\u00e9n visualmente atractivas para los hu\u00e9spedes. Sirven como herramienta de identificaci\u00f3n y de marketing, ya que los hoteles pueden incluir elementos de marca que mejoran el reconocimiento y el recuerdo de los hu\u00e9spedes.<\/strong><\/span><\/p>\n<p>&nbsp;<\/p>\n<p>&nbsp;<\/p>\n<h2 style=\"text-align: center;\"><em><span style=\"color: #000080;\"><strong>Descripci\u00f3n del producto<\/strong><\/span><\/em><\/h2>\n<h3><strong><span style=\"color: #333399;\">1. Caracter\u00edsticas principales de las tarjetas Mifare<\/span><\/strong><\/h3>\n<h4>El <strong>Mifare1k4k S50<\/strong>\u00a0Las tarjetas clave est\u00e1n dise\u00f1adas para mejorar la experiencia del usuario a trav\u00e9s de varios atributos clave:<\/h4>\n<h4><span style=\"color: #008080;\"><strong>Durabilidad y versatilidad<\/strong><\/span><\/h4>\n<h4>Construido a partir de\u00a0<strong>PVC\/PET<\/strong>Estas tarjetas no solo son impermeables, sino tambi\u00e9n resistentes a la intemperie, lo que garantiza su longevidad en diversas condiciones ambientales. Ya sea que se utilicen en interiores o exteriores, su durabilidad garantiza un uso prolongado.<\/h4>\n<h4><span style=\"color: #008080;\"><strong>Tecnolog\u00eda de tarjeta inteligente<\/strong><\/span><\/h4>\n<h4>Estas tarjetas emplean\u00a0<strong>Tecnolog\u00eda RFID<\/strong>\u00a0operando a una frecuencia de\u00a0<strong>13,56 MHz<\/strong>, que permite realizar transacciones seguras y sin contacto. La integraci\u00f3n de la tecnolog\u00eda de chip de NXP garantiza la compatibilidad con los sistemas de control de acceso existentes, al tiempo que proporciona un alto rendimiento y confiabilidad.<\/h4>\n<p>&nbsp;<\/p>\n<h3><span style=\"color: #333399;\"><strong>2. Aplicaciones espec\u00edficas de la industria para tarjetas Mifare<\/strong><\/span><\/h3>\n<p>Las tarjetas Mifare se utilizan ampliamente en diferentes industrias, especialmente en la hosteler\u00eda para el control de acceso:<\/p>\n<h4><span style=\"color: #008080;\"><strong>Sector hotelero<\/strong><\/span><\/h4>\n<h4>Los hoteleros utilizan tarjetas Mifare para acceder a las habitaciones y realizar pagos. Los hu\u00e9spedes pueden ingresar f\u00e1cilmente a sus habitaciones con un simple toque de la tarjeta, eliminando la necesidad de las llaves tradicionales.<\/h4>\n<h4><span style=\"color: #008080;\"><strong>Programas de membres\u00eda y fidelizaci\u00f3n<\/strong><\/span><\/h4>\n<h4>Las empresas que implementan programas de fidelizaci\u00f3n pueden emitir tarjetas Mifare que acumulan puntos por las compras. Esto fomenta la repetici\u00f3n de compras y recompensa eficazmente a los clientes fieles.<\/h4>\n<p>&nbsp;<\/p>\n<h3><span style=\"color: #333399;\"><strong>3. Especificaciones t\u00e9cnicas <\/strong><\/span><\/h3>\n<p>La importancia de comprender los detalles t\u00e9cnicos es fundamental para que las empresas puedan tomar decisiones informadas. Estas son las especificaciones m\u00e1s destacadas de la tarjeta Mifare1k S50:<\/p>\n<div class=\"table-with-header rounded-lg border border-solid border-grey-line2-normal w-fit max-w-full mb-2\">\n<div class=\"overflow-x-auto custom-scrollbar custom-scrollbar-float max-w-full\">\n<table class=\"w-fit !mb-0 !max-w-none\">\n<thead>\n<tr>\n<th>Especificaci\u00f3n<\/th>\n<th>Detalles<\/th>\n<\/tr>\n<\/thead>\n<tbody>\n<tr>\n<td>Frecuencia<\/td>\n<td>13,56 MHz<\/td>\n<\/tr>\n<tr>\n<td>Opciones de memoria<\/td>\n<td>1k, 4k<\/td>\n<\/tr>\n<tr>\n<td>Material<\/td>\n<td>PVC\/PET<\/td>\n<\/tr>\n<tr>\n<td>Tama\u00f1o<\/td>\n<td>85,5 mm x 54 mm\/personalizado<\/td>\n<\/tr>\n<tr>\n<td>Chip<\/td>\n<td>MIFARE Classic1K<\/td>\n<\/tr>\n<tr>\n<td>Distancia de lectura<\/td>\n<td>2-10 cent\u00edmetros<\/td>\n<\/tr>\n<tr>\n<td>Artesan\u00eda<\/td>\n<td>C\u00f3digo l\u00e1ser, tinta UV, n\u00famero de serie<\/td>\n<\/tr>\n<\/tbody>\n<\/table>\n<p>&nbsp;<\/p>\n<\/div>\n<\/div>\n<h2 style=\"text-align: center;\"><em><span style=\"color: #000080;\"><strong>Impacto ambiental de las tarjetas Mifare<\/strong><\/span><\/em><\/h2>\n<p>El respeto al medio ambiente es cada vez m\u00e1s esencial en el mercado actual y las tarjetas Mifare se alinean con pr\u00e1cticas sostenibles.<\/p>\n<h3><strong><span style=\"color: #008080;\">Materiales sostenibles<\/span><\/strong><\/h3>\n<h4>Construido con conciencia ecol\u00f3gica\u00a0<strong>Materiales de PVC y PET<\/strong>Estas tarjetas minimizan el impacto ambiental. Al final de su ciclo de vida, se pueden reciclar, contribuyendo as\u00ed a un planeta m\u00e1s verde.<\/h4>\n<h3><span style=\"color: #008080;\"><strong>Reducci\u00f3n de la huella de carbono<\/strong><\/span><\/h3>\n<h4>Al facilitar el acceso sin contacto, las empresas pueden reducir su huella de carbono y disminuir la necesidad de sistemas de emisi\u00f3n de billetes en papel, promoviendo as\u00ed la sostenibilidad en todas sus operaciones.<\/h4>\n<p>&nbsp;<\/p>\n<p>&nbsp;<\/p>\n<h2 style=\"text-align: center;\"><em><span style=\"color: #000080;\"><strong>Preguntas frecuentes<\/strong><\/span><\/em><\/h2>\n<h4><span style=\"color: #008080;\"><strong>P1: \u00bfLas tarjetas Mifare son compatibles con los sistemas existentes?<\/strong><\/span><\/h4>\n<p><strong>A1:<\/strong>\u00a0S\u00ed, las tarjetas Mifare est\u00e1n dise\u00f1adas para ser compatibles con una amplia gama de lectores RFID y sistemas de control de acceso, especialmente aquellos que utilizan el est\u00e1ndar ISO\/IEC14443 Tipo A. Esta flexibilidad garantiza que las empresas puedan integrar f\u00e1cilmente las tarjetas Mifare en su infraestructura existente.<\/p>\n<p>&nbsp;<\/p>\n<h4><strong><span style=\"color: #008080;\">P2: \u00bfC\u00f3mo funciona la seguridad de las tarjetas Mifare?<\/span><\/strong><\/h4>\n<p><strong>A2:<\/strong>\u00a0Las tarjetas Mifare utilizan protocolos de autenticaci\u00f3n y cifrado mutuos para proteger la transferencia de datos entre la tarjeta y el lector. Esto garantiza que solo los dispositivos autorizados puedan acceder a la informaci\u00f3n almacenada en la tarjeta, lo que proporciona un alto nivel de seguridad para los datos confidenciales.<\/p>","protected":false},"excerpt":{"rendered":"<p>Descubra las coloridas tarjetas llave para hoteles Mifare1k4k S50 para un acceso seguro y programas de fidelizaci\u00f3n. \u00a1Mejore las experiencias de los hu\u00e9spedes con dise\u00f1os personalizables y duraderos!<\/p>","protected":false},"featured_media":3356,"template":"","meta":[],"product_brand":[],"product_cat":[46],"product_tag":[],"class_list":{"0":"post-3499","1":"product","2":"type-product","3":"status-publish","4":"has-post-thumbnail","6":"product_cat-nfc-cards","8":"first","9":"instock","10":"shipping-taxable","11":"product-type-simple"},"_links":{"self":[{"href":"https:\/\/nfc-readers.com\/es\/wp-json\/wp\/v2\/product\/3499","targetHints":{"allow":["GET"]}}],"collection":[{"href":"https:\/\/nfc-readers.com\/es\/wp-json\/wp\/v2\/product"}],"about":[{"href":"https:\/\/nfc-readers.com\/es\/wp-json\/wp\/v2\/types\/product"}],"wp:featuredmedia":[{"embeddable":true,"href":"https:\/\/nfc-readers.com\/es\/wp-json\/wp\/v2\/media\/3356"}],"wp:attachment":[{"href":"https:\/\/nfc-readers.com\/es\/wp-json\/wp\/v2\/media?parent=3499"}],"wp:term":[{"taxonomy":"product_brand","embeddable":true,"href":"https:\/\/nfc-readers.com\/es\/wp-json\/wp\/v2\/product_brand?post=3499"},{"taxonomy":"product_cat","embeddable":true,"href":"https:\/\/nfc-readers.com\/es\/wp-json\/wp\/v2\/product_cat?post=3499"},{"taxonomy":"product_tag","embeddable":true,"href":"https:\/\/nfc-readers.com\/es\/wp-json\/wp\/v2\/product_tag?post=3499"}],"curies":[{"name":"wp","href":"https:\/\/api.w.org\/{rel}","templated":true}]}}