{"id":3530,"date":"2024-11-06T09:00:03","date_gmt":"2024-11-06T09:00:03","guid":{"rendered":"https:\/\/nfc-readers.com\/?post_type=product&#038;p=3530"},"modified":"2024-11-06T09:00:03","modified_gmt":"2024-11-06T09:00:03","slug":"iso14443a-high-security-anti-fake-ntag-424-nfc-sticker","status":"publish","type":"product","link":"https:\/\/nfc-readers.com\/es\/ic-reader\/iso14443a-high-security-anti-fake-ntag-424-nfc-sticker\/","title":{"rendered":"Etiqueta adhesiva NFC NTAG 424 antifalsificaci\u00f3n de alta seguridad ISO14443A"},"content":{"rendered":"<h1 style=\"text-align: center;\"><strong>Etiqueta adhesiva NFC NTAG 424 antifalsificaci\u00f3n de alta seguridad ISO14443A<\/strong><\/h1>\n<p>&nbsp;<\/p>\n<p>El <strong>Etiqueta NFC NTAG 424 DNA<\/strong>\u00a0es una soluci\u00f3n de vanguardia dise\u00f1ada para mejorar las aplicaciones contra la falsificaci\u00f3n. Aprovechando el protocolo ISO 14443A y con funciones de seguridad avanzadas, esta etiqueta NFC es fundamental para las marcas que buscan proteger su propiedad intelectual y mejorar la confianza de los clientes. Con sus capacidades de alto rendimiento, dise\u00f1o f\u00e1cil de usar y aplicaciones vers\u00e1tiles, la etiqueta NFC NTAG 424 DNA no es solo un producto: es una puerta de entrada segura a un futuro m\u00e1s inteligente.<\/p>\n<p>&nbsp;<\/p>\n<h3>Introducci\u00f3n a la etiqueta NFC NTAG 424 DNA<\/h3>\n<p>El\u00a0<strong>Etiqueta NFC NTAG 424 DNA<\/strong>\u00a0representa la vanguardia de la tecnolog\u00eda NFC, centr\u00e1ndose en maximizar la seguridad para diversas aplicaciones, especialmente en el \u00e1mbito de la autenticaci\u00f3n de productos. Esta etiqueta NFC integra caracter\u00edsticas avanzadas del chip NTAG424 DNA, que es capaz de una comunicaci\u00f3n segura y ofrece una excelente protecci\u00f3n contra la falsificaci\u00f3n. Con dimensiones de\u00a0<strong>25 mm<\/strong>\u00a0di\u00e1metro y\u00a0<strong>45 mm x 30 mm<\/strong>\u00a0Para opciones rectangulares, este producto est\u00e1 dise\u00f1ado para marcas que valoran la eficacia sin comprometer la est\u00e9tica.<\/p>\n<p>&nbsp;<\/p>\n<h3>Caracter\u00edsticas principales de la etiqueta NFC NTAG 424<\/h3>\n<p>La etiqueta NFC NTAG 424 DNA cuenta con varias caracter\u00edsticas especiales dise\u00f1adas para mejorar la funcionalidad y la seguridad:<\/p>\n<ul>\n<li><strong>Cumplimiento del protocolo<\/strong>:La etiqueta opera en el\u00a0<strong>ISO 14443A<\/strong>\u00a0Protocolo que garantiza la compatibilidad con una amplia gama de dispositivos habilitados para NFC.<\/li>\n<li><strong>Alta frecuencia de comunicaci\u00f3n<\/strong>:Con una frecuencia de\u00a0<strong>13,56MHz<\/strong>Estas pegatinas proporcionan capacidades de comunicaci\u00f3n \u00f3ptimas para un intercambio de datos confiable.<\/li>\n<li><strong>Opciones personalizables<\/strong>:Los usuarios pueden elegir entre varios tama\u00f1os y opciones de impresi\u00f3n, incluidos\u00a0<strong>Impresi\u00f3n a todo color CMYK<\/strong>,\u00a0<strong>impresi\u00f3n offset<\/strong>, y\u00a0<strong>serigraf\u00eda<\/strong>, lo que permite oportunidades de marca \u00fanicas.<\/li>\n<\/ul>\n<p>El NTAG 424 DNA tambi\u00e9n admite comunicaci\u00f3n cifrada, lo que lo hace ideal para aplicaciones sensibles como sistemas de pago y autenticaci\u00f3n segura.<\/p>\n<p>&nbsp;<\/p>\n<h3>Beneficios de las etiquetas NFC para la protecci\u00f3n de la marca<\/h3>\n<p>Invertir en\u00a0<strong>Tecnolog\u00eda NFC<\/strong>\u00a0Por ejemplo, la etiqueta de ADN NTAG 424 ofrece numerosas ventajas:<\/p>\n<ul>\n<li><strong>Seguridad mejorada<\/strong>:Con sus caracter\u00edsticas de alta seguridad, la etiqueta NFC ofrece tranquilidad a las marcas de que sus productos est\u00e1n protegidos contra los falsificadores.<\/li>\n<li><strong>Mayor confianza del consumidor<\/strong>:Ofrecer a los consumidores una forma sencilla de verificar la autenticidad del producto a trav\u00e9s de su\u00a0<strong>Tel\u00e9fonos inteligentes con tecnolog\u00eda NFC<\/strong>\u00a0Puede mejorar la lealtad y la confianza en la marca.<\/li>\n<li><strong>Rentabilidad<\/strong>:En comparaci\u00f3n con las medidas de seguridad tradicionales, las etiquetas NFC suelen proporcionar una soluci\u00f3n m\u00e1s asequible para proteger los productos.<\/li>\n<\/ul>\n<p>&nbsp;<\/p>\n<h3>Especificaciones t\u00e9cnicas del NTAG 424 DNA<\/h3>\n<table class=\"w-fit !mb-0 !max-w-none\">\n<thead>\n<tr>\n<th>Especificaci\u00f3n<\/th>\n<th>Detalles<\/th>\n<\/tr>\n<\/thead>\n<tbody>\n<tr>\n<td><strong>Chip<\/strong><\/td>\n<td>ADN NTAG424<\/td>\n<\/tr>\n<tr>\n<td><strong>Frecuencia<\/strong><\/td>\n<td>13,56MHz<\/td>\n<\/tr>\n<tr>\n<td><strong>Interface de comunicaci\u00f3n<\/strong><\/td>\n<td>NFC, RFID<\/td>\n<\/tr>\n<tr>\n<td><strong>Distancia de lectura<\/strong><\/td>\n<td>1-10 cm<\/td>\n<\/tr>\n<tr>\n<td><strong>Material<\/strong><\/td>\n<td>Papel estucado, PET<\/td>\n<\/tr>\n<tr>\n<td><strong>Opciones de tama\u00f1o<\/strong><\/td>\n<td>Di\u00e1metro: 25 mm, Rectangular: 45 mm x 30 mm o personalizado<\/td>\n<\/tr>\n<tr>\n<td><strong>Tama\u00f1o del embalaje<\/strong><\/td>\n<td>0,3 x 0,3 x 0,02 cm<\/td>\n<\/tr>\n<tr>\n<td><strong>Peso bruto<\/strong><\/td>\n<td>0,001 kilogramos<\/td>\n<\/tr>\n<\/tbody>\n<\/table>\n<p>&nbsp;<\/p>\n<h3>Preguntas frecuentes (FAQ)<\/h3>\n<h4>1.\u00a0<strong>\u00bfQu\u00e9 es la etiqueta NFC NTAG 424 DNA y c\u00f3mo funciona?<\/strong><\/h4>\n<p>La etiqueta NFC NTAG 424 DNA es una etiqueta NFC de alta seguridad que permite a los usuarios autenticar productos mediante sus tel\u00e9fonos inteligentes habilitados para NFC. Funciona con el protocolo ISO 14443A a una frecuencia de 13,56 MHz, lo que permite una comunicaci\u00f3n segura y la transferencia de datos entre la etiqueta y los dispositivos compatibles.<\/p>\n<h4>2.\u00a0<strong>\u00bfCu\u00e1les son las caracter\u00edsticas clave del NTAG 424 DNA?<\/strong><\/h4>\n<p>Las caracter\u00edsticas principales incluyen:<\/p>\n<ul>\n<li>Autenticaci\u00f3n din\u00e1mica para mayor seguridad.<\/li>\n<li>Tecnolog\u00eda antimanipulaci\u00f3n para evitar acceso no autorizado.<\/li>\n<li>Tama\u00f1os personalizables y opciones de impresi\u00f3n para la marca.<\/li>\n<li>Distancia de lectura de 1-10 cm, adecuada para diversas aplicaciones.<\/li>\n<\/ul>\n<h4>3.\u00a0<strong>\u00bfC\u00f3mo puedo utilizar la etiqueta NFC NTAG 424 DNA?<\/strong><\/h4>\n<p>La etiqueta NFC se puede utilizar para:<\/p>\n<ul>\n<li>Autenticaci\u00f3n de producto para verificar la legitimidad de los art\u00edculos.<\/li>\n<li>Venta de entradas para eventos proporcionando un m\u00e9todo de acceso seguro y de f\u00e1cil lectura.<\/li>\n<li>Embalaje inteligente para mejorar la participaci\u00f3n del cliente a trav\u00e9s de informaci\u00f3n del producto y contenido promocional.<\/li>\n<\/ul>\n<h4>4.\u00a0<strong>\u00bfQu\u00e9 materiales se utilizan en la etiqueta NFC de ADN NTAG 424?<\/strong><\/h4>\n<p>La etiqueta NFC NTAG 424 DNA est\u00e1 hecha principalmente de papel recubierto y PET, lo que ofrece durabilidad y flexibilidad para diversas aplicaciones.<\/p>","protected":false},"excerpt":{"rendered":"<p>El\u00a0<strong>Etiqueta adhesiva NFC NTAG 424 antifalsificaci\u00f3n de alta seguridad ISO14443A<\/strong>\u00a0es una soluci\u00f3n de vanguardia dise\u00f1ada para la autenticaci\u00f3n segura de productos y medidas contra la falsificaci\u00f3n. Con funciones avanzadas de cifrado y autenticaci\u00f3n din\u00e1mica, esta etiqueta NFC permite a las marcas proteger sus productos y mejorar la confianza de los consumidores sin esfuerzo.<\/p>","protected":false},"featured_media":3531,"template":"","meta":[],"product_brand":[],"product_cat":[48],"product_tag":[],"class_list":{"0":"post-3530","1":"product","2":"type-product","3":"status-publish","4":"has-post-thumbnail","6":"product_cat-nfc-stickers","8":"first","9":"instock","10":"shipping-taxable","11":"product-type-simple"},"_links":{"self":[{"href":"https:\/\/nfc-readers.com\/es\/wp-json\/wp\/v2\/product\/3530","targetHints":{"allow":["GET"]}}],"collection":[{"href":"https:\/\/nfc-readers.com\/es\/wp-json\/wp\/v2\/product"}],"about":[{"href":"https:\/\/nfc-readers.com\/es\/wp-json\/wp\/v2\/types\/product"}],"wp:featuredmedia":[{"embeddable":true,"href":"https:\/\/nfc-readers.com\/es\/wp-json\/wp\/v2\/media\/3531"}],"wp:attachment":[{"href":"https:\/\/nfc-readers.com\/es\/wp-json\/wp\/v2\/media?parent=3530"}],"wp:term":[{"taxonomy":"product_brand","embeddable":true,"href":"https:\/\/nfc-readers.com\/es\/wp-json\/wp\/v2\/product_brand?post=3530"},{"taxonomy":"product_cat","embeddable":true,"href":"https:\/\/nfc-readers.com\/es\/wp-json\/wp\/v2\/product_cat?post=3530"},{"taxonomy":"product_tag","embeddable":true,"href":"https:\/\/nfc-readers.com\/es\/wp-json\/wp\/v2\/product_tag?post=3530"}],"curies":[{"name":"wp","href":"https:\/\/api.w.org\/{rel}","templated":true}]}}