{"id":3537,"date":"2024-11-06T10:55:59","date_gmt":"2024-11-06T10:55:59","guid":{"rendered":"https:\/\/nfc-readers.com\/?post_type=product&#038;p=3537"},"modified":"2024-11-06T10:56:00","modified_gmt":"2024-11-06T10:56:00","slug":"customize-replicable-uid-iso14443a-rfid-card-for-attendance","status":"publish","type":"product","link":"https:\/\/nfc-readers.com\/es\/ic-reader\/customize-replicable-uid-iso14443a-rfid-card-for-attendance\/","title":{"rendered":"Personalice la tarjeta RFID ISO14443A con UID replicable para asistencia"},"content":{"rendered":"<h1 style=\"text-align: center;\"><span style=\"color: #000080;\"><strong>Personalice la tarjeta RFID ISO14443A con UID replicable para asistencia<\/strong><\/span><\/h1>\n<p><span style=\"color: #666699;\"><strong>La tarjeta RFID UID ISO14443A replicable y personalizada para control de asistencia est\u00e1 revolucionando la forma en que las organizaciones gestionan la asistencia y el control de acceso. Dise\u00f1adas para brindar versatilidad y confiabilidad, estas tarjetas ofrecen una experiencia perfecta para realizar un seguimiento de la asistencia, mejorar la seguridad y simplificar el flujo de trabajo en diversas aplicaciones. Con caracter\u00edsticas s\u00f3lidas y un dise\u00f1o f\u00e1cil de usar, esta tarjeta RFID es un elemento indispensable para las empresas que buscan eficiencia y seguridad.<\/strong><\/span><\/p>\n<p><span style=\"color: #666699;\"><strong>Beneficios del producto y por qu\u00e9 deber\u00eda comprarlo: Seguimiento de asistencia sin inconvenientes: la tarjeta RFID UID ISO14443A agiliza el proceso de asistencia. Los usuarios pueden acercar r\u00e1pidamente sus tarjetas a un lector y registrar instant\u00e1neamente su presencia sin la molestia de los registros manuales.<\/strong><\/span><\/p>\n<ul>\n<li><strong>Opciones personalizables<\/strong>:Adapte el dise\u00f1o y la funcionalidad de estas tarjetas RFID a las necesidades espec\u00edficas de su organizaci\u00f3n. Ya sea para un entorno corporativo, escolar o de eventos, la personalizaci\u00f3n garantiza que cada tarjeta se adapte exclusivamente a su prop\u00f3sito.<\/li>\n<li><strong>Fiabilidad y durabilidad<\/strong>:Estas tarjetas, fabricadas con materiales de PVC\/PET de alta calidad, est\u00e1n dise\u00f1adas para soportar el uso diario. Sus caracter\u00edsticas de impermeabilidad y resistencia a la intemperie garantizan una larga vida \u00fatil y confiabilidad, esenciales para cualquier sistema de control de acceso.<\/li>\n<li><strong>Soluci\u00f3n rentable<\/strong>:Invertir en estas tarjetas RFID reduce el tiempo y los recursos que se gastan en sistemas de asistencia manuales. Adem\u00e1s, su bajo coste inicial y su alta durabilidad hacen que duren m\u00e1s que los sistemas tradicionales en papel.<\/li>\n<\/ul>\n<p>&nbsp;<\/p>\n<p>&nbsp;<\/p>\n<h2 style=\"text-align: center;\"><span style=\"color: #000080;\"><em><strong>Descripci\u00f3n general de los productos MIFARE<\/strong><\/em><\/span><\/h2>\n<p><strong>La tecnolog\u00eda MIFARE, desarrollada por NXP Semiconductors, es una soluci\u00f3n l\u00edder para tarjetas inteligentes sin contacto y aplicaciones RFID. <\/strong><\/p>\n<p><span style=\"color: #008080;\"><strong>La tarjeta inteligente MIFARE Classic1K, que se incluye en nuestras tarjetas UID personalizadas, se destaca especialmente por su confiabilidad en los sistemas de control de acceso e identificaci\u00f3n segura. Esta tarjeta inteligente funciona sin problemas con varios lectores, lo que la convierte en un est\u00e1ndar de la industria.<\/strong><\/span><\/p>\n<p>&nbsp;<\/p>\n<p>&nbsp;<\/p>\n<h2 style=\"text-align: center;\"><em><span style=\"color: #000080;\"><strong>Caracter\u00edsticas principales de la tarjeta RFID UID personalizada<\/strong><\/span><\/em><\/h2>\n<h4>El\u00a0<strong>Personalice la tarjeta RFID UID ISO14443A replicable para asistencia<\/strong>\u00a0Viene con caracter\u00edsticas de \u00faltima generaci\u00f3n:<\/h4>\n<ul>\n<li><strong>Resistente al agua y a la intemperie<\/strong>:Estas tarjetas pueden soportar entornos hostiles, lo que garantiza un rendimiento continuo.<\/li>\n<li><strong>F\u00e1cil personalizaci\u00f3n<\/strong>:Elija entre varias opciones de impresi\u00f3n como\u00a0<strong>Impresi\u00f3n CMYK4C<\/strong>, offset, serigraf\u00eda, codificaci\u00f3n l\u00e1ser y tinta UV, permitiendo a las organizaciones personalizar cada tarjeta de manera eficiente.<\/li>\n<li><strong>Interface de comunicaci\u00f3n<\/strong>:Las tarjetas utilizan tecnolog\u00eda RFID y NFC, lo que permite una comunicaci\u00f3n r\u00e1pida con los lectores a una frecuencia de 13,56 MHz.<\/li>\n<\/ul>\n<p>&nbsp;<\/p>\n<p>&nbsp;<\/p>\n<h2 style=\"text-align: center;\"><em><span style=\"color: #000080;\"><strong>Especificaciones t\u00e9cnicas<\/strong><\/span><\/em><\/h2>\n<p style=\"text-align: left;\">\n|\u00a0<strong>Modelo de chip<\/strong>\u00a0| MIFARE Cl\u00e1sico1K |<br \/>\n|\u00a0<strong>Distancia de lectura<\/strong> |2-10cm|<br \/>\n|\u00a0<strong>Tama\u00f1o<\/strong>\u00a0|85,5x54 mm |<br \/>\n|\u00a0<strong>Material<\/strong>\u00a0|PVC\/PET |<br \/>\n|\u00a0<strong>Caracter\u00edsticas especiales<\/strong>\u00a0|Impermeable, resistente a la intemperie |<br \/>\n|\u00a0<strong>Lugar de origen<\/strong>\u00a0| Guangdong, China |<br \/>\n|\u00a0<strong>Artesan\u00eda<\/strong>\u00a0| C\u00f3digo l\u00e1ser, tinta UV, n\u00famero de serie, relieve, impresi\u00f3n t\u00e9rmica |<br \/>\n|\u00a0<strong>Venta de unidades<\/strong>\u00a0|Art\u00edculo \u00fanico|<br \/>\n|\u00a0<strong>Tama\u00f1o del embalaje<\/strong>\u00a0|8,55 x 5,4 x 0,08 cm |<br \/>\n|\u00a0<strong>Peso<\/strong>\u00a0|0,006 kilos |<\/p>\n<p>&nbsp;<\/p>\n<p>&nbsp;<\/p>\n<h3 style=\"text-align: center;\"><span style=\"color: #000080;\"><em><strong>Aplicaciones de las tarjetas RFID<\/strong><\/em><\/span><\/h3>\n<h4>El\u00a0<strong>Personalice la tarjeta RFID UID ISO14443A replicable para asistencia<\/strong>\u00a0Se puede utilizar en diversos sectores, entre ellos:<\/h4>\n<ul>\n<li><strong>Control de acceso<\/strong>:Ideales para controlar el ingreso a \u00e1reas seguras, estas tarjetas garantizan que s\u00f3lo el personal autorizado pueda acceder.<\/li>\n<li><strong>Seguimiento de asistencia<\/strong>:Perfecto para escuelas y oficinas corporativas donde el registro de asistencia es esencial. La funci\u00f3n de toque r\u00e1pido reduce significativamente el tiempo dedicado a los registros manuales.<\/li>\n<li><strong>Transporte p\u00fablico<\/strong>:Mejorar la comodidad del usuario en los sistemas de tr\u00e1nsito al permitir un embarque r\u00e1pido a trav\u00e9s de tecnolog\u00eda sin contacto.<\/li>\n<\/ul>\n<p>&nbsp;<\/p>\n<p>&nbsp;<\/p>\n<h2 style=\"text-align: center;\"><span style=\"color: #000080;\"><em><strong>Impacto ambiental y sostenibilidad<\/strong><\/em><\/span><\/h2>\n<p><strong>La elecci\u00f3n de tarjetas RFID UID ISO14443A replicables y personalizadas contribuye a las pr\u00e1cticas sostenibles. Su durabilidad implica menos reemplazos y desperdicios, lo que minimiza el impacto ambiental asociado con las tarjetas de papel o pl\u00e1stico est\u00e1ndar.<\/strong><\/p>\n<p>&nbsp;<\/p>\n<p>&nbsp;<\/p>\n<h2 style=\"text-align: center;\"><em><span style=\"color: #000080;\"><strong>Rese\u00f1as y testimonios de clientes<\/strong><\/span><\/em><\/h2>\n<p><span style=\"color: #008080;\">\u201cEstas tarjetas RFID hicieron que el seguimiento de la asistencia en nuestra escuela fuera mucho m\u00e1s sencillo. Las opciones de personalizaci\u00f3n fueron una gran ventaja\u201d. \u2013 <em>Emily R., administradora escolar<\/em><\/span><\/p>\n<blockquote><p>\u201cSon muy fiables y duraderos. Los hemos estado utilizando en nuestro sistema de control de acceso durante meses sin ning\u00fan problema\u201d.<\/p><\/blockquote>","protected":false},"excerpt":{"rendered":"<p>Tarjeta RFID personalizable para seguimiento eficiente de asistencia y control de acceso seguro, con tecnolog\u00eda MIFARE Classic1K y material PVC\/PET duradero.<\/p>","protected":false},"featured_media":3357,"template":"","meta":[],"product_brand":[],"product_cat":[46],"product_tag":[],"class_list":{"0":"post-3537","1":"product","2":"type-product","3":"status-publish","4":"has-post-thumbnail","6":"product_cat-nfc-cards","8":"first","9":"instock","10":"shipping-taxable","11":"product-type-simple"},"_links":{"self":[{"href":"https:\/\/nfc-readers.com\/es\/wp-json\/wp\/v2\/product\/3537","targetHints":{"allow":["GET"]}}],"collection":[{"href":"https:\/\/nfc-readers.com\/es\/wp-json\/wp\/v2\/product"}],"about":[{"href":"https:\/\/nfc-readers.com\/es\/wp-json\/wp\/v2\/types\/product"}],"wp:featuredmedia":[{"embeddable":true,"href":"https:\/\/nfc-readers.com\/es\/wp-json\/wp\/v2\/media\/3357"}],"wp:attachment":[{"href":"https:\/\/nfc-readers.com\/es\/wp-json\/wp\/v2\/media?parent=3537"}],"wp:term":[{"taxonomy":"product_brand","embeddable":true,"href":"https:\/\/nfc-readers.com\/es\/wp-json\/wp\/v2\/product_brand?post=3537"},{"taxonomy":"product_cat","embeddable":true,"href":"https:\/\/nfc-readers.com\/es\/wp-json\/wp\/v2\/product_cat?post=3537"},{"taxonomy":"product_tag","embeddable":true,"href":"https:\/\/nfc-readers.com\/es\/wp-json\/wp\/v2\/product_tag?post=3537"}],"curies":[{"name":"wp","href":"https:\/\/api.w.org\/{rel}","templated":true}]}}