{"id":3552,"date":"2024-11-06T15:59:31","date_gmt":"2024-11-06T15:59:31","guid":{"rendered":"https:\/\/nfc-readers.com\/?post_type=product&#038;p=3552"},"modified":"2024-11-06T16:18:13","modified_gmt":"2024-11-06T16:18:13","slug":"contactless-cr80-plastic-ntag-216-nfc-loyalty-card","status":"publish","type":"product","link":"https:\/\/nfc-readers.com\/es\/ic-reader\/contactless-cr80-plastic-ntag-216-nfc-loyalty-card\/","title":{"rendered":"Tarjeta de fidelidad NFC Ntag 216 de pl\u00e1stico CR80 sin contacto"},"content":{"rendered":"<h1 style=\"text-align: center;\"><span style=\"color: #000080;\"><strong>Tarjeta de fidelidad NFC Ntag 216 de pl\u00e1stico CR80 sin contacto<\/strong><\/span><\/h1>\n<p>&nbsp;<\/p>\n<h2 style=\"text-align: center;\"><span style=\"color: #008080;\"><em><strong>Revolucionando la interacci\u00f3n con el cliente<\/strong><\/em><\/span><\/h2>\n<p><strong><span style=\"color: #666699;\">En la era digital actual, las empresas buscan constantemente formas innovadoras de interactuar con sus clientes y promocionar su marca. Una forma eficaz de hacerlo es mediante el uso de la tecnolog\u00eda NFC (Near Field Communication), en concreto, las tarjetas de fidelidad NFC Ntag216 de pl\u00e1stico CR80 sin contacto.<\/span><\/strong><\/p>\n<p>&nbsp;<\/p>\n<p>&nbsp;<\/p>\n<h2 style=\"text-align: center;\"><em><strong><span style=\"color: #333399;\">Beneficios de las tarjetas NFC Ntag216<\/span><\/strong><\/em><\/h2>\n<ol>\n<li><strong>Conveniencia<\/strong>:Las tarjetas de fidelizaci\u00f3n NFC Ntag216 de pl\u00e1stico CR80 sin contacto ofrecen una forma conveniente para que los clientes interact\u00faen con las empresas, sin la necesidad de contacto f\u00edsico o ingreso manual de datos.<\/li>\n<li><strong>Experiencia personalizada<\/strong>:Las tarjetas de fidelizaci\u00f3n NFC Ntag216 de pl\u00e1stico CR80 sin contacto se pueden personalizar con la marca y el mensaje de marketing de una empresa, lo que proporciona una experiencia personalizada para los clientes.<\/li>\n<li><strong>Mayor compromiso<\/strong>:Las tarjetas de fidelizaci\u00f3n NFC Ntag216 de pl\u00e1stico CR80 sin contacto pueden ayudar a las empresas a aumentar la participaci\u00f3n de los clientes al proporcionar una forma \u00fanica e interactiva para que los clientes interact\u00faen con su marca.<\/li>\n<\/ol>\n<p>&nbsp;<\/p>\n<p>&nbsp;<\/p>\n<h2 style=\"text-align: center;\"><span style=\"color: #333399;\"><em><strong>Uso de tarjetas NFC sin contacto Ntag216<\/strong><\/em><\/span><\/h2>\n<p>Usar tarjetas de fidelidad NFC CR80 Ntag216 de pl\u00e1stico sin contacto es f\u00e1cil y sencillo. Aqu\u00ed tienes una gu\u00eda paso a paso para empezar:<\/p>\n<ol>\n<li><strong>Crear una aplicaci\u00f3n m\u00f3vil<\/strong>:Cree una aplicaci\u00f3n m\u00f3vil que sea compatible con tarjetas de fidelizaci\u00f3n NFC Ntag216 de pl\u00e1stico CR80 sin contacto.<\/li>\n<li><strong>Programar la tarjeta<\/strong>:Programe la tarjeta de fidelizaci\u00f3n NFC Ntag216 de pl\u00e1stico CR80 sin contacto con la marca y el mensaje de marketing de su negocio.<\/li>\n<li><strong>Distribuir la tarjeta<\/strong>:Distribuya la tarjeta de fidelizaci\u00f3n NFC Ntag216 de pl\u00e1stico CR80 sin contacto a sus clientes.<\/li>\n<li><strong>Interactuar con los clientes<\/strong>:Interact\u00fae con sus clientes brind\u00e1ndoles una experiencia \u00fanica e interactiva a trav\u00e9s de la tarjeta de fidelizaci\u00f3n NFC Ntag216 de pl\u00e1stico CR80 sin contacto.<\/li>\n<\/ol>\n<p>&nbsp;<\/p>\n<p style=\"text-align: center;\">\n<h2 style=\"text-align: center;\"><span style=\"color: #333399;\"><em><strong>Especificaciones t\u00e9cnicas<\/strong><\/em><\/span><\/h2>\n<div class=\"table-with-header rounded-lg border border-solid border-grey-line2-normal w-fit max-w-full mb-2\">\n<div class=\"overflow-x-auto custom-scrollbar custom-scrollbar-float max-w-full\">\n<table class=\"w-fit !mb-0 !max-w-none\" style=\"height: 510px;\" width=\"432\">\n<thead>\n<tr>\n<th>Especificaci\u00f3n<\/th>\n<th>Valor<\/th>\n<\/tr>\n<\/thead>\n<tbody>\n<tr>\n<td>Lugar de origen<\/td>\n<td>Guangdong, China<\/td>\n<\/tr>\n<tr>\n<td>Solicitud<\/td>\n<td>Tarjeta de presentaci\u00f3n<\/td>\n<\/tr>\n<tr>\n<td>Nombre del producto<\/td>\n<td>Tarjeta NFC<\/td>\n<\/tr>\n<tr>\n<td>Material<\/td>\n<td>CLORURO DE POLIVINILO<\/td>\n<\/tr>\n<tr>\n<td>Tama\u00f1o<\/td>\n<td>85,5 x 54 mm\/personalizado<\/td>\n<\/tr>\n<tr>\n<td><\/td>\n<td><\/td>\n<\/tr>\n<tr>\n<td>Impresi\u00f3n<\/td>\n<td>Impresi\u00f3n offset\/CMYK4C\/Serigraf\u00eda<\/td>\n<\/tr>\n<tr>\n<td>Frecuencia<\/td>\n<td>13,56 Mhz<\/td>\n<\/tr>\n<tr>\n<td>Chip<\/td>\n<td>Ntag216<\/td>\n<\/tr>\n<tr>\n<td>Memoria<\/td>\n<td>888 bytes<\/td>\n<\/tr>\n<tr>\n<td>Plazo de entrega<\/td>\n<td>7-10 d\u00edas<\/td>\n<\/tr>\n<tr>\n<td>Protocolo<\/td>\n<td>Norma ISO\/IEC 14443A<\/td>\n<\/tr>\n<tr>\n<td>Distancia de lectura<\/td>\n<td>1-10 cm<\/td>\n<\/tr>\n<tr>\n<td>Embalaje y entrega<\/td>\n<td>Art\u00edculo \u00fanico<\/td>\n<\/tr>\n<tr>\n<td>Tama\u00f1o de paquete \u00fanico<\/td>\n<td>8,55 x 5,4 x 0,08 cm<\/td>\n<\/tr>\n<tr>\n<td>Peso bruto individual<\/td>\n<td>0,006 kilogramos<\/td>\n<\/tr>\n<\/tbody>\n<\/table>\n<\/div>\n<\/div>\n<p>&nbsp;<\/p>\n<h2 style=\"text-align: center;\"><span style=\"color: #333399;\"><em><strong>Preguntas frecuentes<\/strong><\/em><\/span><\/h2>\n<ol>\n<li><strong>\u00bfQu\u00e9 es una tarjeta de fidelizaci\u00f3n NFC Ntag216 de pl\u00e1stico CR80 sin contacto?<\/strong><br \/>\nUna tarjeta de fidelizaci\u00f3n NFC de pl\u00e1stico CR80 Ntag216 sin contacto es un tipo de tarjeta que utiliza tecnolog\u00eda NFC para almacenar y transmitir datos entre la tarjeta y un dispositivo m\u00f3vil.<\/li>\n<li><strong>\u00bfCu\u00e1les son los beneficios de utilizar tarjetas de fidelizaci\u00f3n NFC Ntag216 de pl\u00e1stico CR80 sin contacto?<\/strong><br \/>\nLos beneficios de utilizar tarjetas de fidelizaci\u00f3n NFC Ntag216 de pl\u00e1stico CR80 sin contacto incluyen conveniencia, experiencia personalizada y mayor compromiso.<\/li>\n<\/ol>\n<p>&nbsp;<\/p>\n<p>&nbsp;<\/p>\n<h2 style=\"text-align: center;\"><span style=\"color: #333399;\"><em><strong>\u00bfPor qu\u00e9 elegirnos?<\/strong><\/em><\/span><\/h2>\n<p><strong><span style=\"color: #008080;\">Ofrecemos tarjetas de fidelidad NFC Ntag216 de pl\u00e1stico CR80 sin contacto de alta calidad dise\u00f1adas para satisfacer las necesidades de las empresas que buscan interactuar con sus clientes de una manera \u00fanica e interactiva. Estas son algunas de las razones por las que deber\u00eda elegirnos:<\/span><\/strong><\/p>\n<ul>\n<li><strong>Muestras gratis<\/strong>Ofrecemos muestras gratuitas de nuestras tarjetas de fidelizaci\u00f3n NFC Ntag216 de pl\u00e1stico CR80 sin contacto, para que pueda probarlas antes de comprarlas.<\/li>\n<li><strong>Precio bajo<\/strong>Ofrecemos precios competitivos para nuestras tarjetas de fidelizaci\u00f3n NFC Ntag216 de pl\u00e1stico CR80 sin contacto, lo que las convierte en una soluci\u00f3n asequible para empresas de todos los tama\u00f1os.<\/li>\n<li><strong>Alta calidad<\/strong>:Nuestras tarjetas de fidelizaci\u00f3n NFC Ntag216 de pl\u00e1stico CR80 sin contacto est\u00e1n fabricadas con materiales de alta calidad y est\u00e1n dise\u00f1adas para durar.<\/li>\n<li><strong>F\u00e1brica de producci\u00f3n<\/strong>:Tenemos nuestra propia f\u00e1brica de producci\u00f3n, lo que significa que podemos ofrecer tiempos de respuesta r\u00e1pidos y capacidades de producci\u00f3n de gran volumen.<\/li>\n<li><strong>Variedad de opciones<\/strong>Ofrecemos una variedad de opciones para nuestras tarjetas de fidelizaci\u00f3n NFC Ntag216 de pl\u00e1stico CR80 sin contacto, incluidos diferentes tama\u00f1os, materiales y opciones de impresi\u00f3n.<\/li>\n<\/ul>","protected":false},"excerpt":{"rendered":"<p>Tarjeta de fidelizaci\u00f3n NFC Ntag216 de pl\u00e1stico CR80 sin contacto: revolucione la interacci\u00f3n con el cliente con nuestras tarjetas de fidelizaci\u00f3n NFC personalizables, convenientes y de alta calidad.<\/p>","protected":false},"featured_media":3592,"template":"","meta":[],"product_brand":[],"product_cat":[46],"product_tag":[],"class_list":{"0":"post-3552","1":"product","2":"type-product","3":"status-publish","4":"has-post-thumbnail","6":"product_cat-nfc-cards","8":"first","9":"instock","10":"shipping-taxable","11":"product-type-simple"},"_links":{"self":[{"href":"https:\/\/nfc-readers.com\/es\/wp-json\/wp\/v2\/product\/3552","targetHints":{"allow":["GET"]}}],"collection":[{"href":"https:\/\/nfc-readers.com\/es\/wp-json\/wp\/v2\/product"}],"about":[{"href":"https:\/\/nfc-readers.com\/es\/wp-json\/wp\/v2\/types\/product"}],"wp:featuredmedia":[{"embeddable":true,"href":"https:\/\/nfc-readers.com\/es\/wp-json\/wp\/v2\/media\/3592"}],"wp:attachment":[{"href":"https:\/\/nfc-readers.com\/es\/wp-json\/wp\/v2\/media?parent=3552"}],"wp:term":[{"taxonomy":"product_brand","embeddable":true,"href":"https:\/\/nfc-readers.com\/es\/wp-json\/wp\/v2\/product_brand?post=3552"},{"taxonomy":"product_cat","embeddable":true,"href":"https:\/\/nfc-readers.com\/es\/wp-json\/wp\/v2\/product_cat?post=3552"},{"taxonomy":"product_tag","embeddable":true,"href":"https:\/\/nfc-readers.com\/es\/wp-json\/wp\/v2\/product_tag?post=3552"}],"curies":[{"name":"wp","href":"https:\/\/api.w.org\/{rel}","templated":true}]}}